{"id":282946,"date":"2025-08-19T12:27:08","date_gmt":"2025-08-19T12:27:08","guid":{"rendered":"https:\/\/www.sanier.pl\/produkt\/naroznik-wewnetrzny-90\/"},"modified":"2025-09-04T11:55:51","modified_gmt":"2025-09-04T11:55:51","slug":"vnutorny-roh","status":"publish","type":"product","link":"https:\/\/www.sanier.pl\/sk\/produkt\/vnutorny-roh\/","title":{"rendered":"Vn\u00fatorn\u00fd roh 90\u00b0 - Hertalan Easy Cover (15x15x20 cm)"},"content":{"rendered":"","protected":false},"excerpt":{"rendered":"<p id=\"tw-target-text\" class=\"tw-data-text tw-text-large tw-ta\" dir=\"ltr\" data-placeholder=\"T\u0142umaczenie\" data-ved=\"2ahUKEwiP1YX_-L6PAxUuSPEDHU-0OdQQ3ewLegQIChAU\" aria-label=\"Przet\u0142umaczony tekst: Vn\u00fatorn\u00fd roh HERTALAN\u00ae Easy Cover 90\u00b0 vyroben\u00fd z EPDM. Odoln\u00e1 a vzduchotesn\u00e1 povrchov\u00e1 \u00faprava pre strechy a terasy. Rozmery: 15\u00d715\u00d720 cm.\"><span class=\"Y2IQFc\" lang=\"sk\">Vn\u00fatorn\u00fd roh HERTALAN\u00ae Easy Cover 90\u00b0 vyroben\u00fd z EPDM. Odoln\u00e1 a vzduchotesn\u00e1 povrchov\u00e1 \u00faprava pre strechy a terasy. Rozmery: 15\u00d715\u00d720 cm.<\/span><\/p>\n","protected":false},"featured_media":283174,"comment_status":"open","ping_status":"closed","template":"","meta":[],"product_brand":[],"product_cat":[1108,876,1033],"product_tag":[],"class_list":{"0":"post-282946","1":"product","2":"type-product","3":"status-publish","4":"has-post-thumbnail","6":"product_cat-hertalan-sk","7":"product_cat-hydroizolacja-sk","8":"product_cat-materialy-uzupelniajace-akcesoria-hydroizolacja-balkonu-i-tarasu-sk","9":"product_shipping_class-latwa-wysylka-sk","11":"first","12":"instock","13":"taxable","14":"shipping-taxable","15":"purchasable","16":"product-type-simple"},"_links":{"self":[{"href":"https:\/\/www.sanier.pl\/sk\/wp-json\/wp\/v2\/product\/282946","targetHints":{"allow":["GET"]}}],"collection":[{"href":"https:\/\/www.sanier.pl\/sk\/wp-json\/wp\/v2\/product"}],"about":[{"href":"https:\/\/www.sanier.pl\/sk\/wp-json\/wp\/v2\/types\/product"}],"replies":[{"embeddable":true,"href":"https:\/\/www.sanier.pl\/sk\/wp-json\/wp\/v2\/comments?post=282946"}],"wp:featuredmedia":[{"embeddable":true,"href":"https:\/\/www.sanier.pl\/sk\/wp-json\/wp\/v2\/media\/283174"}],"wp:attachment":[{"href":"https:\/\/www.sanier.pl\/sk\/wp-json\/wp\/v2\/media?parent=282946"}],"wp:term":[{"taxonomy":"product_brand","embeddable":true,"href":"https:\/\/www.sanier.pl\/sk\/wp-json\/wp\/v2\/product_brand?post=282946"},{"taxonomy":"product_cat","embeddable":true,"href":"https:\/\/www.sanier.pl\/sk\/wp-json\/wp\/v2\/product_cat?post=282946"},{"taxonomy":"product_tag","embeddable":true,"href":"https:\/\/www.sanier.pl\/sk\/wp-json\/wp\/v2\/product_tag?post=282946"}],"curies":[{"name":"wp","href":"https:\/\/api.w.org\/{rel}","templated":true}]}}