{"id":282547,"date":"2025-08-04T06:49:33","date_gmt":"2025-08-04T06:49:33","guid":{"rendered":"https:\/\/www.sanier.pl\/?post_type=product&#038;p=282547"},"modified":"2025-08-04T06:52:27","modified_gmt":"2025-08-04T06:52:27","slug":"bostik-sanitary-band-extra-kopia","status":"publish","type":"product","link":"https:\/\/www.sanier.pl\/sk\/produkt\/bostik-sanitary-band-extra-kopia\/","title":{"rendered":"BOSTIK SANITARY BAND EXTRA (Kopia)"},"content":{"rendered":"<p>[vc_row][vc_column][vc_column_text]<\/p>\n<h1>BOSTIK SANITARY BAND EXTRA<\/h1>\n<p data-start=\"28\" data-end=\"205\"><strong>Bostik Sanitary Band Extra<\/strong> je elastick\u00e1 hydroizola\u010dn\u00e1 p\u00e1ska ur\u010den\u00e1 na vykon\u00e1vanie povrchov\u00fdch vodoodoln\u00fdch ochrann\u00fdch vrstiev s pou\u017eit\u00edm tekutej f\u00f3lie alebo dvojzlo\u017ekov\u00fdch malt.<\/p>\n<h4 data-start=\"207\" data-end=\"218\">Vlastnosti:<\/h4>\n<ul data-start=\"219\" data-end=\"265\">\n<li data-start=\"219\" data-end=\"237\">Trvalo elastick\u00e1<\/li>\n<li data-start=\"238\" data-end=\"265\">Efekt\u00edvne pren\u00e1\u0161a nap\u00e4tia<\/li>\n<\/ul>\n<h4 data-start=\"267\" data-end=\"276\">Pou\u017eitie:<\/h4>\n<ul data-start=\"277\" data-end=\"515\">\n<li data-start=\"277\" data-end=\"366\">Povrchov\u00e9 vodoodoln\u00e9 ochrann\u00e9 vrstvy s pou\u017eit\u00edm tekutej f\u00f3lie alebo dvojzlo\u017ekov\u00fdch malt<\/li>\n<li data-start=\"367\" data-end=\"420\">Izol\u00e1cia ter\u00e1s, balk\u00f3nov a in\u00fdch vlhk\u00fdch miestnost\u00ed<\/li>\n<li data-start=\"421\" data-end=\"515\">V rohoch, na miestach trhl\u00edn a \u0161trb\u00edn, pri prechodoch in\u0161tal\u00e1ci\u00ed alebo dilata\u010dn\u00fdch medzer\u00e1ch<\/li>\n<\/ul>\n<h4 data-start=\"517\" data-end=\"638\">Sp\u00f4sob pou\u017eitia:<\/h4>\n<p data-start=\"517\" data-end=\"638\">P\u00e1sku ponorte do \u010derstvo nanesenej zmesi a natrite ju zvrchu, aby bola \u00faplne pokryt\u00e1. Nechajte vyschn\u00fa\u0165.<\/p>\n<p>[\/vc_column_text][\/vc_column][\/vc_row]<\/p>\n","protected":false},"excerpt":{"rendered":"<p><strong>Sanitary Band Extra<\/strong> je trval\u00e1 a elastick\u00e1 p\u00e1ska na povrchov\u00fa vodoodoln\u00fa ochranu. Ide\u00e1lna na pou\u017eitie s tekutou f\u00f3liou alebo dvojzlo\u017ekov\u00fdmi maltami, poskytuje \u00fa\u010dinn\u00fa izol\u00e1ciu ter\u00e1s, balk\u00f3nov a vlhk\u00fdch miestnost\u00ed. Vynikaj\u00faco sa hod\u00ed do rohov, na miesta praskl\u00edn, \u0161trb\u00edn a pri prechodoch in\u0161tal\u00e1ci\u00ed a dilat\u00e1ci\u00e1ch, efekt\u00edvne pren\u00e1\u0161aj\u00fac nap\u00e4tia.<\/p>\n","protected":false},"featured_media":270795,"comment_status":"open","ping_status":"closed","template":"","meta":{"_acf_changed":false},"product_brand":[],"product_cat":[878,876,881,1033,913,1045,911],"product_tag":[888,890],"class_list":{"0":"post-282547","1":"product","2":"type-product","3":"status-publish","4":"has-post-thumbnail","6":"product_cat-bostik-sk","7":"product_cat-hydroizolacja-sk","8":"product_cat-hydroizolacja-balkonu-i-tarasu-sk","9":"product_cat-materialy-uzupelniajace-akcesoria-hydroizolacja-balkonu-i-tarasu-sk","10":"product_cat-z-tworzyw-sztucznych-sk","11":"product_cat-producenci-sk","12":"product_cat-promowane-sk","13":"product_tag-bostik-sk","14":"product_tag-hydroizolacja-sk","15":"product_shipping_class-latwa-wysylka-sk","17":"first","18":"instock","19":"shipping-taxable","20":"purchasable","21":"product-type-simple"},"acf":[],"_links":{"self":[{"href":"https:\/\/www.sanier.pl\/sk\/wp-json\/wp\/v2\/product\/282547","targetHints":{"allow":["GET"]}}],"collection":[{"href":"https:\/\/www.sanier.pl\/sk\/wp-json\/wp\/v2\/product"}],"about":[{"href":"https:\/\/www.sanier.pl\/sk\/wp-json\/wp\/v2\/types\/product"}],"replies":[{"embeddable":true,"href":"https:\/\/www.sanier.pl\/sk\/wp-json\/wp\/v2\/comments?post=282547"}],"wp:featuredmedia":[{"embeddable":true,"href":"https:\/\/www.sanier.pl\/sk\/wp-json\/wp\/v2\/media\/270795"}],"wp:attachment":[{"href":"https:\/\/www.sanier.pl\/sk\/wp-json\/wp\/v2\/media?parent=282547"}],"wp:term":[{"taxonomy":"product_brand","embeddable":true,"href":"https:\/\/www.sanier.pl\/sk\/wp-json\/wp\/v2\/product_brand?post=282547"},{"taxonomy":"product_cat","embeddable":true,"href":"https:\/\/www.sanier.pl\/sk\/wp-json\/wp\/v2\/product_cat?post=282547"},{"taxonomy":"product_tag","embeddable":true,"href":"https:\/\/www.sanier.pl\/sk\/wp-json\/wp\/v2\/product_tag?post=282547"}],"curies":[{"name":"wp","href":"https:\/\/api.w.org\/{rel}","templated":true}]}}