{"id":282192,"date":"2025-07-14T11:05:36","date_gmt":"2025-07-14T11:05:36","guid":{"rendered":"https:\/\/www.sanier.pl\/produkt\/epdm-rollgum-top-2\/"},"modified":"2025-07-14T11:26:02","modified_gmt":"2025-07-14T11:26:02","slug":"epdm-rollgum-top-2","status":"publish","type":"product","link":"https:\/\/www.sanier.pl\/sk\/produkt\/epdm-rollgum-top-2\/","title":{"rendered":"EPDM Rollgum Top membr\u00e1na 1 x 1,5 x 1,2 mm (1bm)"},"content":{"rendered":"","protected":false},"excerpt":{"rendered":"<p><strong>EPDM Rollgum Top<\/strong> je vodotesn\u00e1 membr\u00e1na EPDM s hr\u00fabkou 1,2\u202fmm a \u0161\u00edrkou 1,5\u202fm. M\u00e1 reli\u00e9fny povrch a v\u00fdnimo\u010dn\u00fa pru\u017enos\u0165 &gt;400\u202f%, \u010do zaru\u010duje \u017eivotnos\u0165 viac ako 50 rokov a odolnos\u0165 vo\u010di UV \u017eiareniu. Ur\u010den\u00e1 na hydroizol\u00e1ciu striech v obytn\u00fdch stavb\u00e1ch, ide\u00e1lna pre strechy s n\u00e1sypom, lepen\u00e9 aj obr\u00e1ten\u00e9 stre\u0161n\u00e9 kon\u0161trukcie.<\/p>\n","protected":false},"featured_media":287971,"comment_status":"open","ping_status":"closed","template":"","meta":{"_acf_changed":false},"product_brand":[],"product_cat":[923,883,882,935,1144],"product_tag":[],"class_list":{"0":"post-282192","1":"product","2":"type-product","3":"status-publish","4":"has-post-thumbnail","6":"product_cat-bestseller-sk","7":"product_cat-dachy-plaskie-i-zielone-sk","8":"product_cat-hydroizolacje-rolowe-sk","9":"product_cat-membrany-epdm-sk","10":"product_cat-rollgum-sk","11":"product_shipping_class-latwa-wysylka-sk","13":"first","14":"instock","15":"taxable","16":"shipping-taxable","17":"purchasable","18":"product-type-simple"},"acf":[],"_links":{"self":[{"href":"https:\/\/www.sanier.pl\/sk\/wp-json\/wp\/v2\/product\/282192","targetHints":{"allow":["GET"]}}],"collection":[{"href":"https:\/\/www.sanier.pl\/sk\/wp-json\/wp\/v2\/product"}],"about":[{"href":"https:\/\/www.sanier.pl\/sk\/wp-json\/wp\/v2\/types\/product"}],"replies":[{"embeddable":true,"href":"https:\/\/www.sanier.pl\/sk\/wp-json\/wp\/v2\/comments?post=282192"}],"wp:featuredmedia":[{"embeddable":true,"href":"https:\/\/www.sanier.pl\/sk\/wp-json\/wp\/v2\/media\/287971"}],"wp:attachment":[{"href":"https:\/\/www.sanier.pl\/sk\/wp-json\/wp\/v2\/media?parent=282192"}],"wp:term":[{"taxonomy":"product_brand","embeddable":true,"href":"https:\/\/www.sanier.pl\/sk\/wp-json\/wp\/v2\/product_brand?post=282192"},{"taxonomy":"product_cat","embeddable":true,"href":"https:\/\/www.sanier.pl\/sk\/wp-json\/wp\/v2\/product_cat?post=282192"},{"taxonomy":"product_tag","embeddable":true,"href":"https:\/\/www.sanier.pl\/sk\/wp-json\/wp\/v2\/product_tag?post=282192"}],"curies":[{"name":"wp","href":"https:\/\/api.w.org\/{rel}","templated":true}]}}