{"id":282186,"date":"2025-07-14T10:25:51","date_gmt":"2025-07-14T10:25:51","guid":{"rendered":"https:\/\/www.sanier.pl\/produkt\/resitrix-alutrix-600\/"},"modified":"2025-08-08T06:06:09","modified_gmt":"2025-08-08T06:06:09","slug":"resitrix-alutrix-600","status":"publish","type":"product","link":"https:\/\/www.sanier.pl\/sk\/produkt\/resitrix-alutrix-600\/","title":{"rendered":"Resitrix Alutrix 600 \u2013 samolepiaca, hlin\u00edkov\u00e1 EPDM paroz\u00e1brana (5 m) 5m x 1,08m x 0,06mm"},"content":{"rendered":"","protected":false},"excerpt":{"rendered":"<p data-start=\"74\" data-end=\"371\"><strong data-start=\"74\" data-end=\"98\">Resitrix Alutrix 600<\/strong> je samolepiaca hlin\u00edkov\u00e1 paroz\u00e1brana ur\u010den\u00e1 pre strechy a kon\u0161trukcie, ktor\u00e9 vy\u017eaduj\u00fa \u00fa\u010dinn\u00fa ochranu pred vlhkos\u0165ou. V\u010faka pevnej hlin\u00edkovej vrstve a ve\u013emi vysok\u00e9mu dif\u00faznemu odporu (sd \u2265 1500\u202fm) zaru\u010duje trval\u00e9 utesnenie a sp\u013a\u0148a po\u017eiadavky energeticky \u00fasporn\u00fdch noriem. Jednoduch\u00e1 mont\u00e1\u017e \u201eza studena\u201c \u2013 bez pou\u017eitia oh\u0148a. V\u00fdborn\u00e1 pri\u013enavos\u0165 k r\u00f4znym podkladom (plech, bet\u00f3n, asfaltov\u00e1 lepenka, drevo). Odoln\u00e1 vo\u010di roztrhnutiu, po povrchu je mo\u017en\u00e9 chodi\u0165. Ide\u00e1lna ako podklad pod membr\u00e1ny EPDM, na ploch\u00e9 aj \u0161ikm\u00e9 strechy.<\/p>\n","protected":false},"featured_media":282179,"comment_status":"open","ping_status":"closed","template":"","meta":{"_acf_changed":false},"product_brand":[],"product_cat":[883,882,935,934],"product_tag":[],"class_list":{"0":"post-282186","1":"product","2":"type-product","3":"status-publish","4":"has-post-thumbnail","6":"product_cat-dachy-plaskie-i-zielone-sk","7":"product_cat-hydroizolacje-rolowe-sk","8":"product_cat-membrany-epdm-sk","9":"product_cat-resitrix-sk","10":"product_shipping_class-latwa-wysylka-sk","12":"first","13":"instock","14":"taxable","15":"shipping-taxable","16":"purchasable","17":"product-type-simple"},"acf":[],"_links":{"self":[{"href":"https:\/\/www.sanier.pl\/sk\/wp-json\/wp\/v2\/product\/282186","targetHints":{"allow":["GET"]}}],"collection":[{"href":"https:\/\/www.sanier.pl\/sk\/wp-json\/wp\/v2\/product"}],"about":[{"href":"https:\/\/www.sanier.pl\/sk\/wp-json\/wp\/v2\/types\/product"}],"replies":[{"embeddable":true,"href":"https:\/\/www.sanier.pl\/sk\/wp-json\/wp\/v2\/comments?post=282186"}],"wp:featuredmedia":[{"embeddable":true,"href":"https:\/\/www.sanier.pl\/sk\/wp-json\/wp\/v2\/media\/282179"}],"wp:attachment":[{"href":"https:\/\/www.sanier.pl\/sk\/wp-json\/wp\/v2\/media?parent=282186"}],"wp:term":[{"taxonomy":"product_brand","embeddable":true,"href":"https:\/\/www.sanier.pl\/sk\/wp-json\/wp\/v2\/product_brand?post=282186"},{"taxonomy":"product_cat","embeddable":true,"href":"https:\/\/www.sanier.pl\/sk\/wp-json\/wp\/v2\/product_cat?post=282186"},{"taxonomy":"product_tag","embeddable":true,"href":"https:\/\/www.sanier.pl\/sk\/wp-json\/wp\/v2\/product_tag?post=282186"}],"curies":[{"name":"wp","href":"https:\/\/api.w.org\/{rel}","templated":true}]}}