{"id":282058,"date":"2025-07-04T11:12:59","date_gmt":"2025-07-04T11:12:59","guid":{"rendered":"https:\/\/www.sanier.pl\/produkt\/thermopal-sr24\/"},"modified":"2025-07-04T11:23:51","modified_gmt":"2025-07-04T11:23:51","slug":"thermopal-sr24","status":"publish","type":"product","link":"https:\/\/www.sanier.pl\/sk\/produkt\/thermopal-sr24\/","title":{"rendered":"Thermopal SR24"},"content":{"rendered":"","protected":false},"excerpt":{"rendered":"<p><strong data-start=\"41\" data-end=\"59\">Thermopal SR24<\/strong> je univerz\u00e1lna, vysoko p\u00f3rovit\u00e1 sana\u010dn\u00e1 omietka, ide\u00e1lna na obnovu vlhk\u00e9ho a zasolen\u00e9ho muriva. Zaru\u010duje r\u00fdchle pou\u017eitie, trval\u00fa ochranu pred agres\u00edvnymi l\u00e1tkami a vysok\u00fa v\u00fddatnos\u0165 pri zachovan\u00ed paropriepustnosti.<\/p>\n","protected":false},"featured_media":282109,"comment_status":"open","ping_status":"closed","template":"","meta":{"_acf_changed":false},"product_brand":[],"product_cat":[914,1074],"product_tag":[],"class_list":{"0":"post-282058","1":"product","2":"type-product","3":"status-publish","4":"has-post-thumbnail","6":"product_cat-renowacja-elewacji-sk","7":"product_cat-schomburg-sk","8":"product_shipping_class-trudna-wysylka-sk","10":"first","11":"onbackorder","12":"taxable","13":"shipping-taxable","14":"purchasable","15":"product-type-simple"},"acf":[],"_links":{"self":[{"href":"https:\/\/www.sanier.pl\/sk\/wp-json\/wp\/v2\/product\/282058","targetHints":{"allow":["GET"]}}],"collection":[{"href":"https:\/\/www.sanier.pl\/sk\/wp-json\/wp\/v2\/product"}],"about":[{"href":"https:\/\/www.sanier.pl\/sk\/wp-json\/wp\/v2\/types\/product"}],"replies":[{"embeddable":true,"href":"https:\/\/www.sanier.pl\/sk\/wp-json\/wp\/v2\/comments?post=282058"}],"wp:featuredmedia":[{"embeddable":true,"href":"https:\/\/www.sanier.pl\/sk\/wp-json\/wp\/v2\/media\/282109"}],"wp:attachment":[{"href":"https:\/\/www.sanier.pl\/sk\/wp-json\/wp\/v2\/media?parent=282058"}],"wp:term":[{"taxonomy":"product_brand","embeddable":true,"href":"https:\/\/www.sanier.pl\/sk\/wp-json\/wp\/v2\/product_brand?post=282058"},{"taxonomy":"product_cat","embeddable":true,"href":"https:\/\/www.sanier.pl\/sk\/wp-json\/wp\/v2\/product_cat?post=282058"},{"taxonomy":"product_tag","embeddable":true,"href":"https:\/\/www.sanier.pl\/sk\/wp-json\/wp\/v2\/product_tag?post=282058"}],"curies":[{"name":"wp","href":"https:\/\/api.w.org\/{rel}","templated":true}]}}