{"id":282051,"date":"2025-07-04T10:38:09","date_gmt":"2025-07-04T10:38:09","guid":{"rendered":"https:\/\/www.sanier.pl\/produkt\/aquafin-1k\/"},"modified":"2025-07-04T11:04:12","modified_gmt":"2025-07-04T11:04:12","slug":"aquafin-1k","status":"publish","type":"product","link":"https:\/\/www.sanier.pl\/sk\/produkt\/aquafin-1k\/","title":{"rendered":"AQUAFIN 1K"},"content":{"rendered":"","protected":false},"excerpt":{"rendered":"<p><strong data-start=\"48\" data-end=\"62\">AQUAFIN 1K<\/strong> je ekonomick\u00e1, spo\u013eahliv\u00e1 a jednoducho pou\u017eite\u013en\u00e1 tesniaca malta, ide\u00e1lna pre pou\u017eitie v in\u017einierskych a v\u0161eobecn\u00fdch stavebn\u00fdch kon\u0161trukci\u00e1ch \u2013 poskytuje trval\u00fa ochranu proti zemnej vlhkosti a netlakovej vode.<\/p>\n","protected":false},"featured_media":282102,"comment_status":"open","ping_status":"closed","template":"","meta":[],"product_brand":[],"product_cat":[1074,944],"product_tag":[],"class_list":{"0":"post-282051","1":"product","2":"type-product","3":"status-publish","4":"has-post-thumbnail","6":"product_cat-schomburg-sk","7":"product_cat-zaprawy-wodoszczelne-sk","8":"product_shipping_class-trudna-wysylka-sk","10":"first","11":"onbackorder","12":"taxable","13":"shipping-taxable","14":"purchasable","15":"product-type-simple"},"_links":{"self":[{"href":"https:\/\/www.sanier.pl\/sk\/wp-json\/wp\/v2\/product\/282051","targetHints":{"allow":["GET"]}}],"collection":[{"href":"https:\/\/www.sanier.pl\/sk\/wp-json\/wp\/v2\/product"}],"about":[{"href":"https:\/\/www.sanier.pl\/sk\/wp-json\/wp\/v2\/types\/product"}],"replies":[{"embeddable":true,"href":"https:\/\/www.sanier.pl\/sk\/wp-json\/wp\/v2\/comments?post=282051"}],"wp:featuredmedia":[{"embeddable":true,"href":"https:\/\/www.sanier.pl\/sk\/wp-json\/wp\/v2\/media\/282102"}],"wp:attachment":[{"href":"https:\/\/www.sanier.pl\/sk\/wp-json\/wp\/v2\/media?parent=282051"}],"wp:term":[{"taxonomy":"product_brand","embeddable":true,"href":"https:\/\/www.sanier.pl\/sk\/wp-json\/wp\/v2\/product_brand?post=282051"},{"taxonomy":"product_cat","embeddable":true,"href":"https:\/\/www.sanier.pl\/sk\/wp-json\/wp\/v2\/product_cat?post=282051"},{"taxonomy":"product_tag","embeddable":true,"href":"https:\/\/www.sanier.pl\/sk\/wp-json\/wp\/v2\/product_tag?post=282051"}],"curies":[{"name":"wp","href":"https:\/\/api.w.org\/{rel}","templated":true}]}}