{"id":282033,"date":"2025-07-04T09:51:58","date_gmt":"2025-07-04T09:51:58","guid":{"rendered":"https:\/\/www.sanier.pl\/?post_type=product&#038;p=282033"},"modified":"2025-12-23T07:38:36","modified_gmt":"2025-12-23T07:38:36","slug":"aquafin-rb400","status":"publish","type":"product","link":"https:\/\/www.sanier.pl\/sk\/produkt\/aquafin-rb400\/","title":{"rendered":"Aquafin RB400"},"content":{"rendered":"","protected":false},"excerpt":{"rendered":"<p><strong data-start=\"48\" data-end=\"65\">Aquafin RB400<\/strong> je r\u00fdchloschn\u00faca, miner\u00e1lna tesniaca malta, ide\u00e1lna na izol\u00e1ciu z\u00e1kladov, soklov, stropov a kon\u0161truk\u010dn\u00fdch prvkov pod \u00farov\u0148ou ter\u00e9nu. V\u010faka hybridnej technol\u00f3gii sp\u00e1ja pru\u017enos\u0165 a odolnos\u0165 bit\u00famenov\u00fdch n\u00e1terov s v\u00fdhodami miner\u00e1lnych syst\u00e9mov \u2013 r\u00fdchlo tuhne, preklenuje trhliny, je odoln\u00e1 proti mrazu a \u0161etrn\u00e1 k \u017eivotn\u00e9mu prostrediu.<\/p>\n","protected":false},"featured_media":282034,"comment_status":"open","ping_status":"closed","template":"","meta":{"_acf_changed":false},"product_brand":[],"product_cat":[1079],"product_tag":[],"class_list":{"0":"post-282033","1":"product","2":"type-product","3":"status-publish","4":"has-post-thumbnail","6":"product_cat-bez-kategorii-sk","7":"product_shipping_class-trudna-wysylka-sk","9":"first","10":"instock","11":"taxable","12":"shipping-taxable","13":"purchasable","14":"product-type-simple"},"acf":[],"_links":{"self":[{"href":"https:\/\/www.sanier.pl\/sk\/wp-json\/wp\/v2\/product\/282033","targetHints":{"allow":["GET"]}}],"collection":[{"href":"https:\/\/www.sanier.pl\/sk\/wp-json\/wp\/v2\/product"}],"about":[{"href":"https:\/\/www.sanier.pl\/sk\/wp-json\/wp\/v2\/types\/product"}],"replies":[{"embeddable":true,"href":"https:\/\/www.sanier.pl\/sk\/wp-json\/wp\/v2\/comments?post=282033"}],"wp:featuredmedia":[{"embeddable":true,"href":"https:\/\/www.sanier.pl\/sk\/wp-json\/wp\/v2\/media\/282034"}],"wp:attachment":[{"href":"https:\/\/www.sanier.pl\/sk\/wp-json\/wp\/v2\/media?parent=282033"}],"wp:term":[{"taxonomy":"product_brand","embeddable":true,"href":"https:\/\/www.sanier.pl\/sk\/wp-json\/wp\/v2\/product_brand?post=282033"},{"taxonomy":"product_cat","embeddable":true,"href":"https:\/\/www.sanier.pl\/sk\/wp-json\/wp\/v2\/product_cat?post=282033"},{"taxonomy":"product_tag","embeddable":true,"href":"https:\/\/www.sanier.pl\/sk\/wp-json\/wp\/v2\/product_tag?post=282033"}],"curies":[{"name":"wp","href":"https:\/\/api.w.org\/{rel}","templated":true}]}}