{"id":282029,"date":"2025-07-03T12:23:11","date_gmt":"2025-07-03T12:23:11","guid":{"rendered":"https:\/\/www.sanier.pl\/produkt\/rollgum-sa008-max\/"},"modified":"2025-07-07T11:32:45","modified_gmt":"2025-07-07T11:32:45","slug":"rollgum-sa008-max","status":"publish","type":"product","link":"https:\/\/www.sanier.pl\/sk\/produkt\/rollgum-sa008-max\/","title":{"rendered":"Rollgum Sa008 Max"},"content":{"rendered":"","protected":false},"excerpt":{"rendered":"<p><strong>Rollgum Sa008 Max<\/strong> je \u010dierne kontaktn\u00e9 a zvarov\u00e9 lepidlo ur\u010den\u00e9 na sp\u00e1janie membr\u00e1n EPDM a butylov\u00fdch membr\u00e1n \u2013 ako v presahoch, tak aj na ich upevnenie na podklady ako bet\u00f3n, cement, drevo a kov. Vyzna\u010duje sa vysokou pri\u013enavos\u0165ou, odolnos\u0165ou vo\u010di poveternostn\u00fdm podmienkam a jednoduchou aplik\u00e1ciou.\u010cas schnutia: 10\u201320 min,\u00dapln\u00e9 vytvrdnutie: 48\u201372 hod\u00edn, Ide\u00e1lne na trval\u00e9 a tesn\u00e9 spoje.<\/p>\n","protected":false},"featured_media":287967,"comment_status":"open","ping_status":"closed","template":"","meta":{"_acf_changed":false},"product_brand":[],"product_cat":[923,883,881,1033,1058,935,1144],"product_tag":[],"class_list":{"0":"post-282029","1":"product","2":"type-product","3":"status-publish","4":"has-post-thumbnail","6":"product_cat-bestseller-sk","7":"product_cat-dachy-plaskie-i-zielone-sk","8":"product_cat-hydroizolacja-balkonu-i-tarasu-sk","9":"product_cat-materialy-uzupelniajace-akcesoria-hydroizolacja-balkonu-i-tarasu-sk","10":"product_cat-materialy-uzupelniajace-akcesoria-dachy-plaskie-i-zielone-sk","11":"product_cat-membrany-epdm-sk","12":"product_cat-rollgum-sk","13":"product_shipping_class-latwa-wysylka-sk","15":"first","16":"instock","17":"taxable","18":"shipping-taxable","19":"purchasable","20":"product-type-variable"},"acf":[],"_links":{"self":[{"href":"https:\/\/www.sanier.pl\/sk\/wp-json\/wp\/v2\/product\/282029","targetHints":{"allow":["GET"]}}],"collection":[{"href":"https:\/\/www.sanier.pl\/sk\/wp-json\/wp\/v2\/product"}],"about":[{"href":"https:\/\/www.sanier.pl\/sk\/wp-json\/wp\/v2\/types\/product"}],"replies":[{"embeddable":true,"href":"https:\/\/www.sanier.pl\/sk\/wp-json\/wp\/v2\/comments?post=282029"}],"wp:featuredmedia":[{"embeddable":true,"href":"https:\/\/www.sanier.pl\/sk\/wp-json\/wp\/v2\/media\/287967"}],"wp:attachment":[{"href":"https:\/\/www.sanier.pl\/sk\/wp-json\/wp\/v2\/media?parent=282029"}],"wp:term":[{"taxonomy":"product_brand","embeddable":true,"href":"https:\/\/www.sanier.pl\/sk\/wp-json\/wp\/v2\/product_brand?post=282029"},{"taxonomy":"product_cat","embeddable":true,"href":"https:\/\/www.sanier.pl\/sk\/wp-json\/wp\/v2\/product_cat?post=282029"},{"taxonomy":"product_tag","embeddable":true,"href":"https:\/\/www.sanier.pl\/sk\/wp-json\/wp\/v2\/product_tag?post=282029"}],"curies":[{"name":"wp","href":"https:\/\/api.w.org\/{rel}","templated":true}]}}