{"id":282018,"date":"2025-07-03T10:58:18","date_gmt":"2025-07-03T10:58:18","guid":{"rendered":"https:\/\/www.sanier.pl\/produkt\/klej-kontaktowy-rollgum-bond-007\/"},"modified":"2025-07-03T11:13:05","modified_gmt":"2025-07-03T11:13:05","slug":"klej-kontaktowy-rollgum-bond-007","status":"publish","type":"product","link":"https:\/\/www.sanier.pl\/sk\/produkt\/klej-kontaktowy-rollgum-bond-007\/","title":{"rendered":"Kontaktn\u00e9 lepidlo Rollgum Bond 007"},"content":{"rendered":"","protected":false},"excerpt":{"rendered":"<p><strong data-start=\"67\" data-end=\"209\">Rollgum Bond 007 je elastick\u00e9 kontaktn\u00e9 lepidlo na mont\u00e1\u017e membr\u00e1n EPDM na r\u00f4zne podklady, ako s\u00fa bet\u00f3n, drevo, kov alebo asfaltovan\u00e9 p\u00e1sy.<\/strong><br data-start=\"209\" data-end=\"212\" \/>Zabezpe\u010duje pevn\u00e9, vodotesn\u00e9 a pru\u017en\u00e9 spojenie, ide\u00e1lne pre presahy a povrchy striech, ter\u00e1s a balk\u00f3nov. R\u00fdchly \u010das odparenia a jednoduch\u00e1 aplik\u00e1cia \u0161tetcom alebo val\u010dekom u\u013eah\u010duj\u00fa mont\u00e1\u017e v ak\u00fdchko\u013evek podmienkach.<\/p>\n","protected":false},"featured_media":287963,"comment_status":"open","ping_status":"closed","template":"","meta":{"_acf_changed":false},"product_brand":[],"product_cat":[923,883,881,1033,1058,935,1144],"product_tag":[],"class_list":{"0":"post-282018","1":"product","2":"type-product","3":"status-publish","4":"has-post-thumbnail","6":"product_cat-bestseller-sk","7":"product_cat-dachy-plaskie-i-zielone-sk","8":"product_cat-hydroizolacja-balkonu-i-tarasu-sk","9":"product_cat-materialy-uzupelniajace-akcesoria-hydroizolacja-balkonu-i-tarasu-sk","10":"product_cat-materialy-uzupelniajace-akcesoria-dachy-plaskie-i-zielone-sk","11":"product_cat-membrany-epdm-sk","12":"product_cat-rollgum-sk","13":"product_shipping_class-latwa-wysylka-sk","15":"first","16":"instock","17":"taxable","18":"shipping-taxable","19":"purchasable","20":"product-type-variable"},"acf":[],"_links":{"self":[{"href":"https:\/\/www.sanier.pl\/sk\/wp-json\/wp\/v2\/product\/282018","targetHints":{"allow":["GET"]}}],"collection":[{"href":"https:\/\/www.sanier.pl\/sk\/wp-json\/wp\/v2\/product"}],"about":[{"href":"https:\/\/www.sanier.pl\/sk\/wp-json\/wp\/v2\/types\/product"}],"replies":[{"embeddable":true,"href":"https:\/\/www.sanier.pl\/sk\/wp-json\/wp\/v2\/comments?post=282018"}],"wp:featuredmedia":[{"embeddable":true,"href":"https:\/\/www.sanier.pl\/sk\/wp-json\/wp\/v2\/media\/287963"}],"wp:attachment":[{"href":"https:\/\/www.sanier.pl\/sk\/wp-json\/wp\/v2\/media?parent=282018"}],"wp:term":[{"taxonomy":"product_brand","embeddable":true,"href":"https:\/\/www.sanier.pl\/sk\/wp-json\/wp\/v2\/product_brand?post=282018"},{"taxonomy":"product_cat","embeddable":true,"href":"https:\/\/www.sanier.pl\/sk\/wp-json\/wp\/v2\/product_cat?post=282018"},{"taxonomy":"product_tag","embeddable":true,"href":"https:\/\/www.sanier.pl\/sk\/wp-json\/wp\/v2\/product_tag?post=282018"}],"curies":[{"name":"wp","href":"https:\/\/api.w.org\/{rel}","templated":true}]}}