{"id":282000,"date":"2025-07-03T10:05:24","date_gmt":"2025-07-03T10:05:24","guid":{"rendered":"https:\/\/www.sanier.pl\/produkt\/primer-rollgum-1l\/"},"modified":"2025-07-03T10:26:48","modified_gmt":"2025-07-03T10:26:48","slug":"zakladna-guma-rollgum-1l","status":"publish","type":"product","link":"https:\/\/www.sanier.pl\/sk\/produkt\/zakladna-guma-rollgum-1l\/","title":{"rendered":"Z\u00e1kladn\u00e1 guma Rollgum 1L"},"content":{"rendered":"","protected":false},"excerpt":{"rendered":"<p data-start=\"74\" data-end=\"395\"><strong>Z\u00e1kladn\u00e1 guma Rollgum<\/strong> \u2013 \u0161pecialistick\u00fd penetra\u010dn\u00fd n\u00e1ter spev\u0148uj\u00faci podklad pred mont\u00e1\u017eou membr\u00e1n EPDM zo s\u00e9rie <strong data-start=\"182\" data-end=\"197\">Rollgum Fix<\/strong>. Zvy\u0161uje pri\u013enavos\u0165, obmedzuje nasiakavos\u0165 podkladu a umo\u017e\u0148uje r\u00fdchlu, trv\u00e1cnu mont\u00e1\u017e. Ur\u010den\u00fd na bet\u00f3n, cementov\u00e9 malty, kovy a in\u00e9 miner\u00e1lne povrchy. Ide\u00e1lny na strechy, terasy, balk\u00f3ny a z\u00e1klady.<\/p>\n","protected":false},"featured_media":287959,"comment_status":"open","ping_status":"closed","template":"","meta":{"_acf_changed":false},"product_brand":[],"product_cat":[923,883,881,1058,1033,935,1144],"product_tag":[],"class_list":{"0":"post-282000","1":"product","2":"type-product","3":"status-publish","4":"has-post-thumbnail","6":"product_cat-bestseller-sk","7":"product_cat-dachy-plaskie-i-zielone-sk","8":"product_cat-hydroizolacja-balkonu-i-tarasu-sk","9":"product_cat-materialy-uzupelniajace-akcesoria-dachy-plaskie-i-zielone-sk","10":"product_cat-materialy-uzupelniajace-akcesoria-hydroizolacja-balkonu-i-tarasu-sk","11":"product_cat-membrany-epdm-sk","12":"product_cat-rollgum-sk","13":"product_shipping_class-latwa-wysylka-sk","15":"first","16":"instock","17":"taxable","18":"shipping-taxable","19":"purchasable","20":"product-type-simple"},"acf":[],"_links":{"self":[{"href":"https:\/\/www.sanier.pl\/sk\/wp-json\/wp\/v2\/product\/282000","targetHints":{"allow":["GET"]}}],"collection":[{"href":"https:\/\/www.sanier.pl\/sk\/wp-json\/wp\/v2\/product"}],"about":[{"href":"https:\/\/www.sanier.pl\/sk\/wp-json\/wp\/v2\/types\/product"}],"replies":[{"embeddable":true,"href":"https:\/\/www.sanier.pl\/sk\/wp-json\/wp\/v2\/comments?post=282000"}],"wp:featuredmedia":[{"embeddable":true,"href":"https:\/\/www.sanier.pl\/sk\/wp-json\/wp\/v2\/media\/287959"}],"wp:attachment":[{"href":"https:\/\/www.sanier.pl\/sk\/wp-json\/wp\/v2\/media?parent=282000"}],"wp:term":[{"taxonomy":"product_brand","embeddable":true,"href":"https:\/\/www.sanier.pl\/sk\/wp-json\/wp\/v2\/product_brand?post=282000"},{"taxonomy":"product_cat","embeddable":true,"href":"https:\/\/www.sanier.pl\/sk\/wp-json\/wp\/v2\/product_cat?post=282000"},{"taxonomy":"product_tag","embeddable":true,"href":"https:\/\/www.sanier.pl\/sk\/wp-json\/wp\/v2\/product_tag?post=282000"}],"curies":[{"name":"wp","href":"https:\/\/api.w.org\/{rel}","templated":true}]}}