{"id":281984,"date":"2025-07-03T09:37:10","date_gmt":"2025-07-03T09:37:10","guid":{"rendered":"https:\/\/www.sanier.pl\/produkt\/rollgum-fix-samoprzylepna-membrana-epdm-10mb\/"},"modified":"2025-07-14T08:24:33","modified_gmt":"2025-07-14T08:24:33","slug":"rollgum-fix-epdm-10mb","status":"publish","type":"product","link":"https:\/\/www.sanier.pl\/sk\/produkt\/rollgum-fix-epdm-10mb\/","title":{"rendered":"Rollgum Fix - Samolepiaca EPDM membr\u00e1na"},"content":{"rendered":"","protected":false},"excerpt":{"rendered":"<p><strong data-start=\"45\" data-end=\"60\">Rollgum Fix<\/strong> je samolepiaca membr\u00e1na EPDM ur\u010den\u00e1 na hydroizol\u00e1ciu striech, ter\u00e1s, balk\u00f3nov a z\u00e1kladov. Sp\u00e1ja odolnos\u0165, dlh\u00fa \u017eivotnos\u0165 a jednoduch\u00fa in\u0161tal\u00e1ciu bez pou\u017eitia otvoren\u00e9ho oh\u0148a. Hr\u00fabka: pribli\u017ene 1,14 mm. Pri mont\u00e1\u017ei je potrebn\u00e9 pou\u017ei\u0165 primer a tesniaci prostriedok <strong data-start=\"324\" data-end=\"336\">Bond 007<\/strong> na spojoch. Ide\u00e1lna vo\u013eba pre nov\u00e9 stavby aj renov\u00e1cie.<\/p>\n","protected":false},"featured_media":287955,"comment_status":"open","ping_status":"closed","template":"","meta":[],"product_brand":[],"product_cat":[923,883,881,882,935,1144],"product_tag":[],"class_list":{"0":"post-281984","1":"product","2":"type-product","3":"status-publish","4":"has-post-thumbnail","6":"product_cat-bestseller-sk","7":"product_cat-dachy-plaskie-i-zielone-sk","8":"product_cat-hydroizolacja-balkonu-i-tarasu-sk","9":"product_cat-hydroizolacje-rolowe-sk","10":"product_cat-membrany-epdm-sk","11":"product_cat-rollgum-sk","12":"product_shipping_class-latwa-wysylka-sk","14":"first","15":"instock","16":"taxable","17":"shipping-taxable","18":"purchasable","19":"product-type-variable"},"_links":{"self":[{"href":"https:\/\/www.sanier.pl\/sk\/wp-json\/wp\/v2\/product\/281984","targetHints":{"allow":["GET"]}}],"collection":[{"href":"https:\/\/www.sanier.pl\/sk\/wp-json\/wp\/v2\/product"}],"about":[{"href":"https:\/\/www.sanier.pl\/sk\/wp-json\/wp\/v2\/types\/product"}],"replies":[{"embeddable":true,"href":"https:\/\/www.sanier.pl\/sk\/wp-json\/wp\/v2\/comments?post=281984"}],"wp:featuredmedia":[{"embeddable":true,"href":"https:\/\/www.sanier.pl\/sk\/wp-json\/wp\/v2\/media\/287955"}],"wp:attachment":[{"href":"https:\/\/www.sanier.pl\/sk\/wp-json\/wp\/v2\/media?parent=281984"}],"wp:term":[{"taxonomy":"product_brand","embeddable":true,"href":"https:\/\/www.sanier.pl\/sk\/wp-json\/wp\/v2\/product_brand?post=281984"},{"taxonomy":"product_cat","embeddable":true,"href":"https:\/\/www.sanier.pl\/sk\/wp-json\/wp\/v2\/product_cat?post=281984"},{"taxonomy":"product_tag","embeddable":true,"href":"https:\/\/www.sanier.pl\/sk\/wp-json\/wp\/v2\/product_tag?post=281984"}],"curies":[{"name":"wp","href":"https:\/\/api.w.org\/{rel}","templated":true}]}}