{"id":281962,"date":"2025-07-02T13:10:36","date_gmt":"2025-07-02T13:10:36","guid":{"rendered":"https:\/\/www.sanier.pl\/produkt\/knauf-katja-sprint-tasma-uszczelniajaca-15-m\/"},"modified":"2025-07-02T13:29:28","modified_gmt":"2025-07-02T13:29:28","slug":"knauf-katja-sprint","status":"publish","type":"product","link":"https:\/\/www.sanier.pl\/sk\/produkt\/knauf-katja-sprint\/","title":{"rendered":"Knauf Katja Sprint tesniaca p\u00e1ska 15 m"},"content":{"rendered":"","protected":false},"excerpt":{"rendered":"<p data-start=\"79\" data-end=\"485\"><strong>Knauf Katja Sprint P\u00e1ska<\/strong> je samolepiaci bit\u00famenov\u00fd p\u00e1s so \u0161\u00edrkou 200\u202fmm a d\u013a\u017ekou 15\u202fm, ur\u010den\u00fd na utes\u0148ovanie spojov membr\u00e1ny Katja Sprint a jej napojenie na zvisl\u00e9 prvky, ako s\u00fa steny. Je vyroben\u00e1 z rovnak\u00e9ho materi\u00e1lu ako samotn\u00e1 membr\u00e1na, v\u010faka \u010domu vytv\u00e1ra trval\u00fa, parotesn\u00fa a vodotesn\u00fa bari\u00e9ru. Mont\u00e1\u017e je r\u00fdchla a bezpe\u010dn\u00e1 \u2013 bez pou\u017eitia otvoren\u00e9ho oh\u0148a a rozp\u00fa\u0161\u0165adiel. Ide\u00e1lna na pou\u017eitie v interi\u00e9ri.<\/p>\n","protected":false},"featured_media":281959,"comment_status":"open","ping_status":"closed","template":"","meta":{"_acf_changed":false},"product_brand":[],"product_cat":[943],"product_tag":[],"class_list":{"0":"post-281962","1":"product","2":"type-product","3":"status-publish","4":"has-post-thumbnail","6":"product_cat-materialy-uzupelniajace-akcesoria-sk","7":"product_shipping_class-trudna-wysylka-sk","9":"first","10":"onbackorder","11":"taxable","12":"shipping-taxable","13":"purchasable","14":"product-type-simple"},"acf":[],"_links":{"self":[{"href":"https:\/\/www.sanier.pl\/sk\/wp-json\/wp\/v2\/product\/281962","targetHints":{"allow":["GET"]}}],"collection":[{"href":"https:\/\/www.sanier.pl\/sk\/wp-json\/wp\/v2\/product"}],"about":[{"href":"https:\/\/www.sanier.pl\/sk\/wp-json\/wp\/v2\/types\/product"}],"replies":[{"embeddable":true,"href":"https:\/\/www.sanier.pl\/sk\/wp-json\/wp\/v2\/comments?post=281962"}],"wp:featuredmedia":[{"embeddable":true,"href":"https:\/\/www.sanier.pl\/sk\/wp-json\/wp\/v2\/media\/281959"}],"wp:attachment":[{"href":"https:\/\/www.sanier.pl\/sk\/wp-json\/wp\/v2\/media?parent=281962"}],"wp:term":[{"taxonomy":"product_brand","embeddable":true,"href":"https:\/\/www.sanier.pl\/sk\/wp-json\/wp\/v2\/product_brand?post=281962"},{"taxonomy":"product_cat","embeddable":true,"href":"https:\/\/www.sanier.pl\/sk\/wp-json\/wp\/v2\/product_cat?post=281962"},{"taxonomy":"product_tag","embeddable":true,"href":"https:\/\/www.sanier.pl\/sk\/wp-json\/wp\/v2\/product_tag?post=281962"}],"curies":[{"name":"wp","href":"https:\/\/api.w.org\/{rel}","templated":true}]}}