{"id":281951,"date":"2025-07-02T07:27:47","date_gmt":"2025-07-02T07:27:47","guid":{"rendered":"https:\/\/www.sanier.pl\/produkt\/katja-sprint\/"},"modified":"2025-07-02T07:47:13","modified_gmt":"2025-07-02T07:47:13","slug":"katja-sprint","status":"publish","type":"product","link":"https:\/\/www.sanier.pl\/sk\/produkt\/katja-sprint\/","title":{"rendered":"Katja Sprint - samolepiaca bit\u00famenov\u00e1 membr\u00e1na"},"content":{"rendered":"","protected":false},"excerpt":{"rendered":"<p id=\"tw-target-text\" class=\"tw-data-text tw-text-large tw-ta\" dir=\"ltr\" data-placeholder=\"T\u0142umaczenie\" data-ved=\"2ahUKEwjAsPTx052OAxXeA9sEHTtbLFEQ3ewLegQICRAV\" aria-label=\"Przet\u0142umaczony tekst: Katja Sprint je samolepiaca tenkovrstvov\u00e1 bit\u00famenov\u00e1 membr\u00e1na na vn\u00fatorn\u00e9 hydroizol\u00e1cie a paroz\u00e1brany. Be\u017ene sa kladie pod potery v pr\u00edzem\u00ed a poskytuje v\u00fdnimo\u010dn\u00fa nepriepustnos\u0165 (sd \u2265 1500 m), odolnos\u0165 vo\u010di rad\u00f3nu a r\u00fdchlu in\u0161tal\u00e1ciu bez oh\u0148a. Integrovan\u00e9 lepiace p\u00e1sky ur\u00fdch\u013euj\u00fa aplik\u00e1ciu a zabezpe\u010duj\u00fa odoln\u00e9 spoje. Ve\u013ekos\u0165 rolky: 1,25 m \u00d7 32 m.\"><span class=\"Y2IQFc\" lang=\"sk\"><strong>Katja Sprint<\/strong> je samolepiaca tenkovrstvov\u00e1 bit\u00famenov\u00e1 membr\u00e1na na vn\u00fatorn\u00e9 hydroizol\u00e1cie a paroz\u00e1brany. Be\u017ene sa kladie pod potery v pr\u00edzem\u00ed a poskytuje v\u00fdnimo\u010dn\u00fa nepriepustnos\u0165 (sd \u2265 1500 m), odolnos\u0165 vo\u010di rad\u00f3nu a r\u00fdchlu in\u0161tal\u00e1ciu bez oh\u0148a. Integrovan\u00e9 lepiace p\u00e1sky ur\u00fdch\u013euj\u00fa aplik\u00e1ciu a zabezpe\u010duj\u00fa odoln\u00e9 spoje. Ve\u013ekos\u0165 rolky: 1,25 m \u00d7 32 m.<\/span><\/p>\n","protected":false},"featured_media":281947,"comment_status":"open","ping_status":"closed","template":"","meta":{"_acf_changed":false},"product_brand":[],"product_cat":[882],"product_tag":[],"class_list":{"0":"post-281951","1":"product","2":"type-product","3":"status-publish","4":"has-post-thumbnail","6":"product_cat-hydroizolacje-rolowe-sk","7":"product_shipping_class-trudna-wysylka-sk","9":"first","10":"outofstock","11":"taxable","12":"shipping-taxable","13":"purchasable","14":"product-type-simple"},"acf":[],"_links":{"self":[{"href":"https:\/\/www.sanier.pl\/sk\/wp-json\/wp\/v2\/product\/281951","targetHints":{"allow":["GET"]}}],"collection":[{"href":"https:\/\/www.sanier.pl\/sk\/wp-json\/wp\/v2\/product"}],"about":[{"href":"https:\/\/www.sanier.pl\/sk\/wp-json\/wp\/v2\/types\/product"}],"replies":[{"embeddable":true,"href":"https:\/\/www.sanier.pl\/sk\/wp-json\/wp\/v2\/comments?post=281951"}],"wp:featuredmedia":[{"embeddable":true,"href":"https:\/\/www.sanier.pl\/sk\/wp-json\/wp\/v2\/media\/281947"}],"wp:attachment":[{"href":"https:\/\/www.sanier.pl\/sk\/wp-json\/wp\/v2\/media?parent=281951"}],"wp:term":[{"taxonomy":"product_brand","embeddable":true,"href":"https:\/\/www.sanier.pl\/sk\/wp-json\/wp\/v2\/product_brand?post=281951"},{"taxonomy":"product_cat","embeddable":true,"href":"https:\/\/www.sanier.pl\/sk\/wp-json\/wp\/v2\/product_cat?post=281951"},{"taxonomy":"product_tag","embeddable":true,"href":"https:\/\/www.sanier.pl\/sk\/wp-json\/wp\/v2\/product_tag?post=281951"}],"curies":[{"name":"wp","href":"https:\/\/api.w.org\/{rel}","templated":true}]}}