{"id":281287,"date":"2025-06-16T10:36:17","date_gmt":"2025-06-16T10:36:17","guid":{"rendered":"https:\/\/www.sanier.pl\/produkt\/bostik-klej-gepard-290-ml-klej-gepard\/"},"modified":"2025-06-17T07:21:14","modified_gmt":"2025-06-17T07:21:14","slug":"lepidlo-bostik","status":"publish","type":"product","link":"https:\/\/www.sanier.pl\/sk\/produkt\/lepidlo-bostik\/","title":{"rendered":"Lepidlo Bostik na l\u00edca 290 ml"},"content":{"rendered":"","protected":false},"excerpt":{"rendered":"<p>R\u00fdchlotuhn\u00face mont\u00e1\u017ene lepidlo Bostik GEPARD 290 ml \u2013 za\u0165a\u017eenie u\u017e po 15 min\u00fatach, hybridn\u00e1 technol\u00f3gia HD POLYMER, v\u00fddatnos\u0165 29 m, na v\u00e4\u010d\u0161inu stavebn\u00fdch materi\u00e1lov.<\/p>\n","protected":false},"featured_media":281270,"comment_status":"open","ping_status":"closed","template":"","meta":{"_acf_changed":false},"product_brand":[],"product_cat":[878,1035,1088],"product_tag":[],"class_list":{"0":"post-281287","1":"product","2":"type-product","3":"status-publish","4":"has-post-thumbnail","6":"product_cat-bostik-sk","7":"product_cat-kleje-fugi-silikony-sk","8":"product_cat-materialy-sk","9":"product_shipping_class-latwa-wysylka-sk","11":"first","12":"instock","13":"taxable","14":"shipping-taxable","15":"purchasable","16":"product-type-simple"},"acf":[],"_links":{"self":[{"href":"https:\/\/www.sanier.pl\/sk\/wp-json\/wp\/v2\/product\/281287","targetHints":{"allow":["GET"]}}],"collection":[{"href":"https:\/\/www.sanier.pl\/sk\/wp-json\/wp\/v2\/product"}],"about":[{"href":"https:\/\/www.sanier.pl\/sk\/wp-json\/wp\/v2\/types\/product"}],"replies":[{"embeddable":true,"href":"https:\/\/www.sanier.pl\/sk\/wp-json\/wp\/v2\/comments?post=281287"}],"wp:featuredmedia":[{"embeddable":true,"href":"https:\/\/www.sanier.pl\/sk\/wp-json\/wp\/v2\/media\/281270"}],"wp:attachment":[{"href":"https:\/\/www.sanier.pl\/sk\/wp-json\/wp\/v2\/media?parent=281287"}],"wp:term":[{"taxonomy":"product_brand","embeddable":true,"href":"https:\/\/www.sanier.pl\/sk\/wp-json\/wp\/v2\/product_brand?post=281287"},{"taxonomy":"product_cat","embeddable":true,"href":"https:\/\/www.sanier.pl\/sk\/wp-json\/wp\/v2\/product_cat?post=281287"},{"taxonomy":"product_tag","embeddable":true,"href":"https:\/\/www.sanier.pl\/sk\/wp-json\/wp\/v2\/product_tag?post=281287"}],"curies":[{"name":"wp","href":"https:\/\/api.w.org\/{rel}","templated":true}]}}