{"id":280940,"date":"2025-05-09T09:26:37","date_gmt":"2025-05-09T09:26:37","guid":{"rendered":"https:\/\/www.sanier.pl\/produkt\/optolith-optogrunt-uniplast\/"},"modified":"2025-06-17T10:18:25","modified_gmt":"2025-06-17T10:18:25","slug":"optolith-optogrunt-uniplast","status":"publish","type":"product","link":"https:\/\/www.sanier.pl\/sk\/produkt\/optolith-optogrunt-uniplast\/","title":{"rendered":"OPTOLITH Optogrunt UniPlast 15kg - Univerz\u00e1lny z\u00e1kladn\u00fd n\u00e1ter na omietky"},"content":{"rendered":"","protected":false},"excerpt":{"rendered":"<p><strong>OPTOLITH Optogrunt UniPlast<\/strong> je pripraven\u00fd na pou\u017eitie, univerz\u00e1lny penetra\u010dn\u00fd n\u00e1ter na zv\u00fd\u0161enie pri\u013enavosti omietok a stierok k miner\u00e1lnym podkladom. V\u010faka obsahu kremenn\u00e9ho plniva zvy\u0161uje drsnos\u0165 povrchu a zni\u017euje nasiakavos\u0165 podkladu. Ide\u00e1lny na pou\u017eitie v kontaktn\u00fdch zatep\u013eovac\u00edch syst\u00e9moch (ETICS) a pri dokon\u010dovac\u00edch pr\u00e1cach v interi\u00e9ri aj exteri\u00e9ri budov.<\/p>\n","protected":false},"featured_media":280892,"comment_status":"open","ping_status":"closed","template":"","meta":{"_acf_changed":false},"product_brand":[],"product_cat":[1107],"product_tag":[],"class_list":{"0":"post-280940","1":"product","2":"type-product","3":"status-publish","4":"has-post-thumbnail","6":"product_cat-optolith-sk","7":"product_shipping_class-latwa-wysylka-sk","9":"first","10":"instock","11":"taxable","12":"shipping-taxable","13":"purchasable","14":"product-type-simple"},"acf":[],"_links":{"self":[{"href":"https:\/\/www.sanier.pl\/sk\/wp-json\/wp\/v2\/product\/280940","targetHints":{"allow":["GET"]}}],"collection":[{"href":"https:\/\/www.sanier.pl\/sk\/wp-json\/wp\/v2\/product"}],"about":[{"href":"https:\/\/www.sanier.pl\/sk\/wp-json\/wp\/v2\/types\/product"}],"replies":[{"embeddable":true,"href":"https:\/\/www.sanier.pl\/sk\/wp-json\/wp\/v2\/comments?post=280940"}],"wp:featuredmedia":[{"embeddable":true,"href":"https:\/\/www.sanier.pl\/sk\/wp-json\/wp\/v2\/media\/280892"}],"wp:attachment":[{"href":"https:\/\/www.sanier.pl\/sk\/wp-json\/wp\/v2\/media?parent=280940"}],"wp:term":[{"taxonomy":"product_brand","embeddable":true,"href":"https:\/\/www.sanier.pl\/sk\/wp-json\/wp\/v2\/product_brand?post=280940"},{"taxonomy":"product_cat","embeddable":true,"href":"https:\/\/www.sanier.pl\/sk\/wp-json\/wp\/v2\/product_cat?post=280940"},{"taxonomy":"product_tag","embeddable":true,"href":"https:\/\/www.sanier.pl\/sk\/wp-json\/wp\/v2\/product_tag?post=280940"}],"curies":[{"name":"wp","href":"https:\/\/api.w.org\/{rel}","templated":true}]}}