{"id":280938,"date":"2025-05-09T08:48:08","date_gmt":"2025-05-09T08:48:08","guid":{"rendered":"https:\/\/www.sanier.pl\/produkt\/optolith-optoplast-ecofinish-03\/"},"modified":"2025-06-17T10:38:09","modified_gmt":"2025-06-17T10:38:09","slug":"optolith-optoplast-ecofinish-03","status":"publish","type":"product","link":"https:\/\/www.sanier.pl\/sk\/produkt\/optolith-optoplast-ecofinish-03\/","title":{"rendered":"OPTOLITH Optoplast EcoFinish 03 25 kg - Jemnozrnn\u00e1 miner\u00e1lna omietka 0,3 mm"},"content":{"rendered":"","protected":false},"excerpt":{"rendered":"<p><strong>OPTOLITH Optoplast EcoFinish 03<\/strong> je jemnozrnn\u00e1 miner\u00e1lna omietka typu bar\u00e1nok s zrnitos\u0165ou 0,3 mm, ur\u010den\u00e1 na dekorat\u00edvne dokon\u010denie fas\u00e1d. Poskytuje elegantn\u00fd, hladk\u00fd vzh\u013ead, v\u00fdborn\u00fa paropriepustnos\u0165 a prirodzen\u00fa odolnos\u0165 vo\u010di riasam a plesniam. Je ide\u00e1lnym rie\u0161en\u00edm pre modern\u00e9 fas\u00e1dy aj renov\u00e1cie historick\u00fdch objektov.<\/p>\n","protected":false},"featured_media":280883,"comment_status":"open","ping_status":"closed","template":"","meta":{"_acf_changed":false},"product_brand":[],"product_cat":[1107],"product_tag":[],"class_list":{"0":"post-280938","1":"product","2":"type-product","3":"status-publish","4":"has-post-thumbnail","6":"product_cat-optolith-sk","7":"product_shipping_class-latwa-wysylka-sk","9":"first","10":"instock","11":"taxable","12":"shipping-taxable","13":"purchasable","14":"product-type-simple"},"acf":[],"_links":{"self":[{"href":"https:\/\/www.sanier.pl\/sk\/wp-json\/wp\/v2\/product\/280938","targetHints":{"allow":["GET"]}}],"collection":[{"href":"https:\/\/www.sanier.pl\/sk\/wp-json\/wp\/v2\/product"}],"about":[{"href":"https:\/\/www.sanier.pl\/sk\/wp-json\/wp\/v2\/types\/product"}],"replies":[{"embeddable":true,"href":"https:\/\/www.sanier.pl\/sk\/wp-json\/wp\/v2\/comments?post=280938"}],"wp:featuredmedia":[{"embeddable":true,"href":"https:\/\/www.sanier.pl\/sk\/wp-json\/wp\/v2\/media\/280883"}],"wp:attachment":[{"href":"https:\/\/www.sanier.pl\/sk\/wp-json\/wp\/v2\/media?parent=280938"}],"wp:term":[{"taxonomy":"product_brand","embeddable":true,"href":"https:\/\/www.sanier.pl\/sk\/wp-json\/wp\/v2\/product_brand?post=280938"},{"taxonomy":"product_cat","embeddable":true,"href":"https:\/\/www.sanier.pl\/sk\/wp-json\/wp\/v2\/product_cat?post=280938"},{"taxonomy":"product_tag","embeddable":true,"href":"https:\/\/www.sanier.pl\/sk\/wp-json\/wp\/v2\/product_tag?post=280938"}],"curies":[{"name":"wp","href":"https:\/\/api.w.org\/{rel}","templated":true}]}}