{"id":280936,"date":"2025-05-09T08:35:56","date_gmt":"2025-05-09T08:35:56","guid":{"rendered":"https:\/\/www.sanier.pl\/produkt\/optolith-optoplast-ecofinish-05\/"},"modified":"2025-06-17T11:01:35","modified_gmt":"2025-06-17T11:01:35","slug":"optolith-optoplast-ecofinish-05","status":"publish","type":"product","link":"https:\/\/www.sanier.pl\/sk\/produkt\/optolith-optoplast-ecofinish-05\/","title":{"rendered":"OPTOLITH Optoplast EcoFinish 05 25 kg - Jemnozrnn\u00e1 miner\u00e1lna omietka 0,5 mm"},"content":{"rendered":"","protected":false},"excerpt":{"rendered":"<p><strong>OPTOLITH Optoplast EcoFinish 05<\/strong> je jemnozrnn\u00e1 miner\u00e1lna omietka so \u0161trukt\u00farou bar\u00e1nka a zrnitos\u0165ou 0,5 mm, ide\u00e1lna na elegantn\u00e9 dokon\u010denie fas\u00e1d. Vyzna\u010duje sa vysokou paropriepustnos\u0165ou, odolnos\u0165ou vo\u010di poveternostn\u00fdm podmienkam a prirodzenou ochranou proti hub\u00e1m a riasam. Je ekologick\u00fdm rie\u0161en\u00edm pre zatep\u013eovacie syst\u00e9my a miner\u00e1lne podklady.<\/p>\n","protected":false},"featured_media":280883,"comment_status":"open","ping_status":"closed","template":"","meta":{"_acf_changed":false},"product_brand":[],"product_cat":[1107],"product_tag":[],"class_list":{"0":"post-280936","1":"product","2":"type-product","3":"status-publish","4":"has-post-thumbnail","6":"product_cat-optolith-sk","7":"product_shipping_class-latwa-wysylka-sk","9":"first","10":"instock","11":"taxable","12":"shipping-taxable","13":"purchasable","14":"product-type-simple"},"acf":[],"_links":{"self":[{"href":"https:\/\/www.sanier.pl\/sk\/wp-json\/wp\/v2\/product\/280936","targetHints":{"allow":["GET"]}}],"collection":[{"href":"https:\/\/www.sanier.pl\/sk\/wp-json\/wp\/v2\/product"}],"about":[{"href":"https:\/\/www.sanier.pl\/sk\/wp-json\/wp\/v2\/types\/product"}],"replies":[{"embeddable":true,"href":"https:\/\/www.sanier.pl\/sk\/wp-json\/wp\/v2\/comments?post=280936"}],"wp:featuredmedia":[{"embeddable":true,"href":"https:\/\/www.sanier.pl\/sk\/wp-json\/wp\/v2\/media\/280883"}],"wp:attachment":[{"href":"https:\/\/www.sanier.pl\/sk\/wp-json\/wp\/v2\/media?parent=280936"}],"wp:term":[{"taxonomy":"product_brand","embeddable":true,"href":"https:\/\/www.sanier.pl\/sk\/wp-json\/wp\/v2\/product_brand?post=280936"},{"taxonomy":"product_cat","embeddable":true,"href":"https:\/\/www.sanier.pl\/sk\/wp-json\/wp\/v2\/product_cat?post=280936"},{"taxonomy":"product_tag","embeddable":true,"href":"https:\/\/www.sanier.pl\/sk\/wp-json\/wp\/v2\/product_tag?post=280936"}],"curies":[{"name":"wp","href":"https:\/\/api.w.org\/{rel}","templated":true}]}}