{"id":280934,"date":"2025-05-09T07:22:41","date_gmt":"2025-05-09T07:22:41","guid":{"rendered":"https:\/\/www.sanier.pl\/produkt\/optolith-optoplast-ecofinish-06\/"},"modified":"2025-06-17T11:08:27","modified_gmt":"2025-06-17T11:08:27","slug":"optolith-optoplast-ecofinish-06","status":"publish","type":"product","link":"https:\/\/www.sanier.pl\/sk\/produkt\/optolith-optoplast-ecofinish-06\/","title":{"rendered":"OPTOLITH Optoplast EcoFinish 06 25 kg - Jemnozrnn\u00e1 miner\u00e1lna omietka 0,6 mm"},"content":{"rendered":"","protected":false},"excerpt":{"rendered":"<div class=\"flex max-w-full flex-col grow\">\n<div class=\"min-h-8 text-message relative flex w-full flex-col items-end gap-2 text-start break-words whitespace-normal [.text-message+&amp;]:mt-5\" dir=\"auto\" data-message-author-role=\"assistant\" data-message-id=\"9e9cb5ef-e82a-4267-b9cd-d2e9fd7e0105\" data-message-model-slug=\"gpt-4o\">\n<div class=\"flex w-full flex-col gap-1 empty:hidden first:pt-[3px]\">\n<p class=\"\" data-start=\"0\" data-end=\"378\"><strong>OPTOLITH Optoplast EcoFinish 06<\/strong> je miner\u00e1lna omietkov\u00e1 hmota typu \u201ebar\u00e1nok\u201c so zrnitos\u0165ou 0,6 mm, ur\u010den\u00e1 na dekorat\u00edvne dokon\u010dovanie fas\u00e1d. Zabezpe\u010duje vysok\u00fa paropriepustnos\u0165, prirodzen\u00fa odolnos\u0165 vo\u010di riasam a plesniam a dlhodob\u00fa trv\u00e1cnos\u0165 aj v n\u00e1ro\u010dn\u00fdch poveternostn\u00fdch podmienkach. Ide\u00e1lna pre ekologick\u00e9 aj tradi\u010dn\u00e9 stavby, najm\u00e4 v kontaktn\u00fdch zatep\u013eovac\u00edch syst\u00e9moch ETICS.<\/p>\n<\/div>\n<\/div>\n<\/div>\n<div class=\"flex justify-start\"><\/div>\n","protected":false},"featured_media":280883,"comment_status":"open","ping_status":"closed","template":"","meta":[],"product_brand":[],"product_cat":[1107],"product_tag":[],"class_list":{"0":"post-280934","1":"product","2":"type-product","3":"status-publish","4":"has-post-thumbnail","6":"product_cat-optolith-sk","7":"product_shipping_class-latwa-wysylka-sk","9":"first","10":"instock","11":"taxable","12":"shipping-taxable","13":"purchasable","14":"product-type-simple"},"_links":{"self":[{"href":"https:\/\/www.sanier.pl\/sk\/wp-json\/wp\/v2\/product\/280934","targetHints":{"allow":["GET"]}}],"collection":[{"href":"https:\/\/www.sanier.pl\/sk\/wp-json\/wp\/v2\/product"}],"about":[{"href":"https:\/\/www.sanier.pl\/sk\/wp-json\/wp\/v2\/types\/product"}],"replies":[{"embeddable":true,"href":"https:\/\/www.sanier.pl\/sk\/wp-json\/wp\/v2\/comments?post=280934"}],"wp:featuredmedia":[{"embeddable":true,"href":"https:\/\/www.sanier.pl\/sk\/wp-json\/wp\/v2\/media\/280883"}],"wp:attachment":[{"href":"https:\/\/www.sanier.pl\/sk\/wp-json\/wp\/v2\/media?parent=280934"}],"wp:term":[{"taxonomy":"product_brand","embeddable":true,"href":"https:\/\/www.sanier.pl\/sk\/wp-json\/wp\/v2\/product_brand?post=280934"},{"taxonomy":"product_cat","embeddable":true,"href":"https:\/\/www.sanier.pl\/sk\/wp-json\/wp\/v2\/product_cat?post=280934"},{"taxonomy":"product_tag","embeddable":true,"href":"https:\/\/www.sanier.pl\/sk\/wp-json\/wp\/v2\/product_tag?post=280934"}],"curies":[{"name":"wp","href":"https:\/\/api.w.org\/{rel}","templated":true}]}}