{"id":280922,"date":"2025-05-08T11:12:39","date_gmt":"2025-05-08T11:12:39","guid":{"rendered":"https:\/\/www.sanier.pl\/produkt\/optolith-optostop-hydrogum-easy\/"},"modified":"2025-06-17T11:24:13","modified_gmt":"2025-06-17T11:24:13","slug":"optolith-optostop-hydrogum-easy","status":"publish","type":"product","link":"https:\/\/www.sanier.pl\/sk\/produkt\/optolith-optostop-hydrogum-easy\/","title":{"rendered":"OPTOLITH Optostop HydroGum Easy 5 kg (siv\u00e1)"},"content":{"rendered":"","protected":false},"excerpt":{"rendered":"<div class=\"flex max-w-full flex-col grow\">\n<div class=\"min-h-8 text-message relative flex w-full flex-col items-end gap-2 text-start break-words whitespace-normal [.text-message+&amp;]:mt-5\" dir=\"auto\" data-message-author-role=\"assistant\" data-message-id=\"76281a96-ca48-4c63-a5a7-eed5730d2f04\" data-message-model-slug=\"gpt-4o\">\n<div class=\"flex w-full flex-col gap-1 empty:hidden first:pt-[3px]\">\n<p class=\"\" data-start=\"0\" data-end=\"338\"><strong data-start=\"0\" data-end=\"35\" data-is-only-node=\"\">OPTOLITH Optostop HydroGum Easy <\/strong>je pripraven\u00e1 na pou\u017eitie, pru\u017en\u00e1 tesniaca hmota pod keramick\u00e9 obklady. Vytv\u00e1ra nepriepustn\u00fa a trv\u00e1cnu vrstvu, ktor\u00e1 chr\u00e1ni povrchy pred vlhkos\u0165ou a vodou v k\u00fape\u013eniach, kuchyniach, na balk\u00f3noch a teras\u00e1ch. Je jednoducho aplikovate\u013en\u00e1, r\u00fdchlo schne a zaru\u010duje vysok\u00fa pri\u013enavos\u0165 k miner\u00e1lnym podkladom.<\/p>\n<\/div>\n<\/div>\n<\/div>\n<div class=\"flex justify-start\"><\/div>\n","protected":false},"featured_media":280851,"comment_status":"open","ping_status":"closed","template":"","meta":{"_acf_changed":false},"product_brand":[],"product_cat":[1107],"product_tag":[],"class_list":{"0":"post-280922","1":"product","2":"type-product","3":"status-publish","4":"has-post-thumbnail","6":"product_cat-optolith-sk","7":"product_shipping_class-latwa-wysylka-sk","9":"first","10":"instock","11":"taxable","12":"shipping-taxable","13":"purchasable","14":"product-type-simple"},"acf":[],"_links":{"self":[{"href":"https:\/\/www.sanier.pl\/sk\/wp-json\/wp\/v2\/product\/280922","targetHints":{"allow":["GET"]}}],"collection":[{"href":"https:\/\/www.sanier.pl\/sk\/wp-json\/wp\/v2\/product"}],"about":[{"href":"https:\/\/www.sanier.pl\/sk\/wp-json\/wp\/v2\/types\/product"}],"replies":[{"embeddable":true,"href":"https:\/\/www.sanier.pl\/sk\/wp-json\/wp\/v2\/comments?post=280922"}],"wp:featuredmedia":[{"embeddable":true,"href":"https:\/\/www.sanier.pl\/sk\/wp-json\/wp\/v2\/media\/280851"}],"wp:attachment":[{"href":"https:\/\/www.sanier.pl\/sk\/wp-json\/wp\/v2\/media?parent=280922"}],"wp:term":[{"taxonomy":"product_brand","embeddable":true,"href":"https:\/\/www.sanier.pl\/sk\/wp-json\/wp\/v2\/product_brand?post=280922"},{"taxonomy":"product_cat","embeddable":true,"href":"https:\/\/www.sanier.pl\/sk\/wp-json\/wp\/v2\/product_cat?post=280922"},{"taxonomy":"product_tag","embeddable":true,"href":"https:\/\/www.sanier.pl\/sk\/wp-json\/wp\/v2\/product_tag?post=280922"}],"curies":[{"name":"wp","href":"https:\/\/api.w.org\/{rel}","templated":true}]}}