{"id":280917,"date":"2025-05-08T09:07:50","date_gmt":"2025-05-08T09:07:50","guid":{"rendered":"https:\/\/www.sanier.pl\/produkt\/multi-ksw-connect\/"},"modified":"2025-06-17T11:30:00","modified_gmt":"2025-06-17T11:30:00","slug":"multi-ksw-connect","status":"publish","type":"product","link":"https:\/\/www.sanier.pl\/sk\/produkt\/multi-ksw-connect\/","title":{"rendered":"Multi KSW Connect \u2013 Profesion\u00e1lne lepidlo na lepenie dosiek z miner\u00e1lnej vlny v tepelnoizola\u010dn\u00fdch syst\u00e9moch"},"content":{"rendered":"","protected":false},"excerpt":{"rendered":"<p><strong data-start=\"0\" data-end=\"21\" data-is-only-node=\"\">Multi KSW Connect<\/strong> je profesion\u00e1lne lepidlo ur\u010den\u00e9 na lepenie dosiek z\u00a0miner\u00e1lnej vlny v\u00a0kontaktn\u00fdch zatep\u013eovac\u00edch syst\u00e9moch ETICS. Zabezpe\u010duje vysok\u00fa pri\u013enavos\u0165 k\u00a0miner\u00e1lnym podkladom a\u00a0v\u010faka svojej paropriepustnosti podporuje zdrav\u00fa vn\u00fatorn\u00fa mikrokl\u00edmu budovy. Produkt sa vyzna\u010duje jednoduchou aplik\u00e1ciou a\u00a0odolnos\u0165ou vo\u010di poveternostn\u00fdm vplyvom.<\/p>\n","protected":false},"featured_media":280821,"comment_status":"open","ping_status":"closed","template":"","meta":{"_acf_changed":false},"product_brand":[],"product_cat":[1107],"product_tag":[],"class_list":{"0":"post-280917","1":"product","2":"type-product","3":"status-publish","4":"has-post-thumbnail","6":"product_cat-optolith-sk","7":"product_shipping_class-latwa-wysylka-sk","9":"first","10":"instock","11":"taxable","12":"shipping-taxable","13":"purchasable","14":"product-type-simple"},"acf":[],"_links":{"self":[{"href":"https:\/\/www.sanier.pl\/sk\/wp-json\/wp\/v2\/product\/280917","targetHints":{"allow":["GET"]}}],"collection":[{"href":"https:\/\/www.sanier.pl\/sk\/wp-json\/wp\/v2\/product"}],"about":[{"href":"https:\/\/www.sanier.pl\/sk\/wp-json\/wp\/v2\/types\/product"}],"replies":[{"embeddable":true,"href":"https:\/\/www.sanier.pl\/sk\/wp-json\/wp\/v2\/comments?post=280917"}],"wp:featuredmedia":[{"embeddable":true,"href":"https:\/\/www.sanier.pl\/sk\/wp-json\/wp\/v2\/media\/280821"}],"wp:attachment":[{"href":"https:\/\/www.sanier.pl\/sk\/wp-json\/wp\/v2\/media?parent=280917"}],"wp:term":[{"taxonomy":"product_brand","embeddable":true,"href":"https:\/\/www.sanier.pl\/sk\/wp-json\/wp\/v2\/product_brand?post=280917"},{"taxonomy":"product_cat","embeddable":true,"href":"https:\/\/www.sanier.pl\/sk\/wp-json\/wp\/v2\/product_cat?post=280917"},{"taxonomy":"product_tag","embeddable":true,"href":"https:\/\/www.sanier.pl\/sk\/wp-json\/wp\/v2\/product_tag?post=280917"}],"curies":[{"name":"wp","href":"https:\/\/api.w.org\/{rel}","templated":true}]}}