{"id":280915,"date":"2025-05-08T08:29:11","date_gmt":"2025-05-08T08:29:11","guid":{"rendered":"https:\/\/www.sanier.pl\/produkt\/optolith-optotherm-optotex-45\/"},"modified":"2025-06-17T11:54:59","modified_gmt":"2025-06-17T11:54:59","slug":"optolith-optotherm-optotex-45","status":"publish","type":"product","link":"https:\/\/www.sanier.pl\/sk\/produkt\/optolith-optotherm-optotex-45\/","title":{"rendered":"OPTOLITH Optotherm Optotex 45 - polystyr\u00e9nov\u00e1 sie\u0165ovina 145 \u0161\u00edrka 1m (50m2)"},"content":{"rendered":"","protected":false},"excerpt":{"rendered":"<p class=\"\" data-start=\"0\" data-end=\"68\"><strong data-start=\"0\" data-end=\"68\">Fas\u00e1dna v\u00fdstu\u017en\u00e1 sie\u0165ka OPTOLITH Optotherm Optotex 45 \u2013 145 g\/m\u00b2<\/strong><\/p>\n<p class=\"\" data-start=\"70\" data-end=\"412\">OPTOLITH Optotherm Optotex 45 je vystu\u017een\u00e1 sklenen\u00e1 tkanina s plo\u0161nou hmotnos\u0165ou 145 g\/m\u00b2, ur\u010den\u00e1 pre zatep\u013eovacie syst\u00e9my Optotherm. Vyzna\u010duje sa vysokou odolnos\u0165ou vo\u010di alkalick\u00e9mu prostrediu, ve\u013ekou mechanickou pevnos\u0165ou a rozmerovou stabilitou. Zabezpe\u010duje dlhodob\u00fa \u017eivotnos\u0165 v\u00fdstu\u017enej vrstvy a \u00fa\u010dinne zabra\u0148uje vzniku praskl\u00edn na fas\u00e1de.<\/p>\n","protected":false},"featured_media":280792,"comment_status":"open","ping_status":"closed","template":"","meta":{"_acf_changed":false},"product_brand":[],"product_cat":[1107],"product_tag":[],"class_list":{"0":"post-280915","1":"product","2":"type-product","3":"status-publish","4":"has-post-thumbnail","6":"product_cat-optolith-sk","7":"product_shipping_class-rolki-2-sk","9":"first","10":"instock","11":"taxable","12":"shipping-taxable","13":"purchasable","14":"product-type-simple"},"acf":[],"_links":{"self":[{"href":"https:\/\/www.sanier.pl\/sk\/wp-json\/wp\/v2\/product\/280915","targetHints":{"allow":["GET"]}}],"collection":[{"href":"https:\/\/www.sanier.pl\/sk\/wp-json\/wp\/v2\/product"}],"about":[{"href":"https:\/\/www.sanier.pl\/sk\/wp-json\/wp\/v2\/types\/product"}],"replies":[{"embeddable":true,"href":"https:\/\/www.sanier.pl\/sk\/wp-json\/wp\/v2\/comments?post=280915"}],"wp:featuredmedia":[{"embeddable":true,"href":"https:\/\/www.sanier.pl\/sk\/wp-json\/wp\/v2\/media\/280792"}],"wp:attachment":[{"href":"https:\/\/www.sanier.pl\/sk\/wp-json\/wp\/v2\/media?parent=280915"}],"wp:term":[{"taxonomy":"product_brand","embeddable":true,"href":"https:\/\/www.sanier.pl\/sk\/wp-json\/wp\/v2\/product_brand?post=280915"},{"taxonomy":"product_cat","embeddable":true,"href":"https:\/\/www.sanier.pl\/sk\/wp-json\/wp\/v2\/product_cat?post=280915"},{"taxonomy":"product_tag","embeddable":true,"href":"https:\/\/www.sanier.pl\/sk\/wp-json\/wp\/v2\/product_tag?post=280915"}],"curies":[{"name":"wp","href":"https:\/\/api.w.org\/{rel}","templated":true}]}}