{"id":280913,"date":"2025-05-08T08:04:47","date_gmt":"2025-05-08T08:04:47","guid":{"rendered":"https:\/\/www.sanier.pl\/produkt\/optolith-optotherm-styro-km\/"},"modified":"2025-06-17T11:59:37","modified_gmt":"2025-06-17T11:59:37","slug":"optolith-optotherm-styro-km","status":"publish","type":"product","link":"https:\/\/www.sanier.pl\/sk\/produkt\/optolith-optotherm-styro-km\/","title":{"rendered":"OPTOLITH Optotherm Styro KM 25kg"},"content":{"rendered":"","protected":false},"excerpt":{"rendered":"<div class=\"flex max-w-full flex-col grow\">\n<div class=\"min-h-8 text-message relative flex w-full flex-col items-end gap-2 text-start break-words whitespace-normal [.text-message+&amp;]:mt-5\" dir=\"auto\" data-message-author-role=\"assistant\" data-message-id=\"1319a26b-0b48-44d9-8d47-dd219898471d\" data-message-model-slug=\"gpt-4o\">\n<div class=\"flex w-full flex-col gap-1 empty:hidden first:pt-[3px]\">\n<p class=\"\" data-start=\"0\" data-end=\"320\"><strong data-start=\"0\" data-end=\"31\" data-is-only-node=\"\">Optolith Optotherm Styro KM<\/strong> je vysokokvalitn\u00e9 lepidlo na upev\u0148ovanie polystyr\u00e9nov\u00fdch dosiek v kontaktn\u00fdch zatep\u013eovac\u00edch syst\u00e9moch ETICS. Zabezpe\u010duje v\u00fdborn\u00fa pri\u013enavos\u0165 k miner\u00e1lnym podkladom a odolnos\u0165 vo\u010di poveternostn\u00fdm vplyvom. Produkt sa jednoducho pripravuje a aplikuje, \u010do v\u00fdrazne ur\u00fdch\u013euje zatep\u013eovacie pr\u00e1ce.<\/p>\n<\/div>\n<\/div>\n<\/div>\n<div class=\"flex justify-start\"><\/div>\n","protected":false},"featured_media":280785,"comment_status":"open","ping_status":"closed","template":"","meta":{"_acf_changed":false},"product_brand":[],"product_cat":[1107],"product_tag":[],"class_list":{"0":"post-280913","1":"product","2":"type-product","3":"status-publish","4":"has-post-thumbnail","6":"product_cat-optolith-sk","7":"product_shipping_class-latwa-wysylka-sk","9":"first","10":"instock","11":"taxable","12":"shipping-taxable","13":"purchasable","14":"product-type-simple"},"acf":[],"_links":{"self":[{"href":"https:\/\/www.sanier.pl\/sk\/wp-json\/wp\/v2\/product\/280913","targetHints":{"allow":["GET"]}}],"collection":[{"href":"https:\/\/www.sanier.pl\/sk\/wp-json\/wp\/v2\/product"}],"about":[{"href":"https:\/\/www.sanier.pl\/sk\/wp-json\/wp\/v2\/types\/product"}],"replies":[{"embeddable":true,"href":"https:\/\/www.sanier.pl\/sk\/wp-json\/wp\/v2\/comments?post=280913"}],"wp:featuredmedia":[{"embeddable":true,"href":"https:\/\/www.sanier.pl\/sk\/wp-json\/wp\/v2\/media\/280785"}],"wp:attachment":[{"href":"https:\/\/www.sanier.pl\/sk\/wp-json\/wp\/v2\/media?parent=280913"}],"wp:term":[{"taxonomy":"product_brand","embeddable":true,"href":"https:\/\/www.sanier.pl\/sk\/wp-json\/wp\/v2\/product_brand?post=280913"},{"taxonomy":"product_cat","embeddable":true,"href":"https:\/\/www.sanier.pl\/sk\/wp-json\/wp\/v2\/product_cat?post=280913"},{"taxonomy":"product_tag","embeddable":true,"href":"https:\/\/www.sanier.pl\/sk\/wp-json\/wp\/v2\/product_tag?post=280913"}],"curies":[{"name":"wp","href":"https:\/\/api.w.org\/{rel}","templated":true}]}}