{"id":280911,"date":"2025-05-08T07:48:04","date_gmt":"2025-05-08T07:48:04","guid":{"rendered":"https:\/\/www.sanier.pl\/produkt\/optolith-optotherm-styrotop-ksg-25kg\/"},"modified":"2025-06-17T12:02:58","modified_gmt":"2025-06-17T12:02:58","slug":"optolith-optotherm-styrotop-ksg-25kg","status":"publish","type":"product","link":"https:\/\/www.sanier.pl\/sk\/produkt\/optolith-optotherm-styrotop-ksg-25kg\/","title":{"rendered":"OPTOLITH Optotherm StyroTop KSG 25kg"},"content":{"rendered":"","protected":false},"excerpt":{"rendered":"<p><strong data-start=\"0\" data-end=\"35\" data-is-only-node=\"\">OPTOLITH Optotherm StyroTop KSG<\/strong> je univerz\u00e1lne lepidlo a stierkov\u00e1 hmota ur\u010den\u00e1 pre zatep\u013eovacie syst\u00e9my so siv\u00fdm alebo bielym polystyr\u00e9nom (EPS). Zabezpe\u010duje v\u00fdborn\u00fa pri\u013enavos\u0165, odolnos\u0165 vo\u010di poveternostn\u00fdm podmienkam a jednoduch\u00fa aplik\u00e1ciu. Ide\u00e1lne na lepenie EPS dosiek a zapustenie v\u00fdstu\u017enej sie\u0165ky v syst\u00e9moch ETICS.<\/p>\n","protected":false},"featured_media":280780,"comment_status":"open","ping_status":"closed","template":"","meta":[],"product_brand":[],"product_cat":[1107],"product_tag":[],"class_list":{"0":"post-280911","1":"product","2":"type-product","3":"status-publish","4":"has-post-thumbnail","6":"product_cat-optolith-sk","7":"product_shipping_class-latwa-wysylka-sk","9":"first","10":"instock","11":"taxable","12":"shipping-taxable","13":"purchasable","14":"product-type-simple"},"_links":{"self":[{"href":"https:\/\/www.sanier.pl\/sk\/wp-json\/wp\/v2\/product\/280911","targetHints":{"allow":["GET"]}}],"collection":[{"href":"https:\/\/www.sanier.pl\/sk\/wp-json\/wp\/v2\/product"}],"about":[{"href":"https:\/\/www.sanier.pl\/sk\/wp-json\/wp\/v2\/types\/product"}],"replies":[{"embeddable":true,"href":"https:\/\/www.sanier.pl\/sk\/wp-json\/wp\/v2\/comments?post=280911"}],"wp:featuredmedia":[{"embeddable":true,"href":"https:\/\/www.sanier.pl\/sk\/wp-json\/wp\/v2\/media\/280780"}],"wp:attachment":[{"href":"https:\/\/www.sanier.pl\/sk\/wp-json\/wp\/v2\/media?parent=280911"}],"wp:term":[{"taxonomy":"product_brand","embeddable":true,"href":"https:\/\/www.sanier.pl\/sk\/wp-json\/wp\/v2\/product_brand?post=280911"},{"taxonomy":"product_cat","embeddable":true,"href":"https:\/\/www.sanier.pl\/sk\/wp-json\/wp\/v2\/product_cat?post=280911"},{"taxonomy":"product_tag","embeddable":true,"href":"https:\/\/www.sanier.pl\/sk\/wp-json\/wp\/v2\/product_tag?post=280911"}],"curies":[{"name":"wp","href":"https:\/\/api.w.org\/{rel}","templated":true}]}}