{"id":280908,"date":"2025-04-24T11:30:13","date_gmt":"2025-04-24T11:30:13","guid":{"rendered":"https:\/\/www.sanier.pl\/produkt\/bostik-perfect-seal-sciereczki-uniwersalne-20x30-80szt-280583\/"},"modified":"2025-06-17T09:30:32","modified_gmt":"2025-06-17T09:30:32","slug":"bostik-perfect-seal-sciereczki-uniwersalne-20x30-80szt-280583","status":"publish","type":"product","link":"https:\/\/www.sanier.pl\/sk\/produkt\/bostik-perfect-seal-sciereczki-uniwersalne-20x30-80szt-280583\/","title":{"rendered":"Bostik PERFECT SEAL Univerz\u00e1lne utierky 20x30\/80ks"},"content":{"rendered":"","protected":false},"excerpt":{"rendered":"<div class=\"flex max-w-full flex-col grow\">\n<div class=\"min-h-8 text-message relative flex w-full flex-col items-end gap-2 text-start break-words whitespace-normal [.text-message+&amp;]:mt-5\" dir=\"auto\" data-message-author-role=\"assistant\" data-message-id=\"c81f0d5b-2ffd-4c99-a6f5-4bedbdc6c8d3\" data-message-model-slug=\"gpt-4o\">\n<div class=\"flex w-full flex-col gap-1 empty:hidden first:pt-[3px]\">\n<p class=\"\" data-start=\"0\" data-end=\"264\">Bostik Perfect Seal Univerz\u00e1lne utierky s\u00fa pripraven\u00e9 na okam\u017eit\u00e9 pou\u017eitie a sl\u00fa\u017eia na \u010distenie siln\u00e9ho zne\u010distenia z r\u00fak, n\u00e1radia a povrchov. Efekt\u00edvne odstra\u0148uj\u00fa \u010derstv\u00e9 zvy\u0161ky silik\u00f3nov, lepidiel, pien a olejov. S\u00fa bezpe\u010dn\u00e9 pre poko\u017eku a neobsahuj\u00fa rozp\u00fa\u0161\u0165adl\u00e1.<\/p>\n<\/div>\n<\/div>\n<\/div>\n<div class=\"flex justify-start\"><\/div>\n","protected":false},"featured_media":280587,"comment_status":"open","ping_status":"closed","template":"","meta":{"_acf_changed":false},"product_brand":[],"product_cat":[878,1052,943,1055,1033],"product_tag":[],"class_list":{"0":"post-280908","1":"product","2":"type-product","3":"status-publish","4":"has-post-thumbnail","6":"product_cat-bostik-sk","7":"product_cat-materialy-uzupelniajace-akcesoria-materialy-wykonczeniowe-sk","8":"product_cat-materialy-uzupelniajace-akcesoria-sk","9":"product_cat-materialy-uzupelniajace-akcesoria-renowacja-elewacji-sk","10":"product_cat-materialy-uzupelniajace-akcesoria-hydroizolacja-balkonu-i-tarasu-sk","11":"product_shipping_class-latwa-wysylka-sk","13":"first","14":"instock","15":"taxable","16":"shipping-taxable","17":"purchasable","18":"product-type-simple"},"acf":[],"_links":{"self":[{"href":"https:\/\/www.sanier.pl\/sk\/wp-json\/wp\/v2\/product\/280908","targetHints":{"allow":["GET"]}}],"collection":[{"href":"https:\/\/www.sanier.pl\/sk\/wp-json\/wp\/v2\/product"}],"about":[{"href":"https:\/\/www.sanier.pl\/sk\/wp-json\/wp\/v2\/types\/product"}],"replies":[{"embeddable":true,"href":"https:\/\/www.sanier.pl\/sk\/wp-json\/wp\/v2\/comments?post=280908"}],"wp:featuredmedia":[{"embeddable":true,"href":"https:\/\/www.sanier.pl\/sk\/wp-json\/wp\/v2\/media\/280587"}],"wp:attachment":[{"href":"https:\/\/www.sanier.pl\/sk\/wp-json\/wp\/v2\/media?parent=280908"}],"wp:term":[{"taxonomy":"product_brand","embeddable":true,"href":"https:\/\/www.sanier.pl\/sk\/wp-json\/wp\/v2\/product_brand?post=280908"},{"taxonomy":"product_cat","embeddable":true,"href":"https:\/\/www.sanier.pl\/sk\/wp-json\/wp\/v2\/product_cat?post=280908"},{"taxonomy":"product_tag","embeddable":true,"href":"https:\/\/www.sanier.pl\/sk\/wp-json\/wp\/v2\/product_tag?post=280908"}],"curies":[{"name":"wp","href":"https:\/\/api.w.org\/{rel}","templated":true}]}}