{"id":279916,"date":"2024-11-19T11:51:07","date_gmt":"2024-11-19T11:51:07","guid":{"rendered":"https:\/\/www.sanier.pl\/produkt\/renopad-pro-13-18mm\/"},"modified":"2025-04-02T06:30:01","modified_gmt":"2025-04-02T06:30:01","slug":"renoplast-terasovy-podklad-renopad-pro-13-18mm","status":"publish","type":"product","link":"https:\/\/www.sanier.pl\/sk\/produkt\/renoplast-terasovy-podklad-renopad-pro-13-18mm\/","title":{"rendered":"RENOPLAST Terasov\u00fd podklad Renopad PRO 13-18mm"},"content":{"rendered":"<p>[vc_row][vc_column][vc_single_image image=\"275918\" img_size=\"medium\" alignment=\"center\" css_animation=\"bounceIn\"][vc_column_text]<\/p>\n<div class=\"flex max-w-full flex-col flex-grow\">\n<div class=\"min-h-8 text-message relative flex w-full flex-col items-end gap-2 whitespace-normal break-words text-start [.text-message+&amp;]:mt-5\" dir=\"auto\" data-message-author-role=\"assistant\" data-message-id=\"b27a6313-36f0-4062-834f-16b2070dd23a\" data-message-model-slug=\"gpt-4o-mini\">\n<div class=\"flex w-full flex-col gap-1 empty:hidden first:pt-[3px]\">\n<h1 data-start=\"0\" data-end=\"477\">RENOPLAST Terasov\u00fd podklad Renopad PRO 13-18mm<\/h1>\n<p class=\"\" data-start=\"0\" data-end=\"477\"><strong>RENOPLAST Terasov\u00fd podklad Renopad PRO 13-18mm<\/strong> je inovat\u00edvne rie\u0161enie ur\u010den\u00e9 na stavbu vetran\u00fdch terasov\u00fdch a balk\u00f3nov\u00fdch podl\u00e1h. Poskytuj\u00fa stabiln\u00fa a trvanliv\u00fa podporu pre r\u00f4zne druhy podlahov\u00fdch dosiek a terasov\u00fdch dosiek, umo\u017e\u0148uj\u00face estetick\u00e9 a funk\u010dn\u00e9 dokon\u010denie vonkaj\u0161\u00edch priestorov. V\u010faka svojej kon\u0161trukcii tieto podlo\u017eky vytv\u00e1raj\u00fa priestor medzi podlo\u017e\u00edm a podlahou, \u010do umo\u017e\u0148uje \u00fa\u010dinn\u00fd odtok da\u017e\u010fovej vody, zabra\u0148uj\u00fac jej hromadeniu a potenci\u00e1lnym po\u0161kodeniam povrchu.<\/p>\n<p class=\"\" data-start=\"479\" data-end=\"895\">Syst\u00e9m Renopad PRO bol navrhnut\u00fd s d\u00f4razom na jednoduchos\u0165 mont\u00e1\u017ee, v\u0161estrannos\u0165 a trvanlivos\u0165, sp\u013a\u0148aj\u00faci po\u017eiadavky profesion\u00e1lov aj individu\u00e1lnych investorov. K dispoz\u00edcii je v 8 r\u00f4znych ve\u013ekostiach, \u010do umo\u017e\u0148uje regul\u00e1ciu v\u00fd\u0161ky podlahy v rozmedz\u00ed od 13 do 300 mm. \u010ealej syst\u00e9m pon\u00faka mo\u017enos\u0165 pou\u017eitia expand\u00e9rov s v\u00fd\u0161kou 50 mm a 100 mm, ako aj korektora sklonu, \u010do ho rob\u00ed ide\u00e1lnym rie\u0161en\u00edm aj pre nerovn\u00e9 povrchy.<\/p>\n<h4 data-start=\"897\" data-end=\"964\">Vlastnosti produktu RENOPLAST Terasov\u00fd podklad Renopad PRO 13-18mm:<\/h4>\n<ul data-start=\"965\" data-end=\"1628\">\n<li class=\"\" data-start=\"965\" data-end=\"1080\">\n<p class=\"\" data-start=\"967\" data-end=\"1080\">Stabiln\u00e1 podpora \u2013 poskytuje pevn\u00fa podporu pre kamenn\u00e9, bet\u00f3nov\u00e9, keramick\u00e9 hrubostenn\u00e9 dosky a kompozitn\u00e9 dosky.<\/p>\n<\/li>\n<li class=\"\" data-start=\"1081\" data-end=\"1178\">\n<p class=\"\" data-start=\"1083\" data-end=\"1178\">Vetranie povrchu \u2013 vytv\u00e1ra priestor medzi podlo\u017e\u00edm a podlahou, \u010do umo\u017e\u0148uje odtok da\u017e\u010fovej vody.<\/p>\n<\/li>\n<li class=\"\" data-start=\"1179\" data-end=\"1273\">\n<p class=\"\" data-start=\"1181\" data-end=\"1273\">Regulovate\u013en\u00e1 v\u00fd\u0161ka \u2013 dostupn\u00e9 v 8 ve\u013ekostiach, s mo\u017enos\u0165ou regul\u00e1cie v\u00fd\u0161ky od 13 do 300 mm.<\/p>\n<\/li>\n<li class=\"\" data-start=\"1274\" data-end=\"1410\">\n<p class=\"\" data-start=\"1276\" data-end=\"1410\">Roz\u0161\u00edrenie syst\u00e9mu \u2013 kompatibilita s expand\u00e9rmi (50 mm a 100 mm) a korektorom sklonu umo\u017e\u0148uje prisp\u00f4sobenie r\u00f4znym podmienkam mont\u00e1\u017ee.<\/p>\n<\/li>\n<li class=\"\" data-start=\"1411\" data-end=\"1498\">\n<p class=\"\" data-start=\"1413\" data-end=\"1498\">Jednoduch\u00e1 mont\u00e1\u017e \u2013 r\u00fdchla a jednoduch\u00e1 in\u0161tal\u00e1cia bez potreby \u0161peci\u00e1lnych n\u00e1strojov.<\/p>\n<\/li>\n<li class=\"\" data-start=\"1499\" data-end=\"1628\">\n<p class=\"\" data-start=\"1501\" data-end=\"1628\">Odolnos\u0165 vo\u010di poveternostn\u00fdm podmienkam \u2013 vyroben\u00e9 z kvalitn\u00fdch materi\u00e1lov odoln\u00fdch vo\u010di vlhkosti, UV \u017eiareniu a zmen\u00e1m tepl\u00f4t.<\/p>\n<\/li>\n<\/ul>\n<h4 data-start=\"1630\" data-end=\"1686\">Pou\u017eitie RENOPLAST Terasov\u00fd podklad Renopad PRO 13-18mm:<\/h4>\n<ul data-start=\"1687\" data-end=\"2123\">\n<li class=\"\" data-start=\"1687\" data-end=\"1808\">\n<p class=\"\" data-start=\"1689\" data-end=\"1808\">Terasy a balk\u00f3ny \u2013 umo\u017e\u0148uj\u00fa estetick\u00e9 a funk\u010dn\u00e9 dokon\u010denie povrchov a z\u00e1rove\u0148 zabezpe\u010duj\u00fa ochranu pred hromaden\u00edm vody.<\/p>\n<\/li>\n<li class=\"\" data-start=\"1809\" data-end=\"1934\">\n<p class=\"\" data-start=\"1811\" data-end=\"1934\">Zelen\u00e9 strechy a nadzemn\u00e9 terasy \u2013 ide\u00e1lne na kon\u0161trukcie \u013eahk\u00fdch a trv\u00e1cnych podl\u00e1h, ktor\u00e9 neza\u0165a\u017euj\u00fa \u010fal\u0161ie \u010dasti budovy.<\/p>\n<\/li>\n<li class=\"\" data-start=\"1935\" data-end=\"2036\">\n<p class=\"\" data-start=\"1937\" data-end=\"2036\">Komer\u010dn\u00e9 objekty a verejn\u00e9 priestory \u2013 vynikaj\u00face rie\u0161enie pre plochy s vysokou frekvenciou pohybu.<\/p>\n<\/li>\n<li class=\"\" data-start=\"2037\" data-end=\"2123\">\n<p class=\"\" data-start=\"2039\" data-end=\"2123\">Priestory okolo baz\u00e9nov \u2013 zabezpe\u010duj\u00fa stabilitu a trvanlivos\u0165 pri zv\u00fd\u0161enej vlhkosti.<\/p>\n<\/li>\n<\/ul>\n<p class=\"\" data-start=\"2125\" data-end=\"2488\">RENOPLAST Terasov\u00fd podklad Renopad PRO 13-18mm je rie\u0161enie, ktor\u00e9 kombinuje modern\u00fd dizajn, funk\u010dnos\u0165 a estetiku, umo\u017e\u0148uj\u00face vytvori\u0165 trv\u00e1cne a estetick\u00e9 podlahy na ka\u017edom mieste. V\u010faka mo\u017enosti presnej regul\u00e1cie a kompatibilite s \u010fal\u0161\u00edmi doplnkami, tento syst\u00e9m je vhodn\u00fd pre ka\u017ed\u00fd projekt \u2013 od jednoduch\u00fdch dom\u00e1cich ter\u00e1s a\u017e po zlo\u017eit\u00e9 architektonick\u00e9 projekty.<\/p>\n<p class=\"\" data-start=\"2490\" data-end=\"2510\"><a href=\"https:\/\/sklep.renoplast.pl\/index.php?controller=attachment&amp;id_attachment=138\" target=\"_blank\" rel=\"noopener\">Technick\u00e9 inform\u00e1cie<\/a><\/p>\n<\/div>\n<\/div>\n<\/div>\n<p>[\/vc_column_text][\/vc_column][\/vc_row][vc_row][vc_column][\/vc_column][\/vc_row]<\/p>\n","protected":false},"excerpt":{"rendered":"<p><strong>RENOPLAST Terasov\u00fd podklad Renopad PRO 13-18mm<\/strong> sl\u00fa\u017ei na vytv\u00e1ranie vetran\u00fdch terasov\u00fdch a balk\u00f3nov\u00fdch podl\u00e1h, poskytuj\u00fac stabiln\u00fa podporu pre podlahov\u00e9 dosky a terasov\u00e9 dosky.<\/p>\n","protected":false},"featured_media":275827,"comment_status":"open","ping_status":"closed","template":"","meta":[],"product_brand":[],"product_cat":[881,1113,1112],"product_tag":[],"class_list":{"0":"post-279916","1":"product","2":"type-product","3":"status-publish","4":"has-post-thumbnail","6":"product_cat-hydroizolacja-balkonu-i-tarasu-sk","7":"product_cat-profile-okapnikowe-sk","8":"product_cat-renoplast-sk","9":"product_shipping_class-latwa-wysylka-sk","11":"first","12":"instock","13":"taxable","14":"shipping-taxable","15":"purchasable","16":"product-type-simple"},"_links":{"self":[{"href":"https:\/\/www.sanier.pl\/sk\/wp-json\/wp\/v2\/product\/279916","targetHints":{"allow":["GET"]}}],"collection":[{"href":"https:\/\/www.sanier.pl\/sk\/wp-json\/wp\/v2\/product"}],"about":[{"href":"https:\/\/www.sanier.pl\/sk\/wp-json\/wp\/v2\/types\/product"}],"replies":[{"embeddable":true,"href":"https:\/\/www.sanier.pl\/sk\/wp-json\/wp\/v2\/comments?post=279916"}],"wp:featuredmedia":[{"embeddable":true,"href":"https:\/\/www.sanier.pl\/sk\/wp-json\/wp\/v2\/media\/275827"}],"wp:attachment":[{"href":"https:\/\/www.sanier.pl\/sk\/wp-json\/wp\/v2\/media?parent=279916"}],"wp:term":[{"taxonomy":"product_brand","embeddable":true,"href":"https:\/\/www.sanier.pl\/sk\/wp-json\/wp\/v2\/product_brand?post=279916"},{"taxonomy":"product_cat","embeddable":true,"href":"https:\/\/www.sanier.pl\/sk\/wp-json\/wp\/v2\/product_cat?post=279916"},{"taxonomy":"product_tag","embeddable":true,"href":"https:\/\/www.sanier.pl\/sk\/wp-json\/wp\/v2\/product_tag?post=279916"}],"curies":[{"name":"wp","href":"https:\/\/api.w.org\/{rel}","templated":true}]}}