{"id":279905,"date":"2024-11-19T12:03:17","date_gmt":"2024-11-19T12:03:17","guid":{"rendered":"https:\/\/www.sanier.pl\/produkt\/renoplast-wspornik-tarasowy-renopad-pro-29-47mm\/"},"modified":"2025-04-01T13:27:57","modified_gmt":"2025-04-01T13:27:57","slug":"renoplast-terasovy-podklad-renopad-pro-29-47mm","status":"publish","type":"product","link":"https:\/\/www.sanier.pl\/sk\/produkt\/renoplast-terasovy-podklad-renopad-pro-29-47mm\/","title":{"rendered":"RENOPLAST Terasov\u00fd podklad Renopad PRO 29-47mm"},"content":{"rendered":"<p>[vc_row][vc_column][vc_single_image image=\"275918\" img_size=\"medium\" alignment=\"center\" css_animation=\"bounceIn\"][vc_column_text]<\/p>\n<h1 data-start=\"198\" data-end=\"688\"><strong data-start=\"198\" data-end=\"248\">RENOPLAST Terasov\u00fd podklad Renopad PRO 29-47mm<\/strong><\/h1>\n<p class=\"\" data-start=\"198\" data-end=\"688\"><strong data-start=\"198\" data-end=\"248\">RENOPLAST Terasov\u00fd podklad Renopad PRO 29-47mm<\/strong> je inovat\u00edvne rie\u0161enie ur\u010den\u00e9 na v\u00fdstavbu vetran\u00fdch terasov\u00fdch a balk\u00f3nov\u00fdch podl\u00e1h. Poskytuj\u00fa stabiln\u00fa a trvanliv\u00fa podporu pre r\u00f4zne druhy dla\u017ebov\u00fdch dosiek a terasov\u00fdch dosiek, umo\u017e\u0148uj\u00face estetick\u00e9 a funk\u010dn\u00e9 dokon\u010denie vonkaj\u0161\u00edch priestorov. V\u010faka svojej kon\u0161trukcii tieto podlo\u017eky vytv\u00e1raj\u00fa priestor medzi podkladom a podlahou, \u010do umo\u017e\u0148uje efekt\u00edvne odvodnenie da\u017e\u010fovej vody, zabra\u0148uje jej hromadeniu a potenci\u00e1lnym po\u0161kodeniam povrchu.<\/p>\n<p class=\"\" data-start=\"690\" data-end=\"1109\">Syst\u00e9m <strong data-start=\"697\" data-end=\"712\">Renopad PRO<\/strong> bol navrhn\u00fd s oh\u013eadom na jednoduchos\u0165 mont\u00e1\u017ee, v\u0161estrannos\u0165 a trvanlivos\u0165, sp\u013a\u0148aj\u00faci po\u017eiadavky profesion\u00e1lov aj individu\u00e1lnych investorov. Je k dispoz\u00edcii v 8 r\u00f4znych ve\u013ekostiach, \u010do umo\u017e\u0148uje nastavenie v\u00fd\u0161ky podlahy v rozsahu od 13 do 300 mm. Navy\u0161e syst\u00e9m pon\u00faka mo\u017enos\u0165 pou\u017eitia expanderov s v\u00fd\u0161kou 50 mm a 100 mm, ako aj korektora sklonu, \u010do ho rob\u00ed ide\u00e1lnym rie\u0161en\u00edm aj pre nerovn\u00e9 povrchy.<\/p>\n<h4 data-start=\"1111\" data-end=\"1182\"><strong data-start=\"1111\" data-end=\"1182\">Vlastnosti produktu RENOPLAST Terasov\u00fd podklad Renopad PRO 29-47mm:<\/strong><\/h4>\n<ul data-start=\"1183\" data-end=\"1869\">\n<li class=\"\" data-start=\"1183\" data-end=\"1303\">\n<p class=\"\" data-start=\"1185\" data-end=\"1303\">Stabiln\u00e1 podpora \u2013 poskytuj\u00fa pevn\u00e9 podopretie pre kamenn\u00e9, bet\u00f3nov\u00e9, keramick\u00e9 hrubovrstvov\u00e9 dosky a kompozitn\u00e9 dosky.<\/p>\n<\/li>\n<li class=\"\" data-start=\"1304\" data-end=\"1402\">\n<p class=\"\" data-start=\"1306\" data-end=\"1402\">Vetranie povrchu \u2013 vytv\u00e1raj\u00fa priestor medzi podkladom a podlahou, umo\u017e\u0148uj\u00fac odvod da\u017e\u010fovej vody.<\/p>\n<\/li>\n<li class=\"\" data-start=\"1403\" data-end=\"1501\">\n<p class=\"\" data-start=\"1405\" data-end=\"1501\">Nastavite\u013en\u00e1 v\u00fd\u0161ka \u2013 k dispoz\u00edcii v 8 ve\u013ekostiach, s mo\u017enos\u0165ou nastavenia v\u00fd\u0161ky od 13 do 300 mm.<\/p>\n<\/li>\n<li class=\"\" data-start=\"1502\" data-end=\"1638\">\n<p class=\"\" data-start=\"1504\" data-end=\"1638\">Roz\u0161\u00edrenie syst\u00e9mu \u2013 kompatibilita s expandermi (50 mm a 100 mm) a korektorom sklonu umo\u017e\u0148uje prisp\u00f4sobenie r\u00f4znym podmienkam mont\u00e1\u017ee.<\/p>\n<\/li>\n<li class=\"\" data-start=\"1639\" data-end=\"1731\">\n<p class=\"\" data-start=\"1641\" data-end=\"1731\">Jednoduch\u00e1 mont\u00e1\u017e \u2013 r\u00fdchla a jednoduch\u00e1 in\u0161tal\u00e1cia bez potreby \u0161pecializovan\u00fdch n\u00e1strojov.<\/p>\n<\/li>\n<li class=\"\" data-start=\"1732\" data-end=\"1869\">\n<p class=\"\" data-start=\"1734\" data-end=\"1869\">Odolnos\u0165 vo\u010di poveternostn\u00fdm podmienkam \u2013 vyroben\u00e9 z vysokokvalitn\u00fdch materi\u00e1lov odoln\u00fdch proti vlhkosti, UV \u017eiareniu a zmen\u00e1m teploty.<\/p>\n<\/li>\n<\/ul>\n<h4 data-start=\"1871\" data-end=\"1931\"><strong data-start=\"1871\" data-end=\"1931\">Pou\u017eitie RENOPLAST Terasov\u00fd podklad Renopad PRO 29-47mm:<\/strong><\/h4>\n<p class=\"\" data-start=\"1934\" data-end=\"2036\">Podlo\u017eky <strong data-start=\"1943\" data-end=\"1958\">RENOPAD PRO<\/strong> sa pou\u017e\u00edvaj\u00fa pri v\u00fdstavbe r\u00f4znych typov vetran\u00fdch vonkaj\u0161\u00edch podl\u00e1h, vr\u00e1tane:<\/p>\n<ul>\n<li data-start=\"2041\" data-end=\"2146\">Ter\u00e1s a balk\u00f3nov \u2013 umo\u017e\u0148uj\u00fa estetick\u00e9 a funk\u010dn\u00e9 dokon\u010denie povrchov, pri\u010dom chr\u00e1nia pred hromaden\u00edm vody.<\/li>\n<li data-start=\"2151\" data-end=\"2273\">Zelen\u00e9 strechy a nadzemn\u00e9 terasy \u2013 ide\u00e1lne pre v\u00fdstavbu \u013eahk\u00fdch a trvanliv\u00fdch podl\u00e1h, ktor\u00e9 neza\u0165a\u017euj\u00fa kon\u0161trukciu budovy.<\/li>\n<li data-start=\"2278\" data-end=\"2377\">Komer\u010dn\u00e9 objekty a verejn\u00e9 priestory \u2013 vynikaj\u00face rie\u0161enie pre povrchy s vysokou intenzitou pohybu.<\/li>\n<li data-start=\"2382\" data-end=\"2475\">Priestor okolo baz\u00e9nov \u2013 zabezpe\u010duj\u00fa stabilitu a trvanlivos\u0165 v podmienkach zv\u00fd\u0161enej vlhkosti.<\/li>\n<\/ul>\n<p class=\"\" data-start=\"2477\" data-end=\"2839\"><strong data-start=\"2477\" data-end=\"2527\">RENOPLAST Terasov\u00fd podklad Renopad PRO 29-47mm<\/strong> je rie\u0161enie, ktor\u00e9 sp\u00e1ja modernitu, funk\u010dnos\u0165 a estetiku, umo\u017e\u0148uj\u00face vytvori\u0165 trvanliv\u00e9 a estetick\u00e9 podlahy v ka\u017edom mieste. V\u010faka mo\u017enosti presn\u00e9ho nastavenia a kompatibilite s \u010fal\u0161\u00edmi doplnkami, tento syst\u00e9m sa osved\u010d\u00ed v ka\u017edom projekte \u2013 od jednoduch\u00fdch dom\u00e1cich ter\u00e1s a\u017e po zlo\u017eit\u00e9 architektonick\u00e9 projekty.<\/p>\n<p class=\"\" data-start=\"2846\" data-end=\"2870\"><a href=\"https:\/\/sklep.renoplast.pl\/index.php?controller=attachment&amp;id_attachment=138\" target=\"_blank\" rel=\"noopener\"><strong data-start=\"2846\" data-end=\"2870\" data-is-last-node=\"\">Technick\u00e9 inform\u00e1cie<\/strong><\/a><\/p>\n<p>[\/vc_column_text][\/vc_column][\/vc_row][vc_row][vc_column][\/vc_column][\/vc_row]<\/p>\n","protected":false},"excerpt":{"rendered":"<p><strong>RENOPLAST Terasov\u00fd podklad Renopad PRO 29-47mm<\/strong> sl\u00fa\u017ei na vykonanie vetran\u00fdch ter\u00e1sov\u00fdch a balk\u00f3nov\u00fdch podl\u00e1h, pri\u010dom poskytuje stabiln\u00fa podporu pre dla\u017edice a terasov\u00e9 dosky.<\/p>\n","protected":false},"featured_media":275855,"comment_status":"open","ping_status":"closed","template":"","meta":[],"product_brand":[],"product_cat":[881,1113,1112],"product_tag":[],"class_list":{"0":"post-279905","1":"product","2":"type-product","3":"status-publish","4":"has-post-thumbnail","6":"product_cat-hydroizolacja-balkonu-i-tarasu-sk","7":"product_cat-profile-okapnikowe-sk","8":"product_cat-renoplast-sk","9":"product_shipping_class-latwa-wysylka-sk","11":"first","12":"instock","13":"taxable","14":"shipping-taxable","15":"purchasable","16":"product-type-simple"},"_links":{"self":[{"href":"https:\/\/www.sanier.pl\/sk\/wp-json\/wp\/v2\/product\/279905","targetHints":{"allow":["GET"]}}],"collection":[{"href":"https:\/\/www.sanier.pl\/sk\/wp-json\/wp\/v2\/product"}],"about":[{"href":"https:\/\/www.sanier.pl\/sk\/wp-json\/wp\/v2\/types\/product"}],"replies":[{"embeddable":true,"href":"https:\/\/www.sanier.pl\/sk\/wp-json\/wp\/v2\/comments?post=279905"}],"wp:featuredmedia":[{"embeddable":true,"href":"https:\/\/www.sanier.pl\/sk\/wp-json\/wp\/v2\/media\/275855"}],"wp:attachment":[{"href":"https:\/\/www.sanier.pl\/sk\/wp-json\/wp\/v2\/media?parent=279905"}],"wp:term":[{"taxonomy":"product_brand","embeddable":true,"href":"https:\/\/www.sanier.pl\/sk\/wp-json\/wp\/v2\/product_brand?post=279905"},{"taxonomy":"product_cat","embeddable":true,"href":"https:\/\/www.sanier.pl\/sk\/wp-json\/wp\/v2\/product_cat?post=279905"},{"taxonomy":"product_tag","embeddable":true,"href":"https:\/\/www.sanier.pl\/sk\/wp-json\/wp\/v2\/product_tag?post=279905"}],"curies":[{"name":"wp","href":"https:\/\/api.w.org\/{rel}","templated":true}]}}