{"id":279894,"date":"2024-11-19T12:11:16","date_gmt":"2024-11-19T12:11:16","guid":{"rendered":"https:\/\/www.sanier.pl\/produkt\/renoplast-wspornik-tarasowy-renopad-pro-47-65mm\/"},"modified":"2025-04-01T13:08:43","modified_gmt":"2025-04-01T13:08:43","slug":"renoplast-terasovy-podklad-renopad-pro-47-65mm","status":"publish","type":"product","link":"https:\/\/www.sanier.pl\/sk\/produkt\/renoplast-terasovy-podklad-renopad-pro-47-65mm\/","title":{"rendered":"RENOPLAST Terasov\u00fd podklad Renopad PRO 47-65mm"},"content":{"rendered":"<p>[vc_row][vc_column][vc_single_image image=\"275918\" img_size=\"medium\" alignment=\"center\" css_animation=\"bounceIn\"][vc_column_text]<\/p>\n<div class=\"flex max-w-full flex-col flex-grow\">\n<div class=\"min-h-8 text-message relative flex w-full flex-col items-end gap-2 whitespace-normal break-words text-start [.text-message+&amp;]:mt-5\" dir=\"auto\" data-message-author-role=\"assistant\" data-message-id=\"10665cc3-76df-4b78-bf7c-bb2bfba90893\" data-message-model-slug=\"gpt-4o-mini\">\n<div class=\"flex w-full flex-col gap-1 empty:hidden first:pt-[3px]\">\n<h1 data-start=\"0\" data-end=\"47\">RENOPLAST Terasov\u00fd podklad Renopad PRO47-65mm<\/h1>\n<p data-start=\"49\" data-end=\"516\"><strong>RENOPLAST Terasov\u00fd podklad Renopad PRO 47-65mm<\/strong> je inovat\u00edvne rie\u0161enie ur\u010den\u00e9 na v\u00fdstavbu vetran\u00fdch ter\u00e1sov\u00fdch a balk\u00f3nov\u00fdch podl\u00e1h. Poskytuje stabiln\u00fa a trval\u00fa podporu pre r\u00f4zne druhy dla\u017ebov\u00fdch a terasov\u00fdch dosiek, umo\u017e\u0148uj\u00fac estetick\u00e9 a funk\u010dn\u00e9 dokon\u010denie vonkaj\u0161\u00edch priestorov. V\u010faka svojej kon\u0161trukcii tieto podlo\u017eky vytv\u00e1raj\u00fa priestor medzi podkladom a podlahou, ktor\u00fd umo\u017e\u0148uje \u00fa\u010dinn\u00fd odtok da\u017e\u010fovej vody, zabra\u0148uje jej hromadeniu a potenci\u00e1lnym po\u0161kodeniam povrchu.<\/p>\n<p class=\"\" data-start=\"518\" data-end=\"940\">Syst\u00e9m Renopad PRO bol navrhnut\u00fd s oh\u013eadom na jednoduchos\u0165 mont\u00e1\u017ee, univerz\u00e1lnos\u0165 a trv\u00e1cnos\u0165, sp\u013a\u0148aj\u00faci po\u017eiadavky profesion\u00e1lov aj individu\u00e1lnych investorov. Je k dispoz\u00edcii v 8 r\u00f4znych ve\u013ekostiach, \u010do umo\u017e\u0148uje regulova\u0165 v\u00fd\u0161ku podlahy v rozmedz\u00ed od 13 do 300 mm. Okrem toho syst\u00e9m pon\u00faka mo\u017enos\u0165 pou\u017eitia expand\u00e9rov o v\u00fd\u0161ke 50 mm a 100 mm, ako aj korektora sklonu, \u010do z neho rob\u00ed ide\u00e1lne rie\u0161enie aj pre nerovn\u00e9 povrchy.<\/p>\n<h4 data-start=\"942\" data-end=\"1677\"><strong>Vlastnosti produktu<\/strong><\/h4>\n<p class=\"\" data-start=\"942\" data-end=\"1677\"><strong>RENOPLAST Terasov\u00fd podklad Renopad PRO 47-65mm<\/strong>: Stabiln\u00e1 podpora \u2013 poskytuje pevn\u00fa podporu pre kamenn\u00e9, bet\u00f3nov\u00e9, keramick\u00e9 hrubovrstvov\u00e9 dla\u017edice a kompozitn\u00e9 dosky.<\/p>\n<p class=\"\" data-start=\"942\" data-end=\"1677\">Vetranie povrchu \u2013 vytv\u00e1ra priestor medzi podkladom a podlahou, umo\u017e\u0148uj\u00fac odtok da\u017e\u010fovej vody.<\/p>\n<p class=\"\" data-start=\"942\" data-end=\"1677\">Regulovate\u013en\u00e1 v\u00fd\u0161ka \u2013 k dispoz\u00edcii v 8 ve\u013ekostiach, s mo\u017enos\u0165ou regul\u00e1cie v\u00fd\u0161ky od 13 do 300 mm.<\/p>\n<p class=\"\" data-start=\"942\" data-end=\"1677\">Roz\u0161\u00edrenie syst\u00e9mu \u2013 kompatibilita s expand\u00e9rmi (50 mm a 100 mm) a korektorom sklonu umo\u017e\u0148uje prisp\u00f4sobenie r\u00f4znym podmienkam mont\u00e1\u017ee.<\/p>\n<p class=\"\" data-start=\"942\" data-end=\"1677\">Jednoduch\u00e1 mont\u00e1\u017e \u2013 r\u00fdchla a jednoduch\u00e1 in\u0161tal\u00e1cia bez potreby \u0161peci\u00e1lnych n\u00e1strojov.<\/p>\n<p class=\"\" data-start=\"942\" data-end=\"1677\">Odolnos\u0165 vo\u010di poveternostn\u00fdm podmienkam \u2013 vyroben\u00e9 z vysoko kvalitn\u00fdch materi\u00e1lov odoln\u00fdch vo\u010di vlhkosti, UV \u017eiareniu a zmen\u00e1m tepl\u00f4t.<\/p>\n<h4 data-start=\"1679\" data-end=\"1736\"><strong>Pou\u017eitie RENOPLAST Terasov\u00fd podklad Renopad PRO 47-65mm:<\/strong><\/h4>\n<p class=\"\" data-start=\"1738\" data-end=\"1835\"><strong>Podlo\u017eky RENOPAD PRO sa pou\u017e\u00edvaj\u00fa na v\u00fdstavbu r\u00f4znych typov vetran\u00fdch vonkaj\u0161\u00edch podl\u00e1h, vr\u00e1tane:<\/strong><\/p>\n<p class=\"\" data-start=\"1837\" data-end=\"2254\">Ter\u00e1s a balk\u00f3nov \u2013 umo\u017e\u0148uje estetick\u00e9 a funk\u010dn\u00e9 dokon\u010denie povrchov pri s\u00fa\u010dasnej ochrane pred hromaden\u00edm vody.<\/p>\n<p class=\"\" data-start=\"1837\" data-end=\"2254\">Zelen\u00e9 strechy a nadzemn\u00e9 terasy \u2013 ide\u00e1lne pre kon\u0161trukcie \u013eahk\u00fdch a trval\u00fdch podl\u00e1h, ktor\u00e9 neza\u0165a\u017euj\u00fa kon\u0161trukciu budovy.<\/p>\n<p class=\"\" data-start=\"1837\" data-end=\"2254\">Objekty komer\u010dn\u00e9 a verejn\u00e9ho vyu\u017eitia \u2013 vynikaj\u00face rie\u0161enie pre povrchy s vysok\u00fdm pohybom.<\/p>\n<p class=\"\" data-start=\"1837\" data-end=\"2254\">Priestory okolo baz\u00e9nov \u2013 zabezpe\u010duj\u00fa stabilitu a trv\u00e1cnos\u0165 v podmienkach zv\u00fd\u0161enej vlhkosti.<\/p>\n<p class=\"\" data-start=\"2256\" data-end=\"2626\"><strong>RENOPLAST Terasov\u00fd podklad Renopad PRO 47-65mm<\/strong>\u00a0je rie\u0161enie, ktor\u00e9 sp\u00e1ja modern\u00e9, funk\u010dn\u00e9 a estetick\u00e9 vlastnosti, umo\u017e\u0148uj\u00fac vytvorenie trval\u00fdch a estetick\u00fdch podl\u00e1h v ka\u017edom prostred\u00ed.<\/p>\n<p class=\"\" data-start=\"2256\" data-end=\"2626\">V\u010faka mo\u017enosti presnej regul\u00e1cie a kompatibilite s \u010fal\u0161\u00edmi doplnkami sa tento syst\u00e9m uplatn\u00ed v ka\u017edej invest\u00edcii \u2013 od jednoduch\u00fdch dom\u00e1cich ter\u00e1s a\u017e po zlo\u017eit\u00e9 architektonick\u00e9 projekty.<\/p>\n<p class=\"\" data-start=\"2628\" data-end=\"2648\"><a href=\"https:\/\/sklep.renoplast.pl\/index.php?controller=attachment&amp;id_attachment=138\" target=\"_blank\" rel=\"noopener\">Technick\u00e9 inform\u00e1cie<\/a><\/p>\n<\/div>\n<\/div>\n<\/div>\n<div class=\"flex justify-start\"><\/div>\n<p>[\/vc_column_text][\/vc_column][\/vc_row][vc_row][vc_column][\/vc_column][\/vc_row]<\/p>\n","protected":false},"excerpt":{"rendered":"<p><strong>RENOPLAST Terasov\u00fd podklad Renopad PRO 47-65mm<\/strong> sl\u00fa\u017ei na vykonanie vetran\u00fdch terasov\u00fdch a balk\u00f3nov\u00fdch podl\u00e1h, poskytuj\u00fac stabiln\u00fa podporu pre dla\u017ebov\u00e9 dosky a terasov\u00e9 dosky.<\/p>\n","protected":false},"featured_media":275861,"comment_status":"open","ping_status":"closed","template":"","meta":[],"product_brand":[],"product_cat":[881,1113,1112],"product_tag":[],"class_list":{"0":"post-279894","1":"product","2":"type-product","3":"status-publish","4":"has-post-thumbnail","6":"product_cat-hydroizolacja-balkonu-i-tarasu-sk","7":"product_cat-profile-okapnikowe-sk","8":"product_cat-renoplast-sk","9":"product_shipping_class-latwa-wysylka-sk","11":"first","12":"instock","13":"taxable","14":"shipping-taxable","15":"purchasable","16":"product-type-simple"},"_links":{"self":[{"href":"https:\/\/www.sanier.pl\/sk\/wp-json\/wp\/v2\/product\/279894","targetHints":{"allow":["GET"]}}],"collection":[{"href":"https:\/\/www.sanier.pl\/sk\/wp-json\/wp\/v2\/product"}],"about":[{"href":"https:\/\/www.sanier.pl\/sk\/wp-json\/wp\/v2\/types\/product"}],"replies":[{"embeddable":true,"href":"https:\/\/www.sanier.pl\/sk\/wp-json\/wp\/v2\/comments?post=279894"}],"wp:featuredmedia":[{"embeddable":true,"href":"https:\/\/www.sanier.pl\/sk\/wp-json\/wp\/v2\/media\/275861"}],"wp:attachment":[{"href":"https:\/\/www.sanier.pl\/sk\/wp-json\/wp\/v2\/media?parent=279894"}],"wp:term":[{"taxonomy":"product_brand","embeddable":true,"href":"https:\/\/www.sanier.pl\/sk\/wp-json\/wp\/v2\/product_brand?post=279894"},{"taxonomy":"product_cat","embeddable":true,"href":"https:\/\/www.sanier.pl\/sk\/wp-json\/wp\/v2\/product_cat?post=279894"},{"taxonomy":"product_tag","embeddable":true,"href":"https:\/\/www.sanier.pl\/sk\/wp-json\/wp\/v2\/product_tag?post=279894"}],"curies":[{"name":"wp","href":"https:\/\/api.w.org\/{rel}","templated":true}]}}