{"id":279892,"date":"2024-11-19T12:19:57","date_gmt":"2024-11-19T12:19:57","guid":{"rendered":"https:\/\/www.sanier.pl\/produkt\/renoplast-wspornik-tarasowy-renopad-pro-65-119mm\/"},"modified":"2025-04-01T11:39:16","modified_gmt":"2025-04-01T11:39:16","slug":"renoplast-terasovy-podklad-renopad-pro-65-119mm","status":"publish","type":"product","link":"https:\/\/www.sanier.pl\/sk\/produkt\/renoplast-terasovy-podklad-renopad-pro-65-119mm\/","title":{"rendered":"RENOPLAST Terasov\u00fd podklad Renopad PRO 65-119mm"},"content":{"rendered":"<p>[vc_row][vc_column][vc_single_image image=\"275918\" img_size=\"medium\" alignment=\"center\" css_animation=\"bounceIn\"][vc_column_text]<\/p>\n<h1 data-start=\"0\" data-end=\"461\">RENOPLAST Terasov\u00fd podklad Renopad PRO 65-119mm<\/h1>\n<p class=\"\" data-start=\"0\" data-end=\"461\"><strong>RENOPLAST Terasov\u00fd podklad Renopad PRO 65-119mm<\/strong> je inovativn\u00ed \u0159e\u0161en\u00ed ur\u010den\u00e9 pro v\u00fdstavbu v\u011btran\u00fdch terasov\u00fdch a balkonov\u00fdch podlah. Zaji\u0161\u0165uje stabiln\u00ed a trvalou podporu pro r\u016fzn\u00e9 druhy podlahov\u00fdch desek a terasov\u00fdch prken, umo\u017e\u0148uje estetick\u00e9 a funk\u010dn\u00ed dokon\u010den\u00ed venkovn\u00edch prostor. D\u00edky sv\u00e9 konstrukci tyto podlo\u017eky vytv\u00e1\u0159ej\u00ed prostor mezi podkladem a podlahou, kter\u00fd umo\u017e\u0148uje efektivn\u00ed odtok de\u0161\u0165ov\u00e9 vody, zabra\u0148uje jej\u00edmu hromad\u011bn\u00ed a mo\u017en\u00fdm po\u0161kozen\u00edm povrchu.<\/p>\n<p class=\"\" data-start=\"463\" data-end=\"865\">Syst\u00e9m Renopad PRO byl navr\u017een pro snadnou mont\u00e1\u017e, univerz\u00e1lnost a trvanlivost, spl\u0148uje po\u017eadavky jak profesion\u00e1l\u016f, tak i individu\u00e1ln\u00edch investor\u016f. Je k dispozici v 8 r\u016fzn\u00fdch velikostech, co\u017e umo\u017e\u0148uje nastaven\u00ed v\u00fd\u0161ky podlahy v rozsahu od 13 do 300 mm. D\u00e1le syst\u00e9m nab\u00edz\u00ed mo\u017enost pou\u017eit\u00ed expander\u016f o v\u00fd\u0161k\u00e1ch 50 mm a 100 mm, stejn\u011b jako korektora sklonu, co\u017e \u010din\u00ed toto \u0159e\u0161en\u00ed ide\u00e1ln\u00ed pro nerovn\u00e9 povrchy.<\/p>\n<h4 data-start=\"867\" data-end=\"891\"><strong data-start=\"867\" data-end=\"891\">Vlastnosti produktu:<\/strong><\/h4>\n<ul data-start=\"892\" data-end=\"1586\">\n<li class=\"\" data-start=\"892\" data-end=\"1015\">\n<p class=\"\" data-start=\"894\" data-end=\"1015\"><strong data-start=\"894\" data-end=\"914\">Stabiln\u00ed podpora<\/strong> \u2013 zaji\u0161\u0165uje pevnou oporu pro kamenn\u00e9, betonov\u00e9, keramick\u00e9 a siln\u011b vrstven\u00e9 desky a kompozitn\u00ed prkna.<\/p>\n<\/li>\n<li class=\"\" data-start=\"1016\" data-end=\"1115\">\n<p class=\"\" data-start=\"1018\" data-end=\"1115\"><strong data-start=\"1018\" data-end=\"1037\">V\u011btr\u00e1n\u00ed povrchu<\/strong> \u2013 vytv\u00e1\u0159\u00ed prostor mezi podkladem a podlahou, co\u017e umo\u017e\u0148uje odtok de\u0161\u0165ov\u00e9 vody.<\/p>\n<\/li>\n<li class=\"\" data-start=\"1116\" data-end=\"1215\">\n<p class=\"\" data-start=\"1118\" data-end=\"1215\"><strong data-start=\"1118\" data-end=\"1140\">Nastaviteln\u00e1 v\u00fd\u0161ka<\/strong> \u2013 k dispozici v 8 velikostech, s mo\u017enost\u00ed nastaven\u00ed v\u00fd\u0161ky od 13 do 300 mm.<\/p>\n<\/li>\n<li class=\"\" data-start=\"1216\" data-end=\"1359\">\n<p class=\"\" data-start=\"1218\" data-end=\"1359\"><strong data-start=\"1218\" data-end=\"1244\">Roz\u0161i\u0159itelnost syst\u00e9mu<\/strong> \u2013 kompatibilita s expand\u00e9ry (50 mm a 100 mm) a korektorem sklonu umo\u017e\u0148uje p\u0159izp\u016fsoben\u00ed r\u016fzn\u00fdm mont\u00e1\u017en\u00edm podm\u00ednk\u00e1m.<\/p>\n<\/li>\n<li class=\"\" data-start=\"1360\" data-end=\"1450\">\n<p class=\"\" data-start=\"1362\" data-end=\"1450\"><strong data-start=\"1362\" data-end=\"1379\">Snadn\u00e1 mont\u00e1\u017e<\/strong> \u2013 rychl\u00e1 a jednoduch\u00e1 instalace bez pot\u0159eby specializovan\u00fdch n\u00e1stroj\u016f.<\/p>\n<\/li>\n<li class=\"\" data-start=\"1451\" data-end=\"1586\">\n<p class=\"\" data-start=\"1453\" data-end=\"1586\"><strong data-start=\"1453\" data-end=\"1494\">Odolnost v\u016f\u010di pov\u011btrnostn\u00edm podm\u00ednk\u00e1m<\/strong> \u2013 vyrobeno z vysoce kvalitn\u00edch materi\u00e1l\u016f odoln\u00fdch v\u016f\u010di vlhkosti, UV z\u00e1\u0159en\u00ed a zm\u011bn\u00e1m teplot.<\/p>\n<\/li>\n<\/ul>\n<h4 data-start=\"1588\" data-end=\"1600\"><strong data-start=\"1588\" data-end=\"1600\">Pou\u017eit\u00ed:<\/strong><\/h4>\n<ul data-start=\"1601\" data-end=\"2046\">\n<li class=\"\" data-start=\"1601\" data-end=\"1728\">\n<p class=\"\" data-start=\"1603\" data-end=\"1728\"><strong data-start=\"1603\" data-end=\"1635\">Terasov\u00e9 a balkonov\u00e9 podlahy<\/strong> \u2013 umo\u017e\u0148uje estetick\u00e9 a funk\u010dn\u00ed dokon\u010den\u00ed povrch\u016f p\u0159i zaji\u0161t\u011bn\u00ed ochrany p\u0159ed hromad\u011bn\u00edm vody.<\/p>\n<\/li>\n<li class=\"\" data-start=\"1729\" data-end=\"1855\">\n<p class=\"\" data-start=\"1731\" data-end=\"1855\"><strong data-start=\"1731\" data-end=\"1767\">Zelen\u00e9 st\u0159echy a nadzemn\u00ed terasy<\/strong> \u2013 ide\u00e1ln\u00ed pro konstrukce lehk\u00fdch a trval\u00fdch podlah, kter\u00e9 nezat\u011b\u017euj\u00ed konstrukci budovy.<\/p>\n<\/li>\n<li class=\"\" data-start=\"1856\" data-end=\"1951\">\n<p class=\"\" data-start=\"1858\" data-end=\"1951\"><strong data-start=\"1858\" data-end=\"1890\">Komercijn\u00ed a ve\u0159ejn\u00e9 objekty<\/strong> \u2013 vynikaj\u00edc\u00ed \u0159e\u0161en\u00ed pro povrchy s vysokou intenzitou pohybu.<\/p>\n<\/li>\n<li class=\"\" data-start=\"1952\" data-end=\"2046\">\n<p class=\"\" data-start=\"1954\" data-end=\"2046\"><strong data-start=\"1954\" data-end=\"1979\">Prostory kolem baz\u00e9n\u016f<\/strong> \u2013 zaji\u0161\u0165uje stabilitu a trvanlivost v podm\u00ednk\u00e1ch zv\u00fd\u0161en\u00e9 vlhkosti.<\/p>\n<\/li>\n<\/ul>\n<p class=\"\" data-start=\"2048\" data-end=\"2421\"><strong data-start=\"2048\" data-end=\"2099\">RENOPLAST Terasov\u00fd podklad Renopad PRO 65-119mm<\/strong> je \u0159e\u0161en\u00ed, kter\u00e9 spojuje modernost, funk\u010dnost a estetiku, umo\u017e\u0148uje vytv\u00e1\u0159et trval\u00e9 a estetick\u00e9 podlahy v jak\u00e9mkoli prostoru. D\u00edky mo\u017enosti p\u0159esn\u00e9ho nastaven\u00ed a kompatibilit\u011b s dopl\u0148kov\u00fdmi p\u0159\u00edslu\u0161enstv\u00edmi je tento syst\u00e9m ide\u00e1ln\u00ed pro ka\u017edou investici \u2013 od jednoduch\u00fdch dom\u00e1c\u00edch teras a\u017e po slo\u017eit\u00e9 architektonick\u00e9 projekty.<\/p>\n<p class=\"\" data-start=\"2423\" data-end=\"2446\"><a href=\"https:\/\/sklep.renoplast.pl\/index.php?controller=attachment&amp;id_attachment=138\" target=\"_blank\" rel=\"noopener\"><strong data-start=\"2423\" data-end=\"2446\" data-is-last-node=\"\">Technick\u00e9 informace<\/strong><\/a><\/p>\n<p>\u00a0[\/vc_column_text][\/vc_column][\/vc_row][vc_row][vc_column][\/vc_column][\/vc_row]<\/p>\n","protected":false},"excerpt":{"rendered":"<div class=\"flex max-w-full flex-col flex-grow\">\n<div class=\"min-h-8 text-message relative flex w-full flex-col items-end gap-2 whitespace-normal break-words text-start [.text-message+&amp;]:mt-5\" dir=\"auto\" data-message-author-role=\"assistant\" data-message-id=\"7c57e945-4a7f-456f-860a-0a9831765ccf\" data-message-model-slug=\"gpt-4o-mini\">\n<div class=\"flex w-full flex-col gap-1 empty:hidden first:pt-[3px]\">\n<p class=\"\" data-start=\"0\" data-end=\"174\"><strong>RENOPLAST terasov\u00fd podklad Renopad PRO 65-119mm<\/strong> slou\u017e\u00ed k v\u00fdrob\u011b v\u011btran\u00fdch terasov\u00fdch a balkonov\u00fdch podlah, poskytuj\u00edc\u00ed stabiln\u00ed podporu pro podlahov\u00e9 desky a terasov\u00e1 prkna.<\/p>\n<\/div>\n<\/div>\n<\/div>\n<div class=\"flex justify-start\"><\/div>\n","protected":false},"featured_media":275866,"comment_status":"open","ping_status":"closed","template":"","meta":[],"product_brand":[],"product_cat":[881,1113,1112],"product_tag":[],"class_list":{"0":"post-279892","1":"product","2":"type-product","3":"status-publish","4":"has-post-thumbnail","6":"product_cat-hydroizolacja-balkonu-i-tarasu-sk","7":"product_cat-profile-okapnikowe-sk","8":"product_cat-renoplast-sk","9":"product_shipping_class-latwa-wysylka-sk","11":"first","12":"instock","13":"taxable","14":"shipping-taxable","15":"purchasable","16":"product-type-simple"},"_links":{"self":[{"href":"https:\/\/www.sanier.pl\/sk\/wp-json\/wp\/v2\/product\/279892","targetHints":{"allow":["GET"]}}],"collection":[{"href":"https:\/\/www.sanier.pl\/sk\/wp-json\/wp\/v2\/product"}],"about":[{"href":"https:\/\/www.sanier.pl\/sk\/wp-json\/wp\/v2\/types\/product"}],"replies":[{"embeddable":true,"href":"https:\/\/www.sanier.pl\/sk\/wp-json\/wp\/v2\/comments?post=279892"}],"wp:featuredmedia":[{"embeddable":true,"href":"https:\/\/www.sanier.pl\/sk\/wp-json\/wp\/v2\/media\/275866"}],"wp:attachment":[{"href":"https:\/\/www.sanier.pl\/sk\/wp-json\/wp\/v2\/media?parent=279892"}],"wp:term":[{"taxonomy":"product_brand","embeddable":true,"href":"https:\/\/www.sanier.pl\/sk\/wp-json\/wp\/v2\/product_brand?post=279892"},{"taxonomy":"product_cat","embeddable":true,"href":"https:\/\/www.sanier.pl\/sk\/wp-json\/wp\/v2\/product_cat?post=279892"},{"taxonomy":"product_tag","embeddable":true,"href":"https:\/\/www.sanier.pl\/sk\/wp-json\/wp\/v2\/product_tag?post=279892"}],"curies":[{"name":"wp","href":"https:\/\/api.w.org\/{rel}","templated":true}]}}