{"id":279882,"date":"2024-12-02T12:19:03","date_gmt":"2024-12-02T12:19:03","guid":{"rendered":"https:\/\/www.sanier.pl\/produkt\/smart-12mm-fuga-2mm\/"},"modified":"2025-03-31T13:36:43","modified_gmt":"2025-03-31T13:36:43","slug":"smart-12mm-fuga-2mm","status":"publish","type":"product","link":"https:\/\/www.sanier.pl\/sk\/produkt\/smart-12mm-fuga-2mm\/","title":{"rendered":"Podlo\u017eky terasov\u00e9 Renoplast SMART 12mm Fuga 2mm x50"},"content":{"rendered":"<p>[vc_row][vc_column][vc_single_image image=\"275913\" img_size=\"medium\" alignment=\"center\" css_animation=\"bounceIn\"][vc_column_text]<\/p>\n<h1 data-start=\"38\" data-end=\"89\"><strong data-start=\"38\" data-end=\"89\">Podlo\u017eky terasov\u00e9 Renoplast SMART 12mm Fuga 2mm<\/strong><\/h1>\n<p class=\"\" data-start=\"91\" data-end=\"528\"><strong>Podlo\u017eky terasov\u00e9 SMART 12mm Fuga 2mm<\/strong> s\u00fa inovat\u00edvne rie\u0161enie vytvoren\u00e9 na mont\u00e1\u017e dla\u017ed\u00edc na teras\u00e1ch, balk\u00f3noch a in\u00fdch vonkaj\u0161\u00edch povrchoch. Zabezpe\u010duj\u00fa v\u00fdnimo\u010dn\u00fa stabilitu a trv\u00e1cnos\u0165 povrchu, umo\u017e\u0148uj\u00fa r\u00fdchlu, jednoduch\u00fa a presn\u00fa mont\u00e1\u017e bez potreby pou\u017eitia lepidla. Produkt sa vyzna\u010duje v\u00fdnimo\u010dnou odolnos\u0165ou vo\u010di meniacim sa poveternostn\u00fdm podmienkam, vr\u00e1tane vlhkosti, mrazu a UV \u017eiareniu, \u010do ho rob\u00ed ide\u00e1lnym na vonkaj\u0161ie pou\u017eitie.<\/p>\n<p class=\"\" data-start=\"530\" data-end=\"876\">V\u010faka svojej kon\u0161trukcii podlo\u017eka Renoplast SMART 12mm Fuga 2mm umo\u017e\u0148uje \u013eahk\u00e9 prisp\u00f4sobenie v\u00fd\u0161ky priestoru medzi dla\u017edicami, \u010d\u00edm zabezpe\u010duje rovnomern\u00fa podporu na celej ploche. T\u00fdm sa eliminuj\u00fa probl\u00e9my s nerovnos\u0165ami podkladu a umo\u017e\u0148uje sa vo\u013en\u00fd prietok vody, \u010d\u00edm sa zabra\u0148uje jej hromadeniu pod povrchom a umo\u017e\u0148uje r\u00fdchlej\u0161ie odv\u00e1dzanie vody.<\/p>\n<p class=\"\" data-start=\"878\" data-end=\"1281\">Podlo\u017eka SMART 12mm Fuga 2mm je nielen funk\u010dn\u00e1, ale aj \u013eahk\u00e1 na in\u0161tal\u00e1ciu. Sta\u010d\u00ed umiestni\u0165 podlo\u017eky v spr\u00e1vnych vzdialenostiach a potom na ne polo\u017ei\u0165 dla\u017edice. Je to pohodln\u00e9, r\u00fdchle a estetick\u00e9 rie\u0161enie, ktor\u00e9 umo\u017e\u0148uje vytvori\u0165 trv\u00e1cny povrch terasy alebo balk\u00f3na. Produkt tie\u017e zabezpe\u010duje spr\u00e1vnu cirkul\u00e1ciu vzduchu medzi dla\u017edicami, \u010do \u010falej podporuje udr\u017eanie povrchu v dobrom stave po mnoho rokov.<\/p>\n<h4 data-start=\"1283\" data-end=\"1333\"><strong data-start=\"1283\" data-end=\"1333\">V\u00fdhody podlo\u017eky Renoplast SMART 12mm Fuga 2mm:<\/strong><\/h4>\n<ul data-start=\"1335\" data-end=\"1821\" data-is-last-node=\"\" data-is-only-node=\"\">\n<li class=\"\" data-start=\"1335\" data-end=\"1427\">\n<p class=\"\" data-start=\"1337\" data-end=\"1427\">Vysok\u00e1 odolnos\u0165 vo\u010di poveternostn\u00fdm podmienkam: odoln\u00fd vo\u010di vlhkosti, mrazu a UV \u017eiareniu.<\/p>\n<\/li>\n<li class=\"\" data-start=\"1428\" data-end=\"1551\">\n<p class=\"\" data-start=\"1430\" data-end=\"1551\">Stabilita a trv\u00e1cnos\u0165: zabezpe\u010duje rovnomern\u00fa podporu pre terasov\u00e9 dla\u017edice, eliminuj\u00fac probl\u00e9my s nerovnos\u0165ami podkladu.<\/p>\n<\/li>\n<li class=\"\" data-start=\"1552\" data-end=\"1632\">\n<p class=\"\" data-start=\"1554\" data-end=\"1632\">Jednoduch\u00e1 mont\u00e1\u017e: jednoduch\u00fd proces in\u0161tal\u00e1cie, bez potreby pou\u017eitia lepidla.<\/p>\n<\/li>\n<li class=\"\" data-start=\"1633\" data-end=\"1729\">\n<p class=\"\" data-start=\"1635\" data-end=\"1729\">Spr\u00e1vna cirkul\u00e1cia vzduchu: umo\u017e\u0148uje odv\u00e1dzanie vody, zabra\u0148uje jej hromadeniu pod dla\u017edicami.<\/p>\n<\/li>\n<li class=\"\" data-start=\"1730\" data-end=\"1821\">\n<p class=\"\" data-start=\"1732\" data-end=\"1821\">Funk\u010dnos\u0165: ide\u00e1lny na mont\u00e1\u017e dla\u017ed\u00edc na teras\u00e1ch, balk\u00f3noch a in\u00fdch vonkaj\u0161\u00edch povrchoch.<\/p>\n<\/li>\n<\/ul>\n<p>[\/vc_column_text][\/vc_column][\/vc_row][vc_row][vc_column][vc_single_image image=\"276226\" img_size=\"full\" alignment=\"center\"][\/vc_column][\/vc_row][vc_row][vc_column][vc_column_text]<span class=\"HwtZe\" lang=\"sk\"><span class=\"jCAhz ChMk0b\"><span class=\"ryNqvb\">Sada obsahuje 50 kusov<\/span><\/span><\/span>[\/vc_column_text][\/vc_column][\/vc_row]<\/p>\n","protected":false},"excerpt":{"rendered":"<div class=\"flex max-w-full flex-col flex-grow\">\n<div class=\"min-h-8 text-message relative flex w-full flex-col items-end gap-2 whitespace-normal break-words text-start [.text-message+&amp;]:mt-5\" dir=\"auto\" data-message-author-role=\"assistant\" data-message-id=\"ed21ad0a-0d8c-45d8-afb8-edb5795fd467\" data-message-model-slug=\"gpt-4o-mini\">\n<div class=\"flex w-full flex-col gap-1 empty:hidden first:pt-[3px]\">\n<p class=\"\" data-start=\"38\" data-end=\"512\"><strong data-start=\"38\" data-end=\"89\">Podlo\u017eka terasov\u00e1 Renoplast SMART 12mm Fuga 2mm<\/strong> je vysokokvalitn\u00fd prvok ur\u010den\u00fd na mont\u00e1\u017e terasov\u00fdch a balk\u00f3nov\u00fdch povrchov. Vyzna\u010duje sa ve\u013ekou trv\u00e1cnos\u0165ou, stabilitou a odolnos\u0165ou vo\u010di meniacim sa poveternostn\u00fdm podmienkam. V\u010faka prec\u00edznej kon\u0161trukcii podlo\u017eka zabezpe\u010duje rovnomern\u00fa podporu pre terasov\u00e9 dla\u017edice, u\u013eah\u010duje ich mont\u00e1\u017e bez potreby pou\u017eitia lepidla. Je to ide\u00e1lne rie\u0161enie na vytv\u00e1ranie trv\u00e1cnych, estetick\u00fdch a funk\u010dn\u00fdch povrchov na vonkaj\u0161\u00edch ploch\u00e1ch.<\/p>\n<\/div>\n<\/div>\n<\/div>\n<div class=\"flex justify-start\"><\/div>\n","protected":false},"featured_media":276238,"comment_status":"open","ping_status":"closed","template":"","meta":[],"product_brand":[],"product_cat":[881,1033,933,1112],"product_tag":[],"class_list":{"0":"post-279882","1":"product","2":"type-product","3":"status-publish","4":"has-post-thumbnail","6":"product_cat-hydroizolacja-balkonu-i-tarasu-sk","7":"product_cat-materialy-uzupelniajace-akcesoria-hydroizolacja-balkonu-i-tarasu-sk","8":"product_cat-prace-zewnetrzne-dachy-i-elewacje-sk","9":"product_cat-renoplast-sk","10":"product_shipping_class-latwa-wysylka-sk","12":"first","13":"instock","14":"taxable","15":"shipping-taxable","16":"purchasable","17":"product-type-simple"},"_links":{"self":[{"href":"https:\/\/www.sanier.pl\/sk\/wp-json\/wp\/v2\/product\/279882","targetHints":{"allow":["GET"]}}],"collection":[{"href":"https:\/\/www.sanier.pl\/sk\/wp-json\/wp\/v2\/product"}],"about":[{"href":"https:\/\/www.sanier.pl\/sk\/wp-json\/wp\/v2\/types\/product"}],"replies":[{"embeddable":true,"href":"https:\/\/www.sanier.pl\/sk\/wp-json\/wp\/v2\/comments?post=279882"}],"wp:featuredmedia":[{"embeddable":true,"href":"https:\/\/www.sanier.pl\/sk\/wp-json\/wp\/v2\/media\/276238"}],"wp:attachment":[{"href":"https:\/\/www.sanier.pl\/sk\/wp-json\/wp\/v2\/media?parent=279882"}],"wp:term":[{"taxonomy":"product_brand","embeddable":true,"href":"https:\/\/www.sanier.pl\/sk\/wp-json\/wp\/v2\/product_brand?post=279882"},{"taxonomy":"product_cat","embeddable":true,"href":"https:\/\/www.sanier.pl\/sk\/wp-json\/wp\/v2\/product_cat?post=279882"},{"taxonomy":"product_tag","embeddable":true,"href":"https:\/\/www.sanier.pl\/sk\/wp-json\/wp\/v2\/product_tag?post=279882"}],"curies":[{"name":"wp","href":"https:\/\/api.w.org\/{rel}","templated":true}]}}