{"id":279878,"date":"2024-12-02T13:57:44","date_gmt":"2024-12-02T13:57:44","guid":{"rendered":"https:\/\/www.sanier.pl\/produkt\/renoplast-profil-okapowy-prosty-w35-plus-ral8019-braz\/"},"modified":"2025-03-31T13:07:43","modified_gmt":"2025-03-31T13:07:43","slug":"renoplast-profil-okapovy-prosty-w35-plus-ral8019-hneda","status":"publish","type":"product","link":"https:\/\/www.sanier.pl\/sk\/produkt\/renoplast-profil-okapovy-prosty-w35-plus-ral8019-hneda\/","title":{"rendered":"RENOPLAST Profil okapov\u00fd prost\u00fd W35 PLUS RAL8019 Hned\u00e1"},"content":{"rendered":"<p>[vc_row][vc_column][vc_single_image image=\"275918\" img_size=\"medium\" alignment=\"center\" css_animation=\"bounceIn\"][vc_column_text]<\/p>\n<h1 data-start=\"38\" data-end=\"96\"><strong data-start=\"38\" data-end=\"96\">RENOPLAST Profil okapov\u00fd prost\u00fd W35 PLUS RAL8019 Hned\u00e1<\/strong><\/h1>\n<p class=\"\" data-start=\"98\" data-end=\"433\"><strong data-start=\"98\" data-end=\"156\">RENOPLAST Profil okapov\u00fd prost\u00fd W35 PLUS RAL8019 Hned\u00e1<\/strong> je pokro\u010dil\u00e9 rie\u0161enie ur\u010den\u00e9 na dokon\u010denie okrajov balk\u00f3nov a ter\u00e1s s podlahami z hrub\u00fdch dosiek, ktor\u00e9 s\u00fa ukladan\u00e9 na SMART konzol\u00e1ch. Vyroben\u00fd z hlin\u00edka pokryt\u00e9ho polyesterov\u00fdm n\u00e1terom, zaru\u010duje \u00fapln\u00fa ochranu pred kor\u00f3ziou a trv\u00e1cnos\u0165 v n\u00e1ro\u010dn\u00fdch atmosferick\u00fdch podmienkach.<\/p>\n<p class=\"\" data-start=\"435\" data-end=\"718\">Profil W35+ zaru\u010duje estetick\u00e9 dokon\u010denie okrajov a \u00fa\u010dinn\u00e9 odv\u00e1dzanie vody v\u010faka otvorom umiestnen\u00fdm pozd\u013a\u017e \u201enosu\u201c. Toto rie\u0161enie zabra\u0148uje hromadeniu vlhkosti a zaru\u010duje dlh\u00fa \u017eivotnos\u0165 celej kon\u0161trukcie. Univerz\u00e1lnos\u0165 produktu umo\u017e\u0148uje jeho kombin\u00e1ciu s r\u00f4znymi typmi hydroizol\u00e1ci\u00ed:<\/p>\n<ul data-start=\"720\" data-end=\"825\">\n<li class=\"\" data-start=\"720\" data-end=\"761\">\n<p class=\"\" data-start=\"722\" data-end=\"761\">p\u00e1skou Clever (hydroizol\u00e1cia zo zmesi),<\/p>\n<\/li>\n<li class=\"\" data-start=\"762\" data-end=\"792\">\n<p class=\"\" data-start=\"764\" data-end=\"792\">PVC man\u017eetou (PVC membr\u00e1na),<\/p>\n<\/li>\n<li class=\"\" data-start=\"793\" data-end=\"825\">\n<p class=\"\" data-start=\"795\" data-end=\"825\">EPDM man\u017eetou (EPDM membr\u00e1na).<\/p>\n<\/li>\n<\/ul>\n<p class=\"\" data-start=\"827\" data-end=\"984\">Profil v jednoduchom preveden\u00ed je kompatibiln\u00fd s hlin\u00edkov\u00fdmi \u017e\u013eabmi R50 a RK65, \u010do \u010falej roz\u0161iruje funk\u010dn\u00e9 mo\u017enosti syst\u00e9mu a zabezpe\u010duje s\u00favisl\u00e9 dokon\u010denie.<\/p>\n<h4 data-start=\"986\" data-end=\"1014\"><strong data-start=\"986\" data-end=\"1014\">Charakteristiky produktu<\/strong><\/h4>\n<ul data-start=\"1015\" data-end=\"1615\">\n<li class=\"\" data-start=\"1015\" data-end=\"1140\">\n<p class=\"\" data-start=\"1017\" data-end=\"1140\"><strong data-start=\"1017\" data-end=\"1045\">Vysok\u00e1 kvalita materi\u00e1lu<\/strong> \u2013 vyroben\u00fd z hlin\u00edka s polyesterov\u00fdm n\u00e1terom, odoln\u00fd proti kor\u00f3zii a atmosferick\u00fdm podmienkam.<\/p>\n<\/li>\n<li class=\"\" data-start=\"1141\" data-end=\"1242\">\n<p class=\"\" data-start=\"1143\" data-end=\"1242\"><strong data-start=\"1143\" data-end=\"1162\">Odvodnenie vody<\/strong> \u2013 otvory v \u201enose\u201c \u00fa\u010dinne odv\u00e1dzaj\u00fa vodu von, chr\u00e1ni kon\u0161trukciu pred vlhkos\u0165ou.<\/p>\n<\/li>\n<li class=\"\" data-start=\"1243\" data-end=\"1377\">\n<p class=\"\" data-start=\"1245\" data-end=\"1377\"><strong data-start=\"1245\" data-end=\"1279\">Kompatibilita s hydroizol\u00e1ciou<\/strong> \u2013 mo\u017enos\u0165 kombin\u00e1cie s p\u00e1skou Clever, PVC man\u017eetou alebo EPDM man\u017eetou pre zabezpe\u010denie tesnosti.<\/p>\n<\/li>\n<li class=\"\" data-start=\"1378\" data-end=\"1449\">\n<p class=\"\" data-start=\"1380\" data-end=\"1449\"><strong data-start=\"1380\" data-end=\"1401\">Jednoduch\u00e1 verzia<\/strong> \u2013 ur\u010den\u00e1 na \u0161tandardn\u00e9 okraje balk\u00f3nov a ter\u00e1s.<\/p>\n<\/li>\n<li class=\"\" data-start=\"1450\" data-end=\"1533\">\n<p class=\"\" data-start=\"1452\" data-end=\"1533\"><strong data-start=\"1452\" data-end=\"1479\">Kompatibilita so \u017e\u013eabmi<\/strong> \u2013 mo\u017enos\u0165 spolupr\u00e1ce s hlin\u00edkov\u00fdmi \u017e\u013eabmi R50 a RK65.<\/p>\n<\/li>\n<li class=\"\" data-start=\"1534\" data-end=\"1615\">\n<p class=\"\" data-start=\"1536\" data-end=\"1615\"><strong data-start=\"1536\" data-end=\"1560\">Estetika a funk\u010dnos\u0165<\/strong> \u2013 trv\u00e1cne a \u010dist\u00e9 dokon\u010denie okrajov balk\u00f3nov a ter\u00e1s.<\/p>\n<\/li>\n<\/ul>\n<h4 data-start=\"1617\" data-end=\"1629\"><strong data-start=\"1617\" data-end=\"1629\">Pou\u017eitie<\/strong><\/h4>\n<p class=\"\" data-start=\"1631\" data-end=\"1812\"><strong data-start=\"1631\" data-end=\"1689\">RENOPLAST Profil okapov\u00fd prost\u00fd W35 PLUS RAL8019 Hned\u00e1<\/strong> sa pou\u017e\u00edva na dokon\u010denie okrajov balk\u00f3nov a ter\u00e1s s hrub\u00fdmi doskami ukladan\u00fdmi na SMART konzol\u00e1ch. Je obzvl\u00e1\u0161\u0165 vhodn\u00fd pre:<\/p>\n<ul data-start=\"1814\" data-end=\"2051\">\n<li class=\"\" data-start=\"1814\" data-end=\"1908\">\n<p class=\"\" data-start=\"1816\" data-end=\"1908\">Balk\u00f3ny a terasy v obytn\u00fdch a komer\u010dn\u00fdch budov\u00e1ch \u2013 zaru\u010duje trv\u00e1cne a estetick\u00e9 dokon\u010denie.<\/p>\n<\/li>\n<li class=\"\" data-start=\"1909\" data-end=\"1973\">\n<p class=\"\" data-start=\"1911\" data-end=\"1973\">U\u017e\u00edvan\u00e9 terasy \u2013 chr\u00e1ni okraje pred p\u00f4soben\u00edm vody a vlhkosti.<\/p>\n<\/li>\n<li class=\"\" data-start=\"1974\" data-end=\"2051\">\n<p class=\"\" data-start=\"1976\" data-end=\"2051\">Kon\u0161trukcie, ktor\u00e9 vy\u017eaduj\u00fa trv\u00e1cne a funk\u010dn\u00e9 rie\u0161enie pre vetran\u00e9 syst\u00e9my.<\/p>\n<\/li>\n<\/ul>\n<p class=\"\" data-start=\"2053\" data-end=\"2100\"><a href=\"https:\/\/sklep.renoplast.pl\/index.php?controller=attachment&amp;id_attachment=118\" target=\"_blank\" rel=\"noopener\"><strong data-start=\"2053\" data-end=\"2077\">Technick\u00e9 inform\u00e1cie<\/strong> <\/a><\/p>\n<p class=\"\" data-start=\"2053\" data-end=\"2100\"><a href=\"https:\/\/sklep.renoplast.pl\/index.php?controller=attachment&amp;id_attachment=120\" target=\"_blank\" rel=\"noopener\"><strong data-start=\"2078\" data-end=\"2100\" data-is-last-node=\"\">In\u0161trukcia mont\u00e1\u017ee<\/strong><\/a><\/p>\n<p>\u00a0[\/vc_column_text][\/vc_column][\/vc_row][vc_row][vc_column][\/vc_column][\/vc_row]<\/p>\n","protected":false},"excerpt":{"rendered":"<p><strong data-start=\"98\" data-end=\"156\">RENOPLAST Profil okapov\u00fd prost\u00fd W35 PLUS RAL8019 Hned\u00e1<\/strong> je hlin\u00edkov\u00fd profil s polyesterov\u00fdm n\u00e1terom ur\u010den\u00fd na dokon\u010denie okrajov balk\u00f3nov a ter\u00e1s s vetran\u00fdmi podlahami. Zaru\u010duje ochranu pred kor\u00f3ziou, \u00fa\u010dinn\u00e9 odv\u00e1dzanie vody a kompatibilitu s hydroizol\u00e1ciou a \u017e\u013eabmi R50 a RK65. Ide\u00e1lne rie\u0161enie pre estetick\u00e9 a trv\u00e1cne terasov\u00e9 syst\u00e9my.<\/p>\n","protected":false},"featured_media":275707,"comment_status":"open","ping_status":"closed","template":"","meta":[],"product_brand":[],"product_cat":[881,1113,1112],"product_tag":[],"class_list":{"0":"post-279878","1":"product","2":"type-product","3":"status-publish","4":"has-post-thumbnail","6":"product_cat-hydroizolacja-balkonu-i-tarasu-sk","7":"product_cat-profile-okapnikowe-sk","8":"product_cat-renoplast-sk","9":"product_shipping_class-latwa-wysylka-sk","11":"first","12":"instock","13":"taxable","14":"shipping-taxable","15":"purchasable","16":"product-type-simple"},"_links":{"self":[{"href":"https:\/\/www.sanier.pl\/sk\/wp-json\/wp\/v2\/product\/279878","targetHints":{"allow":["GET"]}}],"collection":[{"href":"https:\/\/www.sanier.pl\/sk\/wp-json\/wp\/v2\/product"}],"about":[{"href":"https:\/\/www.sanier.pl\/sk\/wp-json\/wp\/v2\/types\/product"}],"replies":[{"embeddable":true,"href":"https:\/\/www.sanier.pl\/sk\/wp-json\/wp\/v2\/comments?post=279878"}],"wp:featuredmedia":[{"embeddable":true,"href":"https:\/\/www.sanier.pl\/sk\/wp-json\/wp\/v2\/media\/275707"}],"wp:attachment":[{"href":"https:\/\/www.sanier.pl\/sk\/wp-json\/wp\/v2\/media?parent=279878"}],"wp:term":[{"taxonomy":"product_brand","embeddable":true,"href":"https:\/\/www.sanier.pl\/sk\/wp-json\/wp\/v2\/product_brand?post=279878"},{"taxonomy":"product_cat","embeddable":true,"href":"https:\/\/www.sanier.pl\/sk\/wp-json\/wp\/v2\/product_cat?post=279878"},{"taxonomy":"product_tag","embeddable":true,"href":"https:\/\/www.sanier.pl\/sk\/wp-json\/wp\/v2\/product_tag?post=279878"}],"curies":[{"name":"wp","href":"https:\/\/api.w.org\/{rel}","templated":true}]}}