{"id":279876,"date":"2024-12-02T14:04:02","date_gmt":"2024-12-02T14:04:02","guid":{"rendered":"https:\/\/www.sanier.pl\/produkt\/renoplast-profil-okapowy-prosty-w35-plus-ral7024-grafit\/"},"modified":"2025-03-31T12:22:15","modified_gmt":"2025-03-31T12:22:15","slug":"renoplast-profil-okapovy-prosty-w35-plus-ral7024-grafit","status":"publish","type":"product","link":"https:\/\/www.sanier.pl\/sk\/produkt\/renoplast-profil-okapovy-prosty-w35-plus-ral7024-grafit\/","title":{"rendered":"RENOPLAST Profil okapov\u00fd prost\u00fd W35 PLUS RAL7024 Grafit"},"content":{"rendered":"<p>[vc_row][vc_column][vc_single_image image=\"275913\" img_size=\"medium\" alignment=\"center\" css_animation=\"bounceIn\"][vc_column_text]<\/p>\n<h1 data-start=\"38\" data-end=\"97\"><strong data-start=\"38\" data-end=\"97\">RENOPLAST Profil okapov\u00fd prost\u00fd W35 PLUS RAL7024 Grafit<\/strong><\/h1>\n<p class=\"\" data-start=\"99\" data-end=\"428\"><strong>RENOPLAST Profil okapov\u00fd prost\u00fd W35 PLUS RAL7024 Grafit<\/strong> je pokro\u010dil\u00e9 rie\u0161enie ur\u010den\u00e9 na dokon\u010denie okrajov balk\u00f3nov a ter\u00e1s s podlahami z hrubostenn\u00fdch dosiek, ktor\u00e9 s\u00fa ulo\u017een\u00e9 na SMART podper\u00e1ch. Vyroben\u00fd z hlin\u00edka s polyesterov\u00fdm n\u00e1terom, zaru\u010duje \u00fapln\u00fa ochranu pred kor\u00f3ziou a trv\u00e1cnos\u0165 v n\u00e1ro\u010dn\u00fdch atmosf\u00e9rick\u00fdch podmienkach.<\/p>\n<p class=\"\" data-start=\"430\" data-end=\"723\">Profil W35+ zaru\u010duje estetick\u00e9 dokon\u010denie okrajov a \u00fa\u010dinn\u00e9 odv\u00e1dzanie vody v\u010faka otvorom umiestnen\u00fdm pozd\u013a\u017e \"nosu\". Toto rie\u0161enie zabra\u0148uje hromadeniu vlhkosti a zabezpe\u010duje dlh\u00fa \u017eivotnos\u0165 celej kon\u0161trukcie. Univerz\u00e1lnos\u0165 produktu znamen\u00e1, \u017ee ho mo\u017eno kombinova\u0165 s r\u00f4znymi typmi hydroizol\u00e1cie:<\/p>\n<ul data-start=\"725\" data-end=\"832\">\n<li class=\"\" data-start=\"725\" data-end=\"768\">\n<p class=\"\" data-start=\"727\" data-end=\"768\">p\u00e1skou Clever (hydroizol\u00e1cia zo zapr\u00e1vy),<\/p>\n<\/li>\n<li class=\"\" data-start=\"769\" data-end=\"799\">\n<p class=\"\" data-start=\"771\" data-end=\"799\">PVC man\u017eetou (PVC membr\u00e1na),<\/p>\n<\/li>\n<li class=\"\" data-start=\"800\" data-end=\"832\">\n<p class=\"\" data-start=\"802\" data-end=\"832\">EPDM man\u017eetou (EPDM membr\u00e1na).<\/p>\n<\/li>\n<\/ul>\n<p class=\"\" data-start=\"834\" data-end=\"997\">Profil v jednoduchom preveden\u00ed je kompatibiln\u00fd s hlin\u00edkov\u00fdmi \u017e\u013eabmi R50 a RK65, \u010do e\u0161te viac roz\u0161iruje funk\u010dn\u00e9 mo\u017enosti syst\u00e9mu a zaru\u010duje konzistentn\u00e9 dokon\u010denie.<\/p>\n<h4 data-start=\"999\" data-end=\"1024\"><strong data-start=\"999\" data-end=\"1022\">Vlastnosti produktu:<\/strong><\/h4>\n<ul data-start=\"1025\" data-end=\"1619\">\n<li class=\"\" data-start=\"1025\" data-end=\"1148\">\n<p class=\"\" data-start=\"1027\" data-end=\"1148\">Vysok\u00e1 kvalita materi\u00e1lu \u2013 vyroben\u00fd z hlin\u00edka s polyesterov\u00fdm n\u00e1terom, odoln\u00fd vo\u010di kor\u00f3zii a poveternostn\u00fdm podmienkam.<\/p>\n<\/li>\n<li class=\"\" data-start=\"1149\" data-end=\"1253\">\n<p class=\"\" data-start=\"1151\" data-end=\"1253\">Odvodnenie vody \u2013 otvory v \"nose\" \u00fa\u010dinne odv\u00e1dzaj\u00fa vodu von, \u010d\u00edm chr\u00e1nia kon\u0161trukciu pred vlhkos\u0165ou.<\/p>\n<\/li>\n<li class=\"\" data-start=\"1254\" data-end=\"1385\">\n<p class=\"\" data-start=\"1256\" data-end=\"1385\">Kompatibilita s hydroizol\u00e1ciou \u2013 mo\u017enos\u0165 kombinova\u0165 s p\u00e1skou Clever, PVC man\u017eetou alebo EPDM man\u017eetou na zabezpe\u010denie tesnosti.<\/p>\n<\/li>\n<li class=\"\" data-start=\"1386\" data-end=\"1460\">\n<p class=\"\" data-start=\"1388\" data-end=\"1460\">Jednoduch\u00e9 prevedenie \u2013 ur\u010den\u00e9 pre \u0161tandardn\u00e9 okraje balk\u00f3nov a ter\u00e1s.<\/p>\n<\/li>\n<li class=\"\" data-start=\"1461\" data-end=\"1541\">\n<p class=\"\" data-start=\"1463\" data-end=\"1541\">Kompatibilita s \u017e\u013eabmi \u2013 mo\u017enos\u0165 spolupr\u00e1ce s hlin\u00edkov\u00fdmi \u017e\u013eabmi R50 a RK65.<\/p>\n<\/li>\n<li class=\"\" data-start=\"1542\" data-end=\"1619\">\n<p class=\"\" data-start=\"1544\" data-end=\"1619\">Estetika a funk\u010dnos\u0165 \u2013 trv\u00e1cne a \u010dist\u00e9 dokon\u010denie okrajov balk\u00f3nov a ter\u00e1s.<\/p>\n<\/li>\n<\/ul>\n<h4 data-start=\"1621\" data-end=\"1830\"><strong data-start=\"1621\" data-end=\"1633\">Pou\u017eitie:<\/strong><\/h4>\n<p class=\"\" data-start=\"1621\" data-end=\"1830\"><strong>RENOPLAST Profil okapov\u00fd prost\u00fd W35 PLUS RAL7024 Grafit sa pou\u017e\u00edva na dokon\u010denie okrajov balk\u00f3nov a ter\u00e1s s hrubostenn\u00fdmi doskami, ktor\u00e9 s\u00fa ulo\u017een\u00e9 na SMART podper\u00e1ch. Je obzvl\u00e1\u0161\u0165 odpor\u00fa\u010dan\u00fd na:<\/strong><\/p>\n<ul data-start=\"1832\" data-end=\"2076\">\n<li class=\"\" data-start=\"1832\" data-end=\"1927\">\n<p class=\"\" data-start=\"1834\" data-end=\"1927\">Balk\u00f3ny a terasy v obytn\u00fdch a komer\u010dn\u00fdch budov\u00e1ch \u2013 poskytuje trv\u00e1cne a estetick\u00e9 dokon\u010denie.<\/p>\n<\/li>\n<li class=\"\" data-start=\"1928\" data-end=\"1995\">\n<p class=\"\" data-start=\"1930\" data-end=\"1995\">U\u017e\u00edvate\u013esk\u00e9 terasy \u2013 chr\u00e1ni okraje pred \u00fa\u010dinkami vody a vlhkosti.<\/p>\n<\/li>\n<li class=\"\" data-start=\"1996\" data-end=\"2076\">\n<p class=\"\" data-start=\"1998\" data-end=\"2076\">Kon\u0161trukcie, ktor\u00e9 vy\u017eaduj\u00fa trv\u00e1cne a funk\u010dn\u00e9 rie\u0161enie pre ventila\u010dn\u00e9 syst\u00e9my.<\/p>\n<\/li>\n<\/ul>\n<p class=\"\" data-start=\"2078\" data-end=\"2125\"><a href=\"https:\/\/sklep.renoplast.pl\/index.php?controller=attachment&amp;id_attachment=118\" target=\"_blank\" rel=\"noopener\"><strong data-start=\"2078\" data-end=\"2102\">Technick\u00e9 inform\u00e1cie<\/strong><\/a><\/p>\n<p class=\"\" data-start=\"2078\" data-end=\"2125\"><a href=\"https:\/\/sklep.renoplast.pl\/index.php?controller=attachment&amp;id_attachment=120\" target=\"_blank\" rel=\"noopener\"><strong data-start=\"2105\" data-end=\"2125\" data-is-last-node=\"\">In\u0161tala\u010dn\u00fd n\u00e1vod<\/strong><\/a><\/p>\n<p>\u00a0[\/vc_column_text][\/vc_column][\/vc_row][vc_row][vc_column][\/vc_column][\/vc_row]<\/p>\n","protected":false},"excerpt":{"rendered":"<p><strong data-start=\"38\" data-end=\"97\">RENOPLAST Profil okapov\u00fd prost\u00fd W35 PLUS RAL7024 Grafit<\/strong> je hlin\u00edkov\u00fd profil s polyesterov\u00fdm n\u00e1terom, ur\u010den\u00fd na dokon\u010denie okrajov balk\u00f3nov a ter\u00e1s s vetran\u00fdmi podlahami. Zaru\u010duje ochranu pred kor\u00f3ziou, \u00fa\u010dinn\u00e9 odv\u00e1dzanie vody a kompatibilitu s hydroizol\u00e1ciou a \u017e\u013eabmi R50 a RK65. Ide\u00e1lne rie\u0161enie pre estetick\u00e9 a trv\u00e1cne terasov\u00e9 syst\u00e9my.<\/p>\n","protected":false},"featured_media":275702,"comment_status":"open","ping_status":"closed","template":"","meta":[],"product_brand":[],"product_cat":[881,1113,1112],"product_tag":[],"class_list":{"0":"post-279876","1":"product","2":"type-product","3":"status-publish","4":"has-post-thumbnail","6":"product_cat-hydroizolacja-balkonu-i-tarasu-sk","7":"product_cat-profile-okapnikowe-sk","8":"product_cat-renoplast-sk","9":"product_shipping_class-latwa-wysylka-sk","11":"first","12":"instock","13":"taxable","14":"shipping-taxable","15":"purchasable","16":"product-type-simple"},"_links":{"self":[{"href":"https:\/\/www.sanier.pl\/sk\/wp-json\/wp\/v2\/product\/279876","targetHints":{"allow":["GET"]}}],"collection":[{"href":"https:\/\/www.sanier.pl\/sk\/wp-json\/wp\/v2\/product"}],"about":[{"href":"https:\/\/www.sanier.pl\/sk\/wp-json\/wp\/v2\/types\/product"}],"replies":[{"embeddable":true,"href":"https:\/\/www.sanier.pl\/sk\/wp-json\/wp\/v2\/comments?post=279876"}],"wp:featuredmedia":[{"embeddable":true,"href":"https:\/\/www.sanier.pl\/sk\/wp-json\/wp\/v2\/media\/275702"}],"wp:attachment":[{"href":"https:\/\/www.sanier.pl\/sk\/wp-json\/wp\/v2\/media?parent=279876"}],"wp:term":[{"taxonomy":"product_brand","embeddable":true,"href":"https:\/\/www.sanier.pl\/sk\/wp-json\/wp\/v2\/product_brand?post=279876"},{"taxonomy":"product_cat","embeddable":true,"href":"https:\/\/www.sanier.pl\/sk\/wp-json\/wp\/v2\/product_cat?post=279876"},{"taxonomy":"product_tag","embeddable":true,"href":"https:\/\/www.sanier.pl\/sk\/wp-json\/wp\/v2\/product_tag?post=279876"}],"curies":[{"name":"wp","href":"https:\/\/api.w.org\/{rel}","templated":true}]}}