{"id":279866,"date":"2025-01-29T09:28:18","date_gmt":"2025-01-29T09:28:18","guid":{"rendered":"https:\/\/www.sanier.pl\/produkt\/renoplast-lacznik-lw60-lw30-lw30r-lw30r-plus-ral7024-grafit\/"},"modified":"2025-03-31T11:01:20","modified_gmt":"2025-03-31T11:01:20","slug":"renoplast-spojka-lw60-lw30-lw30r-lw30r-plus-ral7024-grafit","status":"publish","type":"product","link":"https:\/\/www.sanier.pl\/sk\/produkt\/renoplast-spojka-lw60-lw30-lw30r-lw30r-plus-ral7024-grafit\/","title":{"rendered":"RENOPLAST Spojka LW60\/LW30\/LW30R\/LW30R PLUS RAL7024 Grafit"},"content":{"rendered":"<p>[vc_row][vc_column][vc_single_image image=\"275918\" img_size=\"medium\" alignment=\"center\" css_animation=\"bounceIn\"][vc_column_text]<\/p>\n<div class=\"flex max-w-full flex-col flex-grow\">\n<div class=\"min-h-8 text-message relative flex w-full flex-col items-end gap-2 whitespace-normal break-words text-start [.text-message+&amp;]:mt-5\" dir=\"auto\" data-message-author-role=\"assistant\" data-message-id=\"e833f51a-3a66-42df-af1d-039cf675395f\" data-message-model-slug=\"gpt-4o-mini\">\n<div class=\"flex w-full flex-col gap-1 empty:hidden first:pt-[3px]\">\n<h1 data-start=\"37\" data-end=\"99\"><strong data-start=\"37\" data-end=\"99\">RENOPLAST Spojka LW60\/LW30\/LW30R\/LW30R PLUS RAL7024 Grafit<\/strong><\/h1>\n<p class=\"\" data-start=\"101\" data-end=\"504\"><strong>RENOPLAST Spojka LW60\/LW30\/LW30R\/LW30R PLUS RAL7024 Grafit<\/strong> je k\u013e\u00fa\u010dov\u00fd mont\u00e1\u017eny prvok pou\u017e\u00edvan\u00fd v syst\u00e9moch balk\u00f3nov a ter\u00e1s. Jej z\u00e1kladnou funkciou je zakrytie technologickej medzery so \u0161\u00edrkou 2 mm, ktor\u00e1 sa nach\u00e1dza medzi okapov\u00fdmi profilmi alebo medzi profilom a rohom. T\u00e1to medzera umo\u017e\u0148uje kompenz\u00e1ciu termick\u00fdch a kon\u0161truk\u010dn\u00fdch nap\u00e4t\u00ed, \u010do je d\u00f4le\u017eit\u00e9 pre trvanlivos\u0165 a bezpe\u010dnos\u0165 celej kon\u0161trukcie.<\/p>\n<p class=\"\" data-start=\"506\" data-end=\"913\">Spojka je vyroben\u00e1 z materi\u00e1lov odoln\u00fdch proti vplyvom atmosf\u00e9rick\u00fdch podmienok, \u010do zaru\u010duje jej dlh\u00fa \u017eivotnos\u0165 a spo\u013eahlivos\u0165. Je kompatibiln\u00e1 s okapov\u00fdmi profilmi W30, W30R, W30R+ a W60, \u010do ju rob\u00ed univerz\u00e1lnym rie\u0161en\u00edm v mnoh\u00fdch dokon\u010dovac\u00edch syst\u00e9moch. Pri objedn\u00e1van\u00ed je potrebn\u00e9 zoh\u013eadni\u0165 v\u0161etky miesta spojen\u00ed \u2013 zvy\u010dajne s\u00fa potrebn\u00e9 2 spojky na ka\u017ed\u00fd roh a po jednej na ka\u017ed\u00e9 spojenie medzi profilmi.<\/p>\n<h4 data-start=\"915\" data-end=\"939\"><strong data-start=\"915\" data-end=\"939\">Vlastnosti produktu:<\/strong><\/h4>\n<ul data-start=\"940\" data-end=\"1489\">\n<li class=\"\" data-start=\"940\" data-end=\"1027\">\n<p class=\"\" data-start=\"942\" data-end=\"1027\"><strong data-start=\"942\" data-end=\"978\">Zakrytie technologick\u00fdch medzier<\/strong> \u2013 efekt\u00edvne ukr\u00fdva \u0161k\u00e1ry medzi profilmi a rohmi.<\/p>\n<\/li>\n<li class=\"\" data-start=\"1028\" data-end=\"1109\">\n<p class=\"\" data-start=\"1030\" data-end=\"1109\"><strong data-start=\"1030\" data-end=\"1052\">Kompenz\u00e1cia nap\u00e4t\u00ed<\/strong> \u2013 umo\u017e\u0148uje vyrovnanie termick\u00fdch a kon\u0161truk\u010dn\u00fdch nap\u00e4t\u00ed.<\/p>\n<\/li>\n<li class=\"\" data-start=\"1110\" data-end=\"1243\">\n<p class=\"\" data-start=\"1112\" data-end=\"1243\"><strong data-start=\"1112\" data-end=\"1154\">Odolnos\u0165 vo\u010di atmosferick\u00fdm podmienkam<\/strong> \u2013 vyroben\u00e9 z trv\u00e1cnych materi\u00e1lov, odoln\u00fdch proti vlhkosti, UV \u017eiareniu a zmen\u00e1m tepl\u00f4t.<\/p>\n<\/li>\n<li class=\"\" data-start=\"1244\" data-end=\"1307\">\n<p class=\"\" data-start=\"1246\" data-end=\"1307\"><strong data-start=\"1246\" data-end=\"1263\">Kompatibilita<\/strong> \u2013 pasuje na profily W30, W30R, W30R+ a W60.<\/p>\n<\/li>\n<li class=\"\" data-start=\"1308\" data-end=\"1398\">\n<p class=\"\" data-start=\"1310\" data-end=\"1398\"><strong data-start=\"1310\" data-end=\"1334\">Estetick\u00e9 dokon\u010denie<\/strong> \u2013 zabezpe\u010duje konzistentn\u00fd a upraven\u00fd vzh\u013ead celej kon\u0161trukcie.<\/p>\n<\/li>\n<li class=\"\" data-start=\"1399\" data-end=\"1489\">\n<p class=\"\" data-start=\"1401\" data-end=\"1489\"><strong data-start=\"1401\" data-end=\"1422\">Jednoduch\u00e1 mont\u00e1\u017e<\/strong> \u2013 r\u00fdchle a presn\u00e9 spojenie bez potreby \u0161pecializovan\u00fdch n\u00e1strojov.<\/p>\n<\/li>\n<\/ul>\n<h4 data-start=\"1491\" data-end=\"1577\"><strong data-start=\"1491\" data-end=\"1504\">Pou\u017eitie:<\/strong><\/h4>\n<p class=\"\" data-start=\"1491\" data-end=\"1577\"><strong>RENOPLAST Spojka LW60\/LW30\/LW30R\/LW30R PLUS RAL7024 Grafit sa pou\u017e\u00edva v:<\/strong><\/p>\n<ul data-start=\"1578\" data-end=\"1905\" data-is-last-node=\"\" data-is-only-node=\"\">\n<li class=\"\" data-start=\"1578\" data-end=\"1716\">\n<p class=\"\" data-start=\"1580\" data-end=\"1716\"><strong data-start=\"1580\" data-end=\"1610\">Syst\u00e9moch balk\u00f3nov a ter\u00e1s<\/strong> \u2013 zakr\u00fdvanie medzier medzi profilmi v kon\u0161trukci\u00e1ch s keramick\u00fdmi, kamenn\u00fdmi alebo bet\u00f3nov\u00fdmi dla\u017edicami.<\/p>\n<\/li>\n<li class=\"\" data-start=\"1717\" data-end=\"1808\">\n<p class=\"\" data-start=\"1719\" data-end=\"1808\"><strong data-start=\"1719\" data-end=\"1747\">Spojoch rohov s profilmi<\/strong> \u2013 zaru\u010duje trv\u00e1cne a estetick\u00e9 dokon\u010denie v syst\u00e9moch ter\u00e1s.<\/p>\n<\/li>\n<li class=\"\" data-start=\"1809\" data-end=\"1905\">\n<p class=\"\" data-start=\"1811\" data-end=\"1905\"><strong data-start=\"1811\" data-end=\"1862\">Projektov, ktor\u00e9 vy\u017eaduj\u00fa trv\u00e1cnos\u0165 a funk\u010dnos\u0165<\/strong> \u2013 ide\u00e1lny pre modern\u00e9 stavebn\u00e9 invest\u00edcie.<\/p>\n<\/li>\n<\/ul>\n<\/div>\n<\/div>\n<\/div>\n<div class=\"flex justify-start\"><\/div>\n<p>[\/vc_column_text][\/vc_column][\/vc_row][vc_row][vc_column][\/vc_column][\/vc_row]<\/p>\n","protected":false},"excerpt":{"rendered":"<p><strong data-start=\"38\" data-end=\"100\">RENOPLAST Spojka LW60\/LW30\/LW30R\/LW30R PLUS RAL7024 Grafit<\/strong> je mont\u00e1\u017eny prvok zakr\u00fdvaj\u00faci technologick\u00e9 medzery medzi okapov\u00fdmi profilmi. Kompatibiln\u00e1 s profilmi W30, W30R, W30R+ a W60, zabezpe\u010duje estetick\u00e9 dokon\u010denie a kompenz\u00e1ciu nap\u00e4t\u00ed, \u010do zaru\u010duje trvanlivos\u0165 a spo\u013eahlivos\u0165 syst\u00e9mov balk\u00f3nov a ter\u00e1s.<\/p>\n","protected":false},"featured_media":275969,"comment_status":"open","ping_status":"closed","template":"","meta":{"_acf_changed":false},"product_brand":[],"product_cat":[881,1113,1112],"product_tag":[],"class_list":{"0":"post-279866","1":"product","2":"type-product","3":"status-publish","4":"has-post-thumbnail","6":"product_cat-hydroizolacja-balkonu-i-tarasu-sk","7":"product_cat-profile-okapnikowe-sk","8":"product_cat-renoplast-sk","9":"product_shipping_class-latwa-wysylka-sk","11":"first","12":"instock","13":"taxable","14":"shipping-taxable","15":"purchasable","16":"product-type-simple"},"acf":[],"_links":{"self":[{"href":"https:\/\/www.sanier.pl\/sk\/wp-json\/wp\/v2\/product\/279866","targetHints":{"allow":["GET"]}}],"collection":[{"href":"https:\/\/www.sanier.pl\/sk\/wp-json\/wp\/v2\/product"}],"about":[{"href":"https:\/\/www.sanier.pl\/sk\/wp-json\/wp\/v2\/types\/product"}],"replies":[{"embeddable":true,"href":"https:\/\/www.sanier.pl\/sk\/wp-json\/wp\/v2\/comments?post=279866"}],"wp:featuredmedia":[{"embeddable":true,"href":"https:\/\/www.sanier.pl\/sk\/wp-json\/wp\/v2\/media\/275969"}],"wp:attachment":[{"href":"https:\/\/www.sanier.pl\/sk\/wp-json\/wp\/v2\/media?parent=279866"}],"wp:term":[{"taxonomy":"product_brand","embeddable":true,"href":"https:\/\/www.sanier.pl\/sk\/wp-json\/wp\/v2\/product_brand?post=279866"},{"taxonomy":"product_cat","embeddable":true,"href":"https:\/\/www.sanier.pl\/sk\/wp-json\/wp\/v2\/product_cat?post=279866"},{"taxonomy":"product_tag","embeddable":true,"href":"https:\/\/www.sanier.pl\/sk\/wp-json\/wp\/v2\/product_tag?post=279866"}],"curies":[{"name":"wp","href":"https:\/\/api.w.org\/{rel}","templated":true}]}}