{"id":279857,"date":"2024-10-17T07:51:57","date_gmt":"2024-10-17T07:51:57","guid":{"rendered":"https:\/\/www.sanier.pl\/produkt\/optolith-technoharz-ew-20-zywica-epoksydowa\/"},"modified":"2025-03-31T08:49:28","modified_gmt":"2025-03-31T08:49:28","slug":"technoharz-ew-20","status":"publish","type":"product","link":"https:\/\/www.sanier.pl\/sk\/produkt\/technoharz-ew-20\/","title":{"rendered":"Optolith TechnoHarz EW 20 - epoxidov\u00e1 \u017eivica"},"content":{"rendered":"<h1 data-start=\"0\" data-end=\"146\">Optolith TechnoHarz EW 20 - epoxidov\u00e1 \u017eivica<\/h1>\n<h3 data-start=\"0\" data-end=\"146\">Vodou riedite\u013en\u00fd dvojzlo\u017ekov\u00fd materi\u00e1l epoxidov\u00fd na vytv\u00e1ranie farebn\u00fdch ochrann\u00fdch povrchov\u00fdch \u00faprav<\/h3>\n<p class=\"\" data-start=\"148\" data-end=\"605\">TechnoHarz EW 20 je dvojzlo\u017ekov\u00fd, chemicky vytvrdzovan\u00fd epoxidov\u00fd materi\u00e1l na b\u00e1ze vody, ur\u010den\u00fd na vytv\u00e1ranie tenkovrstvov\u00fdch, farebn\u00fdch ochrann\u00fdch povlakov. Produkt sa vyzna\u010duje vysokou \u00fa\u010dinnos\u0165ou, vynikaj\u00facimi pevnostn\u00fdmi parametrami a zv\u00fd\u0161enou chemickou odolnos\u0165ou a odolnos\u0165ou proti UV \u017eiareniu. \u013dahk\u00e1 aplik\u00e1cia a r\u00f4zne varianty povrchovej \u00fapravy robia z TechnoHarz EW 20 ide\u00e1lne rie\u0161enie na ochranu povrchov, a to ako v interi\u00e9roch, tak aj exteri\u00e9roch.<\/p>\n<h4 data-start=\"607\" data-end=\"662\">Vlastnosti epoxidovej \u017eivice Optolith TechnoHarz EW 20:<\/h4>\n<ul data-start=\"664\" data-end=\"1547\">\n<li class=\"\" data-start=\"664\" data-end=\"788\">\n<p class=\"\" data-start=\"666\" data-end=\"788\">Vysok\u00e1 pevnos\u0165 a odolnos\u0165 proti oderu: Produkt je charakterizovan\u00fd tvrdos\u0165ou a trvanlivos\u0165ou, odoln\u00fd vo\u010di n\u00e1razom a oderu.<\/p>\n<\/li>\n<li class=\"\" data-start=\"789\" data-end=\"894\">\n<p class=\"\" data-start=\"791\" data-end=\"894\">Zv\u00fd\u0161en\u00e1 chemick\u00e1 odolnos\u0165: Chr\u00e1ni podlo\u017eie pred p\u00f4soben\u00edm chemick\u00fdch l\u00e1tok, \u010d\u00edm zvy\u0161uje jeho trv\u00e1cnos\u0165.<\/p>\n<\/li>\n<li class=\"\" data-start=\"895\" data-end=\"1025\">\n<p class=\"\" data-start=\"897\" data-end=\"1025\">R\u00f4zne varianty \u0161trukt\u00fary: Dostupn\u00e9 s\u00fa hladk\u00e9 alebo drsn\u00e9 (ne\u0161myk\u013eav\u00e9) \u00fapravy, \u010do umo\u017e\u0148uje prisp\u00f4sobi\u0165 povrch r\u00f4znym po\u017eiadavk\u00e1m.<\/p>\n<\/li>\n<li class=\"\" data-start=\"1026\" data-end=\"1154\">\n<p class=\"\" data-start=\"1028\" data-end=\"1154\">\u013dahk\u00e1 aplik\u00e1cia a vysok\u00e1 \u00fa\u010dinnos\u0165: Produkt je \u013eahko pou\u017eite\u013en\u00fd, poskytuje vynikaj\u00face pokrytie pri minim\u00e1lnom vynalo\u017een\u00ed pr\u00e1ce.<\/p>\n<\/li>\n<li class=\"\" data-start=\"1155\" data-end=\"1313\">\n<p class=\"\" data-start=\"1157\" data-end=\"1313\">Bez rozp\u00fa\u0161\u0165adiel a vodou riedite\u013en\u00fd: Sp\u013a\u0148a vysok\u00e9 hygienick\u00e9 po\u017eiadavky v\u010faka n\u00edzkej emisi\u00ed LZO, \u010do rob\u00ed produkt bezpe\u010dn\u00fdm pre zdravie a \u017eivotn\u00e9 prostredie.<\/p>\n<\/li>\n<li class=\"\" data-start=\"1314\" data-end=\"1480\">\n<p class=\"\" data-start=\"1316\" data-end=\"1480\">Odolnos\u0165 vo\u010di UV: Vy\u0161\u0161ia odolnos\u0165 proti UV \u017eiareniu umo\u017e\u0148uje pou\u017eitie na vonkaj\u0161\u00edch povrchoch, aj ke\u010f nepon\u00faka \u00fapln\u00fa odolnos\u0165 vo\u010di dlhodob\u00e9mu p\u00f4sobeniu UV \u017eiarenia.<\/p>\n<\/li>\n<li class=\"\" data-start=\"1481\" data-end=\"1547\">\n<p class=\"\" data-start=\"1483\" data-end=\"1547\">\u013dahk\u00e1 \u00fadr\u017eba: Hladk\u00fd povrch u\u013eah\u010duje \u00fadr\u017ebu a \u010distenie povrchov.<\/p>\n<\/li>\n<\/ul>\n<h4 data-start=\"1549\" data-end=\"1602\">Pou\u017eitie epoxidovej \u017eivice Optolith TechnoHarz EW 20:<\/h4>\n<ul data-start=\"1604\" data-end=\"2291\">\n<li class=\"\" data-start=\"1604\" data-end=\"1777\">\n<p class=\"\" data-start=\"1606\" data-end=\"1777\">Ochrann\u00e9 povlaky na podlahy a steny: Vytv\u00e1ranie trval\u00fdch, farebn\u00fdch ochrann\u00fdch vrstiev v technick\u00fdch miestnostiach, v\u00fdrobn\u00fdch hal\u00e1ch, skladoch, gar\u00e1\u017each a na parkovisk\u00e1ch.<\/p>\n<\/li>\n<li class=\"\" data-start=\"1778\" data-end=\"1894\">\n<p class=\"\" data-start=\"1780\" data-end=\"1894\">Ochrana miner\u00e1lnych podkladov: Pou\u017e\u00edva sa na bet\u00f3n, cementov\u00e9 malty, miner\u00e1lne potery a anhydritov\u00e9 liate podlahy.<\/p>\n<\/li>\n<li class=\"\" data-start=\"1895\" data-end=\"1991\">\n<p class=\"\" data-start=\"1897\" data-end=\"1991\">Dopravn\u00e9 zna\u010denie: Vykon\u00e1vanie horizont\u00e1lnych a vertik\u00e1lnych zna\u010den\u00ed na komunika\u010dn\u00fdch cest\u00e1ch.<\/p>\n<\/li>\n<li class=\"\" data-start=\"1992\" data-end=\"2134\">\n<p class=\"\" data-start=\"1994\" data-end=\"2134\">Miestnosti s vysokou vlhkos\u0165ou: Ide\u00e1lne na pou\u017eitie v miestnostiach n\u00e1chyln\u00fdch na st\u00e1lu vlhkos\u0165, ako s\u00fa sanit\u00e1rne alebo soci\u00e1lne miestnosti.<\/p>\n<\/li>\n<li class=\"\" data-start=\"2135\" data-end=\"2291\">\n<p class=\"\" data-start=\"2137\" data-end=\"2291\">Dekorat\u00edvne \u00fapravy podl\u00e1h: Mo\u017enos\u0165 vytv\u00e1rania dekorat\u00edvnych povlakov s posypom (napr. \u0161tiepky), ktor\u00e9 zlep\u0161uj\u00fa estetiku a zvy\u0161uj\u00fa vlastnosti proti\u0161mykov\u00e9.<\/p>\n<\/li>\n<\/ul>\n<p class=\"\" data-start=\"2293\" data-end=\"2333\"><a href=\"https:\/\/optolith.pl\/wp-content\/uploads\/2023\/06\/KT-OPTOTECH-TechnoHarz-EW-20-14.06.2023.pdf\" target=\"_blank\" rel=\"noopener\">Technick\u00fd list Optolith TechnoHarz EW 20<\/a><\/p>\n<p>&nbsp;<\/p>\n","protected":false},"excerpt":{"rendered":"<div class=\"flex max-w-full flex-col flex-grow\">\n<div class=\"min-h-8 text-message flex w-full flex-col items-end gap-2 whitespace-normal break-words [.text-message+&amp;]:mt-5\" dir=\"auto\" data-message-author-role=\"assistant\" data-message-id=\"bdb3a28e-cdfc-4314-9fe5-73ac5f92ff95\" data-message-model-slug=\"gpt-4o\">\n<div class=\"flex w-full flex-col gap-1 empty:hidden first:pt-[3px]\">\n<div class=\"markdown prose w-full break-words dark:prose-invert light\">\n<div class=\"flex max-w-full flex-col flex-grow\">\n<div class=\"min-h-8 text-message flex w-full flex-col items-end gap-2 whitespace-normal break-words text-start [.text-message+&amp;]:mt-5\" dir=\"auto\" data-message-author-role=\"assistant\" data-message-id=\"c5d5c119-ba6f-4c49-9ce9-1b46864d0fcc\" data-message-model-slug=\"gpt-4o\">\n<div class=\"flex w-full flex-col gap-1 empty:hidden first:pt-[3px]\">\n<div class=\"markdown prose w-full break-words dark:prose-invert light\">\n<div class=\"flex max-w-full flex-col flex-grow\">\n<div class=\"min-h-8 text-message relative flex w-full flex-col items-end gap-2 whitespace-normal break-words text-start [.text-message+&amp;]:mt-5\" dir=\"auto\" data-message-author-role=\"assistant\" data-message-id=\"d0561a6a-61a0-4e2e-8593-a998bdec1ba1\" data-message-model-slug=\"gpt-4o-mini\">\n<div class=\"flex w-full flex-col gap-1 empty:hidden first:pt-[3px]\">\n<p class=\"\" data-start=\"0\" data-end=\"532\"><strong>TechnoHarz EW 20<\/strong> je vodou riedite\u013en\u00fd, dvojzlo\u017ekov\u00fd epoxidov\u00fd materi\u00e1l ur\u010den\u00fd na vytv\u00e1ranie tenkovrstvov\u00fdch, farebn\u00fdch ochrann\u00fdch povlakov. Produkt sa vyzna\u010duje vysokou pevnos\u0165ou, zv\u00fd\u0161enou chemickou odolnos\u0165ou a odolnos\u0165ou proti UV \u017eiareniu. \u013dahk\u00e1 aplik\u00e1cia a mo\u017enos\u0165 r\u00f4znych \u00faprav \u2013 hladk\u00fdch alebo proti\u0161mykov\u00fdch \u2013 robia tento produkt ide\u00e1lnym na ochranu podl\u00e1h a stien v technick\u00fdch miestnostiach, skladoch, gar\u00e1\u017each a na komunika\u010dn\u00fdch cest\u00e1ch. V\u010faka n\u00edzkej emisi\u00ed LZO a bezrozp\u00fa\u0161\u0165adlov\u00e9 formule sp\u013a\u0148a vysok\u00e9 hygienick\u00e9 po\u017eiadavky.<\/p>\n<\/div>\n<\/div>\n<\/div>\n<\/div>\n<div class=\"flex justify-start\"><\/div>\n<\/div>\n<\/div>\n<\/div>\n<\/div>\n<div class=\"mb-2 flex gap-3 empty:hidden -ml-2\">\n<div class=\"items-center justify-start rounded-xl p-1 flex\">\n<div class=\"flex items-center\"><\/div>\n<\/div>\n<\/div>\n<p>&nbsp;<\/p>\n<\/div>\n<\/div>\n<\/div>\n","protected":false},"featured_media":275422,"comment_status":"open","ping_status":"closed","template":"","meta":[],"product_brand":[],"product_cat":[923,885,1107,1104],"product_tag":[],"class_list":{"0":"post-279857","1":"product","2":"type-product","3":"status-publish","4":"has-post-thumbnail","6":"product_cat-bestseller-sk","7":"product_cat-hydroizolacje-lazienek-i-pomieszczen-mokrych-sk","8":"product_cat-optolith-sk","9":"product_cat-zywice-sk","10":"product_shipping_class-trudna-wysylka-sk","12":"first","13":"onbackorder","14":"taxable","15":"shipping-taxable","16":"purchasable","17":"product-type-simple"},"_links":{"self":[{"href":"https:\/\/www.sanier.pl\/sk\/wp-json\/wp\/v2\/product\/279857","targetHints":{"allow":["GET"]}}],"collection":[{"href":"https:\/\/www.sanier.pl\/sk\/wp-json\/wp\/v2\/product"}],"about":[{"href":"https:\/\/www.sanier.pl\/sk\/wp-json\/wp\/v2\/types\/product"}],"replies":[{"embeddable":true,"href":"https:\/\/www.sanier.pl\/sk\/wp-json\/wp\/v2\/comments?post=279857"}],"wp:featuredmedia":[{"embeddable":true,"href":"https:\/\/www.sanier.pl\/sk\/wp-json\/wp\/v2\/media\/275422"}],"wp:attachment":[{"href":"https:\/\/www.sanier.pl\/sk\/wp-json\/wp\/v2\/media?parent=279857"}],"wp:term":[{"taxonomy":"product_brand","embeddable":true,"href":"https:\/\/www.sanier.pl\/sk\/wp-json\/wp\/v2\/product_brand?post=279857"},{"taxonomy":"product_cat","embeddable":true,"href":"https:\/\/www.sanier.pl\/sk\/wp-json\/wp\/v2\/product_cat?post=279857"},{"taxonomy":"product_tag","embeddable":true,"href":"https:\/\/www.sanier.pl\/sk\/wp-json\/wp\/v2\/product_tag?post=279857"}],"curies":[{"name":"wp","href":"https:\/\/api.w.org\/{rel}","templated":true}]}}