{"id":279853,"date":"2024-10-17T11:03:03","date_gmt":"2024-10-17T11:03:03","guid":{"rendered":"https:\/\/www.sanier.pl\/produkt\/optolithamt-m5-superfast-szybkowiazaca-zaprawa-montazowo-uszczelniajaca\/"},"modified":"2025-03-31T08:25:13","modified_gmt":"2025-03-31T08:25:13","slug":"optolithamt-m5-superfast-szybkowiazaca-zaprawa-montazowo-uszczelniajaca","status":"publish","type":"product","link":"https:\/\/www.sanier.pl\/sk\/produkt\/optolithamt-m5-superfast-szybkowiazaca-zaprawa-montazowo-uszczelniajaca\/","title":{"rendered":"Optolith AMT M5 SuperFast - R\u00fdchlotuhn\u00faca mont\u00e1\u017ena a tesniaca malta"},"content":{"rendered":"<h1>Optolith AMT M5 SuperFast<\/h1>\n<h2><span class=\"HwtZe\" lang=\"sk\"><span class=\"jCAhz ChMk0b\"><span class=\"ryNqvb\">R\u00fdchlotuhn\u00faca mont\u00e1\u017ena a tesniaca malta<\/span><\/span><\/span><\/h2>\n<p>&nbsp;<\/p>\n<div class=\"flex max-w-full flex-col flex-grow\">\n<div class=\"min-h-8 text-message relative flex w-full flex-col items-end gap-2 whitespace-normal break-words text-start [.text-message+&amp;]:mt-5\" dir=\"auto\" data-message-author-role=\"assistant\" data-message-id=\"23ebd40d-8fe7-4a61-a0b5-37c60c2627c7\" data-message-model-slug=\"gpt-4o-mini\">\n<div class=\"flex w-full flex-col gap-1 empty:hidden first:pt-[3px]\">\n<p class=\"\" data-start=\"0\" data-end=\"357\">AMT M5 SuperFast je expanz\u00edvna, r\u00fdchloschn\u00faca mont\u00e1\u017ena a tesniaca malta na b\u00e1ze cementu, navrhnut\u00e1 na r\u00fdchle osadzovanie a tesnenie. Vyzna\u010duje sa ve\u013emi kr\u00e1tkym \u010dasom vytvrdzovania, vynikaj\u00facou pri\u013enavos\u0165ou k miner\u00e1lnym podkladom a odolnos\u0165ou vo\u010di vode a mrazu. Produkt nesp\u00f4sobuje kor\u00f3ziu oce\u013eov\u00fdch prvkov, \u010do ho rob\u00ed ide\u00e1lnym na stavebn\u00e9 a renova\u010dn\u00e9 pr\u00e1ce.<\/p>\n<h4 data-start=\"359\" data-end=\"374\">Vlastnosti:<\/h4>\n<ul data-start=\"375\" data-end=\"871\">\n<li class=\"\" data-start=\"375\" data-end=\"471\">\n<p class=\"\" data-start=\"377\" data-end=\"471\"><strong data-start=\"377\" data-end=\"411\">Ve\u013emi kr\u00e1tky \u010das vytvrdzovania<\/strong>: Zabezpe\u010duje r\u00fdchle vykonanie mont\u00e1\u017enych a tesniacich pr\u00e1c.<\/p>\n<\/li>\n<li class=\"\" data-start=\"472\" data-end=\"579\">\n<p class=\"\" data-start=\"474\" data-end=\"579\"><strong data-start=\"474\" data-end=\"490\">Expanz\u00edvnos\u0165<\/strong>: Produkt zvy\u0161uje svoj objem po\u010das vytvrdzovania, \u010do zaru\u010duje tesnos\u0165 a stabilitu spojov.<\/p>\n<\/li>\n<li class=\"\" data-start=\"580\" data-end=\"674\">\n<p class=\"\" data-start=\"582\" data-end=\"674\"><strong data-start=\"582\" data-end=\"614\">Vodotesnos\u0165 a mrazuvzdornos\u0165<\/strong>: Vhodn\u00fd na pou\u017eitie v n\u00e1ro\u010dn\u00fdch atmosferick\u00fdch podmienkach.<\/p>\n<\/li>\n<li class=\"\" data-start=\"675\" data-end=\"776\">\n<p class=\"\" data-start=\"677\" data-end=\"776\"><strong data-start=\"677\" data-end=\"698\">Vysok\u00e1 pri\u013enavos\u0165<\/strong>: Dokonale pri\u013ene k miner\u00e1lnym podkladom, zabezpe\u010duj\u00fac trval\u00e9 osadenie prvkov.<\/p>\n<\/li>\n<li class=\"\" data-start=\"777\" data-end=\"871\">\n<p class=\"\" data-start=\"779\" data-end=\"871\"><strong data-start=\"779\" data-end=\"809\">Bezpe\u010dn\u00fd pre oce\u013eov\u00e9 prvky<\/strong>: Nesp\u00f4sobuje kor\u00f3ziu kovov, \u010do zvy\u0161uje trv\u00e1cnos\u0165 kon\u0161trukcie.<\/p>\n<\/li>\n<\/ul>\n<h4 data-start=\"873\" data-end=\"886\">Pou\u017eitie:<\/h4>\n<ul data-start=\"887\" data-end=\"1330\" data-is-last-node=\"\" data-is-only-node=\"\">\n<li class=\"\" data-start=\"887\" data-end=\"1039\">\n<p class=\"\" data-start=\"889\" data-end=\"1039\"><strong data-start=\"889\" data-end=\"930\">Osadzovanie kotiev a oce\u013eov\u00fdch prvkov<\/strong>: Ide\u00e1lny na r\u00fdchlu mont\u00e1\u017e kotiev, ty\u010d\u00ed a in\u00fdch prvkov v bet\u00f3nov\u00fdch, tehlov\u00fdch alebo kamenn\u00fdch kon\u0161trukci\u00e1ch.<\/p>\n<\/li>\n<li class=\"\" data-start=\"1040\" data-end=\"1131\">\n<p class=\"\" data-start=\"1042\" data-end=\"1131\"><strong data-start=\"1042\" data-end=\"1061\">Tesnenie trhl\u00edn<\/strong>: Efekt\u00edvne tesnenie povrchov\u00fdch praskl\u00edn, aj pri vykon\u00e1van\u00ed injekci\u00ed.<\/p>\n<\/li>\n<li class=\"\" data-start=\"1132\" data-end=\"1233\">\n<p class=\"\" data-start=\"1134\" data-end=\"1233\"><strong data-start=\"1134\" data-end=\"1176\">Zatv\u00e1ranie miest lok\u00e1lnych \u00fanikov vody<\/strong>: R\u00fdchlo tesn\u00ed miesta \u00fanikov, k\u00e1blov\u00e9 a r\u00farov\u00e9 priepusty.<\/p>\n<\/li>\n<li class=\"\" data-start=\"1234\" data-end=\"1330\">\n<p class=\"\" data-start=\"1236\" data-end=\"1330\"><strong data-start=\"1236\" data-end=\"1265\">Osadzovanie prefabrik\u00e1tov<\/strong>: Vhodn\u00fd na r\u00fdchlu mont\u00e1\u017e prefabrikovan\u00fdch prvkov v stavebn\u00edctve.<\/p>\n<\/li>\n<\/ul>\n<\/div>\n<\/div>\n<\/div>\n<div class=\"flex justify-start\"><\/div>\n<p><a href=\"https:\/\/optolith.pl\/wp-content\/uploads\/2023\/05\/KT-AMT-M5-SuperFast-19.05.2023.pdf\" target=\"_blank\" rel=\"noopener\"><span class=\"HwtZe\" lang=\"sk\"><span class=\"jCAhz ChMk0b\"><span class=\"ryNqvb\">Technick\u00fd list AMT M5 SuperFast<\/span><\/span><\/span><\/a><\/p>\n","protected":false},"excerpt":{"rendered":"<div class=\"flex max-w-full flex-col flex-grow\">\n<div class=\"min-h-8 text-message relative flex w-full flex-col items-end gap-2 whitespace-normal break-words text-start [.text-message+&amp;]:mt-5\" dir=\"auto\" data-message-author-role=\"assistant\" data-message-id=\"f56b9875-3dfe-4aff-be14-00b7c189c1b3\" data-message-model-slug=\"gpt-4o-mini\">\n<div class=\"flex w-full flex-col gap-1 empty:hidden first:pt-[3px]\">\n<p class=\"\" data-start=\"0\" data-end=\"285\">Optolith AMT M5 SuperFast je r\u00fdchloschn\u00faca, expanz\u00edvna mont\u00e1\u017ena a tesniaca malta, ide\u00e1lna na r\u00fdchle osadzovanie a tesnenie v bet\u00f3nov\u00fdch, tehlov\u00fdch a kamenn\u00fdch kon\u0161trukci\u00e1ch. Pon\u00faka vynikaj\u00facu vodotesnos\u0165, mrazuvzdornos\u0165 a vysok\u00fa pri\u013enavos\u0165, pri\u010dom nezp\u00f4sobuje kor\u00f3ziu oce\u013eov\u00fdch prvkov.<\/p>\n<\/div>\n<\/div>\n<\/div>\n<div class=\"flex justify-start\"><\/div>\n","protected":false},"featured_media":275437,"comment_status":"open","ping_status":"closed","template":"","meta":[],"product_brand":[],"product_cat":[1107,903,946],"product_tag":[],"class_list":{"0":"post-279853","1":"product","2":"type-product","3":"status-publish","4":"has-post-thumbnail","6":"product_cat-optolith-sk","7":"product_cat-przygotowanie-podloza-ochrona-i-naprawa-betonu-sk","8":"product_cat-zaprawy-szybkowiazace-i-wodoszczelne-sk","9":"product_shipping_class-trudna-wysylka-sk","11":"first","12":"onbackorder","13":"taxable","14":"shipping-taxable","15":"purchasable","16":"product-type-simple"},"_links":{"self":[{"href":"https:\/\/www.sanier.pl\/sk\/wp-json\/wp\/v2\/product\/279853","targetHints":{"allow":["GET"]}}],"collection":[{"href":"https:\/\/www.sanier.pl\/sk\/wp-json\/wp\/v2\/product"}],"about":[{"href":"https:\/\/www.sanier.pl\/sk\/wp-json\/wp\/v2\/types\/product"}],"replies":[{"embeddable":true,"href":"https:\/\/www.sanier.pl\/sk\/wp-json\/wp\/v2\/comments?post=279853"}],"wp:featuredmedia":[{"embeddable":true,"href":"https:\/\/www.sanier.pl\/sk\/wp-json\/wp\/v2\/media\/275437"}],"wp:attachment":[{"href":"https:\/\/www.sanier.pl\/sk\/wp-json\/wp\/v2\/media?parent=279853"}],"wp:term":[{"taxonomy":"product_brand","embeddable":true,"href":"https:\/\/www.sanier.pl\/sk\/wp-json\/wp\/v2\/product_brand?post=279853"},{"taxonomy":"product_cat","embeddable":true,"href":"https:\/\/www.sanier.pl\/sk\/wp-json\/wp\/v2\/product_cat?post=279853"},{"taxonomy":"product_tag","embeddable":true,"href":"https:\/\/www.sanier.pl\/sk\/wp-json\/wp\/v2\/product_tag?post=279853"}],"curies":[{"name":"wp","href":"https:\/\/api.w.org\/{rel}","templated":true}]}}