{"id":279851,"date":"2024-10-17T11:22:41","date_gmt":"2024-10-17T11:22:41","guid":{"rendered":"https:\/\/www.sanier.pl\/produkt\/optolith-amt-flow-ekspansywna-zaprawa-montazowowo-zalewowa\/"},"modified":"2025-03-31T08:02:04","modified_gmt":"2025-03-31T08:02:04","slug":"optolith-amt-flow","status":"publish","type":"product","link":"https:\/\/www.sanier.pl\/sk\/produkt\/optolith-amt-flow\/","title":{"rendered":"Optolith AMT Flow - Expanzn\u00e1 mont\u00e1\u017ena a zalievacia malta"},"content":{"rendered":"<h1>Optolith AMT Flow<\/h1>\n<h2 class=\"product_title entry-title\"><span class=\"HwtZe\" lang=\"sk\"><span class=\"jCAhz ChMk0b\"><span class=\"ryNqvb\">Expanzn\u00e1 mont\u00e1\u017ena a zalievacia malta, 2-100 mm, trieda R4<\/span><\/span><\/span><\/h2>\n<div class=\"flex max-w-full flex-col flex-grow\">\n<div class=\"min-h-8 text-message relative flex w-full flex-col items-end gap-2 whitespace-normal break-words text-start [.text-message+&amp;]:mt-5\" dir=\"auto\" data-message-author-role=\"assistant\" data-message-id=\"3e96361a-6e39-4d9d-ae30-e56d9ad7ed5b\" data-message-model-slug=\"gpt-4o-mini\">\n<div class=\"flex w-full flex-col gap-1 empty:hidden first:pt-[3px]\">\n<p class=\"\" data-start=\"0\" data-end=\"339\">Optolith AMT Flow je expanz\u00edvna mont\u00e1\u017ena a zalievacia malta, ur\u010den\u00e1 na mont\u00e1\u017e, kotvenie a vypl\u0148ovanie r\u00f4znych prvkov na bet\u00f3novom podklade. Vyzna\u010duje sa vynikaj\u00facimi vlastnos\u0165ami podp\u013e\u00favania, vysokou stabilitou a r\u00fdchlym n\u00e1rastom pevnosti. Je vhodn\u00e1 na pou\u017eitie vo vn\u00fatri aj vonku, pri\u010dom poskytuje vysok\u00fa trv\u00e1cnos\u0165 a jednoduch\u00fa aplik\u00e1ciu.<\/p>\n<h4 data-start=\"341\" data-end=\"376\">Vlastnosti malty Optolith AMT Flow:<\/h4>\n<ul data-start=\"378\" data-end=\"1320\">\n<li class=\"\" data-start=\"378\" data-end=\"484\">\n<p class=\"\" data-start=\"380\" data-end=\"484\"><strong data-start=\"380\" data-end=\"396\">Expanz\u00edvnos\u0165<\/strong>: Malta zvy\u0161uje svoj objem, \u010do zabezpe\u010duje lep\u0161ie vyplnenie \u0161trb\u00edn a stabilitu osadenia.<\/p>\n<\/li>\n<li class=\"\" data-start=\"485\" data-end=\"604\">\n<p class=\"\" data-start=\"487\" data-end=\"604\"><strong data-start=\"487\" data-end=\"526\">Konzistencia tekut\u00e1 alebo plastick\u00e1<\/strong>: Mo\u017enos\u0165 prisp\u00f4sobenia pod\u013ea potreby, v z\u00e1vislosti od mno\u017estva pridanej vody.<\/p>\n<\/li>\n<li class=\"\" data-start=\"605\" data-end=\"723\">\n<p class=\"\" data-start=\"607\" data-end=\"723\"><strong data-start=\"607\" data-end=\"644\">Vynikaj\u00face vlastnosti podp\u013e\u00favania<\/strong>: Tekut\u00e1 verzia sa samovo\u013ene vyrovn\u00e1va, \u010do umo\u017e\u0148uje presn\u00e9 vyplnenie po\u0161koden\u00ed.<\/p>\n<\/li>\n<li class=\"\" data-start=\"724\" data-end=\"859\">\n<p class=\"\" data-start=\"726\" data-end=\"859\"><strong data-start=\"726\" data-end=\"761\">Stabilita pri hr\u00fabke podb\u00edjania<\/strong>: Plastick\u00e1 verzia sa vyzna\u010duje vysokou stabilitou, \u010do umo\u017e\u0148uje jej pou\u017eitie pri v\u00e4\u010d\u0161\u00edch hr\u00fabkach.<\/p>\n<\/li>\n<li class=\"\" data-start=\"860\" data-end=\"936\">\n<p class=\"\" data-start=\"862\" data-end=\"936\"><strong data-start=\"862\" data-end=\"888\">R\u00fdchly n\u00e1rast pevnosti<\/strong>: Dosahuje vysok\u00fa kone\u010dn\u00fa pevnos\u0165 za kr\u00e1tky \u010das.<\/p>\n<\/li>\n<li class=\"\" data-start=\"937\" data-end=\"1037\">\n<p class=\"\" data-start=\"939\" data-end=\"1037\"><strong data-start=\"939\" data-end=\"969\">N\u00edzk\u00fd pomer vody k cementu<\/strong>: Zabezpe\u010duje vysok\u00fa trv\u00e1cnos\u0165 malty a minimalizuje riziko praskl\u00edn.<\/p>\n<\/li>\n<li class=\"\" data-start=\"1038\" data-end=\"1136\">\n<p class=\"\" data-start=\"1040\" data-end=\"1136\"><strong data-start=\"1040\" data-end=\"1065\">Mo\u017enos\u0165 doziarnovania<\/strong>: Maltu mo\u017eno zmie\u0161a\u0165 s oh\u0148ovo su\u0161en\u00fdm kamenivom pri v\u00e4\u010d\u0161\u00edch medzer\u00e1ch.<\/p>\n<\/li>\n<li class=\"\" data-start=\"1137\" data-end=\"1241\">\n<p class=\"\" data-start=\"1139\" data-end=\"1241\"><strong data-start=\"1139\" data-end=\"1157\">Mrazuvzdornos\u0165<\/strong>: Vhodn\u00e1 na pou\u017eitie pri n\u00edzkych teplot\u00e1ch s pridan\u00edm proti mrazov\u00e9ho pr\u00edsady PM 61.<\/p>\n<\/li>\n<li class=\"\" data-start=\"1242\" data-end=\"1320\">\n<p class=\"\" data-start=\"1244\" data-end=\"1320\"><strong data-start=\"1244\" data-end=\"1268\">Univerz\u00e1lne pou\u017eitie<\/strong>: Mo\u017eno ju pou\u017ei\u0165 ako v interi\u00e9ri, tak aj exteri\u00e9ri.<\/p>\n<\/li>\n<\/ul>\n<h4 data-start=\"1322\" data-end=\"1355\">Pou\u017eitie malty Optolith AMT Flow:<\/h4>\n<ul data-start=\"1357\" data-end=\"1914\" data-is-last-node=\"\" data-is-only-node=\"\">\n<li class=\"\" data-start=\"1357\" data-end=\"1459\">\n<p class=\"\" data-start=\"1359\" data-end=\"1459\"><strong data-start=\"1359\" data-end=\"1391\">Osadzovanie oce\u013eov\u00fdch prvkov<\/strong>: Ide\u00e1lna na mont\u00e1\u017e kotiev, ty\u010d\u00ed a in\u00fdch oce\u013eov\u00fdch prvkov do bet\u00f3nu.<\/p>\n<\/li>\n<li class=\"\" data-start=\"1460\" data-end=\"1608\">\n<p class=\"\" data-start=\"1462\" data-end=\"1608\"><strong data-start=\"1462\" data-end=\"1495\">Zalievanie prvkov a zariaden\u00ed<\/strong>: Vhodn\u00e1 na stabilizovanie prvkov vystaven\u00fdch dynamick\u00fdm za\u0165a\u017eeniam, ako s\u00fa stroje, kompresory, motory a turb\u00edny.<\/p>\n<\/li>\n<li class=\"\" data-start=\"1609\" data-end=\"1724\">\n<p class=\"\" data-start=\"1611\" data-end=\"1724\"><strong data-start=\"1611\" data-end=\"1646\">Zalievanie spojov prefabrik\u00e1tov<\/strong>: Pou\u017e\u00edva sa na spojovanie prefabrikovan\u00fdch prvkov v bet\u00f3nov\u00fdch kon\u0161trukci\u00e1ch.<\/p>\n<\/li>\n<li class=\"\" data-start=\"1725\" data-end=\"1826\">\n<p class=\"\" data-start=\"1727\" data-end=\"1826\"><strong data-start=\"1727\" data-end=\"1770\">Zalievanie pod st\u013apy bet\u00f3nov\u00e9 a oce\u013eov\u00e9<\/strong>: Zabezpe\u010duje stabiln\u00e9 podopretie r\u00f4znych druhov st\u013apov.<\/p>\n<\/li>\n<li class=\"\" data-start=\"1827\" data-end=\"1914\">\n<p class=\"\" data-start=\"1829\" data-end=\"1914\"><strong data-start=\"1829\" data-end=\"1863\">Vypl\u0148ovanie po\u0161koden\u00ed v bet\u00f3ne<\/strong>: Skvel\u00e1 na opravu po\u0161koden\u00fdch bet\u00f3nov\u00fdch povrchov.<\/p>\n<\/li>\n<\/ul>\n<\/div>\n<\/div>\n<\/div>\n<div class=\"flex justify-start\"><\/div>\n<p><a href=\"https:\/\/optolith.pl\/wp-content\/uploads\/2023\/05\/KT-AMT-Flow-19.05.2023.pdf\" target=\"_blank\" rel=\"noopener\"><span class=\"HwtZe\" lang=\"sk\"><span class=\"jCAhz ChMk0b\"><span class=\"ryNqvb\">\u00dadajov\u00fd list Optolith AMT Flow<\/span><\/span><\/span><\/a><\/p>\n<p>&nbsp;<\/p>\n","protected":false},"excerpt":{"rendered":"<p>AMT Flow je expanz\u00edvna cementov\u00e1 malta s tekutou alebo plastickou konzistenciou, ide\u00e1lna na mont\u00e1\u017e, kotvenie a zalievanie prvkov v bet\u00f3ne. Vyzna\u010duje sa vynikaj\u00facimi vlastnos\u0165ami podp\u013a\u00favania, vysokou pevnos\u0165ou a odolnos\u0165ou proti mrazu, vhodn\u00e1 na pou\u017eitie v interi\u00e9ri aj exteri\u00e9ri.<\/p>\n","protected":false},"featured_media":275443,"comment_status":"open","ping_status":"closed","template":"","meta":[],"product_brand":[],"product_cat":[1107,903,916],"product_tag":[],"class_list":{"0":"post-279851","1":"product","2":"type-product","3":"status-publish","4":"has-post-thumbnail","6":"product_cat-optolith-sk","7":"product_cat-przygotowanie-podloza-ochrona-i-naprawa-betonu-sk","8":"product_cat-uszczelnienie-budynku-od-wewnatrz-sk","9":"product_shipping_class-trudna-wysylka-sk","11":"first","12":"onbackorder","13":"taxable","14":"shipping-taxable","15":"purchasable","16":"product-type-simple"},"_links":{"self":[{"href":"https:\/\/www.sanier.pl\/sk\/wp-json\/wp\/v2\/product\/279851","targetHints":{"allow":["GET"]}}],"collection":[{"href":"https:\/\/www.sanier.pl\/sk\/wp-json\/wp\/v2\/product"}],"about":[{"href":"https:\/\/www.sanier.pl\/sk\/wp-json\/wp\/v2\/types\/product"}],"replies":[{"embeddable":true,"href":"https:\/\/www.sanier.pl\/sk\/wp-json\/wp\/v2\/comments?post=279851"}],"wp:featuredmedia":[{"embeddable":true,"href":"https:\/\/www.sanier.pl\/sk\/wp-json\/wp\/v2\/media\/275443"}],"wp:attachment":[{"href":"https:\/\/www.sanier.pl\/sk\/wp-json\/wp\/v2\/media?parent=279851"}],"wp:term":[{"taxonomy":"product_brand","embeddable":true,"href":"https:\/\/www.sanier.pl\/sk\/wp-json\/wp\/v2\/product_brand?post=279851"},{"taxonomy":"product_cat","embeddable":true,"href":"https:\/\/www.sanier.pl\/sk\/wp-json\/wp\/v2\/product_cat?post=279851"},{"taxonomy":"product_tag","embeddable":true,"href":"https:\/\/www.sanier.pl\/sk\/wp-json\/wp\/v2\/product_tag?post=279851"}],"curies":[{"name":"wp","href":"https:\/\/api.w.org\/{rel}","templated":true}]}}