{"id":279844,"date":"2024-10-17T11:53:11","date_gmt":"2024-10-17T11:53:11","guid":{"rendered":"https:\/\/www.sanier.pl\/produkt\/optolith-amt-r3-strong\/"},"modified":"2025-03-28T14:00:46","modified_gmt":"2025-03-28T14:00:46","slug":"optolith-amt-r3-strong","status":"publish","type":"product","link":"https:\/\/www.sanier.pl\/sk\/produkt\/optolith-amt-r3-strong\/","title":{"rendered":"Optolith AMT R3 Strong - vyrovn\u00e1vacia a opravn\u00e1 malta typu PCC"},"content":{"rendered":"<h1 data-start=\"0\" data-end=\"408\"><strong>Optolith AMT R3 Strong<\/strong><\/h1>\n<p class=\"\" data-start=\"0\" data-end=\"408\"><strong>Optolith AMT R3 Strong<\/strong> je tixotropn\u00e1 vyrovn\u00e1vacia a opravn\u00e1 malta typu PCC, ur\u010den\u00e1 na opravu a reprofyl\u00e1ciu bet\u00f3nov\u00fdch podkladov a prefabrikovan\u00fdch prvkov. V\u010faka vysokej pevnosti v triede R3 a vynikaj\u00facej pri\u013enavosti k miner\u00e1lnym podkladom je ide\u00e1lna na r\u00f4zne opravn\u00e9 pr\u00e1ce. Produkt je mrazuvzdorn\u00fd, \u013eahko sa aplikuje a spracov\u00e1va, \u010do ho rob\u00ed ide\u00e1lnym na opravy po\u0161koden\u00fdch povrchov, ako s\u00fa terasy a balk\u00f3ny.<\/p>\n<h4 data-start=\"410\" data-end=\"477\"><strong data-start=\"410\" data-end=\"477\">Vlastnosti vyrovn\u00e1vacej a opravnej malty Optolith AMT R3 Strong<\/strong><\/h4>\n<ul data-start=\"479\" data-end=\"1075\">\n<li class=\"\" data-start=\"479\" data-end=\"567\">\n<p class=\"\" data-start=\"481\" data-end=\"567\"><strong data-start=\"481\" data-end=\"503\">Tixotropn\u00e1 formula<\/strong>: Umo\u017e\u0148uje \u013eahk\u00fa aplik\u00e1ciu na vertik\u00e1lne a horizont\u00e1lne povrchy.<\/p>\n<\/li>\n<li class=\"\" data-start=\"568\" data-end=\"666\">\n<p class=\"\" data-start=\"570\" data-end=\"666\"><strong data-start=\"570\" data-end=\"600\">Vysok\u00e1 pevnos\u0165 (trieda R3)<\/strong>: Sp\u013a\u0148a po\u017eiadavky normy PN-EN 1504-3, zaru\u010duj\u00facu trv\u00e1cnos\u0165 opr\u00e1v.<\/p>\n<\/li>\n<li class=\"\" data-start=\"667\" data-end=\"720\">\n<p class=\"\" data-start=\"669\" data-end=\"720\"><strong data-start=\"669\" data-end=\"687\">Mrazuvzdornos\u0165<\/strong>: Vhodn\u00e9 na pou\u017eitie v exteri\u00e9ri.<\/p>\n<\/li>\n<li class=\"\" data-start=\"721\" data-end=\"814\">\n<p class=\"\" data-start=\"723\" data-end=\"814\"><strong data-start=\"723\" data-end=\"749\">Ve\u013emi dobr\u00e1 pri\u013enavos\u0165<\/strong>: Skvelo pri\u013ene k bet\u00f3nov\u00fdm povrchom a in\u00fdm miner\u00e1lnym podkladom.<\/p>\n<\/li>\n<li class=\"\" data-start=\"815\" data-end=\"909\">\n<p class=\"\" data-start=\"817\" data-end=\"909\"><strong data-start=\"817\" data-end=\"854\">Jednoduch\u00e9 pr\u00edprava a spracovanie<\/strong>: Umo\u017e\u0148uje r\u00fdchle a efekt\u00edvne vykonanie opravn\u00fdch pr\u00e1c.<\/p>\n<\/li>\n<li class=\"\" data-start=\"910\" data-end=\"974\">\n<p class=\"\" data-start=\"912\" data-end=\"974\"><strong data-start=\"912\" data-end=\"936\">Dlh\u00fd \u010das spracovania<\/strong>: Umo\u017e\u0148uje presn\u00e9 dokon\u010denie povrchov.<\/p>\n<\/li>\n<li class=\"\" data-start=\"975\" data-end=\"1075\">\n<p class=\"\" data-start=\"977\" data-end=\"1075\"><strong data-start=\"977\" data-end=\"1020\">Univerz\u00e1lne pou\u017eitie vo vn\u00fatri aj vonku<\/strong>: M\u00f4\u017ee by\u0165 pou\u017eit\u00e1 na exteri\u00e9rov\u00e9 aj interi\u00e9rov\u00e9 pr\u00e1ce.<\/p>\n<\/li>\n<\/ul>\n<h4 data-start=\"1077\" data-end=\"1142\"><strong data-start=\"1077\" data-end=\"1142\">Pou\u017eitie:<br \/>\n<\/strong><\/h4>\n<ul>\n<li data-start=\"1077\" data-end=\"1142\"><strong data-start=\"1146\" data-end=\"1182\">Reprofyl\u00e1cia bet\u00f3nov\u00fdch povrchov<\/strong>: Ide\u00e1lne na obnovu po\u0161koden\u00fdch povrchov.<\/li>\n<li data-start=\"1226\" data-end=\"1355\"><strong data-start=\"1226\" data-end=\"1255\">Oprava po\u0161koden\u00ed v bet\u00f3ne<\/strong>: Pou\u017eite\u013en\u00e9 na vyplnenie po\u0161koden\u00fdch alebo zni\u010den\u00fdch miest na teras\u00e1ch, balk\u00f3noch a prefabrik\u00e1toch.<\/li>\n<li data-start=\"1358\" data-end=\"1482\"><strong data-start=\"1358\" data-end=\"1401\">Obnova degradovan\u00fdch bet\u00f3nov\u00fdch vrstiev<\/strong>: Vhodn\u00e9 na opravy po\u0161koden\u00fdch povrchov, ktor\u00e9 zlep\u0161uj\u00fa ich trv\u00e1cnos\u0165 a estetiku.<\/li>\n<li data-start=\"1485\" data-end=\"1587\"><strong data-start=\"1485\" data-end=\"1520\">Drobn\u00e9 opravy bet\u00f3nov\u00fdch prvkov<\/strong>: Mo\u017enos\u0165 pou\u017eitia na bodov\u00e9 opravy r\u00f4znych bet\u00f3nov\u00fdch kon\u0161trukci\u00ed.<\/li>\n<\/ul>\n<p>&nbsp;<\/p>\n<p><a href=\"https:\/\/optolith.pl\/wp-content\/uploads\/2023\/05\/KT-AMT-R3-Strong-19.05.2023.pdf\" target=\"_blank\" rel=\"noopener\"><span class=\"HwtZe\" lang=\"sk\"><span class=\"jCAhz ChMk0b\"><span class=\"ryNqvb\">Technick\u00fd list Optolith AMT R3 STRONG<\/span><\/span><\/span><\/a><\/p>\n<p>&nbsp;<\/p>\n","protected":false},"excerpt":{"rendered":"<p><strong>AMT R3 Strong<\/strong> je tixotropn\u00e1 opravn\u00e1 malta typu PCC s vysokou pevnos\u0165ou (trieda R3) a mrazuvzdornos\u0165ou. Ide\u00e1lna na reprofyl\u00e1ciu a opravy bet\u00f3nu, ter\u00e1s, balk\u00f3nov a prefabrik\u00e1tov. Pon\u00faka vynikaj\u00facu pri\u013enavos\u0165, jednoduch\u00fa aplik\u00e1ciu a dlh\u00fd \u010das spracovania, vhodn\u00e1 na pou\u017eitie vo vn\u00fatri aj vonku.<\/p>\n","protected":false},"featured_media":275449,"comment_status":"open","ping_status":"closed","template":"","meta":[],"product_brand":[],"product_cat":[1107,903,916,946],"product_tag":[],"class_list":{"0":"post-279844","1":"product","2":"type-product","3":"status-publish","4":"has-post-thumbnail","6":"product_cat-optolith-sk","7":"product_cat-przygotowanie-podloza-ochrona-i-naprawa-betonu-sk","8":"product_cat-uszczelnienie-budynku-od-wewnatrz-sk","9":"product_cat-zaprawy-szybkowiazace-i-wodoszczelne-sk","11":"first","12":"onbackorder","13":"taxable","14":"shipping-taxable","15":"purchasable","16":"product-type-simple"},"_links":{"self":[{"href":"https:\/\/www.sanier.pl\/sk\/wp-json\/wp\/v2\/product\/279844","targetHints":{"allow":["GET"]}}],"collection":[{"href":"https:\/\/www.sanier.pl\/sk\/wp-json\/wp\/v2\/product"}],"about":[{"href":"https:\/\/www.sanier.pl\/sk\/wp-json\/wp\/v2\/types\/product"}],"replies":[{"embeddable":true,"href":"https:\/\/www.sanier.pl\/sk\/wp-json\/wp\/v2\/comments?post=279844"}],"wp:featuredmedia":[{"embeddable":true,"href":"https:\/\/www.sanier.pl\/sk\/wp-json\/wp\/v2\/media\/275449"}],"wp:attachment":[{"href":"https:\/\/www.sanier.pl\/sk\/wp-json\/wp\/v2\/media?parent=279844"}],"wp:term":[{"taxonomy":"product_brand","embeddable":true,"href":"https:\/\/www.sanier.pl\/sk\/wp-json\/wp\/v2\/product_brand?post=279844"},{"taxonomy":"product_cat","embeddable":true,"href":"https:\/\/www.sanier.pl\/sk\/wp-json\/wp\/v2\/product_cat?post=279844"},{"taxonomy":"product_tag","embeddable":true,"href":"https:\/\/www.sanier.pl\/sk\/wp-json\/wp\/v2\/product_tag?post=279844"}],"curies":[{"name":"wp","href":"https:\/\/api.w.org\/{rel}","templated":true}]}}