{"id":279841,"date":"2024-10-17T12:20:54","date_gmt":"2024-10-17T12:20:54","guid":{"rendered":"https:\/\/www.sanier.pl\/produkt\/optolith-amt-rapid-zaprawa-wyrownujaca-szybkowiazaca\/"},"modified":"2025-03-28T13:55:45","modified_gmt":"2025-03-28T13:55:45","slug":"optolith-amt-rapid-zaprawa-wyrownujaca-szybkowiazaca","status":"publish","type":"product","link":"https:\/\/www.sanier.pl\/sk\/produkt\/optolith-amt-rapid-zaprawa-wyrownujaca-szybkowiazaca\/","title":{"rendered":"Optolith AMT Rapid - R\u00fdchlotuhn\u00faca vyrovn\u00e1vacia malta"},"content":{"rendered":"<div class=\"flex max-w-full flex-col flex-grow\">\n<div class=\"min-h-8 text-message relative flex w-full flex-col items-end gap-2 whitespace-normal break-words text-start [.text-message+&amp;]:mt-5\" dir=\"auto\" data-message-author-role=\"assistant\" data-message-id=\"9291e1ba-54ba-4537-a98a-afe95de94e24\" data-message-model-slug=\"gpt-4o-mini\">\n<div class=\"flex w-full flex-col gap-1 empty:hidden first:pt-[3px]\">\n<h1 data-start=\"0\" data-end=\"407\"><strong>Optolith AMT Rapid<\/strong><\/h1>\n<p class=\"\" data-start=\"0\" data-end=\"407\"><strong>Optolith AMT Rapid<\/strong> je r\u00fdchloschn\u00faca vyrovn\u00e1vacia malta na b\u00e1ze vysoko kvalitn\u00fdch cementov a vybran\u00fdch agreg\u00e1tov. V\u010faka r\u00fdchlemu schnutiu a vysokej pevnosti (trieda CT-C30-F7) je ide\u00e1lna na vyrovn\u00e1vanie povrchov pred r\u00f4znymi typmi podlahov\u00fdch kryt\u00edn. Malta m\u00e1 vynikaj\u00face tiksotropn\u00e9 vlastnosti, ktor\u00e9 zais\u0165uj\u00fa, \u017ee nespad\u00e1 zo stien, a m\u00f4\u017ee by\u0165 pou\u017eit\u00e1 ako vo vn\u00fatri, tak aj vonku, vr\u00e1tane podlahov\u00e9ho k\u00farenia.<\/p>\n<h4 data-start=\"409\" data-end=\"462\"><strong data-start=\"409\" data-end=\"462\">Vlastnosti vyrovn\u00e1vacej malty Optolith AMT Rapid:<\/strong><\/h4>\n<ul data-start=\"464\" data-end=\"1092\">\n<li class=\"\" data-start=\"464\" data-end=\"561\">\n<p class=\"\" data-start=\"466\" data-end=\"561\"><strong data-start=\"466\" data-end=\"497\">R\u00fdchle tuhnutie a schnutie:<\/strong> Umo\u017e\u0148uje pokl\u00e1dku keramick\u00fdch dla\u017ed\u00edc u\u017e 2 hodiny po aplik\u00e1cii.<\/p>\n<\/li>\n<li class=\"\" data-start=\"562\" data-end=\"654\">\n<p class=\"\" data-start=\"564\" data-end=\"654\"><strong data-start=\"564\" data-end=\"596\">Vysok\u00e1 pevnos\u0165 a pri\u013enavos\u0165:<\/strong> Zais\u0165uje trvanlivos\u0165 a stabilitu podkladu pred pokl\u00e1dkou.<\/p>\n<\/li>\n<li class=\"\" data-start=\"655\" data-end=\"747\">\n<p class=\"\" data-start=\"657\" data-end=\"747\"><strong data-start=\"657\" data-end=\"684\">Tiksotropn\u00e9 vlastnosti:<\/strong> Nespad\u00e1 zo stien, \u010do u\u013eah\u010duje aplik\u00e1ciu na vertik\u00e1lne povrchy.<\/p>\n<\/li>\n<li class=\"\" data-start=\"748\" data-end=\"850\">\n<p class=\"\" data-start=\"750\" data-end=\"850\"><strong data-start=\"750\" data-end=\"784\">Pou\u017eitie na podlahov\u00e9 k\u00farenie:<\/strong> Vhodn\u00e1 na vyrovnanie podkladu pred pokl\u00e1dkou vykurovan\u00fdch podl\u00e1h.<\/p>\n<\/li>\n<li class=\"\" data-start=\"851\" data-end=\"982\">\n<p class=\"\" data-start=\"853\" data-end=\"982\"><strong data-start=\"853\" data-end=\"878\">Jednoduch\u00e1 aplik\u00e1cia:<\/strong> Je pripraven\u00e1 na pou\u017eitie po pridan\u00ed vody, \u010do umo\u017e\u0148uje r\u00fdchle a efekt\u00edvne vykonanie vyrovn\u00e1vac\u00edch pr\u00e1c.<\/p>\n<\/li>\n<li class=\"\" data-start=\"983\" data-end=\"1092\">\n<p class=\"\" data-start=\"985\" data-end=\"1092\"><strong data-start=\"985\" data-end=\"1010\">Univerz\u00e1lne pou\u017eitie:<\/strong> M\u00f4\u017ee by\u0165 pou\u017eit\u00e1 vo vn\u00fatri aj vonku, na horizont\u00e1lnych aj vertik\u00e1lnych povrchoch.<\/p>\n<\/li>\n<\/ul>\n<h4 data-start=\"1094\" data-end=\"1145\"><strong data-start=\"1094\" data-end=\"1145\">Pou\u017eitie vyrovn\u00e1vacej malty Optolith AMT Rapid:<\/strong><\/h4>\n<ul data-start=\"1147\" data-end=\"1790\" data-is-last-node=\"\" data-is-only-node=\"\">\n<li class=\"\" data-start=\"1147\" data-end=\"1275\">\n<p class=\"\" data-start=\"1149\" data-end=\"1275\"><strong data-start=\"1149\" data-end=\"1191\">Podklad pod keramick\u00e9 dla\u017edice a gres:<\/strong> Ide\u00e1lna na pr\u00edpravu povrchu pred pokl\u00e1dkou keramick\u00fdch dla\u017ed\u00edc a pr\u00edrodn\u00e9ho kame\u0148a.<\/p>\n<\/li>\n<li class=\"\" data-start=\"1276\" data-end=\"1412\">\n<p class=\"\" data-start=\"1278\" data-end=\"1412\"><strong data-start=\"1278\" data-end=\"1331\">Podklady pod podlahov\u00e9 krytiny, parkety a panely:<\/strong> Zais\u0165uje vyrovnanie a stabilitu podlahy pred pokl\u00e1dkou materi\u00e1lov na dokon\u010denie.<\/p>\n<\/li>\n<li class=\"\" data-start=\"1413\" data-end=\"1538\">\n<p class=\"\" data-start=\"1415\" data-end=\"1538\"><strong data-start=\"1415\" data-end=\"1447\">Oprava a nivel\u00e1cia podkladu:<\/strong> Pou\u017e\u00edva sa na vyplnenie dier, prepadov a vyrovn\u00e1vanie povrchov v rozsahu od 1 mm do 25 mm.<\/p>\n<\/li>\n<li class=\"\" data-start=\"1539\" data-end=\"1644\">\n<p class=\"\" data-start=\"1541\" data-end=\"1644\"><strong data-start=\"1541\" data-end=\"1571\">R\u00fdchle dokon\u010dovacie pr\u00e1ce:<\/strong> Odpor\u00fa\u010dan\u00e1 na r\u00fdchle opravy a pr\u00edpravu podkladu, kde je \u010das rozhoduj\u00faci.<\/p>\n<\/li>\n<li class=\"\" data-start=\"1645\" data-end=\"1790\">\n<p class=\"\" data-start=\"1647\" data-end=\"1790\"><strong data-start=\"1647\" data-end=\"1684\">Vyrovn\u00e1vanie vykurovac\u00edch dosiek:<\/strong> M\u00f4\u017ee by\u0165 pou\u017eit\u00e1 na vykurovan\u00fdch povrchoch, zais\u0165uj\u00fac kompatibilitu s podlahov\u00fdmi vykurovac\u00edmi syst\u00e9mami.<\/p>\n<\/li>\n<\/ul>\n<\/div>\n<\/div>\n<\/div>\n<\/div>\n<div class=\"flex justify-start\"><\/div>\n","protected":false},"excerpt":{"rendered":"<p><strong>AMT Rapid<\/strong> je r\u00fdchloschn\u00faca vyrovn\u00e1vacia malta s vysokou pevnos\u0165ou (CT-C30-F7), ide\u00e1lna na pr\u00edpravu podkladu pod dla\u017edice, pr\u00edrodn\u00fd kame\u0148, podlahov\u00e9 krytiny, parkety a panely. Vynikaj\u00faca na pou\u017eitie na podlahov\u00e9 k\u00farenie, ako aj na vertik\u00e1lnych a horizont\u00e1lnych povrchoch, vo vn\u00fatri aj vonku.<\/p>\n","protected":false},"featured_media":275455,"comment_status":"open","ping_status":"closed","template":"","meta":[],"product_brand":[],"product_cat":[1107,903,916,946],"product_tag":[],"class_list":{"0":"post-279841","1":"product","2":"type-product","3":"status-publish","4":"has-post-thumbnail","6":"product_cat-optolith-sk","7":"product_cat-przygotowanie-podloza-ochrona-i-naprawa-betonu-sk","8":"product_cat-uszczelnienie-budynku-od-wewnatrz-sk","9":"product_cat-zaprawy-szybkowiazace-i-wodoszczelne-sk","10":"product_shipping_class-trudna-wysylka-sk","12":"first","13":"onbackorder","14":"taxable","15":"shipping-taxable","16":"purchasable","17":"product-type-simple"},"_links":{"self":[{"href":"https:\/\/www.sanier.pl\/sk\/wp-json\/wp\/v2\/product\/279841","targetHints":{"allow":["GET"]}}],"collection":[{"href":"https:\/\/www.sanier.pl\/sk\/wp-json\/wp\/v2\/product"}],"about":[{"href":"https:\/\/www.sanier.pl\/sk\/wp-json\/wp\/v2\/types\/product"}],"replies":[{"embeddable":true,"href":"https:\/\/www.sanier.pl\/sk\/wp-json\/wp\/v2\/comments?post=279841"}],"wp:featuredmedia":[{"embeddable":true,"href":"https:\/\/www.sanier.pl\/sk\/wp-json\/wp\/v2\/media\/275455"}],"wp:attachment":[{"href":"https:\/\/www.sanier.pl\/sk\/wp-json\/wp\/v2\/media?parent=279841"}],"wp:term":[{"taxonomy":"product_brand","embeddable":true,"href":"https:\/\/www.sanier.pl\/sk\/wp-json\/wp\/v2\/product_brand?post=279841"},{"taxonomy":"product_cat","embeddable":true,"href":"https:\/\/www.sanier.pl\/sk\/wp-json\/wp\/v2\/product_cat?post=279841"},{"taxonomy":"product_tag","embeddable":true,"href":"https:\/\/www.sanier.pl\/sk\/wp-json\/wp\/v2\/product_tag?post=279841"}],"curies":[{"name":"wp","href":"https:\/\/api.w.org\/{rel}","templated":true}]}}