{"id":279839,"date":"2024-10-17T13:03:58","date_gmt":"2024-10-17T13:03:58","guid":{"rendered":"https:\/\/www.sanier.pl\/produkt\/amt-easy\/"},"modified":"2025-03-28T13:47:49","modified_gmt":"2025-03-28T13:47:49","slug":"amt-easy","status":"publish","type":"product","link":"https:\/\/www.sanier.pl\/sk\/produkt\/amt-easy\/","title":{"rendered":"Optolith AMT Easy - R\u00fdchloschn\u00faca vyrovn\u00e1vacia malta"},"content":{"rendered":"<div class=\"flex max-w-full flex-col flex-grow\">\n<div class=\"min-h-8 text-message relative flex w-full flex-col items-end gap-2 whitespace-normal break-words text-start [.text-message+&amp;]:mt-5\" dir=\"auto\" data-message-author-role=\"assistant\" data-message-id=\"c371261d-ed0a-4414-b73d-bbae9b5ec282\" data-message-model-slug=\"gpt-4o-mini\">\n<div class=\"flex w-full flex-col gap-1 empty:hidden first:pt-[3px]\">\n<h1 data-start=\"0\" data-end=\"54\">Optolith AMT Easy<\/h1>\n<h5 data-start=\"0\" data-end=\"54\">R\u00fdchloschn\u00faca vyrovn\u00e1vacia malta<\/h5>\n<p class=\"\" data-start=\"56\" data-end=\"489\"><strong>AMT Easy<\/strong> je r\u00fdchloschn\u00faca vyrovn\u00e1vacia malta, ur\u010den\u00e1 na pou\u017eitie na horizont\u00e1lnych a vertik\u00e1lnych povrchoch. Produkt sa vyzna\u010duje vysokou pevnos\u0165ou a vynikaj\u00facou pri\u013enavos\u0165ou k typick\u00fdm miner\u00e1lnym podkladom. Po pridan\u00ed vody je pripraven\u00fd na pou\u017eitie, malta AMT Easy je ide\u00e1lna na vyrovn\u00e1vanie povrchov pred mont\u00e1\u017eou r\u00f4znych dokon\u010dovac\u00edch materi\u00e1lov, ako s\u00fa keramick\u00e9 dla\u017edice, pr\u00edrodn\u00fd kame\u0148, koberce, parkety alebo podlahov\u00e9 panely.<\/p>\n<h4 data-start=\"491\" data-end=\"559\"><strong data-start=\"491\" data-end=\"557\">Vlastnosti r\u00fdchloschn\u00facej vyrovn\u00e1vacej malty Optolith AMT Easy<\/strong><\/h4>\n<ul data-start=\"560\" data-end=\"1226\">\n<li class=\"\" data-start=\"560\" data-end=\"660\">\n<p class=\"\" data-start=\"562\" data-end=\"660\"><strong data-start=\"562\" data-end=\"587\">R\u00fdchloschn\u00faca formula<\/strong>: Umo\u017e\u0148uje kladenie keramick\u00fdch dla\u017ed\u00edc u\u017e po 12 hodin\u00e1ch od aplik\u00e1cie.<\/p>\n<\/li>\n<li class=\"\" data-start=\"661\" data-end=\"764\">\n<p class=\"\" data-start=\"663\" data-end=\"764\"><strong data-start=\"663\" data-end=\"694\">Vysok\u00e1 pevnos\u0165 a pri\u013enavos\u0165<\/strong>: Zabezpe\u010duje trv\u00e1cnos\u0165 a stabilitu podkladu pred mont\u00e1\u017eou obkladov.<\/p>\n<\/li>\n<li class=\"\" data-start=\"765\" data-end=\"869\">\n<p class=\"\" data-start=\"767\" data-end=\"869\"><strong data-start=\"767\" data-end=\"792\">Tixotropn\u00e9 vlastnosti<\/strong>: Neodtek\u00e1 z vertik\u00e1lnych povrchov, \u010do umo\u017e\u0148uje \u013eahk\u00fa aplik\u00e1ciu na sten\u00e1ch.<\/p>\n<\/li>\n<li class=\"\" data-start=\"870\" data-end=\"1004\">\n<p class=\"\" data-start=\"872\" data-end=\"1004\"><strong data-start=\"872\" data-end=\"903\">Vhodn\u00e1 na podlahov\u00e9 k\u00farenie<\/strong>: Ide\u00e1lna na pou\u017eitie na podlah\u00e1ch s vykurovan\u00edm, zabezpe\u010duj\u00faca kompatibilitu so syst\u00e9mami k\u00farenia.<\/p>\n<\/li>\n<li class=\"\" data-start=\"1005\" data-end=\"1124\">\n<p class=\"\" data-start=\"1007\" data-end=\"1124\"><strong data-start=\"1007\" data-end=\"1033\">Univerz\u00e1lnos\u0165 pou\u017eitia<\/strong>: M\u00f4\u017ee by\u0165 pou\u017eit\u00e1 ako vo vn\u00fatri, tak aj vonku, na teras\u00e1ch, balk\u00f3noch a v miestnostiach.<\/p>\n<\/li>\n<li class=\"\" data-start=\"1125\" data-end=\"1226\">\n<p class=\"\" data-start=\"1127\" data-end=\"1226\"><strong data-start=\"1127\" data-end=\"1150\">Jednoduch\u00e9 pou\u017eitie<\/strong>: Pripraven\u00e1 na pou\u017eitie po pridan\u00ed vody, \u010do zjednodu\u0161uje proces pr\u00edpravy.<\/p>\n<\/li>\n<\/ul>\n<h4 data-start=\"1228\" data-end=\"1294\"><strong data-start=\"1228\" data-end=\"1292\">Pou\u017eitie r\u00fdchloschn\u00facej vyrovn\u00e1vacej malty Optolith AMT Easy<\/strong><\/h4>\n<ul data-start=\"1295\" data-end=\"1850\" data-is-last-node=\"\" data-is-only-node=\"\">\n<li class=\"\" data-start=\"1295\" data-end=\"1409\">\n<p class=\"\" data-start=\"1297\" data-end=\"1409\"><strong data-start=\"1297\" data-end=\"1354\">Podklad pod keramick\u00e9 dla\u017edice, gres a pr\u00edrodn\u00fd kame\u0148<\/strong>: Ide\u00e1lna na pr\u00edpravu povrchu pred mont\u00e1\u017eou obkladov.<\/p>\n<\/li>\n<li class=\"\" data-start=\"1410\" data-end=\"1517\">\n<p class=\"\" data-start=\"1412\" data-end=\"1517\"><strong data-start=\"1412\" data-end=\"1445\">Dokon\u010dovanie ter\u00e1s a balk\u00f3nov<\/strong>: Vhodn\u00e1 na vyrovn\u00e1vanie vonkaj\u0161\u00edch povrchov, ako s\u00fa terasy a balk\u00f3ny.<\/p>\n<\/li>\n<li class=\"\" data-start=\"1518\" data-end=\"1642\">\n<p class=\"\" data-start=\"1520\" data-end=\"1642\"><strong data-start=\"1520\" data-end=\"1571\">Podklad pod podlahov\u00e9 krytiny, parkety a panely<\/strong>: Umo\u017e\u0148uje vyrovnanie podlahy pred mont\u00e1\u017eou dokon\u010dovac\u00edch materi\u00e1lov.<\/p>\n<\/li>\n<li class=\"\" data-start=\"1643\" data-end=\"1726\">\n<p class=\"\" data-start=\"1645\" data-end=\"1726\"><strong data-start=\"1645\" data-end=\"1672\">Oprava povrchov omietok<\/strong>: M\u00f4\u017ee by\u0165 pou\u017eit\u00e1 na vyrovn\u00e1vanie a opravu omietok.<\/p>\n<\/li>\n<li class=\"\" data-start=\"1727\" data-end=\"1850\">\n<p class=\"\" data-start=\"1729\" data-end=\"1850\"><strong data-start=\"1729\" data-end=\"1765\">Vyrovn\u00e1vanie vykurovac\u00edch dosiek<\/strong>: Vhodn\u00e1 na pou\u017eitie na podlahov\u00e9 k\u00farenie, zais\u0165uj\u00faca trv\u00e1cnos\u0165 a stabilitu povrchov.<\/p>\n<\/li>\n<\/ul>\n<\/div>\n<\/div>\n<\/div>\n<div class=\"flex justify-start\"><\/div>\n","protected":false},"excerpt":{"rendered":"<div class=\"flex max-w-full flex-col flex-grow\">\n<div class=\"min-h-8 text-message relative flex w-full flex-col items-end gap-2 whitespace-normal break-words text-start [.text-message+&amp;]:mt-5\" dir=\"auto\" data-message-author-role=\"assistant\" data-message-id=\"e722a193-b438-4930-9564-c432a9fb0de9\" data-message-model-slug=\"gpt-4o-mini\">\n<div class=\"flex w-full flex-col gap-1 empty:hidden first:pt-[3px]\">\n<p class=\"\" data-start=\"0\" data-end=\"284\"><strong>AMT Easy<\/strong> je r\u00fdchloschn\u00faca vyrovn\u00e1vacia malta, ide\u00e1lna na horizont\u00e1lne a vertik\u00e1lne povrchy, s vysokou pevnos\u0165ou a pri\u013enavos\u0165ou. Vynikaj\u00faca pod keramick\u00e9 dla\u017edice, pr\u00edrodn\u00fd kame\u0148, koberce, parkety a panely, vhodn\u00e1 na pou\u017eitie na podlahov\u00e9 k\u00farenie, terasy a balk\u00f3ny, vo vn\u00fatri aj vonku.<\/p>\n<\/div>\n<\/div>\n<\/div>\n<div class=\"flex justify-start\"><\/div>\n","protected":false},"featured_media":275461,"comment_status":"open","ping_status":"closed","template":"","meta":[],"product_brand":[],"product_cat":[1107,903,916,946],"product_tag":[],"class_list":{"0":"post-279839","1":"product","2":"type-product","3":"status-publish","4":"has-post-thumbnail","6":"product_cat-optolith-sk","7":"product_cat-przygotowanie-podloza-ochrona-i-naprawa-betonu-sk","8":"product_cat-uszczelnienie-budynku-od-wewnatrz-sk","9":"product_cat-zaprawy-szybkowiazace-i-wodoszczelne-sk","10":"product_shipping_class-trudna-wysylka-sk","12":"first","13":"onbackorder","14":"taxable","15":"shipping-taxable","16":"purchasable","17":"product-type-simple"},"_links":{"self":[{"href":"https:\/\/www.sanier.pl\/sk\/wp-json\/wp\/v2\/product\/279839","targetHints":{"allow":["GET"]}}],"collection":[{"href":"https:\/\/www.sanier.pl\/sk\/wp-json\/wp\/v2\/product"}],"about":[{"href":"https:\/\/www.sanier.pl\/sk\/wp-json\/wp\/v2\/types\/product"}],"replies":[{"embeddable":true,"href":"https:\/\/www.sanier.pl\/sk\/wp-json\/wp\/v2\/comments?post=279839"}],"wp:featuredmedia":[{"embeddable":true,"href":"https:\/\/www.sanier.pl\/sk\/wp-json\/wp\/v2\/media\/275461"}],"wp:attachment":[{"href":"https:\/\/www.sanier.pl\/sk\/wp-json\/wp\/v2\/media?parent=279839"}],"wp:term":[{"taxonomy":"product_brand","embeddable":true,"href":"https:\/\/www.sanier.pl\/sk\/wp-json\/wp\/v2\/product_brand?post=279839"},{"taxonomy":"product_cat","embeddable":true,"href":"https:\/\/www.sanier.pl\/sk\/wp-json\/wp\/v2\/product_cat?post=279839"},{"taxonomy":"product_tag","embeddable":true,"href":"https:\/\/www.sanier.pl\/sk\/wp-json\/wp\/v2\/product_tag?post=279839"}],"curies":[{"name":"wp","href":"https:\/\/api.w.org\/{rel}","templated":true}]}}