{"id":279837,"date":"2024-10-17T13:28:30","date_gmt":"2024-10-17T13:28:30","guid":{"rendered":"https:\/\/www.sanier.pl\/produkt\/optolith-supercontact-mostek-sczepny\/"},"modified":"2025-03-28T13:32:08","modified_gmt":"2025-03-28T13:32:08","slug":"optolith-supercontact-mostek-sczepny","status":"publish","type":"product","link":"https:\/\/www.sanier.pl\/sk\/produkt\/optolith-supercontact-mostek-sczepny\/","title":{"rendered":"Optolith SuperContact - Most\u00edk na pri\u013enavos\u0165"},"content":{"rendered":"<h1 data-start=\"0\" data-end=\"47\">Optolith Super Contact<\/h1>\n<h5 data-start=\"0\" data-end=\"47\">Most\u00edk na pri\u013enavos\u0165<\/h5>\n<p class=\"\" data-start=\"49\" data-end=\"337\">SuperContact je z\u00e1kladn\u00fd n\u00e1ter s pr\u00edsadou kreme\u0148a, ktor\u00fd mechanicky zvy\u0161uje pri\u013enavos\u0165 \u010fal\u0161\u00edch vrstiev na r\u00f4znych podkladoch. Produkt je vodou riedite\u013en\u00fd, odoln\u00fd vo\u010di vode a neobsahuje \u017eiadne prchav\u00e9 organick\u00e9 l\u00e1tky, \u010do ho rob\u00ed bezpe\u010dn\u00fdm pre pou\u017e\u00edvate\u013eov a \u0161etrn\u00fdm k \u017eivotn\u00e9mu prostrediu.<\/p>\n<h4 data-start=\"339\" data-end=\"385\"><strong data-start=\"339\" data-end=\"385\">Vlastnosti most\u00edka Optolith Super Contact:<\/strong><\/h4>\n<ul data-start=\"387\" data-end=\"913\">\n<li class=\"\" data-start=\"387\" data-end=\"521\">\n<p class=\"\" data-start=\"389\" data-end=\"521\"><strong data-start=\"389\" data-end=\"415\">Vynikaj\u00faca pri\u013enavos\u0165:<\/strong> Zabezpe\u010duje \u00fa\u010dinn\u00e9 spojenie \u010fal\u0161\u00edch vrstiev s r\u00f4znymi podkladmi, \u010d\u00edm zvy\u0161uje trv\u00e1cnos\u0165 povrchov\u00fdch \u00faprav.<\/p>\n<\/li>\n<li class=\"\" data-start=\"522\" data-end=\"659\">\n<p class=\"\" data-start=\"524\" data-end=\"659\"><strong data-start=\"524\" data-end=\"548\">Odolnos\u0165 proti vode:<\/strong> Produkt je vhodn\u00fd na pou\u017eitie v podmienkach, kde m\u00f4\u017ee d\u00f4js\u0165 k styku s vodou, a to ako vo vn\u00fatri, tak aj vonku.<\/p>\n<\/li>\n<li class=\"\" data-start=\"660\" data-end=\"740\">\n<p class=\"\" data-start=\"662\" data-end=\"740\"><strong data-start=\"662\" data-end=\"687\">Jednoduch\u00e1 aplik\u00e1cia:<\/strong> Mo\u017enos\u0165 jednoduch\u00e9ho a r\u00fdchleho nan\u00e1\u0161ania pr\u00edpravku.<\/p>\n<\/li>\n<li class=\"\" data-start=\"741\" data-end=\"841\">\n<p class=\"\" data-start=\"743\" data-end=\"841\"><strong data-start=\"743\" data-end=\"779\">Bez prchav\u00fdch organick\u00fdch l\u00e1tok:<\/strong> Bezpe\u010dn\u00fd pre zdravie, nevy\u017earuje \u0161kodliv\u00e9 l\u00e1tky do atmosf\u00e9ry.<\/p>\n<\/li>\n<li class=\"\" data-start=\"842\" data-end=\"913\">\n<p class=\"\" data-start=\"844\" data-end=\"913\"><strong data-start=\"844\" data-end=\"865\">Vodou riedite\u013en\u00fd:<\/strong> \u0160etrn\u00fd k \u017eivotn\u00e9mu prostrediu a \u013eahko sa \u010dist\u00ed.<\/p>\n<\/li>\n<\/ul>\n<h4 data-start=\"915\" data-end=\"959\"><strong data-start=\"915\" data-end=\"959\">Pou\u017eitie most\u00edka Optolith Super Contact:<\/strong><\/h4>\n<ul data-start=\"961\" data-end=\"1339\" data-is-last-node=\"\" data-is-only-node=\"\">\n<li class=\"\" data-start=\"961\" data-end=\"1115\">\n<p class=\"\" data-start=\"963\" data-end=\"1115\"><strong data-start=\"963\" data-end=\"1011\">Gruntovanie povrchov s n\u00edzkou nasiakavos\u0165ou:<\/strong> Ide\u00e1lny pre podklady ako terakota, keramika, neprep\u00fa\u0161\u0165aj\u00faci bet\u00f3n, sklo, kov a star\u00e9 epoxidov\u00e9 povlaky.<\/p>\n<\/li>\n<li class=\"\" data-start=\"1116\" data-end=\"1222\">\n<p class=\"\" data-start=\"1118\" data-end=\"1222\"><strong data-start=\"1118\" data-end=\"1152\">Vn\u00fatorn\u00e9 a vonkaj\u0161ie pou\u017eitie:<\/strong> Vhodn\u00fd na dokon\u010dovacie pr\u00e1ce, a to ako vonku, tak aj vo vn\u00fatri budov.<\/p>\n<\/li>\n<li class=\"\" data-start=\"1223\" data-end=\"1339\">\n<p class=\"\" data-start=\"1225\" data-end=\"1339\"><strong data-start=\"1225\" data-end=\"1259\">Pr\u00edprava povrchov pod obklady:<\/strong> U\u013eah\u010duje aplik\u00e1ciu \u010fal\u0161\u00edch povrchov\u00fdch vrstiev ako s\u00fa omietky, lepidl\u00e1 a farby.<\/p>\n<\/li>\n<\/ul>\n","protected":false},"excerpt":{"rendered":"<div class=\"flex max-w-full flex-col flex-grow\">\n<div class=\"min-h-8 text-message relative flex w-full flex-col items-end gap-2 whitespace-normal break-words text-start [.text-message+&amp;]:mt-5\" dir=\"auto\" data-message-author-role=\"assistant\" data-message-id=\"6b5b1058-ae1d-430f-83e0-f1a085c930f1\" data-message-model-slug=\"gpt-4o-mini\">\n<div class=\"flex w-full flex-col gap-1 empty:hidden first:pt-[3px]\">\n<p class=\"\" data-start=\"0\" data-end=\"300\">Most\u00edk na pri\u013enavos\u0165 SuperContact je vodou riedite\u013en\u00fd z\u00e1kladn\u00fd n\u00e1ter s kvartzov\u00fdm plnivom, ktor\u00fd zlep\u0161uje pri\u013enavos\u0165 na podkladoch s n\u00edzkou nasiakavos\u0165ou, ako s\u00fa keramika, bet\u00f3n, sklo a kov. Je odoln\u00fd vo\u010di vode, neobsahuje prchav\u00e9 organick\u00e9 l\u00e1tky a je vhodn\u00fd na pou\u017eitie v interi\u00e9roch aj exteri\u00e9roch.<\/p>\n<\/div>\n<\/div>\n<\/div>\n","protected":false},"featured_media":275469,"comment_status":"open","ping_status":"closed","template":"","meta":[],"product_brand":[],"product_cat":[1107,903,916],"product_tag":[],"class_list":{"0":"post-279837","1":"product","2":"type-product","3":"status-publish","4":"has-post-thumbnail","6":"product_cat-optolith-sk","7":"product_cat-przygotowanie-podloza-ochrona-i-naprawa-betonu-sk","8":"product_cat-uszczelnienie-budynku-od-wewnatrz-sk","9":"product_shipping_class-trudna-wysylka-sk","11":"first","12":"onbackorder","13":"taxable","14":"shipping-taxable","15":"purchasable","16":"product-type-simple"},"_links":{"self":[{"href":"https:\/\/www.sanier.pl\/sk\/wp-json\/wp\/v2\/product\/279837","targetHints":{"allow":["GET"]}}],"collection":[{"href":"https:\/\/www.sanier.pl\/sk\/wp-json\/wp\/v2\/product"}],"about":[{"href":"https:\/\/www.sanier.pl\/sk\/wp-json\/wp\/v2\/types\/product"}],"replies":[{"embeddable":true,"href":"https:\/\/www.sanier.pl\/sk\/wp-json\/wp\/v2\/comments?post=279837"}],"wp:featuredmedia":[{"embeddable":true,"href":"https:\/\/www.sanier.pl\/sk\/wp-json\/wp\/v2\/media\/275469"}],"wp:attachment":[{"href":"https:\/\/www.sanier.pl\/sk\/wp-json\/wp\/v2\/media?parent=279837"}],"wp:term":[{"taxonomy":"product_brand","embeddable":true,"href":"https:\/\/www.sanier.pl\/sk\/wp-json\/wp\/v2\/product_brand?post=279837"},{"taxonomy":"product_cat","embeddable":true,"href":"https:\/\/www.sanier.pl\/sk\/wp-json\/wp\/v2\/product_cat?post=279837"},{"taxonomy":"product_tag","embeddable":true,"href":"https:\/\/www.sanier.pl\/sk\/wp-json\/wp\/v2\/product_tag?post=279837"}],"curies":[{"name":"wp","href":"https:\/\/api.w.org\/{rel}","templated":true}]}}