{"id":279835,"date":"2024-10-17T13:44:21","date_gmt":"2024-10-17T13:44:21","guid":{"rendered":"https:\/\/www.sanier.pl\/produkt\/optolith-supercontact-etr-mostek-sczepny-i-grunt-odcinajacy-na-podloza-anhydrytowe-i-gipsowe\/"},"modified":"2025-03-28T12:52:06","modified_gmt":"2025-03-28T12:52:06","slug":"optolith-supercontact-etr-mostek-sczepny-i-grunt-odcinajacy-na-podloza-anhydrytowe-i-gipsowe","status":"publish","type":"product","link":"https:\/\/www.sanier.pl\/sk\/produkt\/optolith-supercontact-etr-mostek-sczepny-i-grunt-odcinajacy-na-podloza-anhydrytowe-i-gipsowe\/","title":{"rendered":"Optolith SuperContact ETR - Spojovac\u00ed most a uzatv\u00e1rac\u00ed z\u00e1klad na anhydritov\u00e9 a sadrov\u00e9 podklady"},"content":{"rendered":"<div class=\"flex max-w-full flex-col flex-grow\">\n<div class=\"min-h-8 text-message relative flex w-full flex-col items-end gap-2 whitespace-normal break-words text-start [.text-message+&amp;]:mt-5\" dir=\"auto\" data-message-author-role=\"assistant\" data-message-id=\"0f6c5ee6-22d5-4857-96ce-be2cc28a6743\" data-message-model-slug=\"gpt-4o-mini\">\n<div class=\"flex w-full flex-col gap-1 empty:hidden first:pt-[3px]\">\n<h1 data-start=\"0\" data-end=\"98\">Optolith SuperContact ETR<\/h1>\n<h5 data-start=\"0\" data-end=\"98\">Spojovac\u00ed most a uzatv\u00e1rac\u00ed z\u00e1klad na anhydritov\u00e9 a sadrov\u00e9 podklady<\/h5>\n<p class=\"\" data-start=\"100\" data-end=\"628\"><strong>SuperContact ETR<\/strong> je spojovac\u00ed most a uzatv\u00e1rac\u00ed z\u00e1klad ur\u010den\u00fd pre anhydritov\u00e9, sadrov\u00e9 a in\u00e9 n\u00e1ro\u010dn\u00e9 povrchy, ako s\u00fa keramika, sklo, kov alebo star\u00e9 epoxidov\u00e9 podklady. Produkt obsahuje kreme\u0148ov\u00fd plnivo, ktor\u00e9 zlep\u0161uje pri\u013enavos\u0165 \u010fal\u0161\u00edch vrstiev. Poskytuje ochranu proti vlhkosti, \u010do ho rob\u00ed ide\u00e1lnym pre pou\u017eitie na citliv\u00fdch podkladoch, ako s\u00fa sadra, anhydrit alebo drevo. Pripraven\u00fd na pou\u017eitie, odoln\u00fd vo\u010di vode a vlhkosti, je tie\u017e \u0161etrn\u00fd k \u017eivotn\u00e9mu prostrediu v\u010faka ve\u013emi n\u00edzkej emisi\u00ed prchav\u00fdch organick\u00fdch l\u00e1tok (VOC).<\/p>\n<h4 data-start=\"630\" data-end=\"689\"><strong data-start=\"630\" data-end=\"689\">Vlastnosti spojovacieho mosta Optolith SuperContact ETR<\/strong><\/h4>\n<ul data-start=\"691\" data-end=\"1467\">\n<li class=\"\" data-start=\"691\" data-end=\"811\">\n<p class=\"\" data-start=\"693\" data-end=\"811\"><strong data-start=\"693\" data-end=\"719\">Vynikaj\u00faca pri\u013enavos\u0165:<\/strong> Ide\u00e1lny na podklady s n\u00edzkou nasiakavos\u0165ou, ako s\u00fa keramika, sklo, kov alebo tesn\u00fd bet\u00f3n.<\/p>\n<\/li>\n<li class=\"\" data-start=\"812\" data-end=\"913\">\n<p class=\"\" data-start=\"814\" data-end=\"913\"><strong data-start=\"814\" data-end=\"835\">Kreme\u0148ov\u00fd plnivo:<\/strong> Zlep\u0161uje mechanick\u00e9 spojenie a zv\u00e4\u010d\u0161uje kontaktn\u00fa plochu pre \u010fal\u0161ie vrstvy.<\/p>\n<\/li>\n<li class=\"\" data-start=\"914\" data-end=\"1055\">\n<p class=\"\" data-start=\"916\" data-end=\"1055\"><strong data-start=\"916\" data-end=\"943\">Ochrana proti vlhkosti:<\/strong> Chr\u00e1ni anhydritov\u00e9, sadrov\u00e9 a dreven\u00e9 podklady pred prenikan\u00edm vody, \u010d\u00edm zabra\u0148uje ich oslaben\u00ed a po\u0161kodeniu.<\/p>\n<\/li>\n<li class=\"\" data-start=\"1056\" data-end=\"1174\">\n<p class=\"\" data-start=\"1058\" data-end=\"1174\"><strong data-start=\"1058\" data-end=\"1089\">Zabra\u0148uje vzniku etringitu:<\/strong> Eliminuje riziko chemick\u00fdch reakci\u00ed na rozhran\u00ed sadrov\u00fdch a cementov\u00fdch podkladov.<\/p>\n<\/li>\n<li class=\"\" data-start=\"1175\" data-end=\"1267\">\n<p class=\"\" data-start=\"1177\" data-end=\"1267\"><strong data-start=\"1177\" data-end=\"1204\">Pripraven\u00e9 na pou\u017eitie:<\/strong> Jednoduch\u00e1 a r\u00fdchla aplik\u00e1cia bez potreby \u010fal\u0161ieho pr\u00edpravy.<\/p>\n<\/li>\n<li class=\"\" data-start=\"1268\" data-end=\"1375\">\n<p class=\"\" data-start=\"1270\" data-end=\"1375\"><strong data-start=\"1270\" data-end=\"1304\">Odolnos\u0165 vo\u010di vode a vlhkosti:<\/strong> M\u00f4\u017ee sa pou\u017ei\u0165 v miestnostiach vystaven\u00fdch vlhkosti, ako s\u00fa k\u00fape\u013ene.<\/p>\n<\/li>\n<li class=\"\" data-start=\"1376\" data-end=\"1467\">\n<p class=\"\" data-start=\"1378\" data-end=\"1467\"><strong data-start=\"1378\" data-end=\"1398\">N\u00edzkou emisnos\u0165:<\/strong> Sp\u013a\u0148a normu GEV EMICODE EC1, \u010do zaru\u010duje ve\u013emi n\u00edzku emisnos\u0165 VOC.<\/p>\n<\/li>\n<\/ul>\n<h4 data-start=\"1469\" data-end=\"1526\"><strong data-start=\"1469\" data-end=\"1526\">Pou\u017eitie spojovacieho mosta Optolith SuperContact ETR<\/strong><\/h4>\n<ul data-start=\"1528\" data-end=\"1994\" data-is-last-node=\"\" data-is-only-node=\"\">\n<li class=\"\" data-start=\"1528\" data-end=\"1649\">\n<p class=\"\" data-start=\"1530\" data-end=\"1649\"><strong data-start=\"1530\" data-end=\"1566\">Podklady s n\u00edzkou nasiakavos\u0165ou:<\/strong> Ide\u00e1lne na keramick\u00e9 podklady, sklo, kov, tesn\u00fd bet\u00f3n, star\u00e9 epoxidov\u00e9 podklady.<\/p>\n<\/li>\n<li class=\"\" data-start=\"1650\" data-end=\"1747\">\n<p class=\"\" data-start=\"1652\" data-end=\"1747\"><strong data-start=\"1652\" data-end=\"1672\">Uz\u00e1ver z\u00e1kladov:<\/strong> Chr\u00e1ni sadrov\u00e9, anhydritov\u00e9 a dreven\u00e9 podklady pred prenikan\u00edm vlhkosti.<\/p>\n<\/li>\n<li class=\"\" data-start=\"1748\" data-end=\"1843\">\n<p class=\"\" data-start=\"1750\" data-end=\"1843\"><strong data-start=\"1750\" data-end=\"1771\">Vlhk\u00e9 miestnosti:<\/strong> Vhodn\u00fd pre pou\u017eitie v prostrediach s vysokou vlhkos\u0165ou, ako aj vonku.<\/p>\n<\/li>\n<li class=\"\" data-start=\"1844\" data-end=\"1994\">\n<p class=\"\" data-start=\"1846\" data-end=\"1994\"><strong data-start=\"1846\" data-end=\"1904\">Pod lepidl\u00e1 na obklady, samonivela\u010dn\u00e9 hmoty a omietky:<\/strong> Pou\u017e\u00edva sa ako z\u00e1klad pod keramick\u00e9 obklady, vyrovn\u00e1vacie malty, jemn\u00e9 omietky a tynky.<\/p>\n<\/li>\n<\/ul>\n<\/div>\n<\/div>\n<\/div>\n<div class=\"flex justify-start\"><\/div>\n","protected":false},"excerpt":{"rendered":"<div class=\"flex max-w-full flex-col flex-grow\">\n<div class=\"min-h-8 text-message relative flex w-full flex-col items-end gap-2 whitespace-normal break-words text-start [.text-message+&amp;]:mt-5\" dir=\"auto\" data-message-author-role=\"assistant\" data-message-id=\"b4d1eff5-dc73-4622-b87e-21b90c2c47e6\" data-message-model-slug=\"gpt-4o-mini\">\n<div class=\"flex w-full flex-col gap-1 empty:hidden first:pt-[3px]\">\n<p class=\"\" data-start=\"0\" data-end=\"353\"><strong>Optolith SuperContact ETR<\/strong> je most\u00edk na pri\u013enavos\u0165 a uzatv\u00e1rac\u00ed z\u00e1klad, ide\u00e1lny pre podklady z anhydritu, sadry, keramiky, kovu a skla. Pon\u00faka vynikaj\u00facu pri\u013enavos\u0165, odolnos\u0165 proti vode a vlhkosti a ochranu citliv\u00fdch povrchov pred prenikan\u00edm vody. Pripraven\u00fd na pou\u017eitie, n\u00edzkoemisn\u00fd, vhodn\u00fd na vn\u00fatorn\u00e9 aj vonkaj\u0161ie pou\u017eitie, vr\u00e1tane vlhk\u00fdch miestnost\u00ed.<\/p>\n<\/div>\n<\/div>\n<\/div>\n<div class=\"flex justify-start\"><\/div>\n","protected":false},"featured_media":275475,"comment_status":"open","ping_status":"closed","template":"","meta":[],"product_brand":[],"product_cat":[1107,903,916],"product_tag":[],"class_list":{"0":"post-279835","1":"product","2":"type-product","3":"status-publish","4":"has-post-thumbnail","6":"product_cat-optolith-sk","7":"product_cat-przygotowanie-podloza-ochrona-i-naprawa-betonu-sk","8":"product_cat-uszczelnienie-budynku-od-wewnatrz-sk","9":"product_shipping_class-trudna-wysylka-sk","11":"first","12":"onbackorder","13":"taxable","14":"shipping-taxable","15":"purchasable","16":"product-type-simple"},"_links":{"self":[{"href":"https:\/\/www.sanier.pl\/sk\/wp-json\/wp\/v2\/product\/279835","targetHints":{"allow":["GET"]}}],"collection":[{"href":"https:\/\/www.sanier.pl\/sk\/wp-json\/wp\/v2\/product"}],"about":[{"href":"https:\/\/www.sanier.pl\/sk\/wp-json\/wp\/v2\/types\/product"}],"replies":[{"embeddable":true,"href":"https:\/\/www.sanier.pl\/sk\/wp-json\/wp\/v2\/comments?post=279835"}],"wp:featuredmedia":[{"embeddable":true,"href":"https:\/\/www.sanier.pl\/sk\/wp-json\/wp\/v2\/media\/275475"}],"wp:attachment":[{"href":"https:\/\/www.sanier.pl\/sk\/wp-json\/wp\/v2\/media?parent=279835"}],"wp:term":[{"taxonomy":"product_brand","embeddable":true,"href":"https:\/\/www.sanier.pl\/sk\/wp-json\/wp\/v2\/product_brand?post=279835"},{"taxonomy":"product_cat","embeddable":true,"href":"https:\/\/www.sanier.pl\/sk\/wp-json\/wp\/v2\/product_cat?post=279835"},{"taxonomy":"product_tag","embeddable":true,"href":"https:\/\/www.sanier.pl\/sk\/wp-json\/wp\/v2\/product_tag?post=279835"}],"curies":[{"name":"wp","href":"https:\/\/api.w.org\/{rel}","templated":true}]}}