{"id":279830,"date":"2024-11-13T09:55:42","date_gmt":"2024-11-13T09:55:42","guid":{"rendered":"https:\/\/www.sanier.pl\/produkt\/renoplast-lacznik-lw10-lw20-lw20r-lw35-plus-ral8019-braz\/"},"modified":"2025-03-28T12:07:36","modified_gmt":"2025-03-28T12:07:36","slug":"renoplast-spojka-lw10-lw20-lw20r-lw35-plus-ral8019","status":"publish","type":"product","link":"https:\/\/www.sanier.pl\/sk\/produkt\/renoplast-spojka-lw10-lw20-lw20r-lw35-plus-ral8019\/","title":{"rendered":"RENOPLAST Spojka LW10\/LW20\/LW20R\/LW35 PLUS RAL8019 Hned\u00e1"},"content":{"rendered":"<p>[vc_row][vc_column][vc_single_image image=\"275918\" img_size=\"medium\" alignment=\"center\" css_animation=\"bounceIn\"][vc_column_text]<\/p>\n<div class=\"flex max-w-full flex-col flex-grow\">\n<div class=\"min-h-8 text-message relative flex w-full flex-col items-end gap-2 whitespace-normal break-words text-start [.text-message+&amp;]:mt-5\" dir=\"auto\" data-message-author-role=\"assistant\" data-message-id=\"d92f7bdf-665c-40d0-9866-45d9927bd9ec\" data-message-model-slug=\"gpt-4o-mini\">\n<div class=\"flex w-full flex-col gap-1 empty:hidden first:pt-[3px]\">\n<h1 data-start=\"0\" data-end=\"427\">RENOPLAST Spojka LW10\/LW20\/LW20R\/LW35 PLUS RAL8019 Hned\u00e1<\/h1>\n<p class=\"\" data-start=\"0\" data-end=\"427\"><strong>RENOPLAST Spojka LW10\/LW20\/LW20R\/LW35 PLUS RAL8019 Hned\u00e1<\/strong> je nevyhnutn\u00fd mont\u00e1\u017eny prvok pou\u017e\u00edvan\u00fd pri in\u0161tal\u00e1cii okapov\u00fdch profilov na balk\u00f3noch a teras\u00e1ch. Jej hlavnou funkciou je zakrytie technologickej medzery \u0161irokej 2 mm, ktor\u00e1 sa vyskytuje medzi profilmi alebo medzi rohom a okapov\u00fdm profilom. T\u00e1to medzera zohr\u00e1va d\u00f4le\u017eit\u00fa \u00falohu, umo\u017e\u0148uj\u00fac kompenz\u00e1ciu tepeln\u00fdch a kon\u0161truk\u010dn\u00fdch nap\u00e4t\u00ed, \u010do zvy\u0161uje trv\u00e1cnos\u0165 cel\u00e9ho syst\u00e9mu.<\/p>\n<p class=\"\" data-start=\"429\" data-end=\"842\">Spojka je vyroben\u00e1 z materi\u00e1lov odoln\u00fdch vo\u010di poveternostn\u00fdm podmienkam, \u010d\u00edm zabezpe\u010duje dlhodob\u00e9 pou\u017e\u00edvanie a estetick\u00e9 dokon\u010denie. Produkt je kompatibiln\u00fd s profilmi W35, W20 a W20R, \u010do poskytuje v\u0161estrann\u00e9 vyu\u017eitie v r\u00f4znych syst\u00e9moch povrchovej \u00fapravy. Pri objedn\u00e1van\u00ed spojok je potrebn\u00e9 zoh\u013eadni\u0165 v\u0161etky tak\u00e9to spoje \u2013 zvy\u010dajne s\u00fa potrebn\u00e9 2 spojky na ka\u017ed\u00fd roh a po jednej pre ka\u017ed\u00e9 spojenie medzi profilmi.<\/p>\n<h4 data-start=\"844\" data-end=\"864\"><strong>Vlastnosti produktu:<\/strong><\/h4>\n<ul data-start=\"865\" data-end=\"1370\">\n<li class=\"\" data-start=\"865\" data-end=\"954\">\n<p class=\"\" data-start=\"867\" data-end=\"954\">Zakrytie technologick\u00fdch medzier \u2013 efekt\u00edvne skryje \u0161trbiny medzi profilmi alebo rohmi.<\/p>\n<\/li>\n<li class=\"\" data-start=\"955\" data-end=\"1043\">\n<p class=\"\" data-start=\"957\" data-end=\"1043\">Podpora pre trv\u00e1cnos\u0165 syst\u00e9mu \u2013 umo\u017e\u0148uje kompenz\u00e1ciu tepeln\u00fdch a kon\u0161truk\u010dn\u00fdch nap\u00e4t\u00ed.<\/p>\n<\/li>\n<li class=\"\" data-start=\"1044\" data-end=\"1096\">\n<p class=\"\" data-start=\"1046\" data-end=\"1096\">Kompatibilita \u2013 pasuje na profily W35, W20 a W20R.<\/p>\n<\/li>\n<li class=\"\" data-start=\"1097\" data-end=\"1200\">\n<p class=\"\" data-start=\"1099\" data-end=\"1200\">Odolnos\u0165 vo\u010di poveternostn\u00fdm podmienkam \u2013 trvanliv\u00e9 materi\u00e1ly zaru\u010duj\u00fa dlh\u00fa \u017eivotnos\u0165 a spo\u013eahlivos\u0165.<\/p>\n<\/li>\n<li class=\"\" data-start=\"1201\" data-end=\"1281\">\n<p class=\"\" data-start=\"1203\" data-end=\"1281\">Estetick\u00e9 dokon\u010denie \u2013 poskytuje jednotn\u00fd a upraven\u00fd vzh\u013ead celej kon\u0161trukcie.<\/p>\n<\/li>\n<li class=\"\" data-start=\"1282\" data-end=\"1370\">\n<p class=\"\" data-start=\"1284\" data-end=\"1370\">Jednoduch\u00e1 mont\u00e1\u017e \u2013 jednoduch\u00e1 in\u0161tal\u00e1cia umo\u017e\u0148uje r\u00fdchle a presn\u00e9 dokon\u010denie syst\u00e9mu.<\/p>\n<\/li>\n<\/ul>\n<p class=\"\" data-start=\"1372\" data-end=\"1452\"><strong>Pou\u017eitie:<\/strong> Spojka LW35\/W20\/W20R sa pou\u017e\u00edva v syst\u00e9moch balk\u00f3nov a ter\u00e1s, najm\u00e4 v:<\/p>\n<ul data-start=\"1453\" data-end=\"1747\" data-is-last-node=\"\" data-is-only-node=\"\">\n<li class=\"\" data-start=\"1453\" data-end=\"1533\">\n<p class=\"\" data-start=\"1455\" data-end=\"1533\">Miestach sp\u00e1jania okapov\u00fdch profilov \u2013 zakrytie medzier medzi prvkami syst\u00e9mu.<\/p>\n<\/li>\n<li class=\"\" data-start=\"1534\" data-end=\"1625\">\n<p class=\"\" data-start=\"1536\" data-end=\"1625\">Miestach styku profilu s rohmi \u2013 doplnenie dokon\u010denia rohov v syst\u00e9moch ter\u00e1s a balk\u00f3nov.<\/p>\n<\/li>\n<li class=\"\" data-start=\"1626\" data-end=\"1747\">\n<p class=\"\" data-start=\"1628\" data-end=\"1747\">Projektoch vy\u017eaduj\u00facich trv\u00e1cnos\u0165 a estetiku \u2013 ide\u00e1lna pre invest\u00edcie, v ktor\u00fdch je d\u00f4le\u017eit\u00e1 pevnos\u0165 a upraven\u00fd vzh\u013ead.<\/p>\n<\/li>\n<\/ul>\n<\/div>\n<\/div>\n<\/div>\n<div class=\"flex justify-start\"><\/div>\n<p>[\/vc_column_text][\/vc_column][\/vc_row][vc_row][vc_column][\/vc_column][\/vc_row]<\/p>\n","protected":false},"excerpt":{"rendered":"<p><strong>RENOPLAST Spojka LW10\/LW20\/LW20R\/LW35 PLUS RAL8019 Hned\u00e1<\/strong> je mont\u00e1\u017eny prvok ur\u010den\u00fd na zakrytie technologick\u00fdch medzier v syst\u00e9moch balk\u00f3nov a ter\u00e1s s profilmi W35, W20 a W20R. Umo\u017e\u0148uje kompenz\u00e1ciu nap\u00e4t\u00ed a zabezpe\u010duje estetick\u00e9 dokon\u010denie kon\u0161trukcie, \u010d\u00edm garantuje trv\u00e1cnos\u0165 a spo\u013eahlivos\u0165 cel\u00e9ho syst\u00e9mu.<\/p>\n","protected":false},"featured_media":275933,"comment_status":"open","ping_status":"closed","template":"","meta":[],"product_brand":[],"product_cat":[881,1113,1112],"product_tag":[],"class_list":{"0":"post-279830","1":"product","2":"type-product","3":"status-publish","4":"has-post-thumbnail","6":"product_cat-hydroizolacja-balkonu-i-tarasu-sk","7":"product_cat-profile-okapnikowe-sk","8":"product_cat-renoplast-sk","9":"product_shipping_class-latwa-wysylka-sk","11":"first","12":"instock","13":"taxable","14":"shipping-taxable","15":"purchasable","16":"product-type-simple"},"_links":{"self":[{"href":"https:\/\/www.sanier.pl\/sk\/wp-json\/wp\/v2\/product\/279830","targetHints":{"allow":["GET"]}}],"collection":[{"href":"https:\/\/www.sanier.pl\/sk\/wp-json\/wp\/v2\/product"}],"about":[{"href":"https:\/\/www.sanier.pl\/sk\/wp-json\/wp\/v2\/types\/product"}],"replies":[{"embeddable":true,"href":"https:\/\/www.sanier.pl\/sk\/wp-json\/wp\/v2\/comments?post=279830"}],"wp:featuredmedia":[{"embeddable":true,"href":"https:\/\/www.sanier.pl\/sk\/wp-json\/wp\/v2\/media\/275933"}],"wp:attachment":[{"href":"https:\/\/www.sanier.pl\/sk\/wp-json\/wp\/v2\/media?parent=279830"}],"wp:term":[{"taxonomy":"product_brand","embeddable":true,"href":"https:\/\/www.sanier.pl\/sk\/wp-json\/wp\/v2\/product_brand?post=279830"},{"taxonomy":"product_cat","embeddable":true,"href":"https:\/\/www.sanier.pl\/sk\/wp-json\/wp\/v2\/product_cat?post=279830"},{"taxonomy":"product_tag","embeddable":true,"href":"https:\/\/www.sanier.pl\/sk\/wp-json\/wp\/v2\/product_tag?post=279830"}],"curies":[{"name":"wp","href":"https:\/\/api.w.org\/{rel}","templated":true}]}}