{"id":279828,"date":"2024-11-13T10:33:21","date_gmt":"2024-11-13T10:33:21","guid":{"rendered":"https:\/\/www.sanier.pl\/produkt\/renoplast-profil-okapowy-prosty-w30-ral7024-grafit\/"},"modified":"2025-03-28T12:00:19","modified_gmt":"2025-03-28T12:00:19","slug":"renoplast-profil-okapovy-jednoduchy-w30-ral7024-grafit","status":"publish","type":"product","link":"https:\/\/www.sanier.pl\/sk\/produkt\/renoplast-profil-okapovy-jednoduchy-w30-ral7024-grafit\/","title":{"rendered":"RENOPLAST Profil okapov\u00fd jednoduch\u00fd W30 RAL7024 Grafit"},"content":{"rendered":"<p>[vc_row][vc_column][vc_single_image image=\"275918\" img_size=\"medium\" alignment=\"center\" css_animation=\"bounceIn\"][vc_column_text]<\/p>\n<div class=\"flex max-w-full flex-col flex-grow\">\n<div class=\"min-h-8 text-message relative flex w-full flex-col items-end gap-2 whitespace-normal break-words text-start [.text-message+&amp;]:mt-5\" dir=\"auto\" data-message-author-role=\"assistant\" data-message-id=\"a1b153cd-cc53-4bfc-941e-c11d454106b3\" data-message-model-slug=\"gpt-4o-mini\">\n<div class=\"flex w-full flex-col gap-1 empty:hidden first:pt-[3px]\">\n<h1 data-start=\"0\" data-end=\"448\">RENOPLAST Profil okapov\u00fd jednoduch\u00fd W30 RAL7024 Grafit<\/h1>\n<p class=\"\" data-start=\"0\" data-end=\"448\"><strong>RENOPLAST Profil okapov\u00fd jednoduch\u00fd W30 RAL7024 Grafit<\/strong> je inovat\u00edvne rie\u0161enie ur\u010den\u00e9 na dokon\u010denie vetran\u00fdch ter\u00e1s s podlahami polo\u017een\u00fdmi na terasov\u00fdch podlo\u017ek\u00e1ch. Produkt je ur\u010den\u00fd pre syst\u00e9my, kde sa pou\u017e\u00edvaj\u00fa keramick\u00e9, kamenn\u00e9 alebo bet\u00f3nov\u00e9 dosky s podkladov\u00fdm odvodnen\u00edm pod doskami. Vyroben\u00fd z materi\u00e1lov s \u00faplnou ochranou proti kor\u00f3zii a vysokou odolnos\u0165ou vo\u010di poveternostn\u00fdm podmienkam, zaru\u010duje trvanlivos\u0165 a spo\u013eahlivos\u0165 po mnoho rokov.<\/p>\n<p class=\"\" data-start=\"450\" data-end=\"888\">V\u010faka \u0161peci\u00e1lne navrhnut\u00e9mu syst\u00e9mu prepadov\u00fdch otvorov profil W30 zabezpe\u010duje \u00fa\u010dinn\u00e9 odv\u00e1dzanie da\u017e\u010fovej vody, chr\u00e1ni terasu pred zadr\u017eiavan\u00edm vlhkosti. Jeho kon\u0161trukcia umo\u017e\u0148uje stabiln\u00e9 podopretie podlahov\u00fdch dosiek pozd\u013a\u017e okraja okapu, \u010do zvy\u0161uje funk\u010dnos\u0165 a bezpe\u010dnos\u0165 pou\u017e\u00edvania. Syst\u00e9m W30 je kompatibiln\u00fd s v\u00e4\u010d\u0161inou dostupn\u00fdch izola\u010dn\u00fdch materi\u00e1lov na trhu, \u010do z neho rob\u00ed univerz\u00e1lne rie\u0161enie pre r\u00f4zne typy terasov\u00fdch projektov.<\/p>\n<h4 data-start=\"890\" data-end=\"913\"><strong data-start=\"890\" data-end=\"913\">Vlastnosti produktu<\/strong><\/h4>\n<ul data-start=\"914\" data-end=\"1527\">\n<li class=\"\" data-start=\"914\" data-end=\"1035\">\n<p class=\"\" data-start=\"916\" data-end=\"1035\"><strong data-start=\"916\" data-end=\"942\">\u00da\u010dinn\u00e9 odv\u00e1dzanie vody<\/strong> \u2013 inovat\u00edvny syst\u00e9m prepadov\u00fdch otvorov zabezpe\u010duje r\u00fdchle odv\u00e1dzanie vody z povrchu terasy.<\/p>\n<\/li>\n<li class=\"\" data-start=\"1036\" data-end=\"1150\">\n<p class=\"\" data-start=\"1038\" data-end=\"1150\"><strong data-start=\"1038\" data-end=\"1077\">Trvanlivos\u0165 a ochrana proti kor\u00f3zii<\/strong> \u2013 vyroben\u00fd z materi\u00e1lov odoln\u00fdch proti kor\u00f3zii a poveternostn\u00fdm vplyvom.<\/p>\n<\/li>\n<li class=\"\" data-start=\"1151\" data-end=\"1263\">\n<p class=\"\" data-start=\"1153\" data-end=\"1263\"><strong data-start=\"1153\" data-end=\"1176\">Stabiln\u00e9 podopretie<\/strong> \u2013 kon\u0161trukcia zabezpe\u010duje stabiln\u00e9 podopretie podlahov\u00fdch dosiek pozd\u013a\u017e okraja terasy.<\/p>\n<\/li>\n<li class=\"\" data-start=\"1264\" data-end=\"1343\">\n<p class=\"\" data-start=\"1266\" data-end=\"1343\"><strong data-start=\"1266\" data-end=\"1283\">Univerz\u00e1lnos\u0165<\/strong> \u2013 kompatibiln\u00fd s v\u00e4\u010d\u0161inou dostupn\u00fdch izola\u010dn\u00fdch materi\u00e1lov.<\/p>\n<\/li>\n<li class=\"\" data-start=\"1344\" data-end=\"1429\">\n<p class=\"\" data-start=\"1346\" data-end=\"1429\"><strong data-start=\"1346\" data-end=\"1367\">Jednoduch\u00e1 mont\u00e1\u017e<\/strong> \u2013 premyslen\u00e1 kon\u0161trukcia umo\u017e\u0148uje r\u00fdchlu a jednoduch\u00fa mont\u00e1\u017e.<\/p>\n<\/li>\n<li class=\"\" data-start=\"1430\" data-end=\"1527\">\n<p class=\"\" data-start=\"1432\" data-end=\"1527\"><strong data-start=\"1432\" data-end=\"1454\">Syst\u00e9mov\u00e9 rie\u0161enie<\/strong> \u2013 kompletn\u00e1 technick\u00e1 podpora prisp\u00f4soben\u00e1 pre vetran\u00e9 terasov\u00e9 syst\u00e9my.<\/p>\n<\/li>\n<\/ul>\n<p class=\"\" data-start=\"1529\" data-end=\"1581\"><strong data-start=\"1529\" data-end=\"1541\">Pou\u017eitie<\/strong> Profil okapov\u00fd W30 nach\u00e1dza vyu\u017eitie v:<\/p>\n<ul data-start=\"1582\" data-end=\"1990\" data-is-last-node=\"\" data-is-only-node=\"\">\n<li class=\"\" data-start=\"1582\" data-end=\"1672\">\n<p class=\"\" data-start=\"1584\" data-end=\"1672\"><strong data-start=\"1584\" data-end=\"1606\">Vetran\u00fdch teras\u00e1ch<\/strong> \u2013 ide\u00e1lne rie\u0161enie pre podlahy polo\u017een\u00e9 na terasov\u00fdch podlo\u017ek\u00e1ch.<\/p>\n<\/li>\n<li class=\"\" data-start=\"1673\" data-end=\"1796\">\n<p class=\"\" data-start=\"1675\" data-end=\"1796\"><strong data-start=\"1675\" data-end=\"1738\">Syst\u00e9moch s keramick\u00fdmi, kamenn\u00fdmi alebo bet\u00f3nov\u00fdmi doskami<\/strong> \u2013 zabezpe\u010duje trvanlivos\u0165 a estetick\u00e9 dokon\u010denie okrajov.<\/p>\n<\/li>\n<li class=\"\" data-start=\"1797\" data-end=\"1874\">\n<p class=\"\" data-start=\"1799\" data-end=\"1874\"><strong data-start=\"1799\" data-end=\"1834\">Obytn\u00fdch a komer\u010dn\u00fdch objektoch<\/strong> \u2013 osved\u010den\u00fd v budov\u00e1ch r\u00f4zneho ur\u010denia.<\/p>\n<\/li>\n<li class=\"\" data-start=\"1875\" data-end=\"1990\">\n<p class=\"\" data-start=\"1877\" data-end=\"1990\"><strong data-start=\"1877\" data-end=\"1927\">Projektoch vy\u017eaduj\u00facich \u00fa\u010dinn\u00e9 odv\u00e1dzanie vody<\/strong> \u2013 spo\u013eahliv\u00e9 rie\u0161enie pre miesta vystaven\u00e9 intenz\u00edvnym da\u017e\u010fom.<\/p>\n<\/li>\n<\/ul>\n<\/div>\n<\/div>\n<\/div>\n<div class=\"flex justify-start\"><\/div>\n<p>[\/vc_column_text][\/vc_column][\/vc_row]<\/p>\n","protected":false},"excerpt":{"rendered":"<p><strong>RENOPLAST Profil okapov\u00fd jednoduch\u00fd W30 RAL7024 Grafit<\/strong> je profil ur\u010den\u00fd pre vetran\u00e9 terasy, vyroben\u00fd z materi\u00e1lov odoln\u00fdch proti kor\u00f3zii a poveternostn\u00fdm podmienkam. Zabezpe\u010duje stabiln\u00e9 podopretie podlahov\u00fdch dosiek, \u00fa\u010dinn\u00e9 odv\u00e1dzanie vody v\u010faka syst\u00e9mu prepadov\u00fdch otvorov a jednoduch\u00fa mont\u00e1\u017e. Kompatibiln\u00fd s v\u00e4\u010d\u0161inou izola\u010dn\u00fdch materi\u00e1lov, je vynikaj\u00facim rie\u0161en\u00edm pre modern\u00e9 terasy.<\/p>\n","protected":false},"featured_media":275937,"comment_status":"open","ping_status":"closed","template":"","meta":[],"product_brand":[],"product_cat":[881,1113,1112],"product_tag":[],"class_list":{"0":"post-279828","1":"product","2":"type-product","3":"status-publish","4":"has-post-thumbnail","6":"product_cat-hydroizolacja-balkonu-i-tarasu-sk","7":"product_cat-profile-okapnikowe-sk","8":"product_cat-renoplast-sk","9":"product_shipping_class-latwa-wysylka-sk","11":"first","12":"instock","13":"taxable","14":"shipping-taxable","15":"purchasable","16":"product-type-simple"},"_links":{"self":[{"href":"https:\/\/www.sanier.pl\/sk\/wp-json\/wp\/v2\/product\/279828","targetHints":{"allow":["GET"]}}],"collection":[{"href":"https:\/\/www.sanier.pl\/sk\/wp-json\/wp\/v2\/product"}],"about":[{"href":"https:\/\/www.sanier.pl\/sk\/wp-json\/wp\/v2\/types\/product"}],"replies":[{"embeddable":true,"href":"https:\/\/www.sanier.pl\/sk\/wp-json\/wp\/v2\/comments?post=279828"}],"wp:featuredmedia":[{"embeddable":true,"href":"https:\/\/www.sanier.pl\/sk\/wp-json\/wp\/v2\/media\/275937"}],"wp:attachment":[{"href":"https:\/\/www.sanier.pl\/sk\/wp-json\/wp\/v2\/media?parent=279828"}],"wp:term":[{"taxonomy":"product_brand","embeddable":true,"href":"https:\/\/www.sanier.pl\/sk\/wp-json\/wp\/v2\/product_brand?post=279828"},{"taxonomy":"product_cat","embeddable":true,"href":"https:\/\/www.sanier.pl\/sk\/wp-json\/wp\/v2\/product_cat?post=279828"},{"taxonomy":"product_tag","embeddable":true,"href":"https:\/\/www.sanier.pl\/sk\/wp-json\/wp\/v2\/product_tag?post=279828"}],"curies":[{"name":"wp","href":"https:\/\/api.w.org\/{rel}","templated":true}]}}