{"id":279826,"date":"2024-11-13T10:36:50","date_gmt":"2024-11-13T10:36:50","guid":{"rendered":"https:\/\/www.sanier.pl\/produkt\/renoplast-profil-okapowy-prosty-w30-ral8019-braz\/"},"modified":"2025-03-28T11:50:44","modified_gmt":"2025-03-28T11:50:44","slug":"renoplast-profil-okapovy-jednoduchy-w30-ral8019","status":"publish","type":"product","link":"https:\/\/www.sanier.pl\/sk\/produkt\/renoplast-profil-okapovy-jednoduchy-w30-ral8019\/","title":{"rendered":"RENOPLAST Profil okapov\u00fd jednoduch\u00fd W30 RAL8019"},"content":{"rendered":"<p>[vc_row][vc_column][vc_single_image image=\"275918\" img_size=\"medium\" alignment=\"center\" css_animation=\"bounceIn\"][vc_column_text]<\/p>\n<h1 data-start=\"0\" data-end=\"450\">RENOPLAST Profil okapov\u00fd jednoduch\u00fd W30 RAL8019<\/h1>\n<p class=\"\" data-start=\"0\" data-end=\"450\"><strong>RENOPLAST Profil okapov\u00fd jednoduch\u00fd W30 RAL8019<\/strong> Hned\u00e1 je inovat\u00edvne rie\u0161enie ur\u010den\u00e9 na dokon\u010denie vetran\u00fdch ter\u00e1s s podlahami ukladan\u00fdmi na terasov\u00fdch podlo\u017ek\u00e1ch. Produkt je ur\u010den\u00fd pre syst\u00e9my, v ktor\u00fdch sa pou\u017e\u00edvaj\u00fa keramick\u00e9, kamenn\u00e9 alebo bet\u00f3nov\u00e9 dosky s dren\u00e1\u017eou pod dla\u017ebou. Vyroben\u00fd je z materi\u00e1lov s \u00faplnou ochranou proti kor\u00f3zii a vysokou odolnos\u0165ou vo\u010di poveternostn\u00fdm podmienkam, \u010do zaru\u010duje jeho trvanlivos\u0165 a spo\u013eahlivos\u0165 po mnoho rokov.<\/p>\n<p class=\"\" data-start=\"452\" data-end=\"901\">V\u010faka \u0161peci\u00e1lne navrhnut\u00e9mu syst\u00e9mu prepadov\u00fdch otvorov profil W30 zabezpe\u010duje \u00fa\u010dinn\u00e9 odv\u00e1dzanie da\u017e\u010fovej vody, \u010d\u00edm chr\u00e1ni terasu pred hromaden\u00edm vlhkosti. Jeho kon\u0161trukcia umo\u017e\u0148uje pevn\u00e9 a stabiln\u00e9 podopretie podlahov\u00fdch dosiek pozd\u013a\u017e okraja okapu, \u010d\u00edm zvy\u0161uje funk\u010dnos\u0165 a bezpe\u010dnos\u0165 pou\u017e\u00edvania. Syst\u00e9m W30 je kompatibiln\u00fd s v\u00e4\u010d\u0161inou dostupn\u00fdch izola\u010dn\u00fdch materi\u00e1lov na trhu, \u010do z neho rob\u00ed univerz\u00e1lne rie\u0161enie pre r\u00f4zne typy terasov\u00fdch projektov.<\/p>\n<h4 data-start=\"903\" data-end=\"923\">Vlastnosti produktu:<\/h4>\n<ul data-start=\"924\" data-end=\"1511\">\n<li class=\"\" data-start=\"924\" data-end=\"1041\">\n<p class=\"\" data-start=\"926\" data-end=\"1041\">\u00da\u010dinn\u00e9 odv\u00e1dzanie vody \u2013 inovat\u00edvny syst\u00e9m prepadov\u00fdch otvorov zabezpe\u010duje r\u00fdchle odv\u00e1dzanie vody z povrchu terasy.<\/p>\n<\/li>\n<li class=\"\" data-start=\"1042\" data-end=\"1154\">\n<p class=\"\" data-start=\"1044\" data-end=\"1154\">Trvanlivos\u0165 a ochrana proti kor\u00f3zii \u2013 vyroben\u00fd z materi\u00e1lov odoln\u00fdch vo\u010di kor\u00f3zii a poveternostn\u00fdm podmienkam.<\/p>\n<\/li>\n<li class=\"\" data-start=\"1155\" data-end=\"1259\">\n<p class=\"\" data-start=\"1157\" data-end=\"1259\">Stabiln\u00e9 podopretie \u2013 kon\u0161trukcia zabezpe\u010duje pevn\u00e9 podopretie podlahov\u00fdch dosiek pozd\u013a\u017e okapu terasy.<\/p>\n<\/li>\n<li class=\"\" data-start=\"1260\" data-end=\"1336\">\n<p class=\"\" data-start=\"1262\" data-end=\"1336\">Univerz\u00e1lnos\u0165 \u2013 kompatibilita s v\u00e4\u010d\u0161inou dostupn\u00fdch izola\u010dn\u00fdch materi\u00e1lov.<\/p>\n<\/li>\n<li class=\"\" data-start=\"1337\" data-end=\"1418\">\n<p class=\"\" data-start=\"1339\" data-end=\"1418\">Jednoduch\u00e1 mont\u00e1\u017e \u2013 premyslen\u00e1 kon\u0161trukcia umo\u017e\u0148uje r\u00fdchlu a jednoduch\u00fa mont\u00e1\u017e.<\/p>\n<\/li>\n<li class=\"\" data-start=\"1419\" data-end=\"1511\">\n<p class=\"\" data-start=\"1421\" data-end=\"1511\">Syst\u00e9mov\u00e9 rie\u0161enie \u2013 kompletn\u00e1 technick\u00e1 podpora prisp\u00f4soben\u00e1 vetran\u00fdm terasov\u00fdm syst\u00e9mom.<\/p>\n<\/li>\n<\/ul>\n<p class=\"\" data-start=\"1513\" data-end=\"1555\"><strong>Pou\u017eitie:<\/strong> Profil okapov\u00fd W30 sa pou\u017e\u00edva v:<\/p>\n<ul data-start=\"1556\" data-end=\"1945\" data-is-last-node=\"\" data-is-only-node=\"\">\n<li class=\"\" data-start=\"1556\" data-end=\"1642\">\n<p class=\"\" data-start=\"1558\" data-end=\"1642\">Vetran\u00fdch teras\u00e1ch \u2013 ide\u00e1lne rie\u0161enie pre podlahy ukladan\u00e9 na terasov\u00fdch podlo\u017ek\u00e1ch.<\/p>\n<\/li>\n<li class=\"\" data-start=\"1643\" data-end=\"1762\">\n<p class=\"\" data-start=\"1645\" data-end=\"1762\">Syst\u00e9moch s keramick\u00fdmi, kamenn\u00fdmi alebo bet\u00f3nov\u00fdmi dla\u017edicami \u2013 zaru\u010duje trvanlivos\u0165 a estetick\u00e9 dokon\u010denie okrajov.<\/p>\n<\/li>\n<li class=\"\" data-start=\"1763\" data-end=\"1834\">\n<p class=\"\" data-start=\"1765\" data-end=\"1834\">Objektoch obytn\u00fdch a komer\u010dn\u00fdch \u2013 vhodn\u00fd pre budovy r\u00f4zneho vyu\u017eitia.<\/p>\n<\/li>\n<li class=\"\" data-start=\"1835\" data-end=\"1945\">\n<p class=\"\" data-start=\"1837\" data-end=\"1945\">Projektoch, ktor\u00e9 vy\u017eaduj\u00fa \u00fa\u010dinn\u00e9 odv\u00e1dzanie vody \u2013 spo\u013eahliv\u00fd v oblastiach vystaven\u00fdch intenz\u00edvnym zr\u00e1\u017ekam.<\/p>\n<\/li>\n<\/ul>\n<p>[\/vc_column_text][\/vc_column][\/vc_row][vc_row][vc_column][\/vc_column][\/vc_row]<\/p>\n","protected":false},"excerpt":{"rendered":"<div class=\"flex max-w-full flex-col flex-grow\">\n<div class=\"min-h-8 text-message relative flex w-full flex-col items-end gap-2 whitespace-normal break-words text-start [.text-message+&amp;]:mt-5\" dir=\"auto\" data-message-author-role=\"assistant\" data-message-id=\"fa455aa9-7451-4d44-97b6-1287010cb5b0\" data-message-model-slug=\"gpt-4o-mini\">\n<div class=\"flex w-full flex-col gap-1 empty:hidden first:pt-[3px]\">\n<p class=\"\" data-start=\"0\" data-end=\"385\"><strong>RENOPLAST Profil okapov\u00fd jednoduch\u00fd W30 RAL8019<\/strong> Hned\u00e1 je profil ur\u010den\u00fd pre vetran\u00e9 terasy, vyroben\u00fd z materi\u00e1lov odoln\u00fdch proti kor\u00f3zii a poveternostn\u00fdm podmienkam. Zabezpe\u010duje stabiln\u00e9 podopretie podlahov\u00fdch dosiek, \u00fa\u010dinn\u00e9 odv\u00e1dzanie vody v\u010faka syst\u00e9mu prepadov\u00fdch otvorov a jednoduch\u00fa mont\u00e1\u017e. Kompatibiln\u00fd s v\u00e4\u010d\u0161inou izola\u010dn\u00fdch materi\u00e1lov, je vynikaj\u00facim rie\u0161en\u00edm pre modern\u00e9 terasy.<\/p>\n<\/div>\n<\/div>\n<\/div>\n<div class=\"flex justify-start\"><\/div>\n","protected":false},"featured_media":275941,"comment_status":"open","ping_status":"closed","template":"","meta":[],"product_brand":[],"product_cat":[881,1113,1112],"product_tag":[],"class_list":{"0":"post-279826","1":"product","2":"type-product","3":"status-publish","4":"has-post-thumbnail","6":"product_cat-hydroizolacja-balkonu-i-tarasu-sk","7":"product_cat-profile-okapnikowe-sk","8":"product_cat-renoplast-sk","9":"product_shipping_class-latwa-wysylka-sk","11":"first","12":"instock","13":"taxable","14":"shipping-taxable","15":"purchasable","16":"product-type-simple"},"_links":{"self":[{"href":"https:\/\/www.sanier.pl\/sk\/wp-json\/wp\/v2\/product\/279826","targetHints":{"allow":["GET"]}}],"collection":[{"href":"https:\/\/www.sanier.pl\/sk\/wp-json\/wp\/v2\/product"}],"about":[{"href":"https:\/\/www.sanier.pl\/sk\/wp-json\/wp\/v2\/types\/product"}],"replies":[{"embeddable":true,"href":"https:\/\/www.sanier.pl\/sk\/wp-json\/wp\/v2\/comments?post=279826"}],"wp:featuredmedia":[{"embeddable":true,"href":"https:\/\/www.sanier.pl\/sk\/wp-json\/wp\/v2\/media\/275941"}],"wp:attachment":[{"href":"https:\/\/www.sanier.pl\/sk\/wp-json\/wp\/v2\/media?parent=279826"}],"wp:term":[{"taxonomy":"product_brand","embeddable":true,"href":"https:\/\/www.sanier.pl\/sk\/wp-json\/wp\/v2\/product_brand?post=279826"},{"taxonomy":"product_cat","embeddable":true,"href":"https:\/\/www.sanier.pl\/sk\/wp-json\/wp\/v2\/product_cat?post=279826"},{"taxonomy":"product_tag","embeddable":true,"href":"https:\/\/www.sanier.pl\/sk\/wp-json\/wp\/v2\/product_tag?post=279826"}],"curies":[{"name":"wp","href":"https:\/\/api.w.org\/{rel}","templated":true}]}}