{"id":279820,"date":"2024-11-13T11:12:40","date_gmt":"2024-11-13T11:12:40","guid":{"rendered":"https:\/\/www.sanier.pl\/produkt\/renoplast-naroznik-zewnetrzny-nw-w30-90-ral8019-braz\/"},"modified":"2025-03-28T11:25:30","modified_gmt":"2025-03-28T11:25:30","slug":"renoplast-vonkajsi-roh-nw-w30-90-ral8019","status":"publish","type":"product","link":"https:\/\/www.sanier.pl\/sk\/produkt\/renoplast-vonkajsi-roh-nw-w30-90-ral8019\/","title":{"rendered":"RENOPLAST vonkaj\u0161\u00ed roh NW W30\/90 RAL8019"},"content":{"rendered":"<p>[vc_row][vc_column][vc_single_image image=\"275918\" img_size=\"medium\" alignment=\"center\" css_animation=\"bounceIn\"][vc_column_text]<\/p>\n<div class=\"flex max-w-full flex-col flex-grow\">\n<div class=\"min-h-8 text-message relative flex w-full flex-col items-end gap-2 whitespace-normal break-words text-start [.text-message+&amp;]:mt-5\" dir=\"auto\" data-message-author-role=\"assistant\" data-message-id=\"baec8a78-cd50-4bdf-9ba5-171a308cc332\" data-message-model-slug=\"gpt-4o-mini\">\n<div class=\"flex w-full flex-col gap-1 empty:hidden first:pt-[3px]\">\n<h1 data-start=\"0\" data-end=\"316\"><strong>RENOPLAST vonkaj\u0161\u00ed roh NW W30\/90 RAL8019<\/strong><\/h1>\n<p class=\"\" data-start=\"0\" data-end=\"316\"><strong>RENOPLAST vonkaj\u0161\u00ed roh NW W30\/90 RAL8019<\/strong> Hned\u00e1 je \u0161pecializovan\u00fd mont\u00e1\u017eny prvok navrhnut\u00fd na estetick\u00e9 a trval\u00e9 dokon\u010denie vonkaj\u0161\u00edch rohov v syst\u00e9moch balk\u00f3nov a ter\u00e1s s profilmi W30. Produkt zais\u0165uje ide\u00e1lne prisp\u00f4sobenie pod uhlom 90\u00b0, \u010do umo\u017e\u0148uje koherentn\u00e9 a funk\u010dn\u00e9 dokon\u010denie kon\u0161trukcie terasy alebo balk\u00f3na.<\/p>\n<p class=\"\" data-start=\"318\" data-end=\"617\">Vyroben\u00fd z hlin\u00edka pokryt\u00e9ho trvalou ochrannou vrstvou, roh sa vyzna\u010duje \u00faplnou odolnos\u0165ou proti kor\u00f3zii a poveternostn\u00fdm vplyvom, ako s\u00fa vlhkos\u0165 a UV \u017eiarenie. Jeho kon\u0161trukcia podporuje efekt\u00edvne odv\u00e1dzanie vody, chr\u00e1ni cel\u00fa kon\u0161trukciu pred prenikan\u00edm vody a zabezpe\u010duje jej dlhodob\u00fa trvanlivos\u0165.<\/p>\n<h4 data-start=\"619\" data-end=\"639\">Vlastnosti produktu:<\/h4>\n<ul data-start=\"640\" data-end=\"1211\">\n<li class=\"\" data-start=\"640\" data-end=\"734\">\n<p class=\"\" data-start=\"642\" data-end=\"734\">Dokonal\u00e9 prisp\u00f4sobenie \u2013 roh navrhnut\u00fd pod uhlom 90\u00b0, ide\u00e1lne spolupracuj\u00faci s profilmi W30.<\/p>\n<\/li>\n<li class=\"\" data-start=\"735\" data-end=\"868\">\n<p class=\"\" data-start=\"737\" data-end=\"868\">Odolnos\u0165 vo\u010di kor\u00f3zii \u2013 vyroben\u00fd z hlin\u00edka s ochrannou vrstvou, ktor\u00e1 zais\u0165uje trvanlivos\u0165 v n\u00e1ro\u010dn\u00fdch poveternostn\u00fdch podmienkach.<\/p>\n<\/li>\n<li class=\"\" data-start=\"869\" data-end=\"962\">\n<p class=\"\" data-start=\"871\" data-end=\"962\">Efekt\u00edvne odv\u00e1dzanie vody \u2013 kon\u0161trukcia umo\u017e\u0148uje odvod vody, \u010d\u00edm chr\u00e1ni rohy pred vlhnut\u00edm.<\/p>\n<\/li>\n<li class=\"\" data-start=\"963\" data-end=\"1046\">\n<p class=\"\" data-start=\"965\" data-end=\"1046\">Estetick\u00e9 dokon\u010denie \u2013 zais\u0165uje upraven\u00fd a profesion\u00e1lny vzh\u013ead vonkaj\u0161\u00edch rohov.<\/p>\n<\/li>\n<li class=\"\" data-start=\"1047\" data-end=\"1133\">\n<p class=\"\" data-start=\"1049\" data-end=\"1133\">Jednoduch\u00e1 mont\u00e1\u017e \u2013 r\u00fdchla in\u0161tal\u00e1cia, \u010do umo\u017e\u0148uje presn\u00e9 a r\u00fdchle dokon\u010denie rohov.<\/p>\n<\/li>\n<li class=\"\" data-start=\"1134\" data-end=\"1211\">\n<p class=\"\" data-start=\"1136\" data-end=\"1211\">Trvanlivos\u0165 materi\u00e1lov \u2013 odoln\u00fd vo\u010di zmen\u00e1m tepl\u00f4t, vlhkosti a UV \u017eiareniu.<\/p>\n<\/li>\n<\/ul>\n<p class=\"\" data-start=\"1213\" data-end=\"1259\"><strong>Pou\u017eitie:<\/strong> Vonkaj\u0161\u00ed roh NW W30\/90 sa pou\u017e\u00edva v:<\/p>\n<ul data-start=\"1260\" data-end=\"1513\" data-is-last-node=\"\" data-is-only-node=\"\">\n<li class=\"\" data-start=\"1260\" data-end=\"1347\">\n<p class=\"\" data-start=\"1262\" data-end=\"1347\">Syst\u00e9moch balk\u00f3nov a ter\u00e1s \u2013 ur\u010den\u00fd na vonkaj\u0161ie rohy v kon\u0161trukci\u00e1ch s profilmi W30.<\/p>\n<\/li>\n<li class=\"\" data-start=\"1348\" data-end=\"1442\">\n<p class=\"\" data-start=\"1350\" data-end=\"1442\">Objektoch reziden\u010dn\u00fdch a komer\u010dn\u00fdch \u2013 ide\u00e1lny na projekty vy\u017eaduj\u00face trvanlivos\u0165 a estetiku.<\/p>\n<\/li>\n<li class=\"\" data-start=\"1443\" data-end=\"1513\">\n<p class=\"\" data-start=\"1445\" data-end=\"1513\">Vetran\u00e9 terasy \u2013 \u00fa\u010dinn\u00e1 ochrana rohov pred \u00fa\u010dinkami vody a vlhkosti.<\/p>\n<\/li>\n<\/ul>\n<\/div>\n<\/div>\n<\/div>\n<div class=\"flex justify-start\"><\/div>\n<p>[\/vc_column_text][\/vc_column][\/vc_row][vc_row][vc_column][\/vc_column][\/vc_row]<\/p>\n","protected":false},"excerpt":{"rendered":"<p><strong>RENOPLAST vonkaj\u0161\u00ed roh NW W30\/90 RAL8019<\/strong> Hned\u00e1 je hlin\u00edkov\u00fd mont\u00e1\u017eny prvok ur\u010den\u00fd na vonkaj\u0161ie rohy v syst\u00e9moch s profilmi W30. Zais\u0165uje trval\u00e9 a estetick\u00e9 dokon\u010denie, \u00fa\u010dinn\u00e9 odv\u00e1dzanie vody a \u00fapln\u00fa odolnos\u0165 proti kor\u00f3zii a poveternostn\u00fdm podmienkam. Ide\u00e1lne rie\u0161enie pre balk\u00f3ny a terasy.<\/p>\n","protected":false},"featured_media":275953,"comment_status":"open","ping_status":"closed","template":"","meta":[],"product_brand":[],"product_cat":[881,1113,1112],"product_tag":[],"class_list":{"0":"post-279820","1":"product","2":"type-product","3":"status-publish","4":"has-post-thumbnail","6":"product_cat-hydroizolacja-balkonu-i-tarasu-sk","7":"product_cat-profile-okapnikowe-sk","8":"product_cat-renoplast-sk","9":"product_shipping_class-latwa-wysylka-sk","11":"first","12":"instock","13":"taxable","14":"shipping-taxable","15":"purchasable","16":"product-type-simple"},"_links":{"self":[{"href":"https:\/\/www.sanier.pl\/sk\/wp-json\/wp\/v2\/product\/279820","targetHints":{"allow":["GET"]}}],"collection":[{"href":"https:\/\/www.sanier.pl\/sk\/wp-json\/wp\/v2\/product"}],"about":[{"href":"https:\/\/www.sanier.pl\/sk\/wp-json\/wp\/v2\/types\/product"}],"replies":[{"embeddable":true,"href":"https:\/\/www.sanier.pl\/sk\/wp-json\/wp\/v2\/comments?post=279820"}],"wp:featuredmedia":[{"embeddable":true,"href":"https:\/\/www.sanier.pl\/sk\/wp-json\/wp\/v2\/media\/275953"}],"wp:attachment":[{"href":"https:\/\/www.sanier.pl\/sk\/wp-json\/wp\/v2\/media?parent=279820"}],"wp:term":[{"taxonomy":"product_brand","embeddable":true,"href":"https:\/\/www.sanier.pl\/sk\/wp-json\/wp\/v2\/product_brand?post=279820"},{"taxonomy":"product_cat","embeddable":true,"href":"https:\/\/www.sanier.pl\/sk\/wp-json\/wp\/v2\/product_cat?post=279820"},{"taxonomy":"product_tag","embeddable":true,"href":"https:\/\/www.sanier.pl\/sk\/wp-json\/wp\/v2\/product_tag?post=279820"}],"curies":[{"name":"wp","href":"https:\/\/api.w.org\/{rel}","templated":true}]}}