{"id":279816,"date":"2024-11-13T11:21:38","date_gmt":"2024-11-13T11:21:38","guid":{"rendered":"https:\/\/www.sanier.pl\/produkt\/renoplast-odbojnik-przyscienny-opw60-opw30-opw30r-opw30r-plus-ral7024-grafit\/"},"modified":"2025-03-28T11:02:44","modified_gmt":"2025-03-28T11:02:44","slug":"renoplast-stenovy-doraz-opw60-opw30-opw30r-opw30r-plus-ral7024-grafit","status":"publish","type":"product","link":"https:\/\/www.sanier.pl\/sk\/produkt\/renoplast-stenovy-doraz-opw60-opw30-opw30r-opw30r-plus-ral7024-grafit\/","title":{"rendered":"RENOPLAST Stenov\u00fd doraz OPW60\/OPW30\/OPW30R\/OPW30R PLUS RAL7024 Grafit"},"content":{"rendered":"<p>[vc_row][vc_column][vc_single_image image=\"275918\" img_size=\"medium\" alignment=\"center\" css_animation=\"bounceIn\"][vc_column_text]<\/p>\n<div class=\"flex max-w-full flex-col flex-grow\">\n<div class=\"min-h-8 text-message relative flex w-full flex-col items-end gap-2 whitespace-normal break-words text-start [.text-message+&amp;]:mt-5\" dir=\"auto\" data-message-author-role=\"assistant\" data-message-id=\"a24e3e25-ab64-4533-89d9-75e2945664b0\" data-message-model-slug=\"gpt-4o-mini\">\n<div class=\"flex w-full flex-col gap-1 empty:hidden first:pt-[3px]\">\n<h1 data-start=\"0\" data-end=\"310\">RENOPLAST Stenov\u00fd doraz OPW60\/OPW30\/OPW30R\/OPW30R PLUS RAL7024 Grafit<\/h1>\n<p class=\"\" data-start=\"0\" data-end=\"310\"><strong>RENOPLAST Stenov\u00fd doraz OPW60\/OPW30\/OPW30R\/OPW30R PLUS RAL7024 Grafit<\/strong> je funk\u010dn\u00fd mont\u00e1\u017eny prvok ur\u010den\u00fd pre balk\u00f3nov\u00e9 a terasov\u00e9 syst\u00e9my. Tento doraz sl\u00fa\u017ei na estetick\u00e9 a trval\u00e9 dokon\u010denie spoja medzi okapov\u00fdm profilom a stenou, pri\u010dom zabezpe\u010duje \u00fa\u010dinn\u00fa ochranu proti prenikaniu vody do t\u00fdchto citliv\u00fdch miest.<\/p>\n<p class=\"\" data-start=\"312\" data-end=\"715\">Produkt je vyroben\u00fd z materi\u00e1lov vysokej kvality, odoln\u00fdch proti vplyvom atmosf\u00e9rick\u00fdch podmienok, ako je vlhkos\u0165, UV \u017eiarenie a zmeny tepl\u00f4t. V\u010faka svojej univerz\u00e1lnej kon\u0161trukcii je kompatibiln\u00fd s profilmi W60, W30, W30R a W30R PLUS, \u010do umo\u017e\u0148uje jeho pou\u017eitie v r\u00f4znych terasov\u00fdch syst\u00e9moch. Jednoduch\u00e1 in\u0161tal\u00e1cia a trv\u00e1cnos\u0165 robia tento doraz neoddelite\u013enou s\u00fa\u010das\u0165ou kompletn\u00e9ho syst\u00e9mu dokon\u010dovania.<\/p>\n<h4 data-start=\"717\" data-end=\"741\"><strong data-start=\"717\" data-end=\"741\">Vlastnosti produktu:<\/strong><\/h4>\n<ul data-start=\"742\" data-end=\"1265\">\n<li class=\"\" data-start=\"742\" data-end=\"815\">\n<p class=\"\" data-start=\"744\" data-end=\"815\"><strong data-start=\"744\" data-end=\"761\">Univerz\u00e1lnos\u0165<\/strong> \u2013 kompatibiln\u00fd s profilmi W60, W30, W30R a W30R PLUS.<\/p>\n<\/li>\n<li class=\"\" data-start=\"816\" data-end=\"896\">\n<p class=\"\" data-start=\"818\" data-end=\"896\"><strong data-start=\"818\" data-end=\"850\">Ochrana pred prenikan\u00edm vody<\/strong> \u2013 \u00fa\u010dinne chr\u00e1ni spoj medzi profilom a stenou.<\/p>\n<\/li>\n<li class=\"\" data-start=\"897\" data-end=\"994\">\n<p class=\"\" data-start=\"899\" data-end=\"994\"><strong data-start=\"899\" data-end=\"923\">Trv\u00e1cnos\u0165 materi\u00e1lov<\/strong> \u2013 vyroben\u00fd z materi\u00e1lov odoln\u00fdch vo\u010di kor\u00f3zii, vlhkosti a UV \u017eiareniu.<\/p>\n<\/li>\n<li class=\"\" data-start=\"995\" data-end=\"1088\">\n<p class=\"\" data-start=\"997\" data-end=\"1088\"><strong data-start=\"997\" data-end=\"1021\">Estetick\u00e9 dokon\u010denie<\/strong> \u2013 zabezpe\u010duje upraven\u00fd a konzistentn\u00fd vzh\u013ead priestorov\u00fdch spojov.<\/p>\n<\/li>\n<li class=\"\" data-start=\"1089\" data-end=\"1172\">\n<p class=\"\" data-start=\"1091\" data-end=\"1172\"><strong data-start=\"1091\" data-end=\"1112\">Jednoduch\u00e1 mont\u00e1\u017e<\/strong> \u2013 r\u00fdchla in\u0161tal\u00e1cia bez potreby \u0161pecializovan\u00fdch n\u00e1strojov.<\/p>\n<\/li>\n<li class=\"\" data-start=\"1173\" data-end=\"1265\">\n<p class=\"\" data-start=\"1175\" data-end=\"1265\"><strong data-start=\"1175\" data-end=\"1193\">Dlh\u00e1 \u017eivotnos\u0165<\/strong> \u2013 zachov\u00e1va svoje vlastnosti aj v n\u00e1ro\u010dn\u00fdch atmosf\u00e9rick\u00fdch podmienkach.<\/p>\n<\/li>\n<\/ul>\n<p class=\"\" data-start=\"1267\" data-end=\"1349\"><strong data-start=\"1267\" data-end=\"1280\">Pou\u017eitie:<\/strong> Stenov\u00fd doraz RENOPLAST OPW60\/OPW30\/OPW30R\/OPW30R PLUS je vhodn\u00fd na:<\/p>\n<ul data-start=\"1350\" data-end=\"1620\" data-is-last-node=\"\" data-is-only-node=\"\">\n<li class=\"\" data-start=\"1350\" data-end=\"1435\">\n<p class=\"\" data-start=\"1352\" data-end=\"1435\">Balk\u00f3nov\u00e9 a terasov\u00e9 syst\u00e9my \u2013 maskovanie a ochrana spojov medzi profilmi a stenou.<\/p>\n<\/li>\n<li class=\"\" data-start=\"1436\" data-end=\"1533\">\n<p class=\"\" data-start=\"1438\" data-end=\"1533\">Reziden\u010dn\u00e9 a komer\u010dn\u00e9 objekty \u2013 poskytuje trval\u00e9 a estetick\u00e9 dokon\u010denie v r\u00f4znych typoch budov.<\/p>\n<\/li>\n<li class=\"\" data-start=\"1534\" data-end=\"1620\">\n<p class=\"\" data-start=\"1536\" data-end=\"1620\">Vetran\u00e9 syst\u00e9my \u2013 ide\u00e1lny pre projekty, ktor\u00e9 vy\u017eaduj\u00fa pevn\u00e9 hydroizola\u010dn\u00e9 rie\u0161enie.<\/p>\n<\/li>\n<\/ul>\n<\/div>\n<\/div>\n<\/div>\n<div class=\"flex justify-start\"><\/div>\n<p>[\/vc_column_text][\/vc_column][\/vc_row][vc_row][vc_column][\/vc_column][\/vc_row]<\/p>\n","protected":false},"excerpt":{"rendered":"<div class=\"flex max-w-full flex-col flex-grow\">\n<div class=\"min-h-8 text-message relative flex w-full flex-col items-end gap-2 whitespace-normal break-words text-start [.text-message+&amp;]:mt-5\" dir=\"auto\" data-message-author-role=\"assistant\" data-message-id=\"565c736b-f8d2-4e3d-9821-0b9edb87ca3c\" data-message-model-slug=\"gpt-4o-mini\">\n<div class=\"flex w-full flex-col gap-1 empty:hidden first:pt-[3px]\">\n<p class=\"\" data-start=\"0\" data-end=\"285\"><strong>RENOPLAST Stenov\u00fd doraz OPW60\/OPW30\/OPW30R\/OPW30R PLUS RAL7024 Grafit<\/strong> je praktick\u00fd mont\u00e1\u017eny prvok ur\u010den\u00fd pre profily W60, W30, W30R a W30R PLUS. Zabezpe\u010duje estetick\u00e9 dokon\u010denie a ochranu pred prenikan\u00edm vody, \u010d\u00edm zaru\u010duje trv\u00e1cnos\u0165 a spo\u013eahlivos\u0165 v balk\u00f3nov\u00fdch a terasov\u00fdch syst\u00e9moch.<\/p>\n<\/div>\n<\/div>\n<\/div>\n<div class=\"flex justify-start\"><\/div>\n","protected":false},"featured_media":275906,"comment_status":"open","ping_status":"closed","template":"","meta":[],"product_brand":[],"product_cat":[881,1113,1112],"product_tag":[],"class_list":{"0":"post-279816","1":"product","2":"type-product","3":"status-publish","4":"has-post-thumbnail","6":"product_cat-hydroizolacja-balkonu-i-tarasu-sk","7":"product_cat-profile-okapnikowe-sk","8":"product_cat-renoplast-sk","9":"product_shipping_class-latwa-wysylka-sk","11":"first","12":"instock","13":"taxable","14":"shipping-taxable","15":"purchasable","16":"product-type-simple"},"_links":{"self":[{"href":"https:\/\/www.sanier.pl\/sk\/wp-json\/wp\/v2\/product\/279816","targetHints":{"allow":["GET"]}}],"collection":[{"href":"https:\/\/www.sanier.pl\/sk\/wp-json\/wp\/v2\/product"}],"about":[{"href":"https:\/\/www.sanier.pl\/sk\/wp-json\/wp\/v2\/types\/product"}],"replies":[{"embeddable":true,"href":"https:\/\/www.sanier.pl\/sk\/wp-json\/wp\/v2\/comments?post=279816"}],"wp:featuredmedia":[{"embeddable":true,"href":"https:\/\/www.sanier.pl\/sk\/wp-json\/wp\/v2\/media\/275906"}],"wp:attachment":[{"href":"https:\/\/www.sanier.pl\/sk\/wp-json\/wp\/v2\/media?parent=279816"}],"wp:term":[{"taxonomy":"product_brand","embeddable":true,"href":"https:\/\/www.sanier.pl\/sk\/wp-json\/wp\/v2\/product_brand?post=279816"},{"taxonomy":"product_cat","embeddable":true,"href":"https:\/\/www.sanier.pl\/sk\/wp-json\/wp\/v2\/product_cat?post=279816"},{"taxonomy":"product_tag","embeddable":true,"href":"https:\/\/www.sanier.pl\/sk\/wp-json\/wp\/v2\/product_tag?post=279816"}],"curies":[{"name":"wp","href":"https:\/\/api.w.org\/{rel}","templated":true}]}}