{"id":279808,"date":"2024-11-13T11:24:59","date_gmt":"2024-11-13T11:24:59","guid":{"rendered":"https:\/\/www.sanier.pl\/produkt\/renoplast-odbojnik-przyscienny-opw60-opw30-opw30r-opw30r-plus-ral8019-braz\/"},"modified":"2025-03-27T11:52:41","modified_gmt":"2025-03-27T11:52:41","slug":"renoplast-stenovy-doraz-opw60-opw30-opw30r-opw30r-plus-ral8019","status":"publish","type":"product","link":"https:\/\/www.sanier.pl\/sk\/produkt\/renoplast-stenovy-doraz-opw60-opw30-opw30r-opw30r-plus-ral8019\/","title":{"rendered":"RENOPLAST Stenov\u00fd doraz OPW60\/OPW30\/OPW30R\/OPW30R PLUS RAL8019"},"content":{"rendered":"<p>[vc_row][vc_column][vc_single_image image=\"275918\" img_size=\"medium\" alignment=\"center\" css_animation=\"bounceIn\"][vc_column_text]<\/p>\n<div class=\"flex max-w-full flex-col flex-grow\">\n<div class=\"min-h-8 text-message relative flex w-full flex-col items-end gap-2 whitespace-normal break-words text-start [.text-message+&amp;]:mt-5\" dir=\"auto\" data-message-author-role=\"assistant\" data-message-id=\"d61e59c7-b68b-462b-8649-1baa8d5fd345\" data-message-model-slug=\"gpt-4o-mini\">\n<div class=\"flex w-full flex-col gap-1 empty:hidden first:pt-[3px]\">\n<h1 data-start=\"0\" data-end=\"299\">RENOPLAST Stenov\u00fd doraz OPW60\/OPW30\/OPW30R\/OPW30R PLUS RAL8019<\/h1>\n<p class=\"\" data-start=\"0\" data-end=\"299\"><strong>RENOPLAST Stenov\u00fd doraz OPW60\/OPW30\/OPW30R\/OPW30R PLUS RAL8019<\/strong> Hned\u00fd je funk\u010dn\u00fd mont\u00e1\u017eny prvok ur\u010den\u00fd pre balk\u00f3nov\u00e9 a terasov\u00e9 syst\u00e9my. Tento doraz sl\u00fa\u017ei na estetick\u00e9 a trval\u00e9 dokon\u010denie spojenia medzi okapov\u00fdm profilom a stenou, pri\u010dom \u00fa\u010dinne chr\u00e1ni pred prenikan\u00edm vody do t\u00fdchto kritick\u00fdch miest.<\/p>\n<p class=\"\" data-start=\"301\" data-end=\"691\">Produkt je vyroben\u00fd z kvalitn\u00fdch materi\u00e1lov odoln\u00fdch vo\u010di poveternostn\u00fdm vplyvom, ako s\u00fa vlhkos\u0165, UV \u017eiarenie a kol\u00edsaj\u00face teploty. V\u010faka svojej univerz\u00e1lnej kon\u0161trukcii je kompatibiln\u00fd s profilmi W60, W30, W30R a W30R PLUS, \u010do umo\u017e\u0148uje jeho pou\u017eitie v r\u00f4znych terasov\u00fdch syst\u00e9moch. Jednoduch\u00e1 mont\u00e1\u017e a trv\u00e1cnos\u0165 robia z tohto dorazu neoddelite\u013en\u00fa s\u00fa\u010das\u0165 kompletn\u00e9ho dokon\u010dovacieho syst\u00e9mu.<\/p>\n<h4 data-start=\"693\" data-end=\"717\"><strong data-start=\"693\" data-end=\"717\">Vlastnosti RENOPLAST Stenov\u00fd doraz OPW60\/OPW30\/OPW30R\/OPW30R PLUS RAL8019:<\/strong><\/h4>\n<ul data-start=\"718\" data-end=\"1250\">\n<li class=\"\" data-start=\"718\" data-end=\"791\">\n<p class=\"\" data-start=\"720\" data-end=\"791\"><strong data-start=\"720\" data-end=\"737\">Univerz\u00e1lnos\u0165<\/strong> \u2013 kompatibiln\u00fd s profilmi W60, W30, W30R a W30R PLUS.<\/p>\n<\/li>\n<li class=\"\" data-start=\"792\" data-end=\"881\">\n<p class=\"\" data-start=\"794\" data-end=\"881\"><strong data-start=\"794\" data-end=\"826\">Ochrana pred prenikan\u00edm vody<\/strong> \u2013 \u00fa\u010dinne zabezpe\u010duje spojenie medzi profilom a stenou.<\/p>\n<\/li>\n<li class=\"\" data-start=\"882\" data-end=\"980\">\n<p class=\"\" data-start=\"884\" data-end=\"980\"><strong data-start=\"884\" data-end=\"908\">Trv\u00e1cnos\u0165 materi\u00e1lov<\/strong> \u2013 vyroben\u00fd z materi\u00e1lov odoln\u00fdch proti kor\u00f3zii, vlhkosti a UV \u017eiareniu.<\/p>\n<\/li>\n<li class=\"\" data-start=\"981\" data-end=\"1072\">\n<p class=\"\" data-start=\"983\" data-end=\"1072\"><strong data-start=\"983\" data-end=\"1007\">Estetick\u00e9 dokon\u010denie<\/strong> \u2013 poskytuje upraven\u00fd a konzistentn\u00fd vzh\u013ead pri stenn\u00fdch spojoch.<\/p>\n<\/li>\n<li class=\"\" data-start=\"1073\" data-end=\"1156\">\n<p class=\"\" data-start=\"1075\" data-end=\"1156\"><strong data-start=\"1075\" data-end=\"1096\">Jednoduch\u00e1 mont\u00e1\u017e<\/strong> \u2013 r\u00fdchla in\u0161tal\u00e1cia bez potreby \u0161pecializovan\u00fdch n\u00e1strojov.<\/p>\n<\/li>\n<li class=\"\" data-start=\"1157\" data-end=\"1250\">\n<p class=\"\" data-start=\"1159\" data-end=\"1250\"><strong data-start=\"1159\" data-end=\"1177\">Dlh\u00e1 \u017eivotnos\u0165<\/strong> \u2013 zachov\u00e1va svoje vlastnosti aj v n\u00e1ro\u010dn\u00fdch poveternostn\u00fdch podmienkach.<\/p>\n<\/li>\n<\/ul>\n<h4 data-start=\"1252\" data-end=\"1334\"><strong data-start=\"1252\" data-end=\"1265\">Pou\u017eitie:<\/strong> Stenov\u00fd doraz RENOPLAST OPW60\/OPW30\/OPW30R\/OPW30R PLUS sa vyu\u017e\u00edva v:<\/h4>\n<ul data-start=\"1335\" data-end=\"1627\" data-is-last-node=\"\" data-is-only-node=\"\">\n<li class=\"\" data-start=\"1335\" data-end=\"1427\">\n<p class=\"\" data-start=\"1337\" data-end=\"1427\">Balk\u00f3nov\u00fdch a terasov\u00fdch syst\u00e9moch \u2013 maskovanie a ochrana spojen\u00ed medzi profilmi a stenou.<\/p>\n<\/li>\n<li class=\"\" data-start=\"1428\" data-end=\"1535\">\n<p class=\"\" data-start=\"1430\" data-end=\"1535\">Objektoch pre b\u00fdvanie a komer\u010dn\u00e9 budovy \u2013 poskytuje trval\u00e9 a estetick\u00e9 dokon\u010denie v r\u00f4znych typoch budov.<\/p>\n<\/li>\n<li class=\"\" data-start=\"1536\" data-end=\"1627\">\n<p class=\"\" data-start=\"1538\" data-end=\"1627\">Vetran\u00fdch syst\u00e9moch \u2013 ide\u00e1lny v projektoch vy\u017eaduj\u00facich spo\u013eahliv\u00fa hydroizola\u010dn\u00fa ochranu.<\/p>\n<\/li>\n<\/ul>\n<\/div>\n<\/div>\n<\/div>\n<div class=\"flex justify-start\"><\/div>\n<p>[\/vc_column_text][\/vc_column][\/vc_row][vc_row][vc_column][\/vc_column][\/vc_row]<\/p>\n","protected":false},"excerpt":{"rendered":"<p><strong>RENOPLAST Stenov\u00fd doraz OPW60\/OPW30\/OPW30R\/OPW30R PLUS RAL8019<\/strong> Hned\u00fd je praktick\u00fd mont\u00e1\u017eny prvok ur\u010den\u00fd pre profily W60, W30, W30R a W30R PLUS. Zabezpe\u010duje estetick\u00e9 dokon\u010denie a ochranu pred prenikan\u00edm vody, zaru\u010duj\u00fac trv\u00e1cnos\u0165 a spo\u013eahlivos\u0165 v balk\u00f3nov\u00fdch a terasov\u00fdch syst\u00e9moch.<\/p>\n","protected":false},"featured_media":275910,"comment_status":"open","ping_status":"closed","template":"","meta":[],"product_brand":[],"product_cat":[881,1113,1112],"product_tag":[],"class_list":{"0":"post-279808","1":"product","2":"type-product","3":"status-publish","4":"has-post-thumbnail","6":"product_cat-hydroizolacja-balkonu-i-tarasu-sk","7":"product_cat-profile-okapnikowe-sk","8":"product_cat-renoplast-sk","9":"product_shipping_class-latwa-wysylka-sk","11":"first","12":"instock","13":"taxable","14":"shipping-taxable","15":"purchasable","16":"product-type-simple"},"_links":{"self":[{"href":"https:\/\/www.sanier.pl\/sk\/wp-json\/wp\/v2\/product\/279808","targetHints":{"allow":["GET"]}}],"collection":[{"href":"https:\/\/www.sanier.pl\/sk\/wp-json\/wp\/v2\/product"}],"about":[{"href":"https:\/\/www.sanier.pl\/sk\/wp-json\/wp\/v2\/types\/product"}],"replies":[{"embeddable":true,"href":"https:\/\/www.sanier.pl\/sk\/wp-json\/wp\/v2\/comments?post=279808"}],"wp:featuredmedia":[{"embeddable":true,"href":"https:\/\/www.sanier.pl\/sk\/wp-json\/wp\/v2\/media\/275910"}],"wp:attachment":[{"href":"https:\/\/www.sanier.pl\/sk\/wp-json\/wp\/v2\/media?parent=279808"}],"wp:term":[{"taxonomy":"product_brand","embeddable":true,"href":"https:\/\/www.sanier.pl\/sk\/wp-json\/wp\/v2\/product_brand?post=279808"},{"taxonomy":"product_cat","embeddable":true,"href":"https:\/\/www.sanier.pl\/sk\/wp-json\/wp\/v2\/product_cat?post=279808"},{"taxonomy":"product_tag","embeddable":true,"href":"https:\/\/www.sanier.pl\/sk\/wp-json\/wp\/v2\/product_tag?post=279808"}],"curies":[{"name":"wp","href":"https:\/\/api.w.org\/{rel}","templated":true}]}}