{"id":279804,"date":"2024-11-19T11:00:48","date_gmt":"2024-11-19T11:00:48","guid":{"rendered":"https:\/\/www.sanier.pl\/produkt\/h40-icon\/"},"modified":"2025-03-27T11:25:48","modified_gmt":"2025-03-27T11:25:48","slug":"h40-icon","status":"publish","type":"product","link":"https:\/\/www.sanier.pl\/sk\/produkt\/h40-icon\/","title":{"rendered":"H40 Icon Kerakoll"},"content":{"rendered":"<h4>[vc_row][vc_column][vc_column_text]<\/h4>\n<h1><\/h1>\n<h1><a href=\"https:\/\/products.kerakoll.com\/pl-PL\/p\/h40-bez-limitow\" target=\"_blank\" rel=\"noopener\"><strong>KERAKOLL <\/strong><\/a><a href=\"https:\/\/products.kerakoll.com\/pl-PL\/p\/h40-bez-limitow\" target=\"_blank\" rel=\"noopener\"><strong>H40 Icon<\/strong><\/a><\/h1>\n<h5 data-start=\"0\" data-end=\"125\"><strong data-start=\"0\" data-end=\"125\">Elastick\u00fd g\u00e9lov\u00fd lepidlo \u2013 univerz\u00e1lne rie\u0161enie pre porcel\u00e1nov\u00fd gres, keramiku a pr\u00edrodn\u00e9 kamene r\u00f4znych typov a form\u00e1tov<\/strong><\/h5>\n<p class=\"\" data-start=\"127\" data-end=\"329\"><strong data-start=\"127\" data-end=\"148\">H40 Icon Kerakoll<\/strong> je elastick\u00e9, \u0161truktur\u00e1lne g\u00e9lov\u00e9 lepidlo s tiksotropn\u00fdmi a tekut\u00fdmi vlastnos\u0165ami. Je ur\u010den\u00e9 na lepenie porcel\u00e1nov\u00e9ho gresu, keramiky a pr\u00edrodn\u00fdch kame\u0148ov r\u00f4znych typov a form\u00e1tov.<\/p>\n<h4 data-start=\"331\" data-end=\"364\"><strong data-start=\"331\" data-end=\"364\">Vlastnosti Kerakoll H40 Icon:<\/strong><\/h4>\n<ul data-start=\"366\" data-end=\"591\">\n<li class=\"\" data-start=\"366\" data-end=\"410\">\n<p class=\"\" data-start=\"368\" data-end=\"410\">Vynikaj\u00face pokrytie zadnej strany dla\u017edice<\/p>\n<\/li>\n<li class=\"\" data-start=\"411\" data-end=\"462\">\n<p class=\"\" data-start=\"413\" data-end=\"462\">Udr\u017euje tvar a formu pri akejko\u013evek hr\u00fabke vrstvy<\/p>\n<\/li>\n<li class=\"\" data-start=\"463\" data-end=\"504\">\n<p class=\"\" data-start=\"465\" data-end=\"504\">Vhodn\u00e9 pre podlahy s podlahov\u00fdm k\u00faren\u00edm<\/p>\n<\/li>\n<li class=\"\" data-start=\"505\" data-end=\"538\">\n<p class=\"\" data-start=\"507\" data-end=\"538\">Lepidlo s meniacou sa reol\u00f3giou<\/p>\n<\/li>\n<li class=\"\" data-start=\"539\" data-end=\"591\">\n<p class=\"\" data-start=\"541\" data-end=\"591\">Vynikaj\u00faca opracovate\u013enos\u0165 a kontrola pod trowelom<\/p>\n<\/li>\n<\/ul>\n<h4 data-start=\"593\" data-end=\"624\"><strong data-start=\"593\" data-end=\"624\">Pou\u017eitie Kerakoll H40 Icon:<\/strong><\/h4>\n<h5 data-start=\"626\" data-end=\"639\"><strong data-start=\"626\" data-end=\"639\">Podklady:<\/strong><\/h5>\n<ul data-start=\"640\" data-end=\"1022\">\n<li class=\"\" data-start=\"640\" data-end=\"661\">\n<p class=\"\" data-start=\"642\" data-end=\"661\">Existuj\u00face dla\u017edice<\/p>\n<\/li>\n<li class=\"\" data-start=\"662\" data-end=\"713\">\n<p class=\"\" data-start=\"664\" data-end=\"713\">Cementov\u00e9 samoniveliza\u010dn\u00e9 potery a poterov\u00e9 malty<\/p>\n<\/li>\n<li class=\"\" data-start=\"714\" data-end=\"767\">\n<p class=\"\" data-start=\"716\" data-end=\"767\">Anhydritov\u00e9 samoniveliza\u010dn\u00e9 potery a poterov\u00e9 malty<\/p>\n<\/li>\n<li class=\"\" data-start=\"768\" data-end=\"793\">\n<p class=\"\" data-start=\"770\" data-end=\"793\">Miner\u00e1lne hydroizol\u00e1cie<\/p>\n<\/li>\n<li class=\"\" data-start=\"794\" data-end=\"808\">\n<p class=\"\" data-start=\"796\" data-end=\"808\">Tekut\u00e9 f\u00f3lie<\/p>\n<\/li>\n<li class=\"\" data-start=\"809\" data-end=\"838\">\n<p class=\"\" data-start=\"811\" data-end=\"838\">Stenov\u00e9 a podlahov\u00e9 k\u00farenie<\/p>\n<\/li>\n<li class=\"\" data-start=\"839\" data-end=\"858\">\n<p class=\"\" data-start=\"841\" data-end=\"858\">Bet\u00f3n a p\u00f3robet\u00f3n<\/p>\n<\/li>\n<li class=\"\" data-start=\"859\" data-end=\"895\">\n<p class=\"\" data-start=\"861\" data-end=\"895\">Keramick\u00e9, silik\u00e1tov\u00e9 a in\u00e9 murivo<\/p>\n<\/li>\n<li class=\"\" data-start=\"896\" data-end=\"911\">\n<p class=\"\" data-start=\"898\" data-end=\"911\">Gipsov\u00e9 dosky<\/p>\n<\/li>\n<li class=\"\" data-start=\"912\" data-end=\"938\">\n<p class=\"\" data-start=\"914\" data-end=\"938\">Cementovo-vl\u00e1knit\u00e9 dosky<\/p>\n<\/li>\n<li class=\"\" data-start=\"939\" data-end=\"955\">\n<p class=\"\" data-start=\"941\" data-end=\"955\">Stavebn\u00e9 dosky<\/p>\n<\/li>\n<li class=\"\" data-start=\"956\" data-end=\"996\">\n<p class=\"\" data-start=\"958\" data-end=\"996\">Omietky na b\u00e1ze cementu, v\u00e1pna a sadry<\/p>\n<\/li>\n<li class=\"\" data-start=\"997\" data-end=\"1010\">\n<p class=\"\" data-start=\"999\" data-end=\"1010\">Drevo a OSB<\/p>\n<\/li>\n<li class=\"\" data-start=\"1011\" data-end=\"1022\">\n<p class=\"\" data-start=\"1013\" data-end=\"1022\">PVC, LVT*<\/p>\n<\/li>\n<\/ul>\n<p class=\"\" data-start=\"1024\" data-end=\"1080\">*Pozrite si dokument\u00e1ciu produktu pre pr\u00edpravu podkladu.<\/p>\n<h4 data-start=\"1082\" data-end=\"1096\"><strong data-start=\"1082\" data-end=\"1096\">Materi\u00e1ly:<\/strong><\/h4>\n<ul data-start=\"1097\" data-end=\"1304\">\n<li class=\"\" data-start=\"1097\" data-end=\"1115\">\n<p class=\"\" data-start=\"1099\" data-end=\"1115\">Porcel\u00e1nov\u00fd gres<\/p>\n<\/li>\n<li class=\"\" data-start=\"1116\" data-end=\"1129\">\n<p class=\"\" data-start=\"1118\" data-end=\"1129\">Tenk\u00e9 dosky<\/p>\n<\/li>\n<li class=\"\" data-start=\"1130\" data-end=\"1150\">\n<p class=\"\" data-start=\"1132\" data-end=\"1150\">Keramick\u00e9 dla\u017edice<\/p>\n<\/li>\n<li class=\"\" data-start=\"1151\" data-end=\"1182\">\n<p class=\"\" data-start=\"1153\" data-end=\"1182\">Ve\u013ek\u00e9 form\u00e1ty (a\u017e 180\u00d7360 cm)<\/p>\n<\/li>\n<li class=\"\" data-start=\"1183\" data-end=\"1210\">\n<p class=\"\" data-start=\"1185\" data-end=\"1210\">Mramory a pr\u00edrodn\u00e9 kamene<\/p>\n<\/li>\n<li class=\"\" data-start=\"1211\" data-end=\"1238\">\n<p class=\"\" data-start=\"1213\" data-end=\"1238\">Kompozity na b\u00e1ze cementu<\/p>\n<\/li>\n<li class=\"\" data-start=\"1239\" data-end=\"1257\">\n<p class=\"\" data-start=\"1241\" data-end=\"1257\">Sklenen\u00e1 mozaika<\/p>\n<\/li>\n<li class=\"\" data-start=\"1258\" data-end=\"1294\">\n<p class=\"\" data-start=\"1260\" data-end=\"1294\">Termo-akustick\u00e9 izola\u010dn\u00e9 materi\u00e1ly<\/p>\n<\/li>\n<li class=\"\" data-start=\"1295\" data-end=\"1304\">\n<p class=\"\" data-start=\"1297\" data-end=\"1304\">Klinker<\/p>\n<\/li>\n<\/ul>\n<h4 data-start=\"1306\" data-end=\"1327\"><strong data-start=\"1306\" data-end=\"1327\">Oblasti pou\u017eitia:<\/strong><\/h4>\n<ul data-start=\"1328\" data-end=\"1575\">\n<li class=\"\" data-start=\"1328\" data-end=\"1350\">\n<p class=\"\" data-start=\"1330\" data-end=\"1350\">Lepenie a tmelovanie<\/p>\n<\/li>\n<li class=\"\" data-start=\"1351\" data-end=\"1368\">\n<p class=\"\" data-start=\"1353\" data-end=\"1368\">Podlahy a steny<\/p>\n<\/li>\n<li class=\"\" data-start=\"1369\" data-end=\"1401\">\n<p class=\"\" data-start=\"1371\" data-end=\"1401\">Vn\u00fatorn\u00e9 a vonkaj\u0161ie aplik\u00e1cie<\/p>\n<\/li>\n<li class=\"\" data-start=\"1402\" data-end=\"1433\">\n<p class=\"\" data-start=\"1404\" data-end=\"1433\">Met\u00f3da \"dla\u017edica na dla\u017edicu\"<\/p>\n<\/li>\n<li class=\"\" data-start=\"1434\" data-end=\"1452\">\n<p class=\"\" data-start=\"1436\" data-end=\"1452\">Terasy a balk\u00f3ny<\/p>\n<\/li>\n<li class=\"\" data-start=\"1453\" data-end=\"1461\">\n<p class=\"\" data-start=\"1455\" data-end=\"1461\">Fas\u00e1dy<\/p>\n<\/li>\n<li class=\"\" data-start=\"1462\" data-end=\"1480\">\n<p class=\"\" data-start=\"1464\" data-end=\"1480\">Baz\u00e9ny a font\u00e1ny<\/p>\n<\/li>\n<li class=\"\" data-start=\"1481\" data-end=\"1497\">\n<p class=\"\" data-start=\"1483\" data-end=\"1497\">Sauny a k\u00fapele<\/p>\n<\/li>\n<li class=\"\" data-start=\"1498\" data-end=\"1528\">\n<p class=\"\" data-start=\"1500\" data-end=\"1528\">Reziden\u010dn\u00e9 a komer\u010dn\u00e9 stavby<\/p>\n<\/li>\n<li class=\"\" data-start=\"1529\" data-end=\"1550\">\n<p class=\"\" data-start=\"1531\" data-end=\"1550\">Priemyseln\u00e9 podlahy<\/p>\n<\/li>\n<li class=\"\" data-start=\"1551\" data-end=\"1575\">\n<p class=\"\" data-start=\"1553\" data-end=\"1575\">Mestsk\u00e1 infra\u0161trukt\u00fara<\/p>\n<\/li>\n<\/ul>\n<h4 data-start=\"1577\" data-end=\"1602\"><strong data-start=\"1577\" data-end=\"1594\">Klasifik\u00e1cia:<\/strong><\/h4>\n<p data-start=\"1577\" data-end=\"1602\">C2 TE<\/p>\n<h4 data-start=\"1604\" data-end=\"1617\"><strong data-start=\"1604\" data-end=\"1617\">Spotreba:<\/strong><\/h4>\n<ul data-start=\"1618\" data-end=\"1637\">\n<li class=\"\" data-start=\"1618\" data-end=\"1637\">\n<p class=\"\" data-start=\"1620\" data-end=\"1637\">\u0160ed\u00e1 - 1,25 kg\/m\u00b2<\/p>\n<\/li>\n<\/ul>\n<p class=\"\" data-start=\"1639\" data-end=\"1661\"><a href=\"https:\/\/products.kerakoll.com\/yep-repository\/kerakoll\/media\/H40_Gel_2024_PL.pdf\" target=\"_blank\" rel=\"noopener\"><strong data-start=\"1639\" data-end=\"1661\" data-is-last-node=\"\">Technick\u00fd list H40<\/strong><\/a>[\/vc_column_text][vc_raw_html]JTNDc3R5bGUlM0UlMEEua2Fsa3VsYXRvci1rbGVqdSUyMCU3QiUwQSUyMCUyMCUyMCUyMG1hcmdpbiUzQSUyMDIwcHglMjAwJTNCJTBBJTdEJTBBJTBBbGFiZWwlMjAlN0IlMEElMjAlMjAlMjAlMjBkaXNwbGF5JTNBJTIwYmxvY2slM0IlMEElMjAlMjAlMjAlMjBtYXJnaW4tYm90dG9tJTNBJTIwNXB4JTNCJTBBJTdEJTBBJTBBaW5wdXQlMjAlN0IlMEElMjAlMjAlMjAlMjB3aWR0aCUzQSUyMDEwMCUyNSUzQiUwQSUyMCUyMCUyMCUyMHBhZGRpbmclM0ElMjA1cHglM0IlMEElMjAlMjAlMjAlMjBtYXJnaW4tYm90dG9tJTNBJTIwMTBweCUzQiUwQSU3RCUwQSUwQWJ1dHRvbiUyMCU3QiUwQSUyMCUyMCUyMCUyMGJhY2tncm91bmQtY29sb3IlM0ElMjAlMjMwMDczYWElM0IlMEElMjAlMjAlMjAlMjBjb2xvciUzQSUyMCUyM2ZmZiUzQiUwQSUyMCUyMCUyMCUyMHBhZGRpbmclM0ElMjAxMHB4JTIwMjBweCUzQiUwQSUyMCUyMCUyMCUyMGJvcmRlciUzQSUyMG5vbmUlM0IlMEElMjAlMjAlMjAlMjBjdXJzb3IlM0ElMjBwb2ludGVyJTNCJTBBJTdEJTBBJTBBJTIzd3luaWslMjAlN0IlMEElMjAlMjAlMjAlMjBtYXJnaW4tdG9wJTNBJTIwMjBweCUzQiUwQSUyMCUyMCUyMCUyMGZvbnQtc2l6ZSUzQSUyMDE4cHglM0IlMEElMjAlMjAlMjAlMjBmb250LXdlaWdodCUzQSUyMGJvbGQlM0IlMEElN0QlMEElM0MlMkZzdHlsZSUzRSUwQSUwQSUzQ2RpdiUyMGNsYXNzJTNEJTIya2Fsa3VsYXRvci1rbGVqdSUyMiUzRSUwQSUyMCUyMCUyMCUyMCUzQ2xhYmVsJTIwZm9yJTNEJTIyd3lzb2tvc2NfcGx5dGtpJTIyJTNFV3lzb2tvJUM1JTlCJUM0JTg3JTIwcCVDNSU4Mnl0a2klMjAlMjh3JTIwY20lMjklM0ElM0MlMkZsYWJlbCUzRSUwQSUyMCUyMCUyMCUyMCUzQ2lucHV0JTIwdHlwZSUzRCUyMm51bWJlciUyMiUyMGlkJTNEJTIyd3lzb2tvc2NfcGx5dGtpJTIyJTIwc3RlcCUzRCUyMjAuMDElMjIlMjAlMkYlM0UlMEElMjAlMjAlMjAlMjAlM0NsYWJlbCUyMGZvciUzRCUyMnN6ZXJva29zY19wbHl0a2klMjIlM0VTemVyb2tvJUM1JTlCJUM0JTg3JTIwcCVDNSU4Mnl0a2klMjAlMjh3JTIwY20lMjklM0ElM0MlMkZsYWJlbCUzRSUwQSUyMCUyMCUyMCUyMCUzQ2lucHV0JTIwdHlwZSUzRCUyMm51bWJlciUyMiUyMGlkJTNEJTIyc3plcm9rb3NjX3BseXRraSUyMiUyMHN0ZXAlM0QlMjIwLjAxJTIyJTIwJTJGJTNFJTBBJTIwJTIwJTIwJTIwJTNDbGFiZWwlMjBmb3IlM0QlMjJwb3dpZXJ6Y2huaWFfc2NpYW55JTIyJTNFUG93aWVyemNobmlhJTIwJUM1JTlCY2lhbnklMjAlMjh3JTIwbTIlMjklM0ElM0MlMkZsYWJlbCUzRSUwQSUyMCUyMCUyMCUyMCUzQ2lucHV0JTIwdHlwZSUzRCUyMm51bWJlciUyMiUyMGlkJTNEJTIycG93aWVyemNobmlhX3NjaWFueSUyMiUyMHN0ZXAlM0QlMjIwLjAxJTIyJTIwJTJGJTNFJTBBJTIwJTIwJTIwJTIwJTNDYnV0dG9uJTIwaWQlM0QlMjJvYmxpY3pfYnRuJTIyJTNFT2JsaWN6JTNDJTJGYnV0dG9uJTNFJTBBJTIwJTIwJTIwJTIwJTNDZGl2JTIwaWQlM0QlMjJ3eW5payUyMiUzRSUzQyUyRmRpdiUzRSUwQSUzQyUyRmRpdiUzRSUwQSUwQSUzQ3NjcmlwdCUzRSUwQWRvY3VtZW50LmdldEVsZW1lbnRCeUlkJTI4JTI3b2JsaWN6X2J0biUyNyUyOS5hZGRFdmVudExpc3RlbmVyJTI4JTI3Y2xpY2slMjclMkMlMjBmdW5jdGlvbiUyOCUyOSUyMCU3QiUwQSUyMCUyMCUyMCUyMGNvbnN0JTIwd3lzb2tvc2NQbHl0a2klMjAlM0QlMjBwYXJzZUZsb2F0JTI4ZG9jdW1lbnQuZ2V0RWxlbWVudEJ5SWQlMjglMjd3eXNva29zY19wbHl0a2klMjclMjkudmFsdWUlMjklMjAlMkYlMjAxMDAlM0IlMEElMjAlMjAlMjAlMjBjb25zdCUyMHN6ZXJva29zY1BseXRraSUyMCUzRCUyMHBhcnNlRmxvYXQlMjhkb2N1bWVudC5nZXRFbGVtZW50QnlJZCUyOCUyN3N6ZXJva29zY19wbHl0a2klMjclMjkudmFsdWUlMjklMjAlMkYlMjAxMDAlM0IlMEElMjAlMjAlMjAlMjBjb25zdCUyMHBvd2llcnpjaG5pYVNjaWFueSUyMCUzRCUyMHBhcnNlRmxvYXQlMjhkb2N1bWVudC5nZXRFbGVtZW50QnlJZCUyOCUyN3Bvd2llcnpjaG5pYV9zY2lhbnklMjclMjkudmFsdWUlMjklM0IlMEElMEElMjAlMjAlMjAlMjBpZiUyMCUyOGlzTmFOJTI4d3lzb2tvc2NQbHl0a2klMjklMjAlN0MlN0MlMjBpc05hTiUyOHN6ZXJva29zY1BseXRraSUyOSUyMCU3QyU3QyUyMGlzTmFOJTI4cG93aWVyemNobmlhU2NpYW55JTI5JTI5JTIwJTdCJTBBJTIwJTIwJTIwJTIwJTIwJTIwJTIwJTIwZG9jdW1lbnQuZ2V0RWxlbWVudEJ5SWQlMjglMjd3eW5payUyNyUyOS5pbm5lclRleHQlMjAlM0QlMjAlMjdQb2Rhbm8lMjBuaWVwcmF3aWQlQzUlODJvd2UlMjB3YXJ0byVDNSU5QmNpLiUyNyUzQiUwQSUyMCUyMCUyMCUyMCUyMCUyMCUyMCUyMHJldHVybiUzQiUwQSUyMCUyMCUyMCUyMCU3RCUwQSUwQSUyMCUyMCUyMCUyMGxldCUyMHBvbGVQbHl0a2klMjAlM0QlMjB3eXNva29zY1BseXRraSUyMCUyQSUyMHN6ZXJva29zY1BseXRraSUzQiUwQSUyMCUyMCUyMCUyMGxldCUyMGlsb3NjS2xlanVOYU0yJTNCJTBBJTIwJTIwJTIwJTIwaWYlMjAlMjhwb2xlUGx5dGtpJTIwJTNFJTNEJTIwMC4wMDElMjAlMjYlMjYlMjBwb2xlUGx5dGtpJTIwJTNDJTNEJTIwMC4wMSUyOSUyMCU3QiUwQSUyMCUyMCUyMCUyMCUyMCUyMCUyMCUyMGlsb3NjS2xlanVOYU0yJTIwJTNEJTIwNSUzQiUwQSUyMCUyMCUyMCUyMCU3RCUyMGVsc2UlMjBpZiUyMCUyOHBvbGVQbHl0a2klMjAlM0UlM0QlMjAwLjAxMDAwMSUyMCUyNiUyNiUyMHBvbGVQbHl0a2klMjAlM0MlM0QlMjAwLjA5JTI5JTIwJTdCJTBBJTIwJTIwJTIwJTIwJTIwJTIwJTIwJTIwaWxvc2NLbGVqdU5hTTIlMjAlM0QlMjAxMCUzQiUwQSUyMCUyMCUyMCUyMCU3RCUyMGVsc2UlMjBpZiUyMCUyOHBvbGVQbHl0a2klMjAlM0UlM0QlMjAwLjA5MDAwMDElMjAlMjYlMjYlMjBwb2xlUGx5dGtpJTIwJTNDJTNEJTIwNCUyOSUyMCU3QiUwQSUyMCUyMCUyMCUyMCUyMCUyMCUyMCUyMGlsb3NjS2xlanVOYU0yJTIwJTNEJTIwMTUlM0IlMEElMjAlMjAlMjAlMjAlN0QlMjBlbHNlJTIwJTdCJTBBJTIwJTIwJTIwJTIwJTIwJTIwJTIwJTIwZG9jdW1lbnQuZ2V0RWxlbWVudEJ5SWQlMjglMjd3eW5payUyNyUyOS5pbm5lclRleHQlMjAlM0QlMjAlMjdQb2Rhbm8lMjBuaWVwcmF3aWQlQzUlODJvd2UlMjB3eW1pYXJ5JTIwcCVDNSU4Mnl0a2kuJTI3JTNCJTBBJTIwJTIwJTIwJTIwJTIwJTIwJTIwJTIwcmV0dXJuJTNCJTBBJTIwJTIwJTIwJTIwJTdEJTBBJTBBJTIwJTIwJTIwJTIwY29uc3QlMjBpbG9zY0tsZWp1JTIwJTNEJTIwaWxvc2NLbGVqdU5hTTIlMjAlMkElMjBwb3dpZXJ6Y2huaWFTY2lhbnklM0IlMEElMjAlMjAlMjAlMjBjb25zdCUyMGlsb3NjV29ya293S2xlanUlMjAlM0QlMjBpbG9zY0tsZWp1JTIwJTJGJTIwMjUlM0IlMjAlMkYlMkYlMjAxJTIwd29yZWslMjBtYSUyMDI1JTIwa2clMEElMEElMjAlMjAlMjAlMjBkb2N1bWVudC5nZXRFbGVtZW50QnlJZCUyOCUyN3d5bmlrJTI3JTI5LmlubmVyVGV4dCUyMCUzRCUyMCU2MFBvdHJ6ZWJ1amVzeiUyMCUyNCU3Qmlsb3NjV29ya293S2xlanUudG9GaXhlZCUyODIlMjklN0QlMjB3b3JrJUMzJUIzdyUyMGtsZWp1LiU2MCUzQiUwQSU3RCUyOSUzQiUwQSUzQyUyRnNjcmlwdCUzRQ==[\/vc_raw_html][\/vc_column][\/vc_row][vc_row][vc_column][vc_column_text]<\/p>\n<h2>Pri n\u00e1kupe v\u00e4\u010d\u0161ieho mno\u017estva n\u00e1s pros\u00edme kontaktujte na:<a href=\"mailto:kontakt@sanier.pl\"> kontakt@sanier.pl<\/a><\/h2>\n<p>[\/vc_column_text][vc_column_text]<\/p>\n<div class=\"wpb_text_column wpb_content_element \">\n<div class=\"wpb_wrapper\">\n<div class=\"wpb_text_column wpb_content_element \">\n<div class=\"wpb_wrapper\">\n<h5 data-start=\"76\" data-end=\"117\">Chcete sa dozvedie\u0165 viac o hydroizol\u00e1cii?<\/h5>\n<p class=\"\" data-start=\"119\" data-end=\"146\">Pre\u010d\u00edtajte si n\u00e1\u0161 <a href=\"https:\/\/www.sanier.pl\/poradniki\/\">PR\u00cdRU\u010cKU<\/a>.<\/p>\n<\/div>\n<\/div>\n<\/div>\n<\/div>\n<p>[\/vc_column_text][\/vc_column][\/vc_row]<\/p>\n","protected":false},"excerpt":{"rendered":"<div class=\"flex max-w-full flex-col flex-grow\">\n<div class=\"min-h-8 text-message relative flex w-full flex-col items-end gap-2 whitespace-normal break-words text-start [.text-message+&amp;]:mt-5\" dir=\"auto\" data-message-author-role=\"assistant\" data-message-id=\"ef6d24e6-3c59-4fd3-a611-41f87221d49c\" data-message-model-slug=\"gpt-4o-mini\">\n<div class=\"flex w-full flex-col gap-1 empty:hidden first:pt-[3px]\">\n<p class=\"\" data-start=\"0\" data-end=\"284\"><strong>Kerakoll H40 Icon<\/strong> je elastick\u00fd g\u00e9lov\u00fd lepidlo s tiksotropnou a tekutou \u0161trukt\u00farou, ur\u010den\u00e9 na lepenie porcel\u00e1nov\u00e9ho gresu, keramiky a pr\u00edrodn\u00e9ho kame\u0148a v\u0161etk\u00fdch typov a form\u00e1tov. V\u00fdborne sa hod\u00ed nielen na \u0161tandardn\u00e9, ale aj n\u00e1ro\u010dn\u00e9 aplik\u00e1cie, poskytuj\u00fac trv\u00e1cnos\u0165 a presnos\u0165 pri pr\u00e1ci.<\/p>\n<\/div>\n<\/div>\n<\/div>\n<div class=\"flex justify-start\"><\/div>\n","protected":false},"featured_media":275843,"comment_status":"open","ping_status":"closed","template":"","meta":[],"product_brand":[],"product_cat":[1065,1035,884,1045,911],"product_tag":[1066],"class_list":{"0":"post-279804","1":"product","2":"type-product","3":"status-publish","4":"has-post-thumbnail","6":"product_cat-kerakoll-sk","7":"product_cat-kleje-fugi-silikony-sk","8":"product_cat-materialy-wykonczeniowe-sk","9":"product_cat-producenci-sk","10":"product_cat-promowane-sk","11":"product_tag-kerakoll-sk","12":"product_shipping_class-latwa-wysylka-sk","14":"first","15":"instock","16":"taxable","17":"shipping-taxable","18":"purchasable","19":"product-type-variable"},"_links":{"self":[{"href":"https:\/\/www.sanier.pl\/sk\/wp-json\/wp\/v2\/product\/279804","targetHints":{"allow":["GET"]}}],"collection":[{"href":"https:\/\/www.sanier.pl\/sk\/wp-json\/wp\/v2\/product"}],"about":[{"href":"https:\/\/www.sanier.pl\/sk\/wp-json\/wp\/v2\/types\/product"}],"replies":[{"embeddable":true,"href":"https:\/\/www.sanier.pl\/sk\/wp-json\/wp\/v2\/comments?post=279804"}],"wp:featuredmedia":[{"embeddable":true,"href":"https:\/\/www.sanier.pl\/sk\/wp-json\/wp\/v2\/media\/275843"}],"wp:attachment":[{"href":"https:\/\/www.sanier.pl\/sk\/wp-json\/wp\/v2\/media?parent=279804"}],"wp:term":[{"taxonomy":"product_brand","embeddable":true,"href":"https:\/\/www.sanier.pl\/sk\/wp-json\/wp\/v2\/product_brand?post=279804"},{"taxonomy":"product_cat","embeddable":true,"href":"https:\/\/www.sanier.pl\/sk\/wp-json\/wp\/v2\/product_cat?post=279804"},{"taxonomy":"product_tag","embeddable":true,"href":"https:\/\/www.sanier.pl\/sk\/wp-json\/wp\/v2\/product_tag?post=279804"}],"curies":[{"name":"wp","href":"https:\/\/api.w.org\/{rel}","templated":true}]}}