{"id":279801,"date":"2024-02-08T10:21:50","date_gmt":"2024-02-08T10:21:50","guid":{"rendered":"https:\/\/www.sanier.pl\/produkt\/bostik-system-aquastopp-reaktywna-bariera-do-natychmiastowego-uszczelniania-przeciekow\/"},"modified":"2025-03-27T11:07:26","modified_gmt":"2025-03-27T11:07:26","slug":"bostik-system-aquastopp-reaktywna-bariera-do-natychmiastowego-uszczelniania-przeciekow","status":"publish","type":"product","link":"https:\/\/www.sanier.pl\/sk\/produkt\/bostik-system-aquastopp-reaktywna-bariera-do-natychmiastowego-uszczelniania-przeciekow\/","title":{"rendered":"Bostik SYSTEM AQUASTOPP - Reakt\u00edvna bari\u00e9ra na okam\u017eit\u00e9 utesnenie \u00fanikov."},"content":{"rendered":"<p>[vc_row][vc_column][vc_column_text]<\/p>\n<div class=\"flex max-w-full flex-col flex-grow\">\n<div class=\"min-h-8 text-message relative flex w-full flex-col items-end gap-2 whitespace-normal break-words text-start [.text-message+&amp;]:mt-5\" dir=\"auto\" data-message-author-role=\"assistant\" data-message-id=\"d3893ef3-f02e-4356-b7c5-a7e9f31787e3\" data-message-model-slug=\"gpt-4o-mini\">\n<div class=\"flex w-full flex-col gap-1 empty:hidden first:pt-[3px]\">\n<h1 style=\"text-align: center;\" data-start=\"0\" data-end=\"73\">Bostik SYSTEM AQUASTOPP<\/h1>\n<h5 style=\"text-align: center;\" data-start=\"0\" data-end=\"73\">Reakt\u00edvna bari\u00e9ra na okam\u017eit\u00e9 utesnenie \u00fanikov.<\/h5>\n<\/div>\n<\/div>\n<\/div>\n<div class=\"flex justify-start\"><\/div>\n<p>[\/vc_column_text][\/vc_column][\/vc_row][vc_row][vc_column][vc_column_text css_animation=\"bounceInRight\"]<a href=\"https:\/\/www.sanier.pl\/sklep\/?s=bostik&amp;post_type=product\"><img loading=\"lazy\" decoding=\"async\" class=\"wp-image-258966 size-medium aligncenter\" src=\"https:\/\/www.sanier.pl\/wp-content\/uploads\/2022\/07\/Bostik_Logo_Header-300x121.png\" alt=\"bostik logo\" width=\"300\" height=\"121\" srcset=\"https:\/\/www.sanier.pl\/wp-content\/uploads\/2022\/07\/Bostik_Logo_Header-300x121.png 300w, https:\/\/www.sanier.pl\/wp-content\/uploads\/2022\/07\/Bostik_Logo_Header-800x324.png 800w, https:\/\/www.sanier.pl\/wp-content\/uploads\/2022\/07\/Bostik_Logo_Header-768x311.png 768w, https:\/\/www.sanier.pl\/wp-content\/uploads\/2022\/07\/Bostik_Logo_Header-700x283.png 700w, https:\/\/www.sanier.pl\/wp-content\/uploads\/2022\/07\/Bostik_Logo_Header.png 842w\" sizes=\"auto, (max-width:767px) 300px, 300px\" \/><\/a>[\/vc_column_text][\/vc_column][\/vc_row][vc_row][vc_column][vc_separator style=\"dashed\"][vc_empty_space height=\"64px\"][\/vc_column][\/vc_row][vc_row][vc_column width=\"1\/4\"][vc_single_image image=\"262227\" img_size=\"medium\" style=\"vc_box_rounded\"][\/vc_column][vc_column width=\"3\/4\"][vc_column_text]<\/p>\n<div class=\"flex max-w-full flex-col flex-grow\">\n<div class=\"min-h-8 text-message relative flex w-full flex-col items-end gap-2 whitespace-normal break-words text-start [.text-message+&amp;]:mt-5\" dir=\"auto\" data-message-author-role=\"assistant\" data-message-id=\"9b7dde07-9dad-4dfc-a0aa-6525e863a831\" data-message-model-slug=\"gpt-4o-mini\">\n<div class=\"flex w-full flex-col gap-1 empty:hidden first:pt-[3px]\">\n<h3 data-start=\"0\" data-end=\"15\">Bostik Aquastop<\/h3>\n<p class=\"\" data-start=\"17\" data-end=\"304\">je s\u00fabor 3 produktov, ktor\u00e9 zabra\u0148uj\u00fa presakovaniu a vlhnutiu steny alebo podlahy a umo\u017e\u0148uj\u00fa nevyhnutn\u00e9 opravy alebo mont\u00e1\u017ene pr\u00e1ce. Tieto produkty spolupracuj\u00fa, aby poskytli efekt\u00edvne rie\u0161enie pre podklad, ktor\u00fd je vlhk\u00fd a ned\u00e1 sa ho \u00fa\u010dinne vysu\u0161i\u0165 injek\u010dn\u00fdmi met\u00f3dami alebo mechanicky.<\/p>\n<p class=\"\" data-start=\"306\" data-end=\"492\">Pred aplik\u00e1ciou syst\u00e9mu na mokr\u00fa stenu je potrebn\u00e9 vykona\u0165 fazetu (zaoblenie) pomocou BOSTIK BLOCK C583 TERRA LOCK (Sperrmortel) alebo BOSTIK BLOCK C781 TERRA LOCK XS (Sperrmortel Fein).<\/p>\n<\/div>\n<\/div>\n<\/div>\n<div class=\"flex justify-start\"><\/div>\n<p>[\/vc_column_text][vc_column_text]<\/p>\n<h3 data-start=\"0\" data-end=\"66\">Produkt zo syst\u00e9mu Bostik Aquastop nan\u00e1\u0161ame v nasleduj\u00facom porad\u00ed:<\/h3>\n<ul data-start=\"68\" data-end=\"300\" data-is-last-node=\"\" data-is-only-node=\"\">\n<li class=\"\" data-start=\"68\" data-end=\"125\">\n<p class=\"\" data-start=\"70\" data-end=\"125\">BLOCK C901 TERRA SPECIAL \u2013 reakt\u00edvna hydroizola\u010dn\u00e1 ka\u0161a<\/p>\n<\/li>\n<li class=\"\" data-start=\"126\" data-end=\"169\">\n<p class=\"\" data-start=\"128\" data-end=\"169\">BLOCK C902 TERRA XPRESS \u2013 tesniaci pr\u00e1\u0161ok<\/p>\n<\/li>\n<li class=\"\" data-start=\"170\" data-end=\"220\">\n<p class=\"\" data-start=\"172\" data-end=\"220\">BLOCK C903 TERRA LIQUID \u2013 silik\u00f3nov\u00fd prostriedok<\/p>\n<\/li>\n<li class=\"\" data-start=\"221\" data-end=\"261\">\n<p class=\"\" data-start=\"223\" data-end=\"261\">RENO C761 BASE \u2013 omietka na striekanie<\/p>\n<\/li>\n<li class=\"\" data-start=\"262\" data-end=\"300\">\n<p class=\"\" data-start=\"264\" data-end=\"300\">RENO C762 FINISH \u2013 renova\u010dn\u00e1 omietka<\/p>\n<\/li>\n<\/ul>\n<p>[\/vc_column_text][\/vc_column][\/vc_row][vc_row][vc_column][vc_empty_space][\/vc_column][vc_column][vc_separator style=\"dashed\"][\/vc_column][\/vc_row][vc_row][vc_column width=\"1\/2\"][vc_column_text]<\/p>\n<h4 data-start=\"0\" data-end=\"17\"><strong>SADA SA SKLAD\u00c1 Z:<\/strong><\/h4>\n<ul data-start=\"19\" data-end=\"940\" data-is-only-node=\"\" data-is-last-node=\"\">\n<li class=\"\" data-start=\"19\" data-end=\"312\">\n<p class=\"\" data-start=\"21\" data-end=\"312\"><strong data-start=\"21\" data-end=\"49\">BLOCK C901 TERRA SPECIAL<\/strong> je malta na b\u00e1ze cementu s neorganick\u00fdmi pr\u00edsadami. Je s\u00fa\u010das\u0165ou \u0161peci\u00e1lneho syst\u00e9mu na hydroizol\u00e1ciu \"AQUASTOPP\". Tvor\u00ed tesnenie pred \u0161kodliv\u00fdm p\u00f4soben\u00edm vody bez tlaku a pod tlakom. Je ur\u010den\u00fd na pou\u017eitie z negat\u00edvnej strany. Je odoln\u00fd vo\u010di mrazu a cestnej soli.<\/p>\n<\/li>\n<li class=\"\" data-start=\"314\" data-end=\"554\">\n<p class=\"\" data-start=\"316\" data-end=\"554\"><strong data-start=\"316\" data-end=\"343\">BLOCK C902 TERRA XPRESS<\/strong> je cementov\u00e1 malta s katalytick\u00fdm \u00fa\u010dinkom (via\u017ee po kontakte s vodou). V priebehu nieko\u013ek\u00fdch sek\u00fand vytv\u00e1ra trval\u00e9 a vodotesn\u00e9 spojenie. Po vytvrdnut\u00ed je odoln\u00fd vo\u010di mrazu, cestnej soli a atmosf\u00e9rick\u00fdm vplyvom.<\/p>\n<\/li>\n<li class=\"\" data-start=\"556\" data-end=\"940\">\n<p class=\"\" data-start=\"558\" data-end=\"940\"><strong data-start=\"558\" data-end=\"585\">BLOCK C903 TERRA LIQUID<\/strong> je roztok na b\u00e1ze modifikovan\u00e9ho kremi\u010ditanu. Neobsahuje rozp\u00fa\u0161\u0165adl\u00e1 a je \u0161etrn\u00fd k \u017eivotn\u00e9mu prostrediu. M\u00e1 n\u00edzku viskozitu a vysok\u00fa absorp\u010dn\u00fa schopnos\u0165. Je \u013eahko aplikovate\u013en\u00fd, termicky odoln\u00fd, reaguje s produktmi BLOCK C901 TERRA SPECIAL a BLOCK C902 TERRA XPRESS, vytv\u00e1raj\u00face spolu so syst\u00e9mom hydroizol\u00e1cie AQUASTOP. Odoln\u00fd vo\u010di mrazu a cestnej soli.<\/p>\n<\/li>\n<\/ul>\n<p>[\/vc_column_text][vc_column_text]<\/p>\n<div class=\"flex max-w-full flex-col flex-grow\">\n<div class=\"min-h-8 text-message relative flex w-full flex-col items-end gap-2 whitespace-normal break-words text-start [.text-message+&amp;]:mt-5\" dir=\"auto\" data-message-author-role=\"assistant\" data-message-id=\"16948bad-b29c-44a0-8d44-3f127085441c\" data-message-model-slug=\"gpt-4o-mini\">\n<div class=\"flex w-full flex-col gap-1 empty:hidden first:pt-[3px]\">\n<div class=\"markdown prose w-full break-words dark:prose-invert dark\">\n<h4 data-start=\"0\" data-end=\"19\"><strong data-start=\"0\" data-end=\"19\">SP\u00d4SOB POU\u017dITIA<\/strong><\/h4>\n<ul data-start=\"21\" data-end=\"943\" data-is-last-node=\"\" data-is-only-node=\"\">\n<li class=\"\" data-start=\"21\" data-end=\"691\">\n<p class=\"\" data-start=\"23\" data-end=\"691\"><strong data-start=\"23\" data-end=\"51\">BLOCK C901 TERRA SPECIAL<\/strong>: Po navlh\u010den\u00ed podkladu naneste <strong data-start=\"83\" data-end=\"111\" data-is-only-node=\"\">BLOCK C901 TERRA SPECIAL<\/strong> a d\u00f4kladne ho vtrite do povrchu. Malta sa aplikuje v 3 vrstv\u00e1ch. Je s\u00fa\u010das\u0165ou \u0161peci\u00e1lneho syst\u00e9mu hydroizol\u00e1cie <strong data-start=\"223\" data-end=\"236\">AQUASTOPP<\/strong>, ktor\u00fd zah\u0155\u0148a aj <strong data-start=\"254\" data-end=\"281\">BLOCK C902 TERRA XPRESS<\/strong> a <strong data-start=\"284\" data-end=\"311\">BLOCK C903 TERRA LIQUID<\/strong>. Such\u00fd <strong data-start=\"319\" data-end=\"346\">BLOCK C902 TERRA XPRESS<\/strong> vtrite do prvej vrstvy \u010derstvej malty <strong data-start=\"385\" data-end=\"413\">BLOCK C903 TERRA SPECIAL<\/strong>. Pri pr\u00e1ci pou\u017e\u00edvajte ochrann\u00e9 rukavice. Po odstr\u00e1nen\u00ed netesnost\u00ed a zabezpe\u010den\u00ed \u00fanikov vody, aplikujte tesnenie chr\u00e1niace pred prenikan\u00edm vody cez stenu. Na tento \u00fa\u010del naneste \u0161peci\u00e1lny syst\u00e9m tesnenia <strong data-start=\"616\" data-end=\"629\">AQUASTOPP<\/strong> alebo maltu <strong data-start=\"642\" data-end=\"670\">BLOCK X701 TERRA 2K FLEX<\/strong> na negat\u00edvnu stranu.<\/p>\n<\/li>\n<li class=\"\" data-start=\"695\" data-end=\"943\">\n<p class=\"\" data-start=\"697\" data-end=\"943\"><strong data-start=\"697\" data-end=\"724\">BLOCK C903 TERRA LIQUID<\/strong> je s\u00fa\u010das\u0165ou syst\u00e9mu hydroizol\u00e1cie <strong data-start=\"759\" data-end=\"772\" data-is-only-node=\"\">AQUASTOPP<\/strong>. Aplikuje sa na vrstvu prostriedku <strong data-start=\"808\" data-end=\"835\">BLOCK C902 TERRA XPRESS<\/strong>. V r\u00e1mci syst\u00e9mu vytv\u00e1ra \u00fa\u010dinn\u00fa izol\u00e1ciu proti \u0161kodliv\u00e9mu p\u00f4sobeniu vody, \u010di u\u017e bez tlaku alebo pod tlakom.<\/p>\n<\/li>\n<\/ul>\n<\/div>\n<\/div>\n<\/div>\n<\/div>\n<div class=\"flex justify-start\"><\/div>\n<p>[\/vc_column_text][\/vc_column][vc_column width=\"1\/2\"][vc_single_image image=\"262228\" img_size=\"large\"][\/vc_column][\/vc_row][vc_row][vc_column][vc_separator style=\"dashed\"][vc_empty_space][\/vc_column][\/vc_row][vc_row][vc_column][vc_column_text]<\/p>\n<h3 data-start=\"0\" data-end=\"17\"><strong data-start=\"0\" data-end=\"17\">\u010cas schnutia:<\/strong><\/h3>\n<p class=\"\" data-start=\"19\" data-end=\"82\">Pribli\u017ene 6 hod\u00edn (pri teplote 20\u00b0C a relat\u00edvnej vlhkosti 55%).<\/p>\n<p class=\"\" data-start=\"84\" data-end=\"248\">Kontrolujte pomocou prsta, ktor\u00fd po navlh\u010den\u00ed a posunut\u00ed po povrchu by nemal zafarbi\u0165 (nezaschnut\u00e1 hmota m\u00e1 hnedast\u00fa farbu, ktor\u00e1 sa po\u010das schnutia men\u00ed na \u010diernu).<\/p>\n<p>[\/vc_column_text][\/vc_column][\/vc_row][vc_row][vc_column][vc_separator style=\"dashed\"][vc_empty_space][\/vc_column][\/vc_row][vc_row][vc_column width=\"1\/3\"][vc_column_text]<\/p>\n<div class=\"flex max-w-full flex-col flex-grow\">\n<div class=\"min-h-8 text-message relative flex w-full flex-col items-end gap-2 whitespace-normal break-words text-start [.text-message+&amp;]:mt-5\" dir=\"auto\" data-message-author-role=\"assistant\" data-message-id=\"bfca63fe-77b3-411b-ab86-e7efc22f53b9\" data-message-model-slug=\"gpt-4o-mini\">\n<div class=\"flex w-full flex-col gap-1 empty:hidden first:pt-[3px]\">\n<h4 data-start=\"0\" data-end=\"11\"><strong data-start=\"0\" data-end=\"11\">N\u00c1RADIE<\/strong><\/h4>\n<ul data-start=\"12\" data-end=\"81\" data-is-last-node=\"\" data-is-only-node=\"\">\n<li class=\"\" data-start=\"12\" data-end=\"40\">\n<p class=\"\" data-start=\"14\" data-end=\"40\">\u0160tetec alebo mal\u00ed\u0159ska kefa<\/p>\n<\/li>\n<li class=\"\" data-start=\"41\" data-end=\"60\">\n<p class=\"\" data-start=\"43\" data-end=\"60\">Ochrann\u00e9 rukavice<\/p>\n<\/li>\n<li class=\"\" data-start=\"61\" data-end=\"81\">\n<p class=\"\" data-start=\"63\" data-end=\"81\">Striekacia s\u00faprava<\/p>\n<\/li>\n<\/ul>\n<\/div>\n<\/div>\n<\/div>\n<h4 class=\"flex justify-start\"><\/h4>\n<p>[\/vc_column_text][\/vc_column][vc_column width=\"1\/3\"][vc_column_text]<\/p>\n<h4><span class=\"HwtZe\" lang=\"sk\"><span class=\"jCAhz ChMk0b\"><span class=\"ryNqvb\">SET:<\/span><\/span><\/span><\/h4>\n<p>[\/vc_column_text][vc_raw_html]JTNDdGFibGUlM0UlMEElM0N0Ym9keSUzRSUwQSUzQ3RyJTNFJTNDdGQlM0VCTE9DSyUyMEM5MDElM0MlMkZ0ZCUzRSUzQ3RkJTNFMTVrZyUzQyUyRnRkJTNFJTNDJTJGdHIlM0UlMEElM0N0ciUzRSUzQ3RkJTNFQkxPQ0slMjBDOTAyJTNDJTJGdGQlM0UlM0N0ZCUzRTE1a2clM0MlMkZ0ZCUzRSUzQyUyRnRyJTNFJTBBJTNDdHIlM0UlM0N0ZCUzRUJMT0NLJTIwQzkwMyUzQyUyRnRkJTNFJTNDdGQlM0UxMEwlM0MlMkZ0ZCUzRSUzQyUyRnRyJTNFJTBBJTBBJTNDJTJGdGJvZHklM0UlM0MlMkZ0YWJsZSUzRSUwQQ==[\/vc_raw_html][\/vc_column][vc_column width=\"1\/3\"][vc_column_text]<\/p>\n<h4>DOKUMENTY<\/h4>\n<p><span class=\"HwtZe\" lang=\"sk\"><span class=\"jCAhz ChMk0b\"><span class=\"ryNqvb\"><a href=\"https:\/\/www.bostik.com\/files\/live\/sites\/shared_bostik\/files\/documents-brochures\/Poland\/Documents\/TDS\/Bostik-Poland-Seal-and-Block-Block-C901-Terra-Special-tds.pdf\" target=\"_blank\" rel=\"noopener\">Technick\u00fd list BLOCK C901<\/a>\u00a0<\/span><\/span><\/span><\/p>\n<p><span class=\"HwtZe\" lang=\"sk\"><span class=\"jCAhz ChMk0b\"><span class=\"ryNqvb\"><a href=\"https:\/\/www.bostik.com\/files\/live\/sites\/shared_bostik\/files\/documents-brochures\/Poland\/Documents\/TDS\/Bostik-Poland-Seal-and-Block-Block-C902-Terra-Xpress-tds.pdf\" target=\"_blank\" rel=\"noopener\">Technick\u00fd list BLOCK C902<\/a>\u00a0<\/span><\/span><\/span><\/p>\n<p><span class=\"HwtZe\" lang=\"sk\"><span class=\"jCAhz ChMk0b\"><span class=\"ryNqvb\"><a href=\"https:\/\/www.bostik.com\/files\/live\/sites\/shared_bostik\/files\/documents-brochures\/Poland\/Documents\/TDS\/Bostik-Poland-Seal-and-Block-Block-C903-Terra-Liquid-tds.pdf\" target=\"_blank\" rel=\"noopener\">Technick\u00fd list BLOCK C903<\/a><\/span><\/span><\/span><\/p>\n<p>&nbsp;<\/p>\n<p>[\/vc_column_text][\/vc_column][\/vc_row][vc_row][vc_column][vc_empty_space height=\"64px\"][\/vc_column][\/vc_row]<\/p>\n","protected":false},"excerpt":{"rendered":"<p>[vc_row][vc_column][vc_column_text] Bostik SYSTEM AQUASTOPP Reakt\u00edvna bari\u00e9ra na okam\u017eit\u00e9 utesnenie \u00fanikov. [\/vc_column_text][\/vc_column][\/vc_row][vc_row][vc_column][vc_column_text css_animation=\"bounceInRight\"][\/vc_column_text][\/vc_column][\/vc_row][vc_row][vc_column][vc_separator style=\"dashed\"][vc_empty_space height=\"64px\"][\/vc_column][\/vc_row][vc_row][vc_column width=\"1\/4\"][vc_single_image image=\"262227\" img_size=\"medium\" style=\"vc_box_rounded\"][\/vc_column][vc_column width=\"3\/4\"][vc_column_text] Bostik Aquastop je s\u00fabor 3 produktov, ktor\u00e9<span class=\"excerpt-hellip\"> [\u2026]<\/span><\/p>\n","protected":false},"featured_media":274127,"comment_status":"open","ping_status":"closed","template":"","meta":{"_acf_changed":false},"product_brand":[],"product_cat":[923,878,921,899,1054,944],"product_tag":[1070,890,970,985,971,973],"class_list":{"0":"post-279801","1":"product","2":"type-product","3":"status-publish","4":"has-post-thumbnail","6":"product_cat-bestseller-sk","7":"product_cat-bostik-sk","8":"product_cat-hydroizolacje-powlokowe-sk","9":"product_cat-mineralne-materialy-sk","10":"product_cat-materialy-uzupelniajace-akcesoria-hydroizolacje-zbiornikow-i-kanalizacji-sk","11":"product_cat-zaprawy-wodoszczelne-sk","12":"product_tag-hydroizoalcje-sk","13":"product_tag-hydroizolacja-sk","14":"product_tag-hydroizolacja-fundamentow-w-starym-domu-sk","15":"product_tag-hydroizolacja-od-strony-negatywnej-sk","16":"product_tag-hydroizolacja-przeciwwodna-sk","17":"product_tag-hydroizolacja-wewnetrzna-sk","18":"product_shipping_class-trudna-wysylka-sk","20":"first","21":"onbackorder","22":"taxable","23":"shipping-taxable","24":"purchasable","25":"product-type-simple"},"acf":[],"_links":{"self":[{"href":"https:\/\/www.sanier.pl\/sk\/wp-json\/wp\/v2\/product\/279801","targetHints":{"allow":["GET"]}}],"collection":[{"href":"https:\/\/www.sanier.pl\/sk\/wp-json\/wp\/v2\/product"}],"about":[{"href":"https:\/\/www.sanier.pl\/sk\/wp-json\/wp\/v2\/types\/product"}],"replies":[{"embeddable":true,"href":"https:\/\/www.sanier.pl\/sk\/wp-json\/wp\/v2\/comments?post=279801"}],"wp:featuredmedia":[{"embeddable":true,"href":"https:\/\/www.sanier.pl\/sk\/wp-json\/wp\/v2\/media\/274127"}],"wp:attachment":[{"href":"https:\/\/www.sanier.pl\/sk\/wp-json\/wp\/v2\/media?parent=279801"}],"wp:term":[{"taxonomy":"product_brand","embeddable":true,"href":"https:\/\/www.sanier.pl\/sk\/wp-json\/wp\/v2\/product_brand?post=279801"},{"taxonomy":"product_cat","embeddable":true,"href":"https:\/\/www.sanier.pl\/sk\/wp-json\/wp\/v2\/product_cat?post=279801"},{"taxonomy":"product_tag","embeddable":true,"href":"https:\/\/www.sanier.pl\/sk\/wp-json\/wp\/v2\/product_tag?post=279801"}],"curies":[{"name":"wp","href":"https:\/\/api.w.org\/{rel}","templated":true}]}}