{"id":279799,"date":"2024-03-18T14:16:04","date_gmt":"2024-03-18T14:16:04","guid":{"rendered":"https:\/\/www.sanier.pl\/produkt\/pi-cleaner-a-srodek-do-czyszczenia-pomp-iniekcyjnych-5kg\/"},"modified":"2025-03-27T10:54:55","modified_gmt":"2025-03-27T10:54:55","slug":"pi-cleaner-a-srodek-do-czyszczenia-pomp-iniekcyjnych-5kg","status":"publish","type":"product","link":"https:\/\/www.sanier.pl\/sk\/produkt\/pi-cleaner-a-srodek-do-czyszczenia-pomp-iniekcyjnych-5kg\/","title":{"rendered":"PI-Cleaner - \u010cisti\u010d vstrekovacieho \u010derpadla 5kg"},"content":{"rendered":"<p>[vc_row][vc_column width=\"2\/3\"][vc_column_text]<\/p>\n<h1 data-start=\"0\" data-end=\"44\">Prostriedok na \u010distenie injek\u010dn\u00fdch \u010derpadiel<\/h1>\n<h2 data-start=\"46\" data-end=\"56\">PI-CLEANER<\/h2>\n<p class=\"\" data-start=\"58\" data-end=\"367\"><strong>PI-Cleaner<\/strong> je \u010distiaci prostriedok vyvinut\u00fd \u0161peci\u00e1lne na \u010distenie injek\u010dn\u00fdch \u010derpadiel. Je ur\u010den\u00fd na \u010distenie \u010derpadiel po\u010das prest\u00e1vok v pr\u00e1ci a po ukon\u010den\u00ed injek\u010dn\u00fdch pr\u00e1c. Zabezpe\u010duje efekt\u00edvne odstra\u0148ovanie tekut\u00fdch polyuret\u00e1nov\u00fdch a epoxidov\u00fdch \u017eiv\u00edc, ako aj zvy\u0161kov po pou\u017eit\u00ed silik\u00e1tov\u00fdch prostriedkov.<\/p>\n<p class=\"\" data-start=\"369\" data-end=\"586\">Nepeniv\u00fd pri kontakte s \u017eivicou. M\u00e1 neutr\u00e1lnu v\u00f4\u0148u, \u010do rob\u00ed jeho pou\u017e\u00edvanie pohodln\u00e9 bez potreby \u010fal\u0161\u00edch ochrann\u00fdch prostriedkov. Jeho formula je odoln\u00e1 vo\u010di n\u00edzkym teplot\u00e1m, preto sa nezam\u0155za v chladn\u00fdch podmienkach.<\/p>\n<h4 data-start=\"588\" data-end=\"610\">Vlastnosti PI-Cleaner:<\/h4>\n<ul data-start=\"611\" data-end=\"1181\" data-is-last-node=\"\" data-is-only-node=\"\">\n<li class=\"\" data-start=\"611\" data-end=\"689\">\n<p class=\"\" data-start=\"613\" data-end=\"689\">Na \u010distenie \u010derpadiel po\u010das prest\u00e1vok v pr\u00e1ci a po ukon\u010den\u00ed injek\u010dn\u00fdch pr\u00e1c.<\/p>\n<\/li>\n<li class=\"\" data-start=\"690\" data-end=\"960\">\n<p class=\"\" data-start=\"692\" data-end=\"960\">Vysok\u00e1 schopnos\u0165 rozp\u00fa\u0161\u0165ania je vhodn\u00e1 na odstra\u0148ovanie tekut\u00fdch polyuret\u00e1nov\u00fdch alebo epoxidov\u00fdch \u017eiv\u00edc, ako aj na \u010distenie zariaden\u00ed po silik\u00e1tov\u00fdch prostriedkoch. Hlavn\u00e1 oblas\u0165 pou\u017eitia je \u010distenie a preplachovanie injek\u010dn\u00fdch \u010derpadiel a in\u00fdch pracovn\u00fdch n\u00e1strojov.<\/p>\n<\/li>\n<li class=\"\" data-start=\"961\" data-end=\"991\">\n<p class=\"\" data-start=\"963\" data-end=\"991\">Materi\u00e1l s neutr\u00e1lnou v\u00f4\u0148ou.<\/p>\n<\/li>\n<li class=\"\" data-start=\"992\" data-end=\"1034\">\n<p class=\"\" data-start=\"994\" data-end=\"1034\">Nie je potrebn\u00e9 pou\u017e\u00edva\u0165 \u010fal\u0161iu ochranu.<\/p>\n<\/li>\n<li class=\"\" data-start=\"1035\" data-end=\"1079\">\n<p class=\"\" data-start=\"1037\" data-end=\"1079\">\u010cistiaci prostriedok je odoln\u00fd vo\u010di mrazu.<\/p>\n<\/li>\n<li class=\"\" data-start=\"1080\" data-end=\"1133\">\n<p class=\"\" data-start=\"1082\" data-end=\"1133\">Chr\u00e1ni\u0165 pred vlhkos\u0165ou a priamym slne\u010dn\u00fdm \u017eiaren\u00edm.<\/p>\n<\/li>\n<li class=\"\" data-start=\"1134\" data-end=\"1181\">\n<p class=\"\" data-start=\"1136\" data-end=\"1181\">Uzavret\u00e9 v pevne uzavretom origin\u00e1lnom obale.<\/p>\n<\/li>\n<\/ul>\n<p>[\/vc_column_text][\/vc_column][vc_column width=\"1\/3\"][\/vc_column][\/vc_row][vc_row][vc_column width=\"3\/4\"][vc_column_text]<\/p>\n<div class=\"elementor-column elementor-col-50 elementor-inner-column elementor-element elementor-element-0817a6e\" data-id=\"0817a6e\" data-element_type=\"column\">\n<div class=\"elementor-widget-wrap elementor-element-populated\">\n<div class=\"elementor-element elementor-element-fa6af93 elementor-widget elementor-widget-text-editor\" data-id=\"fa6af93\" data-element_type=\"widget\" data-widget_type=\"text-editor.default\">\n<div class=\"elementor-widget-container\">\n<div class=\"_1bo4a _xu6h2 _1ylmp _2d49e_YrWCD\">\n<div class=\"_1voj4 _z9prt _1xzdi _ai5yc _5d6n2 _15lj1\">\n<div class=\"_2d49e_5pK0q\"><\/div>\n<\/div>\n<\/div>\n<div class=\"_1bo4a _xu6h2 _1ylmp _2d49e_YrWCD\">\n<div class=\"_1voj4 _z9prt _1xzdi _ai5yc _5d6n2 _15lj1\">\n<div class=\"_2d49e_5pK0q\">\n<div class=\"flex max-w-full flex-col flex-grow\">\n<div class=\"min-h-8 text-message relative flex w-full flex-col items-end gap-2 whitespace-normal break-words text-start [.text-message+&amp;]:mt-5\" dir=\"auto\" data-message-author-role=\"assistant\" data-message-id=\"1e013f04-6785-42a3-8b7c-a629345ff2eb\" data-message-model-slug=\"gpt-4o-mini\">\n<div class=\"flex w-full flex-col gap-1 empty:hidden first:pt-[3px]\">\n<h4 data-start=\"0\" data-end=\"7\">V\u00ddHODY:<\/h4>\n<ul data-start=\"9\" data-end=\"268\">\n<li class=\"\" data-start=\"9\" data-end=\"72\">\n<p class=\"\" data-start=\"11\" data-end=\"72\">Neznehodnocuje O-kr\u00fa\u017ekov a tesnen\u00ed v \u010derpadl\u00e1ch a hlaviciach.<\/p>\n<\/li>\n<li class=\"\" data-start=\"73\" data-end=\"101\">\n<p class=\"\" data-start=\"75\" data-end=\"101\">M\u00e1 konzerva\u010dn\u00e9 vlastnosti.<\/p>\n<\/li>\n<li class=\"\" data-start=\"102\" data-end=\"163\">\n<p class=\"\" data-start=\"104\" data-end=\"163\">Nepen\u00ed sa pri kontakte s polyuret\u00e1nov\u00fdmi peniv\u00fdmi \u017eivicami.<\/p>\n<\/li>\n<li class=\"\" data-start=\"164\" data-end=\"180\">\n<p class=\"\" data-start=\"166\" data-end=\"180\">Neodparuje sa.<\/p>\n<\/li>\n<li class=\"\" data-start=\"181\" data-end=\"223\">\n<p class=\"\" data-start=\"183\" data-end=\"223\">Pri zmie\u0161an\u00ed so \u017eivicou ju \"deaktivuje\".<\/p>\n<\/li>\n<li class=\"\" data-start=\"224\" data-end=\"268\">\n<p class=\"\" data-start=\"226\" data-end=\"268\">Je ekologick\u00fd a nem\u00e1 \u017eiadne ozna\u010denia ADR.<\/p>\n<\/li>\n<\/ul>\n<p class=\"\" data-start=\"270\" data-end=\"403\">Nie je vhodn\u00fd na zrie\u010fovanie injek\u010dn\u00fdch \u017eiv\u00edc na zn\u00ed\u017eenie ich viskozity, pri kontakte so \u017eivicou ju neutralizuje a zmes je neutr\u00e1lna.<\/p>\n<p class=\"\" data-start=\"405\" data-end=\"492\">Pri dlh\u0161om nepou\u017e\u00edvan\u00ed injek\u010dn\u00e9ho \u010derpadla sa odpor\u00fa\u010da nalia\u0165 do neho hydraulick\u00fd olej.<\/p>\n<\/div>\n<\/div>\n<\/div>\n<\/div>\n<div class=\"flex justify-start\"><\/div>\n<\/div>\n<\/div>\n<\/div>\n<\/div>\n<\/div>\n<\/div>\n<div class=\"elementor-column elementor-col-50 elementor-inner-column elementor-element elementor-element-7279e65\" data-id=\"7279e65\" data-element_type=\"column\">\n<div class=\"elementor-widget-wrap elementor-element-populated\">\n<div class=\"elementor-element elementor-element-659abdb elementor-widget elementor-widget-image\" data-id=\"659abdb\" data-element_type=\"widget\" data-widget_type=\"image.default\"><\/div>\n<\/div>\n<\/div>\n<p>[\/vc_column_text][\/vc_column][\/vc_row]<\/p>\n","protected":false},"excerpt":{"rendered":"<p><span class=\"HwtZe\" lang=\"sk\"><span class=\"jCAhz ChMk0b\"><span class=\"ryNqvb\">Pi-cleaner je \u010disti\u010d vstrekovac\u00edch \u010derpadiel 5 kg<\/span><\/span><\/span><\/p>\n","protected":false},"featured_media":274172,"comment_status":"open","ping_status":"closed","template":"","meta":{"_acf_changed":false},"product_brand":[],"product_cat":[1054,1041,1111],"product_tag":[],"class_list":{"0":"post-279799","1":"product","2":"type-product","3":"status-publish","4":"has-post-thumbnail","6":"product_cat-materialy-uzupelniajace-akcesoria-hydroizolacje-zbiornikow-i-kanalizacji-sk","7":"product_cat-materialy-uzupelniajace-akcesoria-iniekcje-rys-i-pekniec-sk","8":"product_cat-sanier-sk","9":"product_shipping_class-latwa-wysylka-sk","11":"first","12":"instock","13":"taxable","14":"shipping-taxable","15":"purchasable","16":"product-type-simple"},"acf":[],"_links":{"self":[{"href":"https:\/\/www.sanier.pl\/sk\/wp-json\/wp\/v2\/product\/279799","targetHints":{"allow":["GET"]}}],"collection":[{"href":"https:\/\/www.sanier.pl\/sk\/wp-json\/wp\/v2\/product"}],"about":[{"href":"https:\/\/www.sanier.pl\/sk\/wp-json\/wp\/v2\/types\/product"}],"replies":[{"embeddable":true,"href":"https:\/\/www.sanier.pl\/sk\/wp-json\/wp\/v2\/comments?post=279799"}],"wp:featuredmedia":[{"embeddable":true,"href":"https:\/\/www.sanier.pl\/sk\/wp-json\/wp\/v2\/media\/274172"}],"wp:attachment":[{"href":"https:\/\/www.sanier.pl\/sk\/wp-json\/wp\/v2\/media?parent=279799"}],"wp:term":[{"taxonomy":"product_brand","embeddable":true,"href":"https:\/\/www.sanier.pl\/sk\/wp-json\/wp\/v2\/product_brand?post=279799"},{"taxonomy":"product_cat","embeddable":true,"href":"https:\/\/www.sanier.pl\/sk\/wp-json\/wp\/v2\/product_cat?post=279799"},{"taxonomy":"product_tag","embeddable":true,"href":"https:\/\/www.sanier.pl\/sk\/wp-json\/wp\/v2\/product_tag?post=279799"}],"curies":[{"name":"wp","href":"https:\/\/api.w.org\/{rel}","templated":true}]}}