{"id":279796,"date":"2024-03-19T08:35:28","date_gmt":"2024-03-19T08:35:28","guid":{"rendered":"https:\/\/www.sanier.pl\/produkt\/block-c750-flex\/"},"modified":"2025-03-27T10:27:17","modified_gmt":"2025-03-27T10:27:17","slug":"block-c750-flex","status":"publish","type":"product","link":"https:\/\/www.sanier.pl\/sk\/produkt\/block-c750-flex\/","title":{"rendered":"BOSTIK BLOCK C750 FLEX - FLEXIBILN\u00c1 HYDROIZOLA\u010cN\u00c1 MALTA"},"content":{"rendered":"<p>[vc_row][vc_column][vc_column_text]<\/p>\n<h1 style=\"text-align: center;\"><span class=\"HwtZe\" lang=\"sk\"><span class=\"jCAhz ChMk0b\"><span class=\"ryNqvb\">BOSTIK BLOCK C750 <\/span><\/span><\/span><span class=\"HwtZe\" lang=\"sk\"><span class=\"jCAhz ChMk0b\"><span class=\"ryNqvb\">FLEXN\u00c1 <\/span><\/span><\/span><\/h1>\n<h5 style=\"text-align: center;\"><span class=\"HwtZe\" lang=\"sk\"><span class=\"jCAhz ChMk0b\"><span class=\"ryNqvb\">FLEXIBILN\u00c1 HYDROIZOLA\u010cN\u00c1 MALTA<\/span><\/span><\/span><\/h5>\n<p>[\/vc_column_text][\/vc_column][\/vc_row][vc_row][vc_column][vc_column_text css_animation=\"none\"]<a href=\"https:\/\/www.sanier.pl\/sklep\/?s=bostik&amp;post_type=product\"><img loading=\"lazy\" decoding=\"async\" class=\"wp-image-258966 size-medium aligncenter\" src=\"https:\/\/www.sanier.pl\/wp-content\/uploads\/2022\/07\/Bostik_Logo_Header-300x121.png\" alt=\"bostik logo\" width=\"300\" height=\"121\" srcset=\"https:\/\/www.sanier.pl\/wp-content\/uploads\/2022\/07\/Bostik_Logo_Header-300x121.png 300w, https:\/\/www.sanier.pl\/wp-content\/uploads\/2022\/07\/Bostik_Logo_Header-800x324.png 800w, https:\/\/www.sanier.pl\/wp-content\/uploads\/2022\/07\/Bostik_Logo_Header-768x311.png 768w, https:\/\/www.sanier.pl\/wp-content\/uploads\/2022\/07\/Bostik_Logo_Header-700x283.png 700w, https:\/\/www.sanier.pl\/wp-content\/uploads\/2022\/07\/Bostik_Logo_Header.png 842w\" sizes=\"auto, (max-width:767px) 300px, 300px\" \/><\/a>[\/vc_column_text][\/vc_column][\/vc_row][vc_row][vc_column][vc_separator style=\"dashed\"][vc_empty_space height=\"64px\"][\/vc_column][\/vc_row][vc_row][vc_column width=\"1\/4\"][vc_single_image image=\"262432\" img_size=\"medium\" style=\"vc_box_rounded\"][\/vc_column][vc_column width=\"3\/4\"][vc_column_text]<\/p>\n<h3 data-start=\"36\" data-end=\"62\"><strong data-start=\"36\" data-end=\"62\">BOSTIK BLOCK C750 FLEX<\/strong><\/h3>\n<p class=\"\" data-start=\"64\" data-end=\"419\">je vysoko flexibiln\u00e1 hydroizola\u010dn\u00e1 malta s \u0161irok\u00fdm spektrom pou\u017eitia. M\u00f4\u017ee sa nan\u00e1\u0161a\u0165 val\u010dekom, \u0161tetcom alebo hlad\u00edtkom, a to ako vo vn\u00fatri budov, tak aj na vonkaj\u0161\u00edch povrchoch. Vytv\u00e1ra ochrann\u00fa vrstvu na miner\u00e1lnych podkladoch pod\u013ea z\u00e1sad 1.3 (ochrana pred prenikan\u00edm), 2.3 (kontrola vlhkosti), 8.3 (zv\u00fd\u0161enie elektrickej odolnosti) normy EN 1504-2:2004.<\/p>\n<p>[\/vc_column_text][\/vc_column][\/vc_row][vc_row][vc_column][vc_empty_space][\/vc_column][vc_column][vc_separator style=\"dashed\"][\/vc_column][\/vc_row][vc_row][vc_column][vc_column_text]<\/p>\n<h3 data-start=\"39\" data-end=\"52\"><strong data-start=\"39\" data-end=\"52\">Pou\u017eitie:<\/strong><\/h3>\n<p class=\"\" data-start=\"54\" data-end=\"198\">Malta je ide\u00e1lna ako elastick\u00e1 tenkovrstvov\u00e1 vodotesn\u00e1 izol\u00e1cia pre nadzemn\u00e9 a podzemn\u00e9 cementov\u00e9 a mur\u00e1rske podklady z teh\u00e1l, zvonku aj vn\u00fatri.<\/p>\n<p class=\"\" data-start=\"200\" data-end=\"252\">Elastick\u00e9 hladk\u00e9 vodotesn\u00e9 omietky s mikrotrhlinami.<\/p>\n<p class=\"\" data-start=\"254\" data-end=\"341\">Vodotesn\u00e1 izol\u00e1cia prasknut\u00fdch bet\u00f3nov\u00fdch kon\u0161trukci\u00ed baz\u00e9nov, n\u00e1dr\u017e\u00ed a vodn\u00fdch n\u00e1dr\u017e\u00ed.<\/p>\n<p class=\"\" data-start=\"343\" data-end=\"487\">Oprava a elastick\u00e1 vodotesn\u00e1 izol\u00e1cia pod keramick\u00e9 obklady balk\u00f3nov a ter\u00e1s strednej ve\u013ekosti (v\u017edy s dodr\u017ean\u00edm spr\u00e1vnych dilata\u010dn\u00fdch medzier).<\/p>\n<p class=\"\" data-start=\"489\" data-end=\"613\">Vodotesn\u00e1 izol\u00e1cia nanesen\u00e1 v tekutom stave pod keramick\u00e9 dla\u017edice prilepen\u00e9 lepiacimi maltami typu CM P pod\u013ea UNI EN 14891.<\/p>\n<p class=\"\" data-start=\"615\" data-end=\"857\">Produkt na povrchov\u00fa ochranu bet\u00f3nu pod\u013ea UNI EN 1504-2 \u2013 Povlak p\u00f4sobiaci pod\u013ea z\u00e1sady 1.3 (C) (ochrana pred prenikan\u00edm \u2013 PI), z\u00e1sady 2.2 (C) (obmedzenie vlhkosti \u2013 MC) a z\u00e1sady 8.2 (C) (zv\u00fd\u0161enie elektrickej odporu \u2013 IR) pod\u013ea UNI EN 1504-9.<\/p>\n<p>[\/vc_column_text][\/vc_column][\/vc_row][vc_row][vc_column][vc_separator style=\"dashed\"][vc_empty_space][\/vc_column][\/vc_row][vc_row][vc_column][vc_column_text]<\/p>\n<div class=\"flex max-w-full flex-col flex-grow\">\n<div class=\"min-h-8 text-message relative flex w-full flex-col items-end gap-2 whitespace-normal break-words text-start [.text-message+&amp;]:mt-5\" dir=\"auto\" data-message-author-role=\"assistant\" data-message-id=\"1825bc7c-fdeb-468c-b1dc-c7eeed29d65f\" data-message-model-slug=\"gpt-4o-mini\">\n<div class=\"flex w-full flex-col gap-1 empty:hidden first:pt-[3px]\">\n<h3 data-start=\"37\" data-end=\"58\"><strong data-start=\"37\" data-end=\"58\">Pr\u00edprava povrchu:<\/strong><\/h3>\n<p class=\"\" data-start=\"60\" data-end=\"854\">Podklad mus\u00ed by\u0165 pevn\u00fd a stabiln\u00fd, neabsorbuj\u00faci, ale dostato\u010dne drsn\u00fd, bez vrstiev protiadh\u00e9znych (prach, cementov\u00e9 mlieko a pod.). Zvy\u0161ky maliarskych n\u00e1terov je potrebn\u00e9 odstr\u00e1ni\u0165. Podklady musia by\u0165 vyzret\u00e9, nesm\u00fa vykazova\u0165 zmr\u0161\u0165ovanie. Soln\u00e9 v\u00fdkvety je potrebn\u00e9 d\u00f4kladne odstr\u00e1ni\u0165 mechanick\u00fdm \u010disten\u00edm. Nerovnosti, ch\u00fdbaj\u00face \u010dasti a po\u0161kodenia (miesta po \u0161trku, er\u00f3zii a po\u0161kodeniach, otvory po debnen\u00ed alebo distan\u010dn\u00fdch prvkoch) v podklade je potrebn\u00e9 pred nanesen\u00edm opravi\u0165 a vyrovna\u0165 vhodnou maltou, napr. BLOCK C583 TERRA LOCK alebo MIX C500 REPRO. Na miestach nap\u00e4tia (spoje horizont\u00e1lnych a vertik\u00e1lnych pl\u00f4ch \u2013 podlaha, strop) je potrebn\u00e9 vykona\u0165 zaoblenia (fasetu). Pred aplikovan\u00edm izol\u00e1cie je potrebn\u00e9 povrch navlh\u010di\u0165, a v pr\u00edpade stojatej vody ju je potrebn\u00e9 z povrchu odstr\u00e1ni\u0165.<\/p>\n<\/div>\n<\/div>\n<\/div>\n<div class=\"flex justify-start\"><\/div>\n<p>[\/vc_column_text][\/vc_column][\/vc_row][vc_row][vc_column][vc_separator style=\"dashed\"][vc_empty_space][\/vc_column][\/vc_row][vc_row][vc_column width=\"1\/3\"][vc_column_text]<strong data-start=\"0\" data-end=\"11\" data-is-only-node=\"\">N\u00c1RADIE<\/strong><\/p>\n<ul>\n<li>\u0160pacht\u013ea z nehrdzavej\u00facej ocele, stroj\u010dek na nan\u00e1\u0161anie farby, val\u010dek.<\/li>\n<\/ul>\n<p>[\/vc_column_text][\/vc_column][vc_column width=\"1\/3\"][vc_column_text]<\/p>\n<h4><strong><span class=\"HwtZe\" lang=\"sk\"><span class=\"jCAhz ChMk0b\"><span class=\"ryNqvb\">NOSI\u0164<\/span><\/span><\/span><\/strong><\/h4>\n<p>[\/vc_column_text][vc_raw_html]JTNDdGFibGUlM0UlMEElM0N0Ym9keSUzRSUwQSUzQ3RyJTNFJTNDdGQlM0UlM0MlMkZ0ZCUzRSUzQ3RkJTNFWnUlQzUlQkN5Y2llJTIwa2clMkZtMiUzQyUyRnRkJTNFJTNDJTJGdHIlM0UlMEElM0N0ciUzRSUzQ3RkJTNFV2Fyc3R3YSUyMGhhbXVqJUM0JTg1Y2ElMjAlMjgxbW0lMjklM0MlMkZ0ZCUzRSUzQ3RkJTNFMSUyQzIlM0MlMkZ0ZCUzRSUzQyUyRnRyJTNFJTBBJTNDdHIlM0UlM0N0ZCUzRUh5ZHJvaXpvbGFjamElMjBwZSVDNSU4Mm5hJTIwJTI4Mm1tJTI5JTNDJTJGdGQlM0UlM0N0ZCUzRTIlMkM0JTNDJTJGdGQlM0UlM0MlMkZ0ciUzRSUwQSUzQyUyRnRib2R5JTNFJTNDJTJGdGFibGUlM0UlMEE=[\/vc_raw_html][\/vc_column][vc_column width=\"1\/3\"][vc_column_text]<\/p>\n<h4>DOKUMENTY<\/h4>\n<p><a href=\"https:\/\/www.bostik.com\/files\/live\/sites\/shared_bostik\/files\/documents-brochures\/Poland\/Documents\/TDS\/BOSTIK-POLAND-PROXIMA-BLOCK-C750-FLEX-TDS.pdf\" target=\"_blank\" rel=\"noopener\"><span class=\"HwtZe\" lang=\"sk\"><span class=\"jCAhz ChMk0b\"><span class=\"ryNqvb\">Technick\u00fd list<\/span><\/span><\/span><\/a><\/p>\n<p>[\/vc_column_text][\/vc_column][\/vc_row][vc_row][vc_column][vc_raw_html]JTIwJTIwJTIwJTIwJTNDdGl0bGUlM0VLYWxrdWxhdG9yJTIwenUlQzUlQkN5Y2lhJTIwbWF0ZXJpYSVDNSU4MnUlM0MlMkZ0aXRsZSUzRSUwQSUyMCUyMCUyMCUyMCUzQ3N0eWxlJTNFJTBBJTIwJTIwJTIwJTIwJTIwJTIwJTIwJTIwYm9keSUyMCU3QiUwQSUyMCUyMCUyMCUyMCUyMCUyMCUyMCUyMCUyMCUyMCUyMCUyMGZvbnQtZmFtaWx5JTNBJTIwQXJpYWwlMkMlMjBzYW5zLXNlcmlmJTNCJTBBJTIwJTIwJTIwJTIwJTIwJTIwJTIwJTIwJTIwJTIwJTIwJTIwbWFyZ2luJTNBJTIwMjBweCUzQiUwQSUyMCUyMCUyMCUyMCUyMCUyMCUyMCUyMCU3RCUwQSUyMCUyMCUyMCUyMCUyMCUyMCUyMCUyMGxhYmVsJTIwJTdCJTBBJTIwJTIwJTIwJTIwJTIwJTIwJTIwJTIwJTIwJTIwJTIwJTIwZGlzcGxheSUzQSUyMGJsb2NrJTNCJTBBJTIwJTIwJTIwJTIwJTIwJTIwJTIwJTIwJTIwJTIwJTIwJTIwbWFyZ2luLWJvdHRvbSUzQSUyMDVweCUzQiUwQSUyMCUyMCUyMCUyMCUyMCUyMCUyMCUyMCU3RCUwQSUyMCUyMCUyMCUyMCUyMCUyMCUyMCUyMGlucHV0JTIwJTdCJTBBJTIwJTIwJTIwJTIwJTIwJTIwJTIwJTIwJTIwJTIwJTIwJTIwd2lkdGglM0ElMjAxMDAlMjUlM0IlMEElMjAlMjAlMjAlMjAlMjAlMjAlMjAlMjAlMjAlMjAlMjAlMjBwYWRkaW5nJTNBJTIwNXB4JTNCJTBBJTIwJTIwJTIwJTIwJTIwJTIwJTIwJTIwJTIwJTIwJTIwJTIwbWFyZ2luLWJvdHRvbSUzQSUyMDEwcHglM0IlMEElMjAlMjAlMjAlMjAlMjAlMjAlMjAlMjAlN0QlMEElMjAlMjAlMjAlMjAlMjAlMjAlMjAlMjBidXR0b24lMjAlN0IlMEElMjAlMjAlMjAlMjAlMjAlMjAlMjAlMjAlMjAlMjAlMjAlMjBwYWRkaW5nJTNBJTIwMTBweCUyMDIwcHglM0IlMEElMjAlMjAlMjAlMjAlMjAlMjAlMjAlMjAlMjAlMjAlMjAlMjBiYWNrZ3JvdW5kLWNvbG9yJTNBJTIwJTIzNENBRjUwJTNCJTBBJTIwJTIwJTIwJTIwJTIwJTIwJTIwJTIwJTIwJTIwJTIwJTIwY29sb3IlM0ElMjB3aGl0ZSUzQiUwQSUyMCUyMCUyMCUyMCUyMCUyMCUyMCUyMCUyMCUyMCUyMCUyMGJvcmRlciUzQSUyMG5vbmUlM0IlMEElMjAlMjAlMjAlMjAlMjAlMjAlMjAlMjAlMjAlMjAlMjAlMjBjdXJzb3IlM0ElMjBwb2ludGVyJTNCJTBBJTIwJTIwJTIwJTIwJTIwJTIwJTIwJTIwJTdEJTBBJTIwJTIwJTIwJTIwJTIwJTIwJTIwJTIwJTIzd3luaWslMjAlN0IlMEElMjAlMjAlMjAlMjAlMjAlMjAlMjAlMjAlMjAlMjAlMjAlMjBtYXJnaW4tdG9wJTNBJTIwMjBweCUzQiUwQSUyMCUyMCUyMCUyMCUyMCUyMCUyMCUyMCUyMCUyMCUyMCUyMGZvbnQtd2VpZ2h0JTNBJTIwYm9sZCUzQiUwQSUyMCUyMCUyMCUyMCUyMCUyMCUyMCUyMCU3RCUwQSUyMCUyMCUyMCUyMCUzQyUyRnN0eWxlJTNFJTBBJTBBJTIwJTIwJTIwJTIwJTNDaDIlM0VLYWxrdWxhdG9yJTIwenUlQzUlQkN5Y2lhJTIwbWF0ZXJpYSVDNSU4MnUlM0MlMkZoMiUzRSUwQSUyMCUyMCUyMCUyMCUzQ2xhYmVsJTIwZm9yJTNEJTIycG93aWVyemNobmlhJTIyJTNFUG93aWVyemNobmlhJTIwJTI4dyUyMG1ldHJhY2glMjBrd2FkcmF0b3d5Y2glMjklM0ElM0MlMkZsYWJlbCUzRSUwQSUyMCUyMCUyMCUyMCUzQ2lucHV0JTIwdHlwZSUzRCUyMm51bWJlciUyMiUyMGlkJTNEJTIycG93aWVyemNobmlhJTIyJTIwc3RlcCUzRCUyMjElMjIlM0UlMEElM0NsYWJlbCUyMGZvciUzRCUyMnBvamVtbm9zYyUyMiUzRVBvamVtbm8lQzUlOUIlQzQlODclMjB3aWFkZXJrYSUyMCUyOHclMjBraWxvZ3JhbWFjaCUyOSUzQSUzQyUyRmxhYmVsJTNFJTBBJTNDc2VsZWN0JTIwbmFtZSUzRCUyMnBvamVtbm9zYyUyMiUyMGlkJTNEJTIycG9qZW1ub3NjJTIyJTNFJTBBJTIwJTIwJTNDb3B0aW9uJTIwdmFsdWUlM0QlMjIyMCUyMiUyMHNlbGVjdGVkJTNFMjAlMjBrZyUzQyUyRm9wdGlvbiUzRSUwQSUzQyUyRnNlbGVjdCUzRSUwQSUwQSUyMCUyMCUyMCUyMCUzQ2J1dHRvbiUyMGlkJTNEJTIyb2JsaWN6QnRuJTIyJTNFT2JsaWN6JTNDJTJGYnV0dG9uJTNFJTBBJTIwJTIwJTIwJTIwJTNDZGl2JTIwaWQlM0QlMjJ3eW5payUyMiUzRSUzQyUyRmRpdiUzRSUwQSUwQSUyMCUyMCUyMCUyMCUzQ3NjcmlwdCUzRSUwQSUyMCUyMCUyMCUyMCUyMCUyMCUyMCUyMGRvY3VtZW50LmdldEVsZW1lbnRCeUlkJTI4JTI3b2JsaWN6QnRuJTI3JTI5LmFkZEV2ZW50TGlzdGVuZXIlMjglMjdjbGljayUyNyUyQyUyMGZ1bmN0aW9uJTIwJTI4JTI5JTIwJTdCJTBBJTIwJTIwJTIwJTIwJTIwJTIwJTIwJTIwJTIwJTIwJTIwJTIwY29uc3QlMjBwb3dpZXJ6Y2huaWElMjAlM0QlMjBwYXJzZUZsb2F0JTI4ZG9jdW1lbnQuZ2V0RWxlbWVudEJ5SWQlMjglMjdwb3dpZXJ6Y2huaWElMjclMjkudmFsdWUlMjklM0IlMEElMjAlMjAlMjAlMjAlMjAlMjAlMjAlMjAlMjAlMjAlMjAlMjBjb25zdCUyMG1pbmltYWxuZVp1enljaWUlMjAlM0QlMjAxLjIwJTIwJTJBJTIwcG93aWVyemNobmlhJTNCJTBBJTIwJTIwJTIwJTIwJTIwJTIwJTIwJTIwJTIwJTIwJTIwJTIwY29uc3QlMjBtYWtzeW1hbG5lWnV6eWNpZSUyMCUzRCUyMDIuNCUyMCUyQSUyMHBvd2llcnpjaG5pYSUzQiUwQSUyMCUyMCUyMCUyMCUyMCUyMCUyMCUyMCUyMCUyMCUyMCUyMGNvbnN0JTIwcG9qZW1ub3NjV2lhZGVya2ElMjAlM0QlMjBwYXJzZUZsb2F0JTI4ZG9jdW1lbnQuZ2V0RWxlbWVudEJ5SWQlMjglMjdwb2plbW5vc2MlMjclMjkudmFsdWUlMjklM0IlMEElMjAlMjAlMjAlMjAlMjAlMjAlMjAlMjAlMjAlMjAlMjAlMjBjb25zdCUyMG1pbmltYWxuZUlsb3NjV2lhZGVyJTIwJTNEJTIwTWF0aC5jZWlsJTI4bWluaW1hbG5lWnV6eWNpZSUyMCUyRiUyMHBvamVtbm9zY1dpYWRlcmthJTI5JTNCJTBBJTIwJTIwJTIwJTIwJTIwJTIwJTIwJTIwJTIwJTIwJTIwJTIwY29uc3QlMjBtYWtzeW1hbG5lSWxvc2NXaWFkZXIlMjAlM0QlMjBNYXRoLmNlaWwlMjhtYWtzeW1hbG5lWnV6eWNpZSUyMCUyRiUyMHBvamVtbm9zY1dpYWRlcmthJTI5JTNCJTBBJTBBJTIwJTIwJTIwJTIwJTIwJTIwJTIwJTIwJTIwJTIwJTIwJTIwZG9jdW1lbnQuZ2V0RWxlbWVudEJ5SWQlMjglMjd3eW5payUyNyUyOS5pbm5lckhUTUwlMjAlM0QlMjAlMjJNaW5pbWFsbmUlMjB6dSVDNSVCQ3ljaWUlMjBtYXRlcmlhJUM1JTgydSUzQSUyMCUyMiUyMCUyQiUyMG1pbmltYWxuZVp1enljaWUudG9GaXhlZCUyODIlMjklMjAlMkIlMjAlMjIlMjBrZyUyMiUyMCUyQiUyMCUyMiUzQ2JyJTNFJTIyJTNCJTBBJTIwJTIwJTIwJTIwJTIwJTIwJTIwJTIwJTIwJTIwJTIwJTIwZG9jdW1lbnQuZ2V0RWxlbWVudEJ5SWQlMjglMjd3eW5payUyNyUyOS5pbm5lckhUTUwlMjAlMkIlM0QlMjAlMjJNYWtzeW1hbG5lJTIwenUlQzUlQkN5Y2llJTIwbWF0ZXJpYSVDNSU4MnUlM0ElMjAlMjIlMjAlMkIlMjBtYWtzeW1hbG5lWnV6eWNpZS50b0ZpeGVkJTI4MiUyOSUyMCUyQiUyMCUyMiUyMGtnJTIyJTIwJTJCJTIwJTIyJTNDYnIlM0UlMjIlM0IlMEElMjAlMjAlMjAlMjAlMjAlMjAlMjAlMjAlMjAlMjAlMjAlMjBkb2N1bWVudC5nZXRFbGVtZW50QnlJZCUyOCUyN3d5bmlrJTI3JTI5LmlubmVySFRNTCUyMCUyQiUzRCUyMCUyMklsbyVDNSU5QiVDNCU4NyUyMHdvcmslQzMlQjN3JTIwcG90cnplYm55Y2glMjBkbyUyMHdhcnN0d3klMjBoYW11aiVDNCU4NWNlaiUyODFtbSUyOSUyMCUyMiUyMCUyQiUyMG1pbmltYWxuZUlsb3NjV2lhZGVyJTIwJTJCJTIwJTIyJTNDYnIlM0UlMjIlM0IlMEElMjAlMjAlMjAlMjAlMjAlMjAlMjAlMjAlMjAlMjAlMjAlMjBkb2N1bWVudC5nZXRFbGVtZW50QnlJZCUyOCUyN3d5bmlrJTI3JTI5LmlubmVySFRNTCUyMCUyQiUzRCUyMCUyMklsbyVDNSU5QiVDNCU4NyUyMHdvcmslQzMlQjN3JTIwcG90cnplYm55Y2glMjBkbyUyMHBlJUM1JTgybmVqJTIwSHlkcm9pem9sYWNqaSUzQSUyMCUyMiUyMCUyQiUyMG1ha3N5bWFsbmVJbG9zY1dpYWRlciUzQiUwQSUyMCUyMCUyMCUyMCUyMCUyMCUyMCUyMCU3RCUyOSUzQiUwQSUyMCUyMCUyMCUyMCUzQyUyRnNjcmlwdCUzRQ==[\/vc_raw_html][vc_separator style=\"dashed\"][vc_empty_space height=\"64px\"][vc_column_text]<\/p>\n<div class=\"flex max-w-full flex-col flex-grow\">\n<div class=\"min-h-8 text-message relative flex w-full flex-col items-end gap-2 whitespace-normal break-words text-start [.text-message+&amp;]:mt-5\" dir=\"auto\" data-message-author-role=\"assistant\" data-message-id=\"ea704d8c-25f3-44fb-aa25-1bb077eea13c\" data-message-model-slug=\"gpt-4o-mini\">\n<div class=\"flex w-full flex-col gap-1 empty:hidden first:pt-[3px]\">\n<h4 data-start=\"0\" data-end=\"63\">Chcete vedie\u0165 viac o hydroizol\u00e1cii? Pre\u010d\u00edtajte si n\u00e1\u0161 <a href=\"https:\/\/www.sanier.pl\/poradniki\/\">PR\u00cdRU\u010cKU.<\/a><\/h4>\n<ul data-start=\"65\" data-end=\"334\" data-is-last-node=\"\" data-is-only-node=\"\">\n<li class=\"\" data-start=\"65\" data-end=\"334\">\n<p class=\"\" data-start=\"67\" data-end=\"334\">viaczlo\u017ekov\u00e9 pr\u00edpravky na b\u00e1ze reakt\u00edvnych \u017eiv\u00edc (najmodernej\u0161ie viazacie materi\u00e1ly) \u2013 m\u00f4\u017eu to by\u0165 produkty na b\u00e1ze polyuret\u00e1nov\u00fdch a epoxidov\u00fdch \u017eiv\u00edc. Vyzna\u010duj\u00fa sa dobrou penetr\u00e1ciou do podkladu, v\u010faka \u010domu sa vyzna\u010duj\u00fa vysokou pri\u013enavos\u0165ou a \u00faplnou vodoodolnos\u0165ou.<\/p>\n<\/li>\n<\/ul>\n<\/div>\n<\/div>\n<\/div>\n<p>[\/vc_column_text][\/vc_column][\/vc_row][vc_row][vc_column][vc_empty_space height=\"64px\"][\/vc_column][\/vc_row]<\/p>\n","protected":false},"excerpt":{"rendered":"<p><strong>BOSTIK BLOCK C750 FLEX<\/strong> je jednoslo\u017ekov\u00fd povlak na b\u00e1ze zmesi \u0161peci\u00e1lnych polym\u00e9rov a cementu, vybran\u00fdch jemnozrnn\u00fdch pln\u00edv, v\u00fdstu\u017en\u00fdch vl\u00e1kien a \u0161peci\u00e1lnych pr\u00edsad na vylep\u0161enie vlastnost\u00ed.<\/p>\n","protected":false},"featured_media":274178,"comment_status":"open","ping_status":"closed","template":"","meta":[],"product_brand":[],"product_cat":[878,949,939,899,953,944],"product_tag":[],"class_list":{"0":"post-279796","1":"product","2":"type-product","3":"status-publish","4":"has-post-thumbnail","6":"product_cat-bostik-sk","7":"product_cat-hydroizolacje-mineralne-sk","8":"product_cat-hydroizolacje-mineralne-hydroizolacja-balkonu-i-tarasu-sk","9":"product_cat-mineralne-materialy-sk","10":"product_cat-szlamy-uszczelniajace-sk","11":"product_cat-zaprawy-wodoszczelne-sk","12":"product_shipping_class-latwa-wysylka-sk","14":"first","15":"instock","16":"sale","17":"taxable","18":"shipping-taxable","19":"purchasable","20":"product-type-simple"},"_links":{"self":[{"href":"https:\/\/www.sanier.pl\/sk\/wp-json\/wp\/v2\/product\/279796","targetHints":{"allow":["GET"]}}],"collection":[{"href":"https:\/\/www.sanier.pl\/sk\/wp-json\/wp\/v2\/product"}],"about":[{"href":"https:\/\/www.sanier.pl\/sk\/wp-json\/wp\/v2\/types\/product"}],"replies":[{"embeddable":true,"href":"https:\/\/www.sanier.pl\/sk\/wp-json\/wp\/v2\/comments?post=279796"}],"wp:featuredmedia":[{"embeddable":true,"href":"https:\/\/www.sanier.pl\/sk\/wp-json\/wp\/v2\/media\/274178"}],"wp:attachment":[{"href":"https:\/\/www.sanier.pl\/sk\/wp-json\/wp\/v2\/media?parent=279796"}],"wp:term":[{"taxonomy":"product_brand","embeddable":true,"href":"https:\/\/www.sanier.pl\/sk\/wp-json\/wp\/v2\/product_brand?post=279796"},{"taxonomy":"product_cat","embeddable":true,"href":"https:\/\/www.sanier.pl\/sk\/wp-json\/wp\/v2\/product_cat?post=279796"},{"taxonomy":"product_tag","embeddable":true,"href":"https:\/\/www.sanier.pl\/sk\/wp-json\/wp\/v2\/product_tag?post=279796"}],"curies":[{"name":"wp","href":"https:\/\/api.w.org\/{rel}","templated":true}]}}